{"id":1002,"date":"2022-03-14T13:39:04","date_gmt":"2022-03-14T13:39:04","guid":{"rendered":"https:\/\/www.laetus.com\/en\/?page_id=1002"},"modified":"2023-09-08T16:40:42","modified_gmt":"2023-09-08T16:40:42","slug":"terms-of-use","status":"publish","type":"page","link":"https:\/\/www.laetus.com\/de\/terms-of-use\/","title":{"rendered":"Online Nutzungsbedingungen"},"content":{"rendered":"<div class=\"lt-group-wrap\" id=\"lt-blocks-group-69f39d4679734\"> \n<div class=\"wp-block-group alignfull has-cerulean-red-background-color has-background is-layout-flow wp-block-group-is-layout-flow\">\n<h1 class=\"wp-block-heading has-text-align-center red-heading has-theme-white-color has-text-color\"><strong>Online-Nutzungsbedingungen f\u00fcr Laetus<\/strong><\/h1>\n<\/div>\n\n\t\t<style>\n\t\t\t#lt-blocks-group-69f39d4679734 {\n\t\t\t\t\t\t\twidth: auto;\n\t\t\t}\n\t\t\t#lt-blocks-group-69f39d4679734 > .wp-block-group {\n\t\t\tpadding-top: 10px;padding-right: 0px;padding-bottom: 10px;padding-left: 0px;\t\t\t}\n\n\t\t\t@media print, screen and ( max-width: 767px ) {\n\t\t\t\t#lt-blocks-group-69f39d4679734 {\n\t\t\t\t\t\t\t\t}\n\t\t\t\t#lt-blocks-group-69f39d4679734 > .wp-block-group {\n\t\t\t\t\t\t\t\t}\n\t\t\t}\n\t\t\t#lt-blocks-group-69f39d4679734 > .wp-block-group > * {\n\t\t\t\t\t\t\t\t\t\t\t}\n\n\t\t<\/style>\n\n\t\t <\/div>\n\n\n<div style=\"height:40px\" aria-hidden=\"true\" class=\"wp-block-spacer\"><\/div>\n\n\n\n<h3 class=\"wp-block-heading\"><strong>Wirksam ab Mai 2018<\/strong><\/h3>\n\n\n\n<p>Bitte lesen Sie diese Nutzungsbedingungen sorgf\u00e4ltig durch, bevor Sie die Websites, die mobile Website, die mobile Anwendung bzw. andere digitale Dienstleistungen oder Produkte verwenden, die von ALLTEC (ALLTEC Angewandte Laserlicht Technologie GmbH), An der Trave 27-31, 23923 Selmsdorf, Deutschland, oder einer ihrer unter der Marke ALLTEC t\u00e4tigen verbundenen Unternehmen (\u201eALLTEC\u201d), die \u00fcber einen Link mit diesen Nutzungsbedingungen verbunden sind, kontrolliert werden (zusammen die \u201eWebsites von ALLTEC\u201d genannt). Wenn Sie auf die Websites von ALLTEC zugreifen bzw. diese in jeglicher Art nutzen (dazu geh\u00f6rt auch das Durchsuchen der Websites von ALLTEC, die Verwendung jeglicher Informationen, die Nutzung von jeglichen Inhalten bzw. die Nutzung von Dienstleistungen, das Herunterladen von Materialien und\/oder die Platzierung eines Auftrags f\u00fcr Produkte oder Dienstleistungen), erkl\u00e4ren Sie sich mit diesen Nutzungsbedingungen einverstanden und sind an diese gebunden. Sollten Sie mit einigen der hier enthaltenen Bedingungen nicht einverstanden sein, sehen Sie bitte von jeglicher Verwendung der Websites ab. ALLTEC beh\u00e4lt sich das Recht vor, diese Nutzungsbedingungen jederzeit und ohne Benachrichtigung an Sie, nach dem alleinigen Ermessen von ALLTEC zu \u00e4ndern, zu modifizieren, zu aktualisieren bzw. Teile hinzuzuf\u00fcgen oder zu entfernen. Bitte pr\u00fcfen Sie diese Nutzungsbedingungen daher jeder Zeit auf \u00c4nderungen. Wenn Sie die Websites von ALLTEC nach einer \u00c4nderung der Nutzungsbedingungen weiterhin verwenden, verstehen wir dies als Ihr Einverst\u00e4ndnis.<\/p>\n\n\n\n<h3 class=\"wp-block-heading\"><strong>Aktualisierung der Nutzungsbedingungen<\/strong><\/h3>\n\n\n\n<p>ALLTEC stellt ihren Kunden die auf diesem Server enthaltenen Informationen als \u00f6ffentliche Dienstleistungen zur Verf\u00fcgung und beh\u00e4lt sich das Recht vor, die Inhalte der Informationen ohne vorherige Benachrichtigung zu \u00e4ndern. ALLTEC ist f\u00fcr die Richtigkeit, Vollst\u00e4ndigkeit und\/oder Zuverl\u00e4ssigkeit der Inhalte der hier zur Verf\u00fcgung gestellten Informationen nicht haftbar.<\/p>\n\n\n\n<h3 class=\"wp-block-heading\"><strong>Haftungsausschluss<\/strong><\/h3>\n\n\n\n<p>DIE WEBSITES VON ALLTEC UND ALLE AUF DEN WEBSITES VON ALLTEC ENTHALTENEN DIENSTLEISTUNGEN, PRODUKTE UND SONSTIGEN INHALTE WERDEN \u201eWIE GESEHEN\u201d ZUR VERF\u00dcGUNG STELLT, SOFERN DIES NICHT GESETZLICH UNTERSAGT IST. ALLTEC MACHT KEINE ZUSICHERUNGEN ODER GEW\u00c4HR\u00acLEISTUNGEN, EINSCHLIESSLICH U.A. JEGLICHE GEW\u00c4HRLEISTUNGEN ODER ZUSICHERUNGEN, DASS DIE WEBSITES VON ALLTEC UNUNTERBROCHEN, FEHLERFREI BZW. FREI VON VIREN ODER ANDEREN SCHADKOMPONENTEN ZUR VERF\u00dcGUNG STEHEN ODER DASS DER INHALT AUF DEN WEBSITES VON ALLTEC RICHTIG, VOLLST\u00c4NDIG ODER ZUVERL\u00c4SSIG IST UND SCHLIESST HIERMIT ALLE AUSDR\u00dcCKLICHEN ODER IMPLIZIERTEN GEW\u00c4HRLEISTUNGEN IN BEZUG AUF DIE WEBSITES VON ALLTEC ODER JEGLICHE DER DIENSTLEISTUNGEN, PRODUKTE ODER SONSTIGEN INHALTE AUF DEN WEBSITES VON ALLTEC AUS, EINSCHLIESSLICH U.A. JEGLICHER LINKS ZU WEBSITES DRITTER.<\/p>\n\n\n\n<p>WEDER ALLTEC, NOCH EINER IHRER F\u00dcHRUNGSKR\u00c4FTE, DIREKTOREN, ANGESTELLTEN, AGENTEN, VERBUNDENEN UNTERNEHMEN, LIZENZGEBER ODER LIEFERANTEN SIND UNABH\u00c4NGIG VOM GRUND ODER DER RECHTSTHEORIE F\u00dcR JEGLICHE BESONDEREN, INDIREKTEN SCH\u00c4DEN, NEBENSCH\u00c4DEN, SEKUND\u00c4R\u00acSCH\u00c4DEN, FOLGESCH\u00c4DEN ODER SCHADENERSATZ MIT STRAFCHARAKTER HAFTBAR, DIE SICH AUS IHRER VERWENDUNG ODER UNF\u00c4HIGKEIT ZUR VERWENDUNG DER WEBSITES VON ALLTEC ERGEBEN ODER ANDERWEITIG DARAUF BEZIEHEN, SELBST WENN MAN IM VORAUS \u00dcBER DIE M\u00d6GLICHKEIT DIESER SCH\u00c4DEN BENACHRICHTIGT WURDE, SOFERN DIES NICHT GESETZLICH UNTERSAGT IST. IN EINEM HAFTUNGSFALL WIRD DIE HAFTUNG VON ALLTEC BZW. IHRER F\u00dcHRUNGSKR\u00c4FTE, DIREKTOREN, ANGESTELLTEN, AGENTEN, VERBUNDENEN UNTERNEHMEN, LIZENZGEBER ODER LIEFERANTEN, UNABH\u00c4NGIG VON DER URSACHE ODER DER RECHTSTHEORIE IN KEINEM FALL DEN BETRAG \u00dcBERSTEIGEN, DEN SIE IM ZUSAMMENHANG MIT IHRER NUTZUNG DER WEBSITES VON ALLTEC GGF. INNERHALB EINES JAHRES VOR DEM DATUM DES EREIGNISSES, DAS ZUM ANSPRUCH GEF\u00dcHRT HAT, AN ALLTEC BEZAHLT HABEN.<\/p>\n\n\n\n<h3 class=\"wp-block-heading\"><strong>Geistige Eigentumsrechte<\/strong><\/h3>\n\n\n\n<p>Die Websites von ALLTEC sowie alle Daten, Texte, Bilder, Software, Videos oder Audio-Inhalte, die darin enthalten sind, stehen Ihnen ausschlie\u00dflich zur nicht gewerblichen und pers\u00f6nlichen Nutzung zur Verf\u00fcgung. Die Websites von Videojet enthalten Marken, Urheberrechte und andere geistige Eigentumsrechte, die sich im Eigentum von ALLTEC befinden oder von ihr lizenziert werden. Ihnen wird keine Lizenz an solchen geistigen Eigentumsrechten gew\u00e4hrt. Jegliche Vervielf\u00e4ltigung, Ver\u00f6ffentlichung oder sonstige Verwendung der Inhalte auf dieser Website bedarf des vorherigen schriftlichen Einverst\u00e4ndnisses von ALLTEC.<\/p>\n\n\n\n<h3 class=\"wp-block-heading\"><strong>Externe Links<\/strong><\/h3>\n\n\n\n<p>Die Websites von ALLTEC enthalten Links zu dritten Websites, die nicht der Kontrolle von ALLTEC unterliegen. ALLTEC IST F\u00dcR DEN INHALT JEGLICHER VERLINKTER WEBSITES ODER JEGLICHER LINKS, DIE AUF EINER VERLINKTEN WEBSITE ENTHALTEN SIND BZW. F\u00dcR JEGLICHE \u00c4NDERUNGEN ODER AKTUALISIERUNGEN DIESER VERLINKTEN WEBSITES NICHT VERANTWORTLICH. Sie best\u00e4tigen und erkl\u00e4ren sich einverstanden, dass ALLTEC Ihnen diese Links nur als Serviceleistung zur Verf\u00fcgung stellt und ALLTEC f\u00fcr den Inhalt dieser Websites Dritter keine Verantwortung \u00fcbernimmt. Sofern Sie Online-K\u00e4ufe von ALLTEC t\u00e4tigen m\u00f6chten, werden Sie von den Websites von ALLTEC auf (eine) Website(s) Dritter weitergeleitet, auf denen Ihre Zahlung abgewickelt wird und auf der\/denen Sie weitere Informationen zu mit Ihrem Kauf erhalten.<\/p>\n\n\n\n<h3 class=\"wp-block-heading\"><strong>Cookies und andere Verfolgungstechnologien<\/strong><\/h3>\n\n\n\n<p>Die Websites von ALLTEC nutzen Cookies und andere Verfolgungstechnologien, um Ihnen die Nutzung der Websites so angenehm wie m\u00f6glich zu gestalten. Einzelheiten dazu finden Sie in der <a href=\"https:\/\/www.laetus.com\/de\/privacy-policy\/\">Datenschutzrichtlinie<\/a> von ALLTEC. &nbsp;<\/p>\n\n\n\n<h3 class=\"wp-block-heading\"><strong>Datenschutz und Sicherheit<\/strong><\/h3>\n\n\n\n<p>ALLTEC respektiert Ihre Privatsph\u00e4re und hat sich dem Schutz dieser verpflichtet. Uns ist bewusst, welche Bedeutung die Privatsph\u00e4re f\u00fcr unsere Kunden und die Besucher der Website von ALLTEC hat. Die Nutzung Ihrer personenbezogenen Daten durch uns unterliegt unserer <a href=\"https:\/\/www.laetus.com\/de\/privacy-policy\/\">Datenschutzrichtlinie<\/a>. Wenn Sie auf die Websites von ALLTEC zugreifen und diese nutzen, erkl\u00e4ren Sie sich einverstanden, an unsere <a href=\"https:\/\/www.laetus.com\/de\/privacy-policy\/\">Datenschutzrichtlinie<\/a> gebunden zu sein.<\/p>\n\n\n\n<p>Sie erkl\u00e4ren sich einverstanden, dass, sofern Sie Ihre personenbezogenen Daten auf den Websites von ALLTEC eingeben, keine absolute Garantie f\u00fcr deren Sicherheit besteht, obwohl ALLTEC Sicherheitsma\u00dfnahmen zum Schutz vor unbefugtem Zugriff oder dem Abfangen von Daten getroffen hat. IM UNWAHRSCHEINLICHEN FALL, DASS ES TROTZ UNSERER ANSTRENGUNGEN ZU EINEM UNBEFUGTEN ZUGRIFF KOMMT, \u00dcBERNIMMT ALLTEC KEINE VERANTWORTUNG DAF\u00dcR ODER F\u00dcR DEN UNBEFUGTEN ZUGRIFF BZW. F\u00dcR JEGLICHE DIREKTEN, INDIREKTEN, NEBEN- ODER FOLGESCH\u00c4DEN (EINSCHLIESSLICH ENTGANGENER GEWINNE), DIE EINEM KUNDEN ODER BENUTZER ENTSTEHEN, SELBST WENN ALLTEC IM VORAUS \u00dcBER DIE M\u00d6GLICHKEIT DIESER SCH\u00c4DEN BENACHRICHTIGT WURDE. ALLTEC MACHT WEDER AUSDR\u00dcCKLICHE, NOCH IMPLIZIERTE GEW\u00c4HRLEISTUNGEN, DASS DIE VON EINEM KUNDEN BEREITGESTELLTEN INFORMATIONEN KEINEM UNBEFUGTEN ZUGRIFF ODER ABFANGEN UNTERLIEGEN K\u00d6NNTEN UND GIBT KEINE IMPLIZIERTEN GEW\u00c4HRLEISTUNGEN DER MARKTG\u00c4NGIGKEIT ODER DER NUTZUNG F\u00dcR EINEN BESTIMMTEN ZWECK. JEDER KUNDE TR\u00c4GT DIE VERANTWORTUNG DAF\u00dcR, DIE SICHERHEIT SEINES EIGENEN PASSWORTS ZU SCH\u00dcTZEN.<\/p>\n\n\n\n<p><\/p>\n\n\n\n<h3 class=\"wp-block-heading\"><strong>Recht und Gerichtsbarkeit<\/strong><\/h3>\n\n\n\n<p>Diese Nutzungsbedingungen unterliegen dem deutschen Recht. Jegliche im Zusammenhang mit diesen Nutzungsbedingungen hervorgehenden Streitigkeiten unterliegen der ausschlie\u00dflichen Gerichtsbarkeit der Gerichte, die entweder ihren Sitz in Schwerin (Deutschland) haben oder daf\u00fcr zust\u00e4ndig sind.<\/p>\n\n\n\n<p><\/p>\n","protected":false},"excerpt":{"rendered":"<p>Online-Nutzungsbedingungen f\u00fcr Laetus Wirksam ab Mai 2018 Bitte lesen Sie diese Nutzungsbedingungen sorgf\u00e4ltig durch, bevor Sie die Websites, die mobile Website, die mobile Anwendung bzw. andere digitale Dienstleistungen oder Produkte verwenden, die von ALLTEC (ALLTEC Angewandte Laserlicht Technologie GmbH), An der Trave 27-31, 23923 Selmsdorf, Deutschland, oder einer ihrer unter der Marke ALLTEC t\u00e4tigen verbundenen<a class=\"moretag\" href=\"https:\/\/www.laetus.com\/de\/terms-of-use\/\">Lesen Sie mehr<\/a><\/p>\n","protected":false},"author":10,"featured_media":0,"parent":0,"menu_order":0,"comment_status":"closed","ping_status":"closed","template":"","meta":{"footnotes":""},"class_list":["post-1002","page","type-page","status-publish","hentry"],"acf":[],"yoast_head":"<!-- This site is optimized with the Yoast SEO plugin v21.4 - https:\/\/yoast.com\/wordpress\/plugins\/seo\/ -->\n<title>Online Nutzungsbedingungen - Laetus<\/title>\n<meta name=\"robots\" content=\"index, follow, max-snippet:-1, max-image-preview:large, max-video-preview:-1\" \/>\n<link rel=\"canonical\" href=\"https:\/\/www.laetus.com\/de\/terms-of-use\/\" \/>\n<meta property=\"og:locale\" content=\"de-DE\" \/>\n<meta property=\"og:type\" content=\"article\" \/>\n<meta property=\"og:title\" content=\"Online Nutzungsbedingungen - Laetus\" \/>\n<meta property=\"og:description\" content=\"Online-Nutzungsbedingungen f\u00fcr Laetus Wirksam ab Mai 2018 Bitte lesen Sie diese Nutzungsbedingungen sorgf\u00e4ltig durch, bevor Sie die Websites, die mobile Website, die mobile Anwendung bzw. andere digitale Dienstleistungen oder Produkte verwenden, die von ALLTEC (ALLTEC Angewandte Laserlicht Technologie GmbH), An der Trave 27-31, 23923 Selmsdorf, Deutschland, oder einer ihrer unter der Marke ALLTEC t\u00e4tigen verbundenenLesen Sie mehr\" \/>\n<meta property=\"og:url\" content=\"https:\/\/www.laetus.com\/de\/terms-of-use\/\" \/>\n<meta property=\"og:site_name\" content=\"Laetus\" \/>\n<meta property=\"article:modified_time\" content=\"2023-09-08T16:40:42+00:00\" \/>\n<meta name=\"twitter:card\" content=\"summary_large_image\" \/>\n<meta name=\"twitter:label1\" content=\"Est. reading time\" \/>\n\t<meta name=\"twitter:data1\" content=\"5 minutes\" \/>\n<script type=\"application\/ld+json\" class=\"yoast-schema-graph\">{\"@context\":\"https:\/\/schema.org\",\"@graph\":[{\"@type\":\"WebPage\",\"@id\":\"https:\/\/www.laetus.com\/de\/terms-of-use\/\",\"url\":\"https:\/\/www.laetus.com\/de\/terms-of-use\/\",\"name\":\"Online Nutzungsbedingungen - Laetus\",\"isPartOf\":{\"@id\":\"https:\/\/www.laetus.com\/de\/#website\"},\"datePublished\":\"2022-03-14T13:39:04+00:00\",\"dateModified\":\"2023-09-08T16:40:42+00:00\",\"inLanguage\":\"de-DE\",\"potentialAction\":[{\"@type\":\"ReadAction\",\"target\":[\"https:\/\/www.laetus.com\/de\/terms-of-use\/\"]}]},{\"@type\":\"WebSite\",\"@id\":\"https:\/\/www.laetus.com\/de\/#website\",\"url\":\"https:\/\/www.laetus.com\/de\/\",\"name\":\"Laetus\",\"description\":\"Laetus\",\"alternateName\":\"Laetus\",\"potentialAction\":[{\"@type\":\"SearchAction\",\"target\":{\"@type\":\"EntryPoint\",\"urlTemplate\":\"https:\/\/www.laetus.com\/de\/?s={search_term_string}\"},\"query-input\":\"required name=search_term_string\"}],\"inLanguage\":\"de-DE\"}]}<\/script>\n<!-- \/ Yoast SEO plugin. -->","yoast_head_json":{"title":"Online Nutzungsbedingungen - Laetus","robots":{"index":"index","follow":"follow","max-snippet":"max-snippet:-1","max-image-preview":"max-image-preview:large","max-video-preview":"max-video-preview:-1"},"canonical":"https:\/\/www.laetus.com\/de\/terms-of-use\/","og_locale":"de-DE","og_type":"article","og_title":"Online Nutzungsbedingungen - Laetus","og_description":"Online-Nutzungsbedingungen f\u00fcr Laetus Wirksam ab Mai 2018 Bitte lesen Sie diese Nutzungsbedingungen sorgf\u00e4ltig durch, bevor Sie die Websites, die mobile Website, die mobile Anwendung bzw. andere digitale Dienstleistungen oder Produkte verwenden, die von ALLTEC (ALLTEC Angewandte Laserlicht Technologie GmbH), An der Trave 27-31, 23923 Selmsdorf, Deutschland, oder einer ihrer unter der Marke ALLTEC t\u00e4tigen verbundenenLesen Sie mehr","og_url":"https:\/\/www.laetus.com\/de\/terms-of-use\/","og_site_name":"Laetus","article_modified_time":"2023-09-08T16:40:42+00:00","twitter_card":"summary_large_image","twitter_misc":{"Est. reading time":"5 minutes"},"schema":{"@context":"https:\/\/schema.org","@graph":[{"@type":"WebPage","@id":"https:\/\/www.laetus.com\/de\/terms-of-use\/","url":"https:\/\/www.laetus.com\/de\/terms-of-use\/","name":"Online Nutzungsbedingungen - Laetus","isPartOf":{"@id":"https:\/\/www.laetus.com\/de\/#website"},"datePublished":"2022-03-14T13:39:04+00:00","dateModified":"2023-09-08T16:40:42+00:00","inLanguage":"de-DE","potentialAction":[{"@type":"ReadAction","target":["https:\/\/www.laetus.com\/de\/terms-of-use\/"]}]},{"@type":"WebSite","@id":"https:\/\/www.laetus.com\/de\/#website","url":"https:\/\/www.laetus.com\/de\/","name":"Laetus","description":"Laetus","alternateName":"Laetus","potentialAction":[{"@type":"SearchAction","target":{"@type":"EntryPoint","urlTemplate":"https:\/\/www.laetus.com\/de\/?s={search_term_string}"},"query-input":"required name=search_term_string"}],"inLanguage":"de-DE"}]}},"jetpack_sharing_enabled":true,"_links":{"self":[{"href":"https:\/\/www.laetus.com\/de\/wp-json\/wp\/v2\/pages\/1002","targetHints":{"allow":["GET"]}}],"collection":[{"href":"https:\/\/www.laetus.com\/de\/wp-json\/wp\/v2\/pages"}],"about":[{"href":"https:\/\/www.laetus.com\/de\/wp-json\/wp\/v2\/types\/page"}],"author":[{"embeddable":true,"href":"https:\/\/www.laetus.com\/de\/wp-json\/wp\/v2\/users\/10"}],"replies":[{"embeddable":true,"href":"https:\/\/www.laetus.com\/de\/wp-json\/wp\/v2\/comments?post=1002"}],"version-history":[{"count":6,"href":"https:\/\/www.laetus.com\/de\/wp-json\/wp\/v2\/pages\/1002\/revisions"}],"predecessor-version":[{"id":2363,"href":"https:\/\/www.laetus.com\/de\/wp-json\/wp\/v2\/pages\/1002\/revisions\/2363"}],"wp:attachment":[{"href":"https:\/\/www.laetus.com\/de\/wp-json\/wp\/v2\/media?parent=1002"}],"curies":[{"name":"wp","href":"https:\/\/api.w.org\/{rel}","templated":true}]}}