{"id":113,"date":"2022-02-22T05:10:32","date_gmt":"2022-02-22T05:10:32","guid":{"rendered":"https:\/\/www.laetus.com\/en\/?page_id=113"},"modified":"2025-11-10T13:04:26","modified_gmt":"2025-11-10T13:04:26","slug":"contact-us","status":"publish","type":"page","link":"https:\/\/www.laetus.com\/de\/about-us\/contact-us\/","title":{"rendered":"Laetus Kontakt"},"content":{"rendered":"\n<div class=\"wp-block-laetus-blocks-banner alignfull lt-block-banner lt-block-banner-content-left\"><div style=\"--lt-banner-position:50% 50%;--lt-banner-min-height:470px;--lt-banner-max-width:610px;--lt-banner-content-opacity:0.8\" class=\"lt-block-banner-section\"><img fetchpriority=\"high\" decoding=\"async\" width=\"2121\" height=\"694\" loading=\"eager\" class=\"lt-block-banner-image wp-image-338\" alt=\"Ihr Kontakt zu Laetus \u2013 Experten f\u00fcr Track &amp; Trace und optische Qualit\u00e4tskontrolle\" src=\"https:\/\/global.laetus.com\/wp-content\/uploads\/dam\/web-images\/about-us\/laetus-contact-web-banner.gif\" \/><div class=\"lt-block-banner-section-inner\"><\/div><\/div><\/div>\n\n\n<div class=\"lt-group-wrap\" id=\"lt-blocks-group-69d4cf8f42863\"> \n<div class=\"wp-block-group alignfull has-cerulean-red-background-color has-background is-layout-flow wp-block-group-is-layout-flow\">\n<h1 class=\"wp-block-heading has-text-align-center has-theme-white-color has-text-color has-h-2-font-size\" id=\"contact-us\">Laetus Kontakt<\/h1>\n<\/div>\n\n\t\t<style>\n\t\t\t#lt-blocks-group-69d4cf8f42863 {\n\t\t\t\t\t\t\twidth: auto;\n\t\t\t}\n\t\t\t#lt-blocks-group-69d4cf8f42863 > .wp-block-group {\n\t\t\tpadding-top: 10px;padding-right: 0px;padding-bottom: 10px;padding-left: 0px;\t\t\t}\n\n\t\t\t@media print, screen and ( max-width: 767px ) {\n\t\t\t\t#lt-blocks-group-69d4cf8f42863 {\n\t\t\t\t\t\t\t\t}\n\t\t\t\t#lt-blocks-group-69d4cf8f42863 > .wp-block-group {\n\t\t\t\t\t\t\t\t}\n\t\t\t}\n\t\t\t#lt-blocks-group-69d4cf8f42863 > .wp-block-group > * {\n\t\t\t\t\t\t\t\t\t\t\t}\n\n\t\t<\/style>\n\n\t\t <\/div>\n\n\n<div style=\"height:27px\" aria-hidden=\"true\" class=\"wp-block-spacer\"><\/div>\n\n\n\n<h2 class=\"wp-block-heading has-cerulean-red-color has-text-color has-link-color has-h-3-font-size wp-elements-4ad1931eb14664be27e15d49e609c9bf\">Immer in Ihrer N\u00e4he \u2013 weltweit und pers\u00f6nlich<\/h2>\n\n\n\n<p>Laetus steht Ihnen mit einem globalen Netzwerk und regionalen Ansprechpartnern zur Seite. Denn In modernen Produktionsumgebungen z\u00e4hlt jede Sekunde. Wer Qualit\u00e4tsabweichungen und R\u00fcckverfolgungsl\u00fccken fr\u00fch erkennt, vermeidet Ausschuss, senkt Kosten und sorgt f\u00fcr reibungslose Abl\u00e4ufe in der gesamten Lieferkette.<\/p>\n\n\n\n<p>\u00dcber die folgenden Links finden Sie unsere <a href=\"https:\/\/www.laetus.com\/de\/about-us\/sales-contacts\/\">internationalen Vertriebskontakte<\/a> sowie die <a href=\"https:\/\/www.laetus.com\/de\/service-and-support\/hotline\/\">Hotline f\u00fcr technischen Support und Servicef\u00e4lle<\/a>.<br>Egal, ob Sie Fragen zu unseren L\u00f6sungen, Projekten oder Serviceleistungen haben \u2013 wir helfen Ihnen schnell und direkt weiter.<\/p>\n\n\n\n<div style=\"height:27px\" aria-hidden=\"true\" class=\"wp-block-spacer\"><\/div>\n\n\n<div class=\"lt-group-wrap\" id=\"lt-blocks-group-69d4cf8f430a2\"> \n<div class=\"wp-block-group is-layout-constrained wp-container-core-group-is-layout-1abc2ef0 wp-block-group-is-layout-constrained\">\n<div class=\"wp-block-columns is-layout-flex wp-container-core-columns-is-layout-28f84493 wp-block-columns-is-layout-flex\">\n<div class=\"wp-block-column is-layout-flow wp-block-column-is-layout-flow\">\n<div class=\"wp-block-laetus-blocks-image-overlay lt-block-image-overlay\" style=\"--overlay-bg:#C8102E;--overlay-bg-hover:#5D5D5D;--overlay-padding:24px 40px 24px 40px;--overlay-image-position:50% 50%\"><figure><a href=\"https:\/\/www.laetus.com\/de\/about-us\/sales-contacts\/\" target=\"_self\" rel=\"noopener\" title=\"Ihr Kontakt zu Laetus \u2013 Internationale Vertriebskontakte\"><img loading=\"lazy\" decoding=\"async\" width=\"550\" height=\"359\" alt=\"Ihr Kontakt zu Laetus \u2013 Internationale Vertriebskontakte\" class=\"wp-image-1588 lt-image-overly-image\" src=\"https:\/\/global.laetus.com\/wp-content\/uploads\/dam\/web-images\/about-us\/sales-contact-blog-550x359-1.jpg?w=550&amp;h=359&amp;crop=1\" srcset=\"https:\/\/global.laetus.com\/wp-content\/uploads\/dam\/web-images\/about-us\/sales-contact-blog-550x359-1.jpg?w=550&amp;resize=550&amp;quality=80&amp;strip=all 550w, https:\/\/global.laetus.com\/wp-content\/uploads\/dam\/web-images\/about-us\/sales-contact-blog-550x359-1.jpg?resize=300&amp;w=300&amp;quality=80&amp;strip=all 300w, https:\/\/global.laetus.com\/wp-content\/uploads\/dam\/web-images\/about-us\/sales-contact-blog-550x359-1.jpg?resize=342&amp;w=342&amp;quality=80&amp;strip=all 342w, https:\/\/global.laetus.com\/wp-content\/uploads\/dam\/web-images\/about-us\/sales-contact-blog-550x359-1.jpg?resize=450&amp;w=450&amp;quality=80&amp;strip=all 450w, https:\/\/global.laetus.com\/wp-content\/uploads\/dam\/web-images\/about-us\/sales-contact-blog-550x359-1.jpg?resize=548&amp;w=548&amp;quality=80&amp;strip=all 548w\" sizes=\"auto, (max-width: 550px) 100vw, 550px\" \/><div class=\"lt-image-overly-content-wrap\">\n<h4 class=\"wp-block-heading has-text-align-center has-white-color has-text-color\" id=\"sales-contact\"><strong>Zu den Vertriebskontakten<\/strong><\/h4>\n<\/div><\/a><\/figure><\/div>\n<\/div>\n\n\n\n<div class=\"wp-block-column is-layout-flow wp-block-column-is-layout-flow\" style=\"flex-basis:10%\">\n<p><\/p>\n<\/div>\n\n\n\n<div class=\"wp-block-column is-layout-flow wp-block-column-is-layout-flow\">\n<div class=\"wp-block-laetus-blocks-image-overlay lt-block-image-overlay\" style=\"--overlay-bg:#C8102E;--overlay-bg-hover:#5D5D5D;--overlay-padding:24px 40px 24px 40px;--overlay-image-position:50% 50%\"><figure><a href=\"https:\/\/www.laetus.com\/de\/service-and-support\/hotline\/\" target=\"_self\" rel=\"noopener\" title=\"Ihr Kontakt zu Laetus \u2013 Service-Hotline\"><img decoding=\"async\" alt=\"Ihr Kontakt zu Laetus \u2013 Service-Hotline\" class=\"wp-image-undefined lt-image-overly-image\" src=\"https:\/\/global.laetus.com\/wp-content\/uploads\/dam\/web-images\/about-us\/technical-support-en.png\" \/><div class=\"lt-image-overly-content-wrap\">\n<h4 class=\"wp-block-heading has-text-align-center has-white-color has-text-color\" id=\"sales-contact\">Zur Service-Hotline<\/h4>\n<\/div><\/a><\/figure><\/div>\n<\/div>\n<\/div>\n<\/div>\n\n\t\t<style>\n\t\t\t#lt-blocks-group-69d4cf8f430a2 {\n\t\t\t\t\t\t\twidth: auto;\n\t\t\t}\n\t\t\t#lt-blocks-group-69d4cf8f430a2 > .wp-block-group {\n\t\t\tpadding-top: 0px;padding-right: 0px;padding-bottom: 0px;padding-left: 0px;\t\t\t}\n\n\t\t\t@media print, screen and ( max-width: 767px ) {\n\t\t\t\t#lt-blocks-group-69d4cf8f430a2 {\n\t\t\t\t\t\t\t\t}\n\t\t\t\t#lt-blocks-group-69d4cf8f430a2 > .wp-block-group {\n\t\t\t\t\t\t\t\t}\n\t\t\t}\n\t\t\t#lt-blocks-group-69d4cf8f430a2 > .wp-block-group > * {\n\t\t\t\t\t\t\t\t\t\t\t}\n\n\t\t<\/style>\n\n\t\t <\/div>\n\n\n<div style=\"height:45px\" aria-hidden=\"true\" class=\"wp-block-spacer\"><\/div>\n\n\n\n<h2 class=\"wp-block-heading has-cerulean-red-color has-text-color has-link-color has-h-3-font-size wp-elements-92e87362e5416450362b56be1d44302d\"><strong>Standort Bensheim<\/strong><\/h2>\n\n\n\n<h3 class=\"wp-block-heading has-cerulean-red-color has-text-color has-link-color has-h-4-font-size wp-elements-a04db9b18ee6317f672a2896f4e81f54\">Neuer Hauptsitz in Bensheim \u2013 ein Ort f\u00fcr Innovation und Zusammenarbeit<\/h3>\n\n\n\n<p>Seit November 2025 ist Laetus im modernen Gewerbegebiet <em>Stubenwald<\/em> in Bensheim zuhause.<br>Der neue Standort vereint alle Unternehmensbereiche unter einem Dach \u2013 von Entwicklung \u00fcber Service bis Produktion \u2013 und schafft ideale Voraussetzungen im Sinne unserer Kunden.<\/p>\n\n\n\n<div style=\"height:12px\" aria-hidden=\"true\" class=\"wp-block-spacer\"><\/div>\n\n\n\n<div class=\"wp-block-columns is-layout-flex wp-container-core-columns-is-layout-28f84493 wp-block-columns-is-layout-flex\">\n<div class=\"wp-block-column is-layout-flow wp-block-column-is-layout-flow\" style=\"flex-basis:50%\">\n<p><strong>Laetus Division<\/strong><br>ALLTEC Angewandte Laserlicht Technologie GmbH<br>Stubenwald-Allee 9<br>64625 Bensheim<br>Tel: +49 6251 97517-0<\/p>\n\n\n\n<p><\/p>\n\n\n\n<figure class=\"wp-block-image size-large\"><a href=\"https:\/\/maps.app.goo.gl\/k445r41XsAKtJCdv5\" target=\"_blank\" rel=\" noreferrer noopener\"><img loading=\"lazy\" decoding=\"async\" width=\"400\" height=\"450\" src=\"https:\/\/global.laetus.com\/wp-content\/uploads\/dam\/Laetus-Bensheim-Map.jpg?w=400\" alt=\"Google Maps Karte mit Standort der Laetus Division, ALLTEC Angewandte Laserlicht Technologie GmbH, Stubenwald-Allee 9, 64625 Bensheim\" class=\"wp-image-2903\" srcset=\"https:\/\/global.laetus.com\/wp-content\/uploads\/dam\/Laetus-Bensheim-Map.jpg?w=400&amp;resize=400&amp;quality=80&amp;strip=all 400w, https:\/\/global.laetus.com\/wp-content\/uploads\/dam\/Laetus-Bensheim-Map.jpg?resize=267&amp;w=267&amp;quality=80&amp;strip=all 267w\" sizes=\"auto, (max-width: 400px) 100vw, 400px\" \/><\/a><\/figure>\n<\/div>\n\n\n\n<div class=\"wp-block-column has-light-gray-background-color has-background is-layout-flow wp-block-column-is-layout-flow\" style=\"flex-basis:50%\"><div class=\"lt-group-wrap\" id=\"lt-blocks-group-69d4cf8f47763\"> \n<div class=\"wp-block-group is-layout-constrained wp-block-group-is-layout-constrained\">\n<h3 class=\"wp-block-heading has-cerulean-red-color has-text-color has-link-color has-h-4-font-size wp-elements-3cbd354c0697a94d383da8e211fff3f3\">Ihr direkter Draht zu Laetus<\/h3>\n\n\n\n<p>Wir helfen Ihnen gerne weiter \u2013 individuell, schnell und zuverl\u00e4ssig.<br>Je genauer Sie Ihr Anliegen beschreiben, desto gezielter k\u00f6nnen wir Sie unterst\u00fctzen.<\/p>\n\n\n\n<p><\/p>\n\n\n\t<div class=\"js-marketo-form-shortcode\">\n\t\t\n<form data-formID=\"1092\"><\/form>\n\t<\/div>\n\t\n<\/div>\n\n\t\t<style>\n\t\t\t#lt-blocks-group-69d4cf8f47763 {\n\t\t\t\t\t\t\twidth: auto;\n\t\t\t}\n\t\t\t#lt-blocks-group-69d4cf8f47763 > .wp-block-group {\n\t\t\tpadding-top: 24px;padding-right: 24px;padding-bottom: 24px;padding-left: 24px;\t\t\t}\n\n\t\t\t@media print, screen and ( max-width: 767px ) {\n\t\t\t\t#lt-blocks-group-69d4cf8f47763 {\n\t\t\t\t\t\t\t\t}\n\t\t\t\t#lt-blocks-group-69d4cf8f47763 > .wp-block-group {\n\t\t\t\t\t\t\t\t}\n\t\t\t}\n\t\t\t#lt-blocks-group-69d4cf8f47763 > .wp-block-group > * {\n\t\t\t\t\t\t\t\t\t\t\t}\n\n\t\t<\/style>\n\n\t\t <\/div><\/div>\n<\/div>\n\n\n\n<p><\/p>\n","protected":false},"excerpt":{"rendered":"<p>Laetus Kontakt Immer in Ihrer N\u00e4he \u2013 weltweit und pers\u00f6nlich Laetus steht Ihnen mit einem globalen Netzwerk und regionalen Ansprechpartnern zur Seite. Denn In modernen Produktionsumgebungen z\u00e4hlt jede Sekunde. Wer Qualit\u00e4tsabweichungen und R\u00fcckverfolgungsl\u00fccken fr\u00fch erkennt, vermeidet Ausschuss, senkt Kosten und sorgt f\u00fcr reibungslose Abl\u00e4ufe in der gesamten Lieferkette. \u00dcber die folgenden Links finden Sie unsere<a class=\"moretag\" href=\"https:\/\/www.laetus.com\/de\/about-us\/contact-us\/\">Lesen Sie mehr<\/a><\/p>\n","protected":false},"author":10,"featured_media":0,"parent":110,"menu_order":0,"comment_status":"closed","ping_status":"closed","template":"","meta":{"footnotes":""},"class_list":["post-113","page","type-page","status-publish","hentry"],"acf":[],"yoast_head":"<!-- This site is optimized with the Yoast SEO plugin v21.4 - https:\/\/yoast.com\/wordpress\/plugins\/seo\/ -->\n<title>Kontakt Laetus \u2013 Track &amp; Trace und Optische Qualit\u00e4tskontrolle<\/title>\n<meta name=\"description\" content=\"Kontaktieren Sie Laetus f\u00fcr Track &amp; Trace und optische Qualit\u00e4tskontrolle. Wir unterst\u00fctzen Sie bei allen Anfragen.\" \/>\n<meta name=\"robots\" content=\"index, follow, max-snippet:-1, max-image-preview:large, max-video-preview:-1\" \/>\n<link rel=\"canonical\" href=\"https:\/\/www.laetus.com\/de\/about-us\/contact-us\/\" \/>\n<meta property=\"og:locale\" content=\"de-DE\" \/>\n<meta property=\"og:type\" content=\"article\" \/>\n<meta property=\"og:title\" content=\"Kontakt Laetus \u2013 Track &amp; Trace und Optische Qualit\u00e4tskontrolle\" \/>\n<meta property=\"og:description\" content=\"Kontaktieren Sie Laetus f\u00fcr Track &amp; Trace und optische Qualit\u00e4tskontrolle. Wir unterst\u00fctzen Sie bei allen Anfragen.\" \/>\n<meta property=\"og:url\" content=\"https:\/\/www.laetus.com\/de\/about-us\/contact-us\/\" \/>\n<meta property=\"og:site_name\" content=\"Laetus\" \/>\n<meta property=\"article:modified_time\" content=\"2025-11-10T13:04:26+00:00\" \/>\n<meta property=\"og:image\" content=\"https:\/\/global.laetus.com\/wp-content\/uploads\/dam\/web-images\/about-us\/laetus-contact-web-banner.gif\" \/>\n<meta name=\"twitter:card\" content=\"summary_large_image\" \/>\n<meta name=\"twitter:label1\" content=\"Est. reading time\" \/>\n\t<meta name=\"twitter:data1\" content=\"2 minutes\" \/>\n<script type=\"application\/ld+json\" class=\"yoast-schema-graph\">{\"@context\":\"https:\/\/schema.org\",\"@graph\":[{\"@type\":\"WebPage\",\"@id\":\"https:\/\/www.laetus.com\/de\/about-us\/contact-us\/\",\"url\":\"https:\/\/www.laetus.com\/de\/about-us\/contact-us\/\",\"name\":\"Kontakt Laetus \u2013 Track & Trace und Optische Qualit\u00e4tskontrolle\",\"isPartOf\":{\"@id\":\"https:\/\/www.laetus.com\/de\/#website\"},\"datePublished\":\"2022-02-22T05:10:32+00:00\",\"dateModified\":\"2025-11-10T13:04:26+00:00\",\"description\":\"Kontaktieren Sie Laetus f\u00fcr Track & Trace und optische Qualit\u00e4tskontrolle. Wir unterst\u00fctzen Sie bei allen Anfragen.\",\"breadcrumb\":{\"@id\":\"https:\/\/www.laetus.com\/de\/about-us\/contact-us\/#breadcrumb\"},\"inLanguage\":\"de-DE\",\"potentialAction\":[{\"@type\":\"ReadAction\",\"target\":[\"https:\/\/www.laetus.com\/de\/about-us\/contact-us\/\"]}]},{\"@type\":\"BreadcrumbList\",\"@id\":\"https:\/\/www.laetus.com\/de\/about-us\/contact-us\/#breadcrumb\",\"itemListElement\":[{\"@type\":\"ListItem\",\"position\":1,\"name\":\"\u00dcber Laetus\",\"item\":\"https:\/\/www.laetus.com\/de\/about-us\/\"},{\"@type\":\"ListItem\",\"position\":2,\"name\":\"Laetus Kontakt\"}]},{\"@type\":\"WebSite\",\"@id\":\"https:\/\/www.laetus.com\/de\/#website\",\"url\":\"https:\/\/www.laetus.com\/de\/\",\"name\":\"Laetus\",\"description\":\"Laetus\",\"alternateName\":\"Laetus\",\"potentialAction\":[{\"@type\":\"SearchAction\",\"target\":{\"@type\":\"EntryPoint\",\"urlTemplate\":\"https:\/\/www.laetus.com\/de\/?s={search_term_string}\"},\"query-input\":\"required name=search_term_string\"}],\"inLanguage\":\"de-DE\"}]}<\/script>\n<!-- \/ Yoast SEO plugin. -->","yoast_head_json":{"title":"Kontakt Laetus \u2013 Track & Trace und Optische Qualit\u00e4tskontrolle","description":"Kontaktieren Sie Laetus f\u00fcr Track & Trace und optische Qualit\u00e4tskontrolle. Wir unterst\u00fctzen Sie bei allen Anfragen.","robots":{"index":"index","follow":"follow","max-snippet":"max-snippet:-1","max-image-preview":"max-image-preview:large","max-video-preview":"max-video-preview:-1"},"canonical":"https:\/\/www.laetus.com\/de\/about-us\/contact-us\/","og_locale":"de-DE","og_type":"article","og_title":"Kontakt Laetus \u2013 Track & Trace und Optische Qualit\u00e4tskontrolle","og_description":"Kontaktieren Sie Laetus f\u00fcr Track & Trace und optische Qualit\u00e4tskontrolle. Wir unterst\u00fctzen Sie bei allen Anfragen.","og_url":"https:\/\/www.laetus.com\/de\/about-us\/contact-us\/","og_site_name":"Laetus","article_modified_time":"2025-11-10T13:04:26+00:00","og_image":[{"url":"https:\/\/global.laetus.com\/wp-content\/uploads\/dam\/web-images\/about-us\/laetus-contact-web-banner.gif"}],"twitter_card":"summary_large_image","twitter_misc":{"Est. reading time":"2 minutes"},"schema":{"@context":"https:\/\/schema.org","@graph":[{"@type":"WebPage","@id":"https:\/\/www.laetus.com\/de\/about-us\/contact-us\/","url":"https:\/\/www.laetus.com\/de\/about-us\/contact-us\/","name":"Kontakt Laetus \u2013 Track & Trace und Optische Qualit\u00e4tskontrolle","isPartOf":{"@id":"https:\/\/www.laetus.com\/de\/#website"},"datePublished":"2022-02-22T05:10:32+00:00","dateModified":"2025-11-10T13:04:26+00:00","description":"Kontaktieren Sie Laetus f\u00fcr Track & Trace und optische Qualit\u00e4tskontrolle. Wir unterst\u00fctzen Sie bei allen Anfragen.","breadcrumb":{"@id":"https:\/\/www.laetus.com\/de\/about-us\/contact-us\/#breadcrumb"},"inLanguage":"de-DE","potentialAction":[{"@type":"ReadAction","target":["https:\/\/www.laetus.com\/de\/about-us\/contact-us\/"]}]},{"@type":"BreadcrumbList","@id":"https:\/\/www.laetus.com\/de\/about-us\/contact-us\/#breadcrumb","itemListElement":[{"@type":"ListItem","position":1,"name":"\u00dcber Laetus","item":"https:\/\/www.laetus.com\/de\/about-us\/"},{"@type":"ListItem","position":2,"name":"Laetus Kontakt"}]},{"@type":"WebSite","@id":"https:\/\/www.laetus.com\/de\/#website","url":"https:\/\/www.laetus.com\/de\/","name":"Laetus","description":"Laetus","alternateName":"Laetus","potentialAction":[{"@type":"SearchAction","target":{"@type":"EntryPoint","urlTemplate":"https:\/\/www.laetus.com\/de\/?s={search_term_string}"},"query-input":"required name=search_term_string"}],"inLanguage":"de-DE"}]}},"jetpack_sharing_enabled":true,"_links":{"self":[{"href":"https:\/\/www.laetus.com\/de\/wp-json\/wp\/v2\/pages\/113","targetHints":{"allow":["GET"]}}],"collection":[{"href":"https:\/\/www.laetus.com\/de\/wp-json\/wp\/v2\/pages"}],"about":[{"href":"https:\/\/www.laetus.com\/de\/wp-json\/wp\/v2\/types\/page"}],"author":[{"embeddable":true,"href":"https:\/\/www.laetus.com\/de\/wp-json\/wp\/v2\/users\/10"}],"replies":[{"embeddable":true,"href":"https:\/\/www.laetus.com\/de\/wp-json\/wp\/v2\/comments?post=113"}],"version-history":[{"count":40,"href":"https:\/\/www.laetus.com\/de\/wp-json\/wp\/v2\/pages\/113\/revisions"}],"predecessor-version":[{"id":2801,"href":"https:\/\/www.laetus.com\/de\/wp-json\/wp\/v2\/pages\/113\/revisions\/2801"}],"up":[{"embeddable":true,"href":"https:\/\/www.laetus.com\/de\/wp-json\/wp\/v2\/pages\/110"}],"wp:attachment":[{"href":"https:\/\/www.laetus.com\/de\/wp-json\/wp\/v2\/media?parent=113"}],"curies":[{"name":"wp","href":"https:\/\/api.w.org\/{rel}","templated":true}]}}