{"id":203,"date":"2022-02-22T06:14:05","date_gmt":"2022-02-22T06:14:05","guid":{"rendered":"https:\/\/www.laetus.com\/en\/?page_id=203"},"modified":"2025-12-18T11:26:11","modified_gmt":"2025-12-18T11:26:11","slug":"history","status":"publish","type":"page","link":"https:\/\/www.laetus.com\/de\/about-us\/history\/","title":{"rendered":"Historie"},"content":{"rendered":"\n<div class=\"wp-block-laetus-blocks-banner alignfull lt-block-banner lt-block-banner-content-left\"><div class=\"lt-block-banner-section\"><img fetchpriority=\"high\" decoding=\"async\" width=\"1440\" height=\"471\" loading=\"eager\" class=\"lt-block-banner-image wp-image-334\" alt=\"\" src=\"https:\/\/global.laetus.com\/wp-content\/uploads\/dam\/web-images\/about-us\/history-banner.jpg\" srcset=\"https:\/\/global.laetus.com\/wp-content\/uploads\/dam\/web-images\/about-us\/history-banner.jpg?w=1440&amp;resize=1440&amp;quality=80&amp;strip=all 1440w, https:\/\/global.laetus.com\/wp-content\/uploads\/dam\/web-images\/about-us\/history-banner.jpg?resize=300&amp;w=300&amp;quality=80&amp;strip=all 300w, https:\/\/global.laetus.com\/wp-content\/uploads\/dam\/web-images\/about-us\/history-banner.jpg?resize=768&amp;w=768&amp;quality=80&amp;strip=all 768w, https:\/\/global.laetus.com\/wp-content\/uploads\/dam\/web-images\/about-us\/history-banner.jpg?resize=1024&amp;w=1024&amp;quality=80&amp;strip=all 1024w, https:\/\/global.laetus.com\/wp-content\/uploads\/dam\/web-images\/about-us\/history-banner.jpg?resize=450&amp;w=450&amp;quality=80&amp;strip=all 450w, https:\/\/global.laetus.com\/wp-content\/uploads\/dam\/web-images\/about-us\/history-banner.jpg?resize=582&amp;w=582&amp;quality=80&amp;strip=all 582w, https:\/\/global.laetus.com\/wp-content\/uploads\/dam\/web-images\/about-us\/history-banner.jpg?resize=900&amp;w=900&amp;quality=80&amp;strip=all 900w, https:\/\/global.laetus.com\/wp-content\/uploads\/dam\/web-images\/about-us\/history-banner.jpg?resize=1164&amp;w=1164&amp;quality=80&amp;strip=all 1164w\" sizes=\"(max-width: 1440px) 100vw, 1440px\" \/><div class=\"lt-block-banner-section-inner\"><\/div><\/div><\/div>\n\n\n<div class=\"lt-group-wrap\" id=\"lt-blocks-group-69df506421e11\"> \n<div class=\"wp-block-group alignfull has-vivid-red-background-color has-background is-layout-flow wp-block-group-is-layout-flow\">\n<h1 class=\"wp-block-heading has-text-align-center has-theme-white-color has-text-color has-h-2-font-size\" id=\"history\">Historie<\/h1>\n<\/div>\n\n\t\t<style>\n\t\t\t#lt-blocks-group-69df506421e11 {\n\t\t\t\t\t\t\twidth: auto;\n\t\t\t}\n\t\t\t#lt-blocks-group-69df506421e11 > .wp-block-group {\n\t\t\tpadding-top: 10px;padding-right: 0px;padding-bottom: 10px;padding-left: 0px;\t\t\t}\n\n\t\t\t@media print, screen and ( max-width: 767px ) {\n\t\t\t\t#lt-blocks-group-69df506421e11 {\n\t\t\t\t\t\t\t\t}\n\t\t\t\t#lt-blocks-group-69df506421e11 > .wp-block-group {\n\t\t\t\t\t\t\t\t}\n\t\t\t}\n\t\t\t#lt-blocks-group-69df506421e11 > .wp-block-group > * {\n\t\t\t\t\t\t\t\t\t\t\t}\n\n\t\t<\/style>\n\n\t\t <\/div>\n\n\n<div style=\"height:30px\" aria-hidden=\"true\" class=\"wp-block-spacer\"><\/div>\n\n\n\n<p>Die Geschichte unseres Unternehmens zeigt einen kontinuierlichen Weg der Innovationen \u00fcber viele Jahre. Seit der Gr\u00fcndung im Jahr 1974 war und ist es unser Ziel, unseren Kunden die bestm\u00f6glichen Systeme f\u00fcr ihre Steuerungsaufgaben zur Verf\u00fcgung zu stellen. Ob es sich um eine einfache Codesteuerung oder umfangreiche Track&nbsp;&amp;&nbsp;Trace-Aufgaben handelt, unsere Entwicklungsabteilung ist stets bem\u00fcht, neue Module oder Systeme zu schaffen \u2013 oft gemeinsam mit unseren Kunden.<\/p>\n\n\n\n<div style=\"height:12px\" aria-hidden=\"true\" class=\"wp-block-spacer\"><\/div>\n\n\n\n<div class=\"wp-block-columns is-layout-flex wp-container-core-columns-is-layout-28f84493 wp-block-columns-is-layout-flex\">\n<div class=\"wp-block-column is-layout-flow wp-block-column-is-layout-flow\" style=\"flex-basis:25%\"><\/div>\n\n\n\n<div class=\"wp-block-column is-layout-flow wp-block-column-is-layout-flow\" style=\"flex-basis:70%\">\n<figure class=\"wp-block-image size-large\"><img loading=\"lazy\" decoding=\"async\" width=\"1400\" height=\"2560\" src=\"https:\/\/global.laetus.com\/wp-content\/uploads\/dam\/Laetus-History-Timeline-en-2025-4.jpg?w=560\" alt=\"Laetus History Timeline\" class=\"wp-image-2941\" srcset=\"https:\/\/global.laetus.com\/wp-content\/uploads\/dam\/Laetus-History-Timeline-en-2025-4.jpg?w=1400&amp;resize=1400&amp;quality=80&amp;strip=all 1400w, https:\/\/global.laetus.com\/wp-content\/uploads\/dam\/Laetus-History-Timeline-en-2025-4.jpg?resize=164&amp;w=164&amp;quality=80&amp;strip=all 164w, https:\/\/global.laetus.com\/wp-content\/uploads\/dam\/Laetus-History-Timeline-en-2025-4.jpg?resize=768&amp;w=768&amp;quality=80&amp;strip=all 768w, https:\/\/global.laetus.com\/wp-content\/uploads\/dam\/Laetus-History-Timeline-en-2025-4.jpg?resize=560&amp;w=560&amp;quality=80&amp;strip=all 560w, https:\/\/global.laetus.com\/wp-content\/uploads\/dam\/Laetus-History-Timeline-en-2025-4.jpg?resize=840&amp;w=840&amp;quality=80&amp;strip=all 840w, https:\/\/global.laetus.com\/wp-content\/uploads\/dam\/Laetus-History-Timeline-en-2025-4.jpg?resize=1120&amp;w=1120&amp;quality=80&amp;strip=all 1120w, https:\/\/global.laetus.com\/wp-content\/uploads\/dam\/Laetus-History-Timeline-en-2025-4.jpg?resize=246&amp;w=246&amp;quality=80&amp;strip=all 246w, https:\/\/global.laetus.com\/wp-content\/uploads\/dam\/Laetus-History-Timeline-en-2025-4.jpg?resize=318&amp;w=318&amp;quality=80&amp;strip=all 318w, https:\/\/global.laetus.com\/wp-content\/uploads\/dam\/Laetus-History-Timeline-en-2025-4.jpg?resize=492&amp;w=492&amp;quality=80&amp;strip=all 492w, https:\/\/global.laetus.com\/wp-content\/uploads\/dam\/Laetus-History-Timeline-en-2025-4.jpg?resize=637&amp;w=637&amp;quality=80&amp;strip=all 637w\" sizes=\"auto, (max-width: 1400px) 100vw, 1400px\" \/><\/figure>\n<\/div>\n\n\n\n<div class=\"wp-block-column is-layout-flow wp-block-column-is-layout-flow\" style=\"flex-basis:25%\"><\/div>\n<\/div>\n","protected":false},"excerpt":{"rendered":"<p>Historie Die Geschichte unseres Unternehmens zeigt einen kontinuierlichen Weg der Innovationen \u00fcber viele Jahre. Seit der Gr\u00fcndung im Jahr 1974 war und ist es unser Ziel, unseren Kunden die bestm\u00f6glichen Systeme f\u00fcr ihre Steuerungsaufgaben zur Verf\u00fcgung zu stellen. Ob es sich um eine einfache Codesteuerung oder umfangreiche Track&nbsp;&amp;&nbsp;Trace-Aufgaben handelt, unsere Entwicklungsabteilung ist stets bem\u00fcht, neue<a class=\"moretag\" href=\"https:\/\/www.laetus.com\/de\/about-us\/history\/\">Lesen Sie mehr<\/a><\/p>\n","protected":false},"author":10,"featured_media":0,"parent":110,"menu_order":0,"comment_status":"closed","ping_status":"closed","template":"","meta":{"footnotes":""},"class_list":["post-203","page","type-page","status-publish","hentry"],"acf":[],"yoast_head":"<!-- This site is optimized with the Yoast SEO plugin v21.4 - https:\/\/yoast.com\/wordpress\/plugins\/seo\/ -->\n<title>Historie - Laetus<\/title>\n<meta name=\"robots\" content=\"index, follow, max-snippet:-1, max-image-preview:large, max-video-preview:-1\" \/>\n<link rel=\"canonical\" href=\"https:\/\/www.laetus.com\/de\/about-us\/history\/\" \/>\n<meta property=\"og:locale\" content=\"de-DE\" \/>\n<meta property=\"og:type\" content=\"article\" \/>\n<meta property=\"og:title\" content=\"Historie - Laetus\" \/>\n<meta property=\"og:description\" content=\"Historie Die Geschichte unseres Unternehmens zeigt einen kontinuierlichen Weg der Innovationen \u00fcber viele Jahre. Seit der Gr\u00fcndung im Jahr 1974 war und ist es unser Ziel, unseren Kunden die bestm\u00f6glichen Systeme f\u00fcr ihre Steuerungsaufgaben zur Verf\u00fcgung zu stellen. Ob es sich um eine einfache Codesteuerung oder umfangreiche Track&nbsp;&amp;&nbsp;Trace-Aufgaben handelt, unsere Entwicklungsabteilung ist stets bem\u00fcht, neueLesen Sie mehr\" \/>\n<meta property=\"og:url\" content=\"https:\/\/www.laetus.com\/de\/about-us\/history\/\" \/>\n<meta property=\"og:site_name\" content=\"Laetus\" \/>\n<meta property=\"article:modified_time\" content=\"2025-12-18T11:26:11+00:00\" \/>\n<meta property=\"og:image\" content=\"https:\/\/global.laetus.com\/wp-content\/uploads\/dam\/web-images\/about-us\/history-banner.jpg\" \/>\n<meta name=\"twitter:card\" content=\"summary_large_image\" \/>\n<meta name=\"twitter:label1\" content=\"Est. reading time\" \/>\n\t<meta name=\"twitter:data1\" content=\"1 minute\" \/>\n<script type=\"application\/ld+json\" class=\"yoast-schema-graph\">{\"@context\":\"https:\/\/schema.org\",\"@graph\":[{\"@type\":\"WebPage\",\"@id\":\"https:\/\/www.laetus.com\/de\/about-us\/history\/\",\"url\":\"https:\/\/www.laetus.com\/de\/about-us\/history\/\",\"name\":\"Historie - Laetus\",\"isPartOf\":{\"@id\":\"https:\/\/www.laetus.com\/de\/#website\"},\"datePublished\":\"2022-02-22T06:14:05+00:00\",\"dateModified\":\"2025-12-18T11:26:11+00:00\",\"breadcrumb\":{\"@id\":\"https:\/\/www.laetus.com\/de\/about-us\/history\/#breadcrumb\"},\"inLanguage\":\"de-DE\",\"potentialAction\":[{\"@type\":\"ReadAction\",\"target\":[\"https:\/\/www.laetus.com\/de\/about-us\/history\/\"]}]},{\"@type\":\"BreadcrumbList\",\"@id\":\"https:\/\/www.laetus.com\/de\/about-us\/history\/#breadcrumb\",\"itemListElement\":[{\"@type\":\"ListItem\",\"position\":1,\"name\":\"\u00dcber Laetus\",\"item\":\"https:\/\/www.laetus.com\/de\/about-us\/\"},{\"@type\":\"ListItem\",\"position\":2,\"name\":\"Historie\"}]},{\"@type\":\"WebSite\",\"@id\":\"https:\/\/www.laetus.com\/de\/#website\",\"url\":\"https:\/\/www.laetus.com\/de\/\",\"name\":\"Laetus\",\"description\":\"Laetus\",\"alternateName\":\"Laetus\",\"potentialAction\":[{\"@type\":\"SearchAction\",\"target\":{\"@type\":\"EntryPoint\",\"urlTemplate\":\"https:\/\/www.laetus.com\/de\/?s={search_term_string}\"},\"query-input\":\"required name=search_term_string\"}],\"inLanguage\":\"de-DE\"}]}<\/script>\n<!-- \/ Yoast SEO plugin. -->","yoast_head_json":{"title":"Historie - Laetus","robots":{"index":"index","follow":"follow","max-snippet":"max-snippet:-1","max-image-preview":"max-image-preview:large","max-video-preview":"max-video-preview:-1"},"canonical":"https:\/\/www.laetus.com\/de\/about-us\/history\/","og_locale":"de-DE","og_type":"article","og_title":"Historie - Laetus","og_description":"Historie Die Geschichte unseres Unternehmens zeigt einen kontinuierlichen Weg der Innovationen \u00fcber viele Jahre. Seit der Gr\u00fcndung im Jahr 1974 war und ist es unser Ziel, unseren Kunden die bestm\u00f6glichen Systeme f\u00fcr ihre Steuerungsaufgaben zur Verf\u00fcgung zu stellen. Ob es sich um eine einfache Codesteuerung oder umfangreiche Track&nbsp;&amp;&nbsp;Trace-Aufgaben handelt, unsere Entwicklungsabteilung ist stets bem\u00fcht, neueLesen Sie mehr","og_url":"https:\/\/www.laetus.com\/de\/about-us\/history\/","og_site_name":"Laetus","article_modified_time":"2025-12-18T11:26:11+00:00","og_image":[{"url":"https:\/\/global.laetus.com\/wp-content\/uploads\/dam\/web-images\/about-us\/history-banner.jpg"}],"twitter_card":"summary_large_image","twitter_misc":{"Est. reading time":"1 minute"},"schema":{"@context":"https:\/\/schema.org","@graph":[{"@type":"WebPage","@id":"https:\/\/www.laetus.com\/de\/about-us\/history\/","url":"https:\/\/www.laetus.com\/de\/about-us\/history\/","name":"Historie - Laetus","isPartOf":{"@id":"https:\/\/www.laetus.com\/de\/#website"},"datePublished":"2022-02-22T06:14:05+00:00","dateModified":"2025-12-18T11:26:11+00:00","breadcrumb":{"@id":"https:\/\/www.laetus.com\/de\/about-us\/history\/#breadcrumb"},"inLanguage":"de-DE","potentialAction":[{"@type":"ReadAction","target":["https:\/\/www.laetus.com\/de\/about-us\/history\/"]}]},{"@type":"BreadcrumbList","@id":"https:\/\/www.laetus.com\/de\/about-us\/history\/#breadcrumb","itemListElement":[{"@type":"ListItem","position":1,"name":"\u00dcber Laetus","item":"https:\/\/www.laetus.com\/de\/about-us\/"},{"@type":"ListItem","position":2,"name":"Historie"}]},{"@type":"WebSite","@id":"https:\/\/www.laetus.com\/de\/#website","url":"https:\/\/www.laetus.com\/de\/","name":"Laetus","description":"Laetus","alternateName":"Laetus","potentialAction":[{"@type":"SearchAction","target":{"@type":"EntryPoint","urlTemplate":"https:\/\/www.laetus.com\/de\/?s={search_term_string}"},"query-input":"required name=search_term_string"}],"inLanguage":"de-DE"}]}},"jetpack_sharing_enabled":true,"_links":{"self":[{"href":"https:\/\/www.laetus.com\/de\/wp-json\/wp\/v2\/pages\/203","targetHints":{"allow":["GET"]}}],"collection":[{"href":"https:\/\/www.laetus.com\/de\/wp-json\/wp\/v2\/pages"}],"about":[{"href":"https:\/\/www.laetus.com\/de\/wp-json\/wp\/v2\/types\/page"}],"author":[{"embeddable":true,"href":"https:\/\/www.laetus.com\/de\/wp-json\/wp\/v2\/users\/10"}],"replies":[{"embeddable":true,"href":"https:\/\/www.laetus.com\/de\/wp-json\/wp\/v2\/comments?post=203"}],"version-history":[{"count":12,"href":"https:\/\/www.laetus.com\/de\/wp-json\/wp\/v2\/pages\/203\/revisions"}],"predecessor-version":[{"id":2816,"href":"https:\/\/www.laetus.com\/de\/wp-json\/wp\/v2\/pages\/203\/revisions\/2816"}],"up":[{"embeddable":true,"href":"https:\/\/www.laetus.com\/de\/wp-json\/wp\/v2\/pages\/110"}],"wp:attachment":[{"href":"https:\/\/www.laetus.com\/de\/wp-json\/wp\/v2\/media?parent=203"}],"curies":[{"name":"wp","href":"https:\/\/api.w.org\/{rel}","templated":true}]}}