{"id":298,"date":"2022-02-28T07:53:34","date_gmt":"2022-02-28T07:53:34","guid":{"rendered":"https:\/\/www.laetus.com\/en\/?page_id=298"},"modified":"2022-04-21T15:27:18","modified_gmt":"2022-04-21T15:27:18","slug":"project-management","status":"publish","type":"page","link":"https:\/\/www.laetus.com\/de\/service-and-support\/project-management\/","title":{"rendered":"Projektmanagement"},"content":{"rendered":"\n<figure class=\"wp-block-image alignfull size-large\"><img loading=\"lazy\" decoding=\"async\" width=\"1440\" height=\"471\" src=\"https:\/\/global.laetus.com\/wp-content\/uploads\/dam\/web-images\/service-support\/head-banner\/project-management-banner-1440x471-en.jpg?w=1024\" alt=\"\" class=\"wp-image-554\" srcset=\"https:\/\/global.laetus.com\/wp-content\/uploads\/dam\/web-images\/service-support\/head-banner\/project-management-banner-1440x471-en.jpg?w=1440&amp;resize=1440&amp;quality=80&amp;strip=all 1440w, https:\/\/global.laetus.com\/wp-content\/uploads\/dam\/web-images\/service-support\/head-banner\/project-management-banner-1440x471-en.jpg?resize=300&amp;w=300&amp;quality=80&amp;strip=all 300w, https:\/\/global.laetus.com\/wp-content\/uploads\/dam\/web-images\/service-support\/head-banner\/project-management-banner-1440x471-en.jpg?resize=768&amp;w=768&amp;quality=80&amp;strip=all 768w, https:\/\/global.laetus.com\/wp-content\/uploads\/dam\/web-images\/service-support\/head-banner\/project-management-banner-1440x471-en.jpg?resize=1024&amp;w=1024&amp;quality=80&amp;strip=all 1024w, https:\/\/global.laetus.com\/wp-content\/uploads\/dam\/web-images\/service-support\/head-banner\/project-management-banner-1440x471-en.jpg?resize=450&amp;w=450&amp;quality=80&amp;strip=all 450w, https:\/\/global.laetus.com\/wp-content\/uploads\/dam\/web-images\/service-support\/head-banner\/project-management-banner-1440x471-en.jpg?resize=582&amp;w=582&amp;quality=80&amp;strip=all 582w, https:\/\/global.laetus.com\/wp-content\/uploads\/dam\/web-images\/service-support\/head-banner\/project-management-banner-1440x471-en.jpg?resize=900&amp;w=900&amp;quality=80&amp;strip=all 900w, https:\/\/global.laetus.com\/wp-content\/uploads\/dam\/web-images\/service-support\/head-banner\/project-management-banner-1440x471-en.jpg?resize=1164&amp;w=1164&amp;quality=80&amp;strip=all 1164w\" sizes=\"auto, (max-width: 1440px) 100vw, 1440px\" \/><\/figure>\n\n\n<div class=\"lt-group-wrap\" id=\"lt-blocks-group-69d262f4cd156\"> \n<div class=\"wp-block-group alignfull has-cerulean-red-background-color has-background is-layout-flow wp-block-group-is-layout-flow\">\n<h1 class=\"has-text-align-center has-theme-white-color has-text-color has-h-2-font-size wp-block-heading\" id=\"project-management\">Projektmanagement<\/h1>\n<\/div>\n\n\t\t<style>\n\t\t\t#lt-blocks-group-69d262f4cd156 {\n\t\t\t\t\t\t\twidth: auto;\n\t\t\t}\n\t\t\t#lt-blocks-group-69d262f4cd156 > .wp-block-group {\n\t\t\tpadding-top: 15px;padding-right: 0px;padding-bottom: 15px;padding-left: 0px;\t\t\t}\n\n\t\t\t@media print, screen and ( max-width: 767px ) {\n\t\t\t\t#lt-blocks-group-69d262f4cd156 {\n\t\t\t\t\t\t\t\t}\n\t\t\t\t#lt-blocks-group-69d262f4cd156 > .wp-block-group {\n\t\t\t\t\t\t\t\t}\n\t\t\t}\n\t\t\t#lt-blocks-group-69d262f4cd156 > .wp-block-group > * {\n\t\t\t\t\t\t\t\t\t\t\t}\n\n\t\t<\/style>\n\n\t\t <\/div>\n\n\n<figure class=\"wp-block-image size-large\"><img loading=\"lazy\" decoding=\"async\" width=\"1280\" height=\"300\" src=\"https:\/\/global.laetus.com\/wp-content\/uploads\/dam\/web-images\/service-support\/project-management-graphic.jpg?w=1024\" alt=\"\" class=\"wp-image-577\" srcset=\"https:\/\/global.laetus.com\/wp-content\/uploads\/dam\/web-images\/service-support\/project-management-graphic.jpg?w=1280&amp;resize=1280&amp;quality=80&amp;strip=all 1280w, https:\/\/global.laetus.com\/wp-content\/uploads\/dam\/web-images\/service-support\/project-management-graphic.jpg?resize=300&amp;w=300&amp;quality=80&amp;strip=all 300w, https:\/\/global.laetus.com\/wp-content\/uploads\/dam\/web-images\/service-support\/project-management-graphic.jpg?resize=768&amp;w=768&amp;quality=80&amp;strip=all 768w, https:\/\/global.laetus.com\/wp-content\/uploads\/dam\/web-images\/service-support\/project-management-graphic.jpg?resize=1024&amp;w=1024&amp;quality=80&amp;strip=all 1024w, https:\/\/global.laetus.com\/wp-content\/uploads\/dam\/web-images\/service-support\/project-management-graphic.jpg?resize=450&amp;w=450&amp;quality=80&amp;strip=all 450w, https:\/\/global.laetus.com\/wp-content\/uploads\/dam\/web-images\/service-support\/project-management-graphic.jpg?resize=582&amp;w=582&amp;quality=80&amp;strip=all 582w, https:\/\/global.laetus.com\/wp-content\/uploads\/dam\/web-images\/service-support\/project-management-graphic.jpg?resize=900&amp;w=900&amp;quality=80&amp;strip=all 900w, https:\/\/global.laetus.com\/wp-content\/uploads\/dam\/web-images\/service-support\/project-management-graphic.jpg?resize=1164&amp;w=1164&amp;quality=80&amp;strip=all 1164w\" sizes=\"auto, (max-width: 1280px) 100vw, 1280px\" \/><\/figure>\n\n\n\n<p class=\"has-vivid-red-color has-text-color has-p-big-font-size\"><strong>Um Ihrem Projekt einen guten Start zu bieten.<\/strong><\/p>\n\n\n\n<p>Gerne agieren wir als Generalunternehmer und tragen auf Wunsch die Verantwortung f\u00fcr das gesamte Projektmanagement. Dabei arbeiten wir eng mit Unternehmen unseres internationalen Netzwerks und mit Partnern unserer Kunden, beispielsweise aus den Bereichen Maschinenbau, Software und IT zusammen.<\/p>\n\n\n\n<p>Zu Beginn der Planungsphase machen wir uns mit den Gegebenheiten vor Ort vertraut. Dies versetzt uns in die Lage, unsere Kunden umfassend zu beraten, gemeinsam mit ihnen die wichtigsten Parameter zu definieren und die Machbarkeit zu \u00fcberpr\u00fcfen. W\u00e4hrend der Projektdesignphase sind f\u00fcr uns die Vorgaben gem\u00e4\u00df GAMP 5 (Good Automated Manufacturing Practise) ma\u00dfgeblich.<\/p>\n\n\n\n<p>In der anschlie\u00dfenden Entwicklungsphase werden die einzelnen Maschinen- und Softwarekomponenten f\u00fcr die Gesamtl\u00f6sung GAMP-konform umgesetzt. Die umfangreichen Funktions- und Systemtests einzelner Komponenten und der Gesamtanwendung sorgen f\u00fcr ein Minimum an Integrationsaufwand. Denn erst wenn die Testphase erfolgreich abgeschlossen ist, beginnt der Einbau vor Ort.<\/p>\n\n\n\n<p>W\u00e4hrend dieser letzen Projektphase unterst\u00fctzen wir Sie bei der Werksabnahme (FAT), bei der Endabnahme in der Produktionsst\u00e4tte (SAT) und f\u00fchren auf Wunsch die Validierung inkl. der Dokumentation (IOQ) durch. Erste Schulungen der Produktionsmitarbeiter sorgen f\u00fcr eine reibungslose Inbetriebnahme.<\/p>\n\n\n\n<p>W\u00e4hrend des gesamten Prozesses legen wir gr\u00f6\u00dften Wert auf die Nachvollziehbarkeit unserer Arbeit. Aus diesem Grund ist die umfassende Dokumentation ein wichtiger Bestandteil unseres Projektmanagements. Auf Wunsch erstellen wir Dokumentationen auch in mehreren Sprachversionen.<\/p>\n","protected":false},"excerpt":{"rendered":"<p>Projektmanagement Um Ihrem Projekt einen guten Start zu bieten. Gerne agieren wir als Generalunternehmer und tragen auf Wunsch die Verantwortung f\u00fcr das gesamte Projektmanagement. Dabei arbeiten wir eng mit Unternehmen unseres internationalen Netzwerks und mit Partnern unserer Kunden, beispielsweise aus den Bereichen Maschinenbau, Software und IT zusammen. Zu Beginn der Planungsphase machen wir uns mit<a class=\"moretag\" href=\"https:\/\/www.laetus.com\/de\/service-and-support\/project-management\/\">Lesen Sie mehr<\/a><\/p>\n","protected":false},"author":10,"featured_media":0,"parent":286,"menu_order":0,"comment_status":"closed","ping_status":"closed","template":"","meta":{"footnotes":""},"class_list":["post-298","page","type-page","status-publish","hentry"],"acf":[],"yoast_head":"<!-- This site is optimized with the Yoast SEO plugin v21.4 - https:\/\/yoast.com\/wordpress\/plugins\/seo\/ -->\n<title>Projektmanagement - Laetus<\/title>\n<meta name=\"robots\" content=\"index, follow, max-snippet:-1, max-image-preview:large, max-video-preview:-1\" \/>\n<link rel=\"canonical\" href=\"https:\/\/www.laetus.com\/de\/service-and-support\/project-management\/\" \/>\n<meta property=\"og:locale\" content=\"de-DE\" \/>\n<meta property=\"og:type\" content=\"article\" \/>\n<meta property=\"og:title\" content=\"Projektmanagement - Laetus\" \/>\n<meta property=\"og:description\" content=\"Projektmanagement Um Ihrem Projekt einen guten Start zu bieten. Gerne agieren wir als Generalunternehmer und tragen auf Wunsch die Verantwortung f\u00fcr das gesamte Projektmanagement. Dabei arbeiten wir eng mit Unternehmen unseres internationalen Netzwerks und mit Partnern unserer Kunden, beispielsweise aus den Bereichen Maschinenbau, Software und IT zusammen. Zu Beginn der Planungsphase machen wir uns mitLesen Sie mehr\" \/>\n<meta property=\"og:url\" content=\"https:\/\/www.laetus.com\/de\/service-and-support\/project-management\/\" \/>\n<meta property=\"og:site_name\" content=\"Laetus\" \/>\n<meta property=\"article:modified_time\" content=\"2022-04-21T15:27:18+00:00\" \/>\n<meta property=\"og:image\" content=\"https:\/\/global.laetus.com\/wp-content\/uploads\/dam\/web-images\/service-support\/head-banner\/project-management-banner-1440x471-en.jpg?w=1024\" \/>\n<meta name=\"twitter:card\" content=\"summary_large_image\" \/>\n<meta name=\"twitter:label1\" content=\"Est. reading time\" \/>\n\t<meta name=\"twitter:data1\" content=\"2 minutes\" \/>\n<script type=\"application\/ld+json\" class=\"yoast-schema-graph\">{\"@context\":\"https:\/\/schema.org\",\"@graph\":[{\"@type\":\"WebPage\",\"@id\":\"https:\/\/www.laetus.com\/de\/service-and-support\/project-management\/\",\"url\":\"https:\/\/www.laetus.com\/de\/service-and-support\/project-management\/\",\"name\":\"Projektmanagement - Laetus\",\"isPartOf\":{\"@id\":\"https:\/\/www.laetus.com\/de\/#website\"},\"datePublished\":\"2022-02-28T07:53:34+00:00\",\"dateModified\":\"2022-04-21T15:27:18+00:00\",\"breadcrumb\":{\"@id\":\"https:\/\/www.laetus.com\/de\/service-and-support\/project-management\/#breadcrumb\"},\"inLanguage\":\"de-DE\",\"potentialAction\":[{\"@type\":\"ReadAction\",\"target\":[\"https:\/\/www.laetus.com\/de\/service-and-support\/project-management\/\"]}]},{\"@type\":\"BreadcrumbList\",\"@id\":\"https:\/\/www.laetus.com\/de\/service-and-support\/project-management\/#breadcrumb\",\"itemListElement\":[{\"@type\":\"ListItem\",\"position\":1,\"name\":\"Service and Support\",\"item\":\"https:\/\/www.laetus.com\/de\/service-and-support\/\"},{\"@type\":\"ListItem\",\"position\":2,\"name\":\"Projektmanagement\"}]},{\"@type\":\"WebSite\",\"@id\":\"https:\/\/www.laetus.com\/de\/#website\",\"url\":\"https:\/\/www.laetus.com\/de\/\",\"name\":\"Laetus\",\"description\":\"Laetus\",\"alternateName\":\"Laetus\",\"potentialAction\":[{\"@type\":\"SearchAction\",\"target\":{\"@type\":\"EntryPoint\",\"urlTemplate\":\"https:\/\/www.laetus.com\/de\/?s={search_term_string}\"},\"query-input\":\"required name=search_term_string\"}],\"inLanguage\":\"de-DE\"}]}<\/script>\n<!-- \/ Yoast SEO plugin. -->","yoast_head_json":{"title":"Projektmanagement - Laetus","robots":{"index":"index","follow":"follow","max-snippet":"max-snippet:-1","max-image-preview":"max-image-preview:large","max-video-preview":"max-video-preview:-1"},"canonical":"https:\/\/www.laetus.com\/de\/service-and-support\/project-management\/","og_locale":"de-DE","og_type":"article","og_title":"Projektmanagement - Laetus","og_description":"Projektmanagement Um Ihrem Projekt einen guten Start zu bieten. Gerne agieren wir als Generalunternehmer und tragen auf Wunsch die Verantwortung f\u00fcr das gesamte Projektmanagement. Dabei arbeiten wir eng mit Unternehmen unseres internationalen Netzwerks und mit Partnern unserer Kunden, beispielsweise aus den Bereichen Maschinenbau, Software und IT zusammen. Zu Beginn der Planungsphase machen wir uns mitLesen Sie mehr","og_url":"https:\/\/www.laetus.com\/de\/service-and-support\/project-management\/","og_site_name":"Laetus","article_modified_time":"2022-04-21T15:27:18+00:00","og_image":[{"url":"https:\/\/global.laetus.com\/wp-content\/uploads\/dam\/web-images\/service-support\/head-banner\/project-management-banner-1440x471-en.jpg?w=1024"}],"twitter_card":"summary_large_image","twitter_misc":{"Est. reading time":"2 minutes"},"schema":{"@context":"https:\/\/schema.org","@graph":[{"@type":"WebPage","@id":"https:\/\/www.laetus.com\/de\/service-and-support\/project-management\/","url":"https:\/\/www.laetus.com\/de\/service-and-support\/project-management\/","name":"Projektmanagement - Laetus","isPartOf":{"@id":"https:\/\/www.laetus.com\/de\/#website"},"datePublished":"2022-02-28T07:53:34+00:00","dateModified":"2022-04-21T15:27:18+00:00","breadcrumb":{"@id":"https:\/\/www.laetus.com\/de\/service-and-support\/project-management\/#breadcrumb"},"inLanguage":"de-DE","potentialAction":[{"@type":"ReadAction","target":["https:\/\/www.laetus.com\/de\/service-and-support\/project-management\/"]}]},{"@type":"BreadcrumbList","@id":"https:\/\/www.laetus.com\/de\/service-and-support\/project-management\/#breadcrumb","itemListElement":[{"@type":"ListItem","position":1,"name":"Service and Support","item":"https:\/\/www.laetus.com\/de\/service-and-support\/"},{"@type":"ListItem","position":2,"name":"Projektmanagement"}]},{"@type":"WebSite","@id":"https:\/\/www.laetus.com\/de\/#website","url":"https:\/\/www.laetus.com\/de\/","name":"Laetus","description":"Laetus","alternateName":"Laetus","potentialAction":[{"@type":"SearchAction","target":{"@type":"EntryPoint","urlTemplate":"https:\/\/www.laetus.com\/de\/?s={search_term_string}"},"query-input":"required name=search_term_string"}],"inLanguage":"de-DE"}]}},"jetpack_sharing_enabled":true,"_links":{"self":[{"href":"https:\/\/www.laetus.com\/de\/wp-json\/wp\/v2\/pages\/298","targetHints":{"allow":["GET"]}}],"collection":[{"href":"https:\/\/www.laetus.com\/de\/wp-json\/wp\/v2\/pages"}],"about":[{"href":"https:\/\/www.laetus.com\/de\/wp-json\/wp\/v2\/types\/page"}],"author":[{"embeddable":true,"href":"https:\/\/www.laetus.com\/de\/wp-json\/wp\/v2\/users\/10"}],"replies":[{"embeddable":true,"href":"https:\/\/www.laetus.com\/de\/wp-json\/wp\/v2\/comments?post=298"}],"version-history":[{"count":2,"href":"https:\/\/www.laetus.com\/de\/wp-json\/wp\/v2\/pages\/298\/revisions"}],"predecessor-version":[{"id":1673,"href":"https:\/\/www.laetus.com\/de\/wp-json\/wp\/v2\/pages\/298\/revisions\/1673"}],"up":[{"embeddable":true,"href":"https:\/\/www.laetus.com\/de\/wp-json\/wp\/v2\/pages\/286"}],"wp:attachment":[{"href":"https:\/\/www.laetus.com\/de\/wp-json\/wp\/v2\/media?parent=298"}],"curies":[{"name":"wp","href":"https:\/\/api.w.org\/{rel}","templated":true}]}}