{"id":308,"date":"2022-02-28T11:00:04","date_gmt":"2022-02-28T11:00:04","guid":{"rendered":"https:\/\/www.laetus.com\/en\/?page_id=308"},"modified":"2022-04-29T11:05:43","modified_gmt":"2022-04-29T11:05:43","slug":"training","status":"publish","type":"page","link":"https:\/\/www.laetus.com\/de\/service-and-support\/training\/","title":{"rendered":"Training"},"content":{"rendered":"\n<figure class=\"wp-block-image alignfull size-large\"><img loading=\"lazy\" decoding=\"async\" width=\"1440\" height=\"471\" src=\"https:\/\/global.laetus.com\/wp-content\/uploads\/dam\/web-images\/service-support\/head-banner\/training-banner-1440x471-en.jpg?w=1024\" alt=\"\" class=\"wp-image-564\" srcset=\"https:\/\/global.laetus.com\/wp-content\/uploads\/dam\/web-images\/service-support\/head-banner\/training-banner-1440x471-en.jpg?w=1440&amp;resize=1440&amp;quality=80&amp;strip=all 1440w, https:\/\/global.laetus.com\/wp-content\/uploads\/dam\/web-images\/service-support\/head-banner\/training-banner-1440x471-en.jpg?resize=300&amp;w=300&amp;quality=80&amp;strip=all 300w, https:\/\/global.laetus.com\/wp-content\/uploads\/dam\/web-images\/service-support\/head-banner\/training-banner-1440x471-en.jpg?resize=768&amp;w=768&amp;quality=80&amp;strip=all 768w, https:\/\/global.laetus.com\/wp-content\/uploads\/dam\/web-images\/service-support\/head-banner\/training-banner-1440x471-en.jpg?resize=1024&amp;w=1024&amp;quality=80&amp;strip=all 1024w, https:\/\/global.laetus.com\/wp-content\/uploads\/dam\/web-images\/service-support\/head-banner\/training-banner-1440x471-en.jpg?resize=450&amp;w=450&amp;quality=80&amp;strip=all 450w, https:\/\/global.laetus.com\/wp-content\/uploads\/dam\/web-images\/service-support\/head-banner\/training-banner-1440x471-en.jpg?resize=582&amp;w=582&amp;quality=80&amp;strip=all 582w, https:\/\/global.laetus.com\/wp-content\/uploads\/dam\/web-images\/service-support\/head-banner\/training-banner-1440x471-en.jpg?resize=900&amp;w=900&amp;quality=80&amp;strip=all 900w, https:\/\/global.laetus.com\/wp-content\/uploads\/dam\/web-images\/service-support\/head-banner\/training-banner-1440x471-en.jpg?resize=1164&amp;w=1164&amp;quality=80&amp;strip=all 1164w\" sizes=\"auto, (max-width: 1440px) 100vw, 1440px\" \/><\/figure>\n\n\n<div class=\"lt-group-wrap\" id=\"lt-blocks-group-69d2573c5c377\"> \n<div class=\"wp-block-group alignfull has-cerulean-red-background-color has-background is-layout-flow wp-block-group-is-layout-flow\">\n<h1 class=\"has-text-align-center has-white-color has-text-color has-h-2-font-size wp-block-heading\" id=\"training\">Training<\/h1>\n<\/div>\n\n\t\t<style>\n\t\t\t#lt-blocks-group-69d2573c5c377 {\n\t\t\t\t\t\t\twidth: auto;\n\t\t\t}\n\t\t\t#lt-blocks-group-69d2573c5c377 > .wp-block-group {\n\t\t\tpadding-top: 15px;padding-right: 0px;padding-bottom: 15px;padding-left: 0px;\t\t\t}\n\n\t\t\t@media print, screen and ( max-width: 767px ) {\n\t\t\t\t#lt-blocks-group-69d2573c5c377 {\n\t\t\t\t\t\t\t\t}\n\t\t\t\t#lt-blocks-group-69d2573c5c377 > .wp-block-group {\n\t\t\t\t\t\t\t\t}\n\t\t\t}\n\t\t\t#lt-blocks-group-69d2573c5c377 > .wp-block-group > * {\n\t\t\t\t\t\t\t\t\t\t\t}\n\n\t\t<\/style>\n\n\t\t <\/div>\n\n\n<div style=\"height:40px\" aria-hidden=\"true\" class=\"wp-block-spacer\"><\/div>\n\n\n<div class=\"lt-group-wrap\" id=\"lt-blocks-group-69d2573c5c563\"> \n<div class=\"wp-block-group is-layout-flow wp-block-group-is-layout-flow\">\n<figure class=\"wp-block-image size-large\"><img decoding=\"async\" src=\"https:\/\/global.laetus.com\/wp-content\/uploads\/dam\/web-images\/service-support\/track-and-trace-academy-logo-en.jpg\" alt=\"\"\/><\/figure>\n\n\n\n<div style=\"height:20px\" aria-hidden=\"true\" class=\"wp-block-spacer\"><\/div>\n\n\n\n<p class=\"has-vivid-red-color has-text-color has-h-5-font-size\"><strong>Kompetenzzentrum f\u00fcr Schulungen \u2013 Pharma-, Medizintechnik-, Kosmetik-, Lebensmittel- und FMCG-Industrie<\/strong><\/p>\n\n\n\n<p>Die Track&nbsp;&amp;&nbsp;Trace-Akademie ist ein einzigartiges Kompetenzzentrum f\u00fcr Schulungen und den Austausch und die Vermittlung von Wissen zum Thema F\u00e4lschungsschutz. Mit ihrer modernen und anregenden Umgebung und einer kommunikativen Atmosph\u00e4re unterst\u00fctzt sie einen lebendigen Dialog \u00fcber die Anforderungen an Track&nbsp;&amp;&nbsp;Trace und Sichtpr\u00fcfung.<br>Professionelle Schulungsleiter und Experten zu verschiedenen Themen vermitteln ihr Wissen in individuellen Schulungen, Seminaren und Workshops. Das modulare Schulungskonzept erstreckt sich \u00fcber verschiedene Benutzerebenen und geht exakt auf die Bed\u00fcrfnisse der Teilnehmer ein.<\/p>\n\n\n\n<p>Die Schulungsmodule sind kombinierbar: von einem allgemeinen \u00dcberblick \u00fcber Track&nbsp;&amp;&nbsp;Trace, die Hardware verschiedener Hersteller, spezifische Software-, IT- und Prozessaspekte bis hin zu Schulungen, die weitere L\u00f6sungen f\u00fcr die Sichtpr\u00fcfung von Verpackungen vermitteln.<\/p>\n<\/div>\n\n\t\t<style>\n\t\t\t#lt-blocks-group-69d2573c5c563 {\n\t\t\t\t\t\t\twidth: auto;\n\t\t\t}\n\t\t\t#lt-blocks-group-69d2573c5c563 > .wp-block-group {\n\t\t\tpadding-top: 10px;padding-right: 10px;padding-bottom: 10px;padding-left: 10px;\t\t\t}\n\n\t\t\t@media print, screen and ( max-width: 767px ) {\n\t\t\t\t#lt-blocks-group-69d2573c5c563 {\n\t\t\t\t\t\t\t\t}\n\t\t\t\t#lt-blocks-group-69d2573c5c563 > .wp-block-group {\n\t\t\t\t\t\t\t\t}\n\t\t\t}\n\t\t\t#lt-blocks-group-69d2573c5c563 > .wp-block-group > * {\n\t\t\t\t\t\t\t\t\t\t\t}\n\n\t\t<\/style>\n\n\t\t <\/div>\n\n\n<div style=\"height:20px\" aria-hidden=\"true\" class=\"wp-block-spacer\"><\/div>\n\n\n<div class=\"lt-group-wrap\" id=\"lt-blocks-group-69d2573c5ecef\"> \n<div class=\"wp-block-group has-light-gray-background-color has-background is-layout-flow wp-block-group-is-layout-flow\">\n<p class=\"has-vivid-red-color has-text-color has-h-5-font-size\">Schulungen zur F\u00e4lschungssicherung<\/p>\n\n\n\n<p>Laetus steht f\u00fcr h\u00f6chste Expertise auf dem Gebiet der integrierten L\u00f6sungen zur Qualit\u00e4tssicherung. Die Erfahrung und das Wissen aus \u00fcber 40 Jahren in der Entwicklung und Produktion von optischen Inspektionsl\u00f6sungen pr\u00e4destinieren uns f\u00fcr die heutigen Anforderungen an Track &amp; Trace.<\/p>\n\n\n\n<p>Mit Laetus UP und S-TTS haben wir den umfassenden L\u00f6sungsansatz f\u00fcr Ihre Anspr\u00fcche an eine sichere und erfolgreiche Produktverfolgung durch alle Prozesse geschaffen.<\/p>\n\n\n\n<div style=\"height:20px\" aria-hidden=\"true\" class=\"wp-block-spacer\"><\/div>\n\n\n\n<div class=\"wp-block-columns is-layout-flex wp-container-core-columns-is-layout-28f84493 wp-block-columns-is-layout-flex\">\n<div class=\"wp-block-column is-layout-flow wp-block-column-is-layout-flow\">\n<p class=\"has-text-align-center\"><strong>Selbstlernkurse<\/strong><\/p>\n\n\n\n<figure class=\"wp-block-image size-large\"><img loading=\"lazy\" decoding=\"async\" width=\"550\" height=\"359\" src=\"https:\/\/global.laetus.com\/wp-content\/uploads\/dam\/web-images\/service-support\/training-self-study-graphic.jpg?w=550\" alt=\"\" class=\"wp-image-585\" srcset=\"https:\/\/global.laetus.com\/wp-content\/uploads\/dam\/web-images\/service-support\/training-self-study-graphic.jpg?w=550&amp;resize=550&amp;quality=80&amp;strip=all 550w, https:\/\/global.laetus.com\/wp-content\/uploads\/dam\/web-images\/service-support\/training-self-study-graphic.jpg?resize=300&amp;w=300&amp;quality=80&amp;strip=all 300w, https:\/\/global.laetus.com\/wp-content\/uploads\/dam\/web-images\/service-support\/training-self-study-graphic.jpg?resize=342&amp;w=342&amp;quality=80&amp;strip=all 342w, https:\/\/global.laetus.com\/wp-content\/uploads\/dam\/web-images\/service-support\/training-self-study-graphic.jpg?resize=450&amp;w=450&amp;quality=80&amp;strip=all 450w, https:\/\/global.laetus.com\/wp-content\/uploads\/dam\/web-images\/service-support\/training-self-study-graphic.jpg?resize=548&amp;w=548&amp;quality=80&amp;strip=all 548w\" sizes=\"auto, (max-width: 550px) 100vw, 550px\" \/><\/figure>\n\n\n\n<ul class=\"is-style-checked wp-block-list\"><li>Selbstschulung wann und wo es beliebt<\/li><li>Nutzen Sie unsere Trainingsunterlagen und Videos um an der eigenen Maschine zu \u00fcben<\/li><\/ul>\n<\/div>\n\n\n\n<div class=\"wp-block-column is-layout-flow wp-block-column-is-layout-flow\">\n<p class=\"has-text-align-center\"><strong>Pr\u00e4senztraining<\/strong><\/p>\n\n\n\n<figure class=\"wp-block-image size-large\"><img loading=\"lazy\" decoding=\"async\" width=\"550\" height=\"359\" src=\"https:\/\/global.laetus.com\/wp-content\/uploads\/dam\/web-images\/service-support\/traing-presence-training-graphic.jpg?w=550\" alt=\"\" class=\"wp-image-581\" srcset=\"https:\/\/global.laetus.com\/wp-content\/uploads\/dam\/web-images\/service-support\/traing-presence-training-graphic.jpg?w=550&amp;resize=550&amp;quality=80&amp;strip=all 550w, https:\/\/global.laetus.com\/wp-content\/uploads\/dam\/web-images\/service-support\/traing-presence-training-graphic.jpg?resize=300&amp;w=300&amp;quality=80&amp;strip=all 300w, https:\/\/global.laetus.com\/wp-content\/uploads\/dam\/web-images\/service-support\/traing-presence-training-graphic.jpg?resize=342&amp;w=342&amp;quality=80&amp;strip=all 342w, https:\/\/global.laetus.com\/wp-content\/uploads\/dam\/web-images\/service-support\/traing-presence-training-graphic.jpg?resize=450&amp;w=450&amp;quality=80&amp;strip=all 450w, https:\/\/global.laetus.com\/wp-content\/uploads\/dam\/web-images\/service-support\/traing-presence-training-graphic.jpg?resize=548&amp;w=548&amp;quality=80&amp;strip=all 548w\" sizes=\"auto, (max-width: 550px) 100vw, 550px\" \/><\/figure>\n\n\n\n<ul class=\"is-style-checked wp-block-list\"><li>Training in der Track &amp; Trace Akademie<\/li><li>Live Demonstrationen und praktische \u00dcbungen mit erfahrenen Trainern<\/li><\/ul>\n<\/div>\n\n\n\n<div class=\"wp-block-column is-layout-flow wp-block-column-is-layout-flow\">\n<p class=\"has-text-align-center\"><strong>Online Training<\/strong><\/p>\n\n\n\n<figure class=\"wp-block-image size-large\"><img loading=\"lazy\" decoding=\"async\" width=\"550\" height=\"359\" src=\"https:\/\/global.laetus.com\/wp-content\/uploads\/dam\/web-images\/service-support\/training-online-training-graphic.jpg?w=550\" alt=\"\" class=\"wp-image-583\" srcset=\"https:\/\/global.laetus.com\/wp-content\/uploads\/dam\/web-images\/service-support\/training-online-training-graphic.jpg?w=550&amp;resize=550&amp;quality=80&amp;strip=all 550w, https:\/\/global.laetus.com\/wp-content\/uploads\/dam\/web-images\/service-support\/training-online-training-graphic.jpg?resize=300&amp;w=300&amp;quality=80&amp;strip=all 300w, https:\/\/global.laetus.com\/wp-content\/uploads\/dam\/web-images\/service-support\/training-online-training-graphic.jpg?resize=342&amp;w=342&amp;quality=80&amp;strip=all 342w, https:\/\/global.laetus.com\/wp-content\/uploads\/dam\/web-images\/service-support\/training-online-training-graphic.jpg?resize=450&amp;w=450&amp;quality=80&amp;strip=all 450w, https:\/\/global.laetus.com\/wp-content\/uploads\/dam\/web-images\/service-support\/training-online-training-graphic.jpg?resize=548&amp;w=548&amp;quality=80&amp;strip=all 548w\" sizes=\"auto, (max-width: 550px) 100vw, 550px\" \/><\/figure>\n\n\n\n<ul class=\"is-style-checked wp-block-list\"><li>Training vom eigenen Unternehmen aus per Internet Verbindung<\/li><li>Virtuelles Klassenzimmer mit Remote-\u00dcbungen auf unseren Trainingsger\u00e4ten<\/li><\/ul>\n<\/div>\n<\/div>\n<\/div>\n\n\t\t<style>\n\t\t\t#lt-blocks-group-69d2573c5ecef {\n\t\t\t\t\t\t\twidth: auto;\n\t\t\t}\n\t\t\t#lt-blocks-group-69d2573c5ecef > .wp-block-group {\n\t\t\tpadding-top: 10px;padding-right: 10px;padding-bottom: 10px;padding-left: 10px;\t\t\t}\n\n\t\t\t@media print, screen and ( max-width: 767px ) {\n\t\t\t\t#lt-blocks-group-69d2573c5ecef {\n\t\t\t\t\t\t\t\t}\n\t\t\t\t#lt-blocks-group-69d2573c5ecef > .wp-block-group {\n\t\t\t\t\t\t\t\t}\n\t\t\t}\n\t\t\t#lt-blocks-group-69d2573c5ecef > .wp-block-group > * {\n\t\t\t\t\t\t\t\t\t\t\t}\n\n\t\t<\/style>\n\n\t\t <\/div>\n\n\n<div style=\"height:40px\" aria-hidden=\"true\" class=\"wp-block-spacer\"><\/div>\n\n\n<div class=\"lt-group-wrap\" id=\"lt-blocks-group-69d2573c5ee00\"> \n<div class=\"wp-block-group is-layout-flow wp-block-group-is-layout-flow\">\n<p class=\"has-text-align-center has-p-big-font-size\">Bitte kontaktieren Sie <a href=\"mailto:training@laetus.com\">training@laetus.com<\/a> f\u00fcr weitere Informationen.<\/p>\n<\/div>\n\n\t\t<style>\n\t\t\t#lt-blocks-group-69d2573c5ee00 {\n\t\t\t\t\t\t\twidth: auto;\n\t\t\t}\n\t\t\t#lt-blocks-group-69d2573c5ee00 > .wp-block-group {\n\t\t\tpadding-top: 10px;padding-right: 10px;padding-bottom: 10px;padding-left: 10px;\t\t\t}\n\n\t\t\t@media print, screen and ( max-width: 767px ) {\n\t\t\t\t#lt-blocks-group-69d2573c5ee00 {\n\t\t\t\t\t\t\t\t}\n\t\t\t\t#lt-blocks-group-69d2573c5ee00 > .wp-block-group {\n\t\t\t\t\t\t\t\t}\n\t\t\t}\n\t\t\t#lt-blocks-group-69d2573c5ee00 > .wp-block-group > * {\n\t\t\t\t\t\t\t\t\t\t\t}\n\n\t\t<\/style>\n\n\t\t <\/div>","protected":false},"excerpt":{"rendered":"<p>Training Kompetenzzentrum f\u00fcr Schulungen \u2013 Pharma-, Medizintechnik-, Kosmetik-, Lebensmittel- und FMCG-Industrie Die Track&nbsp;&amp;&nbsp;Trace-Akademie ist ein einzigartiges Kompetenzzentrum f\u00fcr Schulungen und den Austausch und die Vermittlung von Wissen zum Thema F\u00e4lschungsschutz. Mit ihrer modernen und anregenden Umgebung und einer kommunikativen Atmosph\u00e4re unterst\u00fctzt sie einen lebendigen Dialog \u00fcber die Anforderungen an Track&nbsp;&amp;&nbsp;Trace und Sichtpr\u00fcfung.Professionelle Schulungsleiter und Experten<a class=\"moretag\" href=\"https:\/\/www.laetus.com\/de\/service-and-support\/training\/\">Lesen Sie mehr<\/a><\/p>\n","protected":false},"author":10,"featured_media":0,"parent":286,"menu_order":0,"comment_status":"closed","ping_status":"closed","template":"","meta":{"footnotes":""},"class_list":["post-308","page","type-page","status-publish","hentry"],"acf":[],"yoast_head":"<!-- This site is optimized with the Yoast SEO plugin v21.4 - https:\/\/yoast.com\/wordpress\/plugins\/seo\/ -->\n<title>Training - Laetus<\/title>\n<meta name=\"robots\" content=\"index, follow, max-snippet:-1, max-image-preview:large, max-video-preview:-1\" \/>\n<link rel=\"canonical\" href=\"https:\/\/www.laetus.com\/de\/service-and-support\/training\/\" \/>\n<meta property=\"og:locale\" content=\"de-DE\" \/>\n<meta property=\"og:type\" content=\"article\" \/>\n<meta property=\"og:title\" content=\"Training - Laetus\" \/>\n<meta property=\"og:description\" content=\"Training Kompetenzzentrum f\u00fcr Schulungen \u2013 Pharma-, Medizintechnik-, Kosmetik-, Lebensmittel- und FMCG-Industrie Die Track&nbsp;&amp;&nbsp;Trace-Akademie ist ein einzigartiges Kompetenzzentrum f\u00fcr Schulungen und den Austausch und die Vermittlung von Wissen zum Thema F\u00e4lschungsschutz. Mit ihrer modernen und anregenden Umgebung und einer kommunikativen Atmosph\u00e4re unterst\u00fctzt sie einen lebendigen Dialog \u00fcber die Anforderungen an Track&nbsp;&amp;&nbsp;Trace und Sichtpr\u00fcfung.Professionelle Schulungsleiter und ExpertenLesen Sie mehr\" \/>\n<meta property=\"og:url\" content=\"https:\/\/www.laetus.com\/de\/service-and-support\/training\/\" \/>\n<meta property=\"og:site_name\" content=\"Laetus\" \/>\n<meta property=\"article:modified_time\" content=\"2022-04-29T11:05:43+00:00\" \/>\n<meta property=\"og:image\" content=\"https:\/\/global.laetus.com\/wp-content\/uploads\/dam\/web-images\/service-support\/head-banner\/training-banner-1440x471-en.jpg?w=1024\" \/>\n<meta name=\"twitter:card\" content=\"summary_large_image\" \/>\n<meta name=\"twitter:label1\" content=\"Est. reading time\" \/>\n\t<meta name=\"twitter:data1\" content=\"3 minutes\" \/>\n<script type=\"application\/ld+json\" class=\"yoast-schema-graph\">{\"@context\":\"https:\/\/schema.org\",\"@graph\":[{\"@type\":\"WebPage\",\"@id\":\"https:\/\/www.laetus.com\/de\/service-and-support\/training\/\",\"url\":\"https:\/\/www.laetus.com\/de\/service-and-support\/training\/\",\"name\":\"Training - Laetus\",\"isPartOf\":{\"@id\":\"https:\/\/www.laetus.com\/de\/#website\"},\"datePublished\":\"2022-02-28T11:00:04+00:00\",\"dateModified\":\"2022-04-29T11:05:43+00:00\",\"breadcrumb\":{\"@id\":\"https:\/\/www.laetus.com\/de\/service-and-support\/training\/#breadcrumb\"},\"inLanguage\":\"de-DE\",\"potentialAction\":[{\"@type\":\"ReadAction\",\"target\":[\"https:\/\/www.laetus.com\/de\/service-and-support\/training\/\"]}]},{\"@type\":\"BreadcrumbList\",\"@id\":\"https:\/\/www.laetus.com\/de\/service-and-support\/training\/#breadcrumb\",\"itemListElement\":[{\"@type\":\"ListItem\",\"position\":1,\"name\":\"Service and Support\",\"item\":\"https:\/\/www.laetus.com\/de\/service-and-support\/\"},{\"@type\":\"ListItem\",\"position\":2,\"name\":\"Training\"}]},{\"@type\":\"WebSite\",\"@id\":\"https:\/\/www.laetus.com\/de\/#website\",\"url\":\"https:\/\/www.laetus.com\/de\/\",\"name\":\"Laetus\",\"description\":\"Laetus\",\"alternateName\":\"Laetus\",\"potentialAction\":[{\"@type\":\"SearchAction\",\"target\":{\"@type\":\"EntryPoint\",\"urlTemplate\":\"https:\/\/www.laetus.com\/de\/?s={search_term_string}\"},\"query-input\":\"required name=search_term_string\"}],\"inLanguage\":\"de-DE\"}]}<\/script>\n<!-- \/ Yoast SEO plugin. -->","yoast_head_json":{"title":"Training - Laetus","robots":{"index":"index","follow":"follow","max-snippet":"max-snippet:-1","max-image-preview":"max-image-preview:large","max-video-preview":"max-video-preview:-1"},"canonical":"https:\/\/www.laetus.com\/de\/service-and-support\/training\/","og_locale":"de-DE","og_type":"article","og_title":"Training - Laetus","og_description":"Training Kompetenzzentrum f\u00fcr Schulungen \u2013 Pharma-, Medizintechnik-, Kosmetik-, Lebensmittel- und FMCG-Industrie Die Track&nbsp;&amp;&nbsp;Trace-Akademie ist ein einzigartiges Kompetenzzentrum f\u00fcr Schulungen und den Austausch und die Vermittlung von Wissen zum Thema F\u00e4lschungsschutz. Mit ihrer modernen und anregenden Umgebung und einer kommunikativen Atmosph\u00e4re unterst\u00fctzt sie einen lebendigen Dialog \u00fcber die Anforderungen an Track&nbsp;&amp;&nbsp;Trace und Sichtpr\u00fcfung.Professionelle Schulungsleiter und ExpertenLesen Sie mehr","og_url":"https:\/\/www.laetus.com\/de\/service-and-support\/training\/","og_site_name":"Laetus","article_modified_time":"2022-04-29T11:05:43+00:00","og_image":[{"url":"https:\/\/global.laetus.com\/wp-content\/uploads\/dam\/web-images\/service-support\/head-banner\/training-banner-1440x471-en.jpg?w=1024"}],"twitter_card":"summary_large_image","twitter_misc":{"Est. reading time":"3 minutes"},"schema":{"@context":"https:\/\/schema.org","@graph":[{"@type":"WebPage","@id":"https:\/\/www.laetus.com\/de\/service-and-support\/training\/","url":"https:\/\/www.laetus.com\/de\/service-and-support\/training\/","name":"Training - Laetus","isPartOf":{"@id":"https:\/\/www.laetus.com\/de\/#website"},"datePublished":"2022-02-28T11:00:04+00:00","dateModified":"2022-04-29T11:05:43+00:00","breadcrumb":{"@id":"https:\/\/www.laetus.com\/de\/service-and-support\/training\/#breadcrumb"},"inLanguage":"de-DE","potentialAction":[{"@type":"ReadAction","target":["https:\/\/www.laetus.com\/de\/service-and-support\/training\/"]}]},{"@type":"BreadcrumbList","@id":"https:\/\/www.laetus.com\/de\/service-and-support\/training\/#breadcrumb","itemListElement":[{"@type":"ListItem","position":1,"name":"Service and Support","item":"https:\/\/www.laetus.com\/de\/service-and-support\/"},{"@type":"ListItem","position":2,"name":"Training"}]},{"@type":"WebSite","@id":"https:\/\/www.laetus.com\/de\/#website","url":"https:\/\/www.laetus.com\/de\/","name":"Laetus","description":"Laetus","alternateName":"Laetus","potentialAction":[{"@type":"SearchAction","target":{"@type":"EntryPoint","urlTemplate":"https:\/\/www.laetus.com\/de\/?s={search_term_string}"},"query-input":"required name=search_term_string"}],"inLanguage":"de-DE"}]}},"jetpack_sharing_enabled":true,"_links":{"self":[{"href":"https:\/\/www.laetus.com\/de\/wp-json\/wp\/v2\/pages\/308","targetHints":{"allow":["GET"]}}],"collection":[{"href":"https:\/\/www.laetus.com\/de\/wp-json\/wp\/v2\/pages"}],"about":[{"href":"https:\/\/www.laetus.com\/de\/wp-json\/wp\/v2\/types\/page"}],"author":[{"embeddable":true,"href":"https:\/\/www.laetus.com\/de\/wp-json\/wp\/v2\/users\/10"}],"replies":[{"embeddable":true,"href":"https:\/\/www.laetus.com\/de\/wp-json\/wp\/v2\/comments?post=308"}],"version-history":[{"count":3,"href":"https:\/\/www.laetus.com\/de\/wp-json\/wp\/v2\/pages\/308\/revisions"}],"predecessor-version":[{"id":1877,"href":"https:\/\/www.laetus.com\/de\/wp-json\/wp\/v2\/pages\/308\/revisions\/1877"}],"up":[{"embeddable":true,"href":"https:\/\/www.laetus.com\/de\/wp-json\/wp\/v2\/pages\/286"}],"wp:attachment":[{"href":"https:\/\/www.laetus.com\/de\/wp-json\/wp\/v2\/media?parent=308"}],"curies":[{"name":"wp","href":"https:\/\/api.w.org\/{rel}","templated":true}]}}