{"id":325,"date":"2022-02-28T11:49:41","date_gmt":"2022-02-28T11:49:41","guid":{"rendered":"https:\/\/www.laetus.com\/en\/?page_id=325"},"modified":"2025-09-10T09:57:08","modified_gmt":"2025-09-10T09:57:08","slug":"spare-parts-management","status":"publish","type":"page","link":"https:\/\/www.laetus.com\/de\/service-and-support\/spare-parts-management\/","title":{"rendered":"Ersatzteilmanagement"},"content":{"rendered":"\n<figure class=\"wp-block-image alignfull size-large\"><img decoding=\"async\" src=\"https:\/\/global.laetus.com\/wp-content\/uploads\/dam\/web-images\/service-support\/head-banner\/laetus-spare-parts-1440x471-en.jpg\" alt=\"\"\/><\/figure>\n\n\n<div class=\"lt-group-wrap\" id=\"lt-blocks-group-69edd2779a0d3\"> \n<div class=\"wp-block-group alignfull has-cerulean-red-background-color has-background is-layout-flow wp-block-group-is-layout-flow\">\n<h1 class=\"wp-block-heading has-text-align-center has-theme-white-color has-text-color has-h-2-font-size\" id=\"spare-parts-management\">Ersatzteilmanagement<\/h1>\n<\/div>\n\n\t\t<style>\n\t\t\t#lt-blocks-group-69edd2779a0d3 {\n\t\t\t\t\t\t\twidth: auto;\n\t\t\t}\n\t\t\t#lt-blocks-group-69edd2779a0d3 > .wp-block-group {\n\t\t\tpadding-top: 15px;padding-right: 0px;padding-bottom: 15px;padding-left: 0px;\t\t\t}\n\n\t\t\t@media print, screen and ( max-width: 767px ) {\n\t\t\t\t#lt-blocks-group-69edd2779a0d3 {\n\t\t\t\t\t\t\t\t}\n\t\t\t\t#lt-blocks-group-69edd2779a0d3 > .wp-block-group {\n\t\t\t\t\t\t\t\t}\n\t\t\t}\n\t\t\t#lt-blocks-group-69edd2779a0d3 > .wp-block-group > * {\n\t\t\t\t\t\t\t\t\t\t\t}\n\n\t\t<\/style>\n\n\t\t <\/div>\n\n\n<div style=\"height:30px\" aria-hidden=\"true\" class=\"wp-block-spacer\"><\/div>\n\n\n\n<div class=\"wp-block-columns is-layout-flex wp-container-core-columns-is-layout-28f84493 wp-block-columns-is-layout-flex\">\n<div class=\"wp-block-column is-layout-flow wp-block-column-is-layout-flow\" style=\"flex-basis:70%\">\n<p class=\"has-vivid-red-color has-text-color has-p-big-font-size\"><strong>Aufbau eines Ersatzteillagers sichert Anlagenverf\u00fcgbarkeit<\/strong><\/p>\n\n\n\n<p>Maschinenausf\u00e4lle durch defekte Bauteile verursachen Stillstandzeiten und wirken sich signifikant auf die Anlagen- produktivit\u00e4t aus. Erst recht, wenn Sie Ersatzteile erst dann ordern, wenn sie gebraucht werden. Durch den Aufbau eines Ersatzteillagers f\u00fcr alle Laetus Maschinen und optische Kontrolll\u00f6sungen und ein vorausschauendes Ersatzteilmanagement sichern Sie Ihre Anlagenverf\u00fcgbarkeit und vermeiden Versorgungsengp\u00e4sse.<\/p>\n\n\n\n<p>Dabei profitieren Sie nicht nur von der vollen Kompatibilit\u00e4t unserer Originalersatzteile mit Ihren Maschinen, sondern auf Wunsch auch von unserem Vor-Ort Einbauservice, der \u2013 garantiert \u2013 f\u00fcr den schnellen, fachgerechten Einbau sorgt.<\/p>\n<\/div>\n\n\n\n<div class=\"wp-block-column is-layout-flow wp-block-column-is-layout-flow\" style=\"flex-basis:5%\">\n<p><\/p>\n<\/div>\n\n\n\n<div class=\"wp-block-column is-layout-flow wp-block-column-is-layout-flow\" style=\"flex-basis:30%\">\n<div style=\"height:50px\" aria-hidden=\"true\" class=\"wp-block-spacer\"><\/div>\n\n\n<div class=\"lt-group-wrap\" id=\"lt-blocks-group-69edd2779a857\"> \n<div class=\"wp-block-group custom-border is-layout-flow wp-block-group-is-layout-flow\">\n<p class=\"has-text-align-center has-light-gray-background-color has-background\">Bitte f\u00fcllen Sie dieses Formular aus, um bequem Ersatzteile bei Laetus zu anzufragen:<\/p>\n\n\n\n<div class=\"wp-block-buttons is-layout-flex wp-block-buttons-is-layout-flex\">\n<div class=\"wp-block-button is-style-lt-fill aligncenter\"><a class=\"wp-block-button__link wp-element-button\" href=\"https:\/\/www.laetus.com\/de\/service-and-support\/spare-parts-management\/spare-parts-order-form\/\">Anfrageformular<\/a><\/div>\n<\/div>\n<\/div>\n\n\t\t<style>\n\t\t\t#lt-blocks-group-69edd2779a857 {\n\t\t\t\t\t\t\twidth: auto;\n\t\t\t}\n\t\t\t#lt-blocks-group-69edd2779a857 > .wp-block-group {\n\t\t\tpadding-top: 0px;padding-right: 0px;padding-bottom: 0px;padding-left: 0px;\t\t\t}\n\n\t\t\t@media print, screen and ( max-width: 767px ) {\n\t\t\t\t#lt-blocks-group-69edd2779a857 {\n\t\t\t\t\t\t\t\t}\n\t\t\t\t#lt-blocks-group-69edd2779a857 > .wp-block-group {\n\t\t\t\t\t\t\t\t}\n\t\t\t}\n\t\t\t#lt-blocks-group-69edd2779a857 > .wp-block-group > * {\n\t\t\t\t\t\t\t\t\t\t\t}\n\n\t\t<\/style>\n\n\t\t <\/div><\/div>\n<\/div>\n\n\n\n<p class=\"has-p-big-font-size\"><strong>Optimieren Sie ihr Ersatzteilmanagement f\u00fcr:<\/strong><\/p>\n\n\n\n<p class=\"has-vivid-red-color has-text-color\"><strong>Mehr Effizienz<\/strong><\/p>\n\n\n\n<ul class=\"wp-block-list\">\n<li>Lagerhaltung reduziert Lieferzeiten-bedingten Stillstand<\/li>\n\n\n\n<li>1:1 Austausch mechanischer Komponenten mit Originalersatzteilen ohne Neukonfiguration des Systems<\/li>\n\n\n\n<li>Umgehen von Versorgungsengp\u00e4ssen<\/li>\n<\/ul>\n\n\n\n<p class=\"has-vivid-red-color has-text-color\"><strong>Kostenreduktion<\/strong><\/p>\n\n\n\n<ul class=\"wp-block-list\">\n<li>Planbarer Austausch von periodisch zu ersetzenden Verschlei\u00dfteilen (z. B. F\u00f6rderb\u00e4nder, Gl\u00fchbirnen)<\/li>\n\n\n\n<li>Kosten f\u00fcr Ersatzteilbevorratung deutlich geringer als finanzielle Verluste durch Anlagenstillstand<\/li>\n<\/ul>\n\n\n\n<p class=\"has-vivid-red-color has-text-color\"><strong>Zuverl\u00e4ssige und fachgerechte Reparatur<\/strong><\/p>\n\n\n\n<ul class=\"wp-block-list\">\n<li>Einbauservice garantiert fachgerechte Reparatur und vermeidet Fehlfunktionen und Sch\u00e4den durch unsachgem\u00e4\u00dfen Austausch defekter Teile<\/li>\n\n\n\n<li>Pr\u00e4ventive Wartung und pro-aktiver Austausch von Verschlei\u00dfteilen durch unseren Laetus-Service sichert Anlagenverf\u00fcgbarkeit und reduziert das Risiko von Sch\u00e4den (z. B. Riemenriss, H\u00e4ngenbleiben in der Maschine und \u00dcberhitzung des Motors)<\/li>\n<\/ul>\n\n\n\n<p>Wenn Sie mehr dar\u00fcber erfahren m\u00f6chten, wie andere Unternehmen ihre Effizienz mit Hilfe von Ersatzteilen verbessern, kontaktieren Sie uns bitte unter\u00a0<a href=\"mailto:sales@laetus.com\">sales@laetus.com<\/a><\/p>\n\n\n\n<p><\/p>\n","protected":false},"excerpt":{"rendered":"<p>Ersatzteilmanagement Aufbau eines Ersatzteillagers sichert Anlagenverf\u00fcgbarkeit Maschinenausf\u00e4lle durch defekte Bauteile verursachen Stillstandzeiten und wirken sich signifikant auf die Anlagen- produktivit\u00e4t aus. Erst recht, wenn Sie Ersatzteile erst dann ordern, wenn sie gebraucht werden. Durch den Aufbau eines Ersatzteillagers f\u00fcr alle Laetus Maschinen und optische Kontrolll\u00f6sungen und ein vorausschauendes Ersatzteilmanagement sichern Sie Ihre Anlagenverf\u00fcgbarkeit und vermeiden<a class=\"moretag\" href=\"https:\/\/www.laetus.com\/de\/service-and-support\/spare-parts-management\/\">Lesen Sie mehr<\/a><\/p>\n","protected":false},"author":10,"featured_media":0,"parent":286,"menu_order":0,"comment_status":"closed","ping_status":"closed","template":"","meta":{"footnotes":""},"class_list":["post-325","page","type-page","status-publish","hentry"],"acf":[],"yoast_head":"<!-- This site is optimized with the Yoast SEO plugin v21.4 - https:\/\/yoast.com\/wordpress\/plugins\/seo\/ -->\n<title>Ersatzteilmanagement - Laetus<\/title>\n<meta name=\"robots\" content=\"index, follow, max-snippet:-1, max-image-preview:large, max-video-preview:-1\" \/>\n<link rel=\"canonical\" href=\"https:\/\/www.laetus.com\/de\/service-and-support\/spare-parts-management\/\" \/>\n<meta property=\"og:locale\" content=\"de-DE\" \/>\n<meta property=\"og:type\" content=\"article\" \/>\n<meta property=\"og:title\" content=\"Ersatzteilmanagement - Laetus\" \/>\n<meta property=\"og:description\" content=\"Ersatzteilmanagement Aufbau eines Ersatzteillagers sichert Anlagenverf\u00fcgbarkeit Maschinenausf\u00e4lle durch defekte Bauteile verursachen Stillstandzeiten und wirken sich signifikant auf die Anlagen- produktivit\u00e4t aus. Erst recht, wenn Sie Ersatzteile erst dann ordern, wenn sie gebraucht werden. Durch den Aufbau eines Ersatzteillagers f\u00fcr alle Laetus Maschinen und optische Kontrolll\u00f6sungen und ein vorausschauendes Ersatzteilmanagement sichern Sie Ihre Anlagenverf\u00fcgbarkeit und vermeidenLesen Sie mehr\" \/>\n<meta property=\"og:url\" content=\"https:\/\/www.laetus.com\/de\/service-and-support\/spare-parts-management\/\" \/>\n<meta property=\"og:site_name\" content=\"Laetus\" \/>\n<meta property=\"article:modified_time\" content=\"2025-09-10T09:57:08+00:00\" \/>\n<meta property=\"og:image\" content=\"https:\/\/global.laetus.com\/wp-content\/uploads\/dam\/web-images\/service-support\/head-banner\/laetus-spare-parts-1440x471-en.jpg\" \/>\n<meta name=\"twitter:card\" content=\"summary_large_image\" \/>\n<meta name=\"twitter:label1\" content=\"Est. reading time\" \/>\n\t<meta name=\"twitter:data1\" content=\"2 minutes\" \/>\n<script type=\"application\/ld+json\" class=\"yoast-schema-graph\">{\"@context\":\"https:\/\/schema.org\",\"@graph\":[{\"@type\":\"WebPage\",\"@id\":\"https:\/\/www.laetus.com\/de\/service-and-support\/spare-parts-management\/\",\"url\":\"https:\/\/www.laetus.com\/de\/service-and-support\/spare-parts-management\/\",\"name\":\"Ersatzteilmanagement - Laetus\",\"isPartOf\":{\"@id\":\"https:\/\/www.laetus.com\/de\/#website\"},\"datePublished\":\"2022-02-28T11:49:41+00:00\",\"dateModified\":\"2025-09-10T09:57:08+00:00\",\"breadcrumb\":{\"@id\":\"https:\/\/www.laetus.com\/de\/service-and-support\/spare-parts-management\/#breadcrumb\"},\"inLanguage\":\"de-DE\",\"potentialAction\":[{\"@type\":\"ReadAction\",\"target\":[\"https:\/\/www.laetus.com\/de\/service-and-support\/spare-parts-management\/\"]}]},{\"@type\":\"BreadcrumbList\",\"@id\":\"https:\/\/www.laetus.com\/de\/service-and-support\/spare-parts-management\/#breadcrumb\",\"itemListElement\":[{\"@type\":\"ListItem\",\"position\":1,\"name\":\"Service and Support\",\"item\":\"https:\/\/www.laetus.com\/de\/service-and-support\/\"},{\"@type\":\"ListItem\",\"position\":2,\"name\":\"Ersatzteilmanagement\"}]},{\"@type\":\"WebSite\",\"@id\":\"https:\/\/www.laetus.com\/de\/#website\",\"url\":\"https:\/\/www.laetus.com\/de\/\",\"name\":\"Laetus\",\"description\":\"Laetus\",\"alternateName\":\"Laetus\",\"potentialAction\":[{\"@type\":\"SearchAction\",\"target\":{\"@type\":\"EntryPoint\",\"urlTemplate\":\"https:\/\/www.laetus.com\/de\/?s={search_term_string}\"},\"query-input\":\"required name=search_term_string\"}],\"inLanguage\":\"de-DE\"}]}<\/script>\n<!-- \/ Yoast SEO plugin. -->","yoast_head_json":{"title":"Ersatzteilmanagement - Laetus","robots":{"index":"index","follow":"follow","max-snippet":"max-snippet:-1","max-image-preview":"max-image-preview:large","max-video-preview":"max-video-preview:-1"},"canonical":"https:\/\/www.laetus.com\/de\/service-and-support\/spare-parts-management\/","og_locale":"de-DE","og_type":"article","og_title":"Ersatzteilmanagement - Laetus","og_description":"Ersatzteilmanagement Aufbau eines Ersatzteillagers sichert Anlagenverf\u00fcgbarkeit Maschinenausf\u00e4lle durch defekte Bauteile verursachen Stillstandzeiten und wirken sich signifikant auf die Anlagen- produktivit\u00e4t aus. Erst recht, wenn Sie Ersatzteile erst dann ordern, wenn sie gebraucht werden. Durch den Aufbau eines Ersatzteillagers f\u00fcr alle Laetus Maschinen und optische Kontrolll\u00f6sungen und ein vorausschauendes Ersatzteilmanagement sichern Sie Ihre Anlagenverf\u00fcgbarkeit und vermeidenLesen Sie mehr","og_url":"https:\/\/www.laetus.com\/de\/service-and-support\/spare-parts-management\/","og_site_name":"Laetus","article_modified_time":"2025-09-10T09:57:08+00:00","og_image":[{"url":"https:\/\/global.laetus.com\/wp-content\/uploads\/dam\/web-images\/service-support\/head-banner\/laetus-spare-parts-1440x471-en.jpg"}],"twitter_card":"summary_large_image","twitter_misc":{"Est. reading time":"2 minutes"},"schema":{"@context":"https:\/\/schema.org","@graph":[{"@type":"WebPage","@id":"https:\/\/www.laetus.com\/de\/service-and-support\/spare-parts-management\/","url":"https:\/\/www.laetus.com\/de\/service-and-support\/spare-parts-management\/","name":"Ersatzteilmanagement - Laetus","isPartOf":{"@id":"https:\/\/www.laetus.com\/de\/#website"},"datePublished":"2022-02-28T11:49:41+00:00","dateModified":"2025-09-10T09:57:08+00:00","breadcrumb":{"@id":"https:\/\/www.laetus.com\/de\/service-and-support\/spare-parts-management\/#breadcrumb"},"inLanguage":"de-DE","potentialAction":[{"@type":"ReadAction","target":["https:\/\/www.laetus.com\/de\/service-and-support\/spare-parts-management\/"]}]},{"@type":"BreadcrumbList","@id":"https:\/\/www.laetus.com\/de\/service-and-support\/spare-parts-management\/#breadcrumb","itemListElement":[{"@type":"ListItem","position":1,"name":"Service and Support","item":"https:\/\/www.laetus.com\/de\/service-and-support\/"},{"@type":"ListItem","position":2,"name":"Ersatzteilmanagement"}]},{"@type":"WebSite","@id":"https:\/\/www.laetus.com\/de\/#website","url":"https:\/\/www.laetus.com\/de\/","name":"Laetus","description":"Laetus","alternateName":"Laetus","potentialAction":[{"@type":"SearchAction","target":{"@type":"EntryPoint","urlTemplate":"https:\/\/www.laetus.com\/de\/?s={search_term_string}"},"query-input":"required name=search_term_string"}],"inLanguage":"de-DE"}]}},"jetpack_sharing_enabled":true,"_links":{"self":[{"href":"https:\/\/www.laetus.com\/de\/wp-json\/wp\/v2\/pages\/325","targetHints":{"allow":["GET"]}}],"collection":[{"href":"https:\/\/www.laetus.com\/de\/wp-json\/wp\/v2\/pages"}],"about":[{"href":"https:\/\/www.laetus.com\/de\/wp-json\/wp\/v2\/types\/page"}],"author":[{"embeddable":true,"href":"https:\/\/www.laetus.com\/de\/wp-json\/wp\/v2\/users\/10"}],"replies":[{"embeddable":true,"href":"https:\/\/www.laetus.com\/de\/wp-json\/wp\/v2\/comments?post=325"}],"version-history":[{"count":13,"href":"https:\/\/www.laetus.com\/de\/wp-json\/wp\/v2\/pages\/325\/revisions"}],"predecessor-version":[{"id":2751,"href":"https:\/\/www.laetus.com\/de\/wp-json\/wp\/v2\/pages\/325\/revisions\/2751"}],"up":[{"embeddable":true,"href":"https:\/\/www.laetus.com\/de\/wp-json\/wp\/v2\/pages\/286"}],"wp:attachment":[{"href":"https:\/\/www.laetus.com\/de\/wp-json\/wp\/v2\/media?parent=325"}],"curies":[{"name":"wp","href":"https:\/\/api.w.org\/{rel}","templated":true}]}}