{"id":337,"date":"2022-02-28T12:22:19","date_gmt":"2022-02-28T12:22:19","guid":{"rendered":"https:\/\/www.laetus.com\/en\/?page_id=337"},"modified":"2022-04-21T15:32:09","modified_gmt":"2022-04-21T15:32:09","slug":"preventative-maintenance","status":"publish","type":"page","link":"https:\/\/www.laetus.com\/de\/service-and-support\/preventative-maintenance\/","title":{"rendered":"Pr\u00e4ventive Wartung"},"content":{"rendered":"\n<figure class=\"wp-block-image alignfull size-large\"><img loading=\"lazy\" decoding=\"async\" width=\"1440\" height=\"471\" src=\"https:\/\/global.laetus.com\/wp-content\/uploads\/dam\/web-images\/service-support\/head-banner\/preventative-maintenance-banner-1440x471-en.jpg?w=1024\" alt=\"\" class=\"wp-image-548\" srcset=\"https:\/\/global.laetus.com\/wp-content\/uploads\/dam\/web-images\/service-support\/head-banner\/preventative-maintenance-banner-1440x471-en.jpg?w=1440&amp;resize=1440&amp;quality=80&amp;strip=all 1440w, https:\/\/global.laetus.com\/wp-content\/uploads\/dam\/web-images\/service-support\/head-banner\/preventative-maintenance-banner-1440x471-en.jpg?resize=300&amp;w=300&amp;quality=80&amp;strip=all 300w, https:\/\/global.laetus.com\/wp-content\/uploads\/dam\/web-images\/service-support\/head-banner\/preventative-maintenance-banner-1440x471-en.jpg?resize=768&amp;w=768&amp;quality=80&amp;strip=all 768w, https:\/\/global.laetus.com\/wp-content\/uploads\/dam\/web-images\/service-support\/head-banner\/preventative-maintenance-banner-1440x471-en.jpg?resize=1024&amp;w=1024&amp;quality=80&amp;strip=all 1024w, https:\/\/global.laetus.com\/wp-content\/uploads\/dam\/web-images\/service-support\/head-banner\/preventative-maintenance-banner-1440x471-en.jpg?resize=450&amp;w=450&amp;quality=80&amp;strip=all 450w, https:\/\/global.laetus.com\/wp-content\/uploads\/dam\/web-images\/service-support\/head-banner\/preventative-maintenance-banner-1440x471-en.jpg?resize=582&amp;w=582&amp;quality=80&amp;strip=all 582w, https:\/\/global.laetus.com\/wp-content\/uploads\/dam\/web-images\/service-support\/head-banner\/preventative-maintenance-banner-1440x471-en.jpg?resize=900&amp;w=900&amp;quality=80&amp;strip=all 900w, https:\/\/global.laetus.com\/wp-content\/uploads\/dam\/web-images\/service-support\/head-banner\/preventative-maintenance-banner-1440x471-en.jpg?resize=1164&amp;w=1164&amp;quality=80&amp;strip=all 1164w\" sizes=\"auto, (max-width: 1440px) 100vw, 1440px\" \/><\/figure>\n\n\n<div class=\"lt-group-wrap\" id=\"lt-blocks-group-69d4c673dc60b\"> \n<div class=\"wp-block-group alignfull has-cerulean-red-background-color has-background is-layout-flow wp-block-group-is-layout-flow\">\n<h1 class=\"has-text-align-center has-theme-white-color has-text-color has-h-2-font-size wp-block-heading\" id=\"preventative-maintenance\">Pr\u00e4ventive Wartung<\/h1>\n<\/div>\n\n\t\t<style>\n\t\t\t#lt-blocks-group-69d4c673dc60b {\n\t\t\t\t\t\t\twidth: auto;\n\t\t\t}\n\t\t\t#lt-blocks-group-69d4c673dc60b > .wp-block-group {\n\t\t\tpadding-top: 15px;padding-right: 0px;padding-bottom: 15px;padding-left: 0px;\t\t\t}\n\n\t\t\t@media print, screen and ( max-width: 767px ) {\n\t\t\t\t#lt-blocks-group-69d4c673dc60b {\n\t\t\t\t\t\t\t\t}\n\t\t\t\t#lt-blocks-group-69d4c673dc60b > .wp-block-group {\n\t\t\t\t\t\t\t\t}\n\t\t\t}\n\t\t\t#lt-blocks-group-69d4c673dc60b > .wp-block-group > * {\n\t\t\t\t\t\t\t\t\t\t\t}\n\n\t\t<\/style>\n\n\t\t <\/div>\n\n\n<div style=\"height:30px\" aria-hidden=\"true\" class=\"wp-block-spacer\"><\/div>\n\n\n\n<p class=\"has-text-align-center has-vivid-red-color has-text-color has-p-big-font-size\"><strong>Regelm\u00e4\u00dfige Wartung um ein kontinuerliches Laufen Ihrer Produktionslinien zu gew\u00e4hrleisten<\/strong><\/p>\n\n\n\n<div class=\"wp-block-columns is-layout-flex wp-container-core-columns-is-layout-28f84493 wp-block-columns-is-layout-flex\">\n<div class=\"wp-block-column is-layout-flow wp-block-column-is-layout-flow\">\n<div style=\"height:20px\" aria-hidden=\"true\" class=\"wp-block-spacer\"><\/div>\n\n\n\n<div class=\"wp-block-laetus-blocks-image-overlay lt-block-image-overlay\" style=\"--overlay-bg:#C8102E;--overlay-bg-hover:#5D5D5D;--overlay-padding:24px 40px 24px 40px;--overlay-image-position:50% 50%\"><figure><a href=\"https:\/\/www.laetus.com\/de\/service-and-support\/preventative-maintenance\/hardware\/\" target=\"_self\" rel=\"noopener\" title=\"\"><img decoding=\"async\" alt=\"\" class=\"wp-image-undefined lt-image-overly-image\" src=\"https:\/\/global.laetus.com\/wp-content\/uploads\/dam\/web-images\/service-support\/preventative-maintenence-hardware-thumbnail.jpg?w=550\"\/><div class=\"lt-image-overly-content-wrap\">\n<h4 class=\"has-text-align-center has-white-color has-text-color wp-block-heading\">Hardware<\/h4>\n<\/div><\/a><\/figure><\/div>\n\n\n\n<div style=\"height:20px\" aria-hidden=\"true\" class=\"wp-block-spacer\"><\/div>\n\n\n\n<p class=\"has-vivid-red-color has-text-color\"><strong>Der beste Weg, ein Problem zu l\u00f6sen, ist, es zu verhindern<\/strong><\/p>\n\n\n\n<p>Unser vorbeugender Wartungsservice f\u00fcr Hardware umfasst vorbeugende<br>Checkups, Rekalibrierungen, Reparaturen, Austausch von Verschlei\u00dfteilen, Firmware-Updates und weitere hardwarenahe Eingriffe.<\/p>\n\n\n\n<p><strong>Entscheidende Vorteile:<\/strong><\/p>\n\n\n\n<ul class=\"wp-block-list\"><li>Sichert die Verf\u00fcgbarkeit<\/li><li>Erh\u00f6ht die Zuverl\u00e4ssigkeit und Vorhersagbarkeit<\/li><li>Reduziert die Wartungskosten<\/li><\/ul>\n<\/div>\n\n\n\n<div class=\"wp-block-column is-layout-flow wp-block-column-is-layout-flow\">\n<div style=\"height:20px\" aria-hidden=\"true\" class=\"wp-block-spacer\"><\/div>\n\n\n\n<div class=\"wp-block-laetus-blocks-image-overlay lt-block-image-overlay\" style=\"--overlay-bg:#C8102E;--overlay-bg-hover:#5D5D5D;--overlay-padding:24px 40px 24px 40px;--overlay-image-position:50% 50%\"><figure><a href=\"https:\/\/www.laetus.com\/de\/service-and-support\/preventative-maintenance\/database\/\" target=\"_self\" rel=\"noopener\" title=\"\"><img decoding=\"async\" alt=\"\" class=\"wp-image-undefined lt-image-overly-image\" src=\"https:\/\/global.laetus.com\/wp-content\/uploads\/dam\/web-images\/service-support\/preventative-maintenence-database-thumbnail.jpg?w=550\"\/><div class=\"lt-image-overly-content-wrap\">\n<h4 class=\"has-text-align-center has-white-color has-text-color wp-block-heading\">Database<\/h4>\n<\/div><\/a><\/figure><\/div>\n\n\n\n<div style=\"height:20px\" aria-hidden=\"true\" class=\"wp-block-spacer\"><\/div>\n\n\n\n<p class=\"has-vivid-red-color has-text-color\"><strong><strong>Regelm\u00e4\u00dfige vorbeugende Wartung sichert die Leistung und Verf\u00fcgbarkeit Ihrer Daten<\/strong><\/strong><\/p>\n\n\n\n<p>In unserem Wartungsplan f\u00fcr Datenbanken stellen wir eine Reihe spezifischer, proaktiver Aufgaben bereit, um eine angemessene Leistung und Verf\u00fcgbarkeit Ihrer Datenbank zu gew\u00e4hrleisten.<\/p>\n\n\n\n<p><strong>Entscheidende Vorteile:<\/strong><\/p>\n\n\n\n<ul class=\"wp-block-list\"><li>Stellt schnelle Verf\u00fcgbarkeit sicher<\/li><li>Garantiert die Leistung<\/li><li>Sorgt f\u00fcr Datenzuverl\u00e4ssigkeit<\/li><\/ul>\n<\/div>\n<\/div>\n","protected":false},"excerpt":{"rendered":"<p>Pr\u00e4ventive Wartung Regelm\u00e4\u00dfige Wartung um ein kontinuerliches Laufen Ihrer Produktionslinien zu gew\u00e4hrleisten Der beste Weg, ein Problem zu l\u00f6sen, ist, es zu verhindern Unser vorbeugender Wartungsservice f\u00fcr Hardware umfasst vorbeugendeCheckups, Rekalibrierungen, Reparaturen, Austausch von Verschlei\u00dfteilen, Firmware-Updates und weitere hardwarenahe Eingriffe. Entscheidende Vorteile: Sichert die Verf\u00fcgbarkeit Erh\u00f6ht die Zuverl\u00e4ssigkeit und Vorhersagbarkeit Reduziert die Wartungskosten Regelm\u00e4\u00dfige vorbeugende<a class=\"moretag\" href=\"https:\/\/www.laetus.com\/de\/service-and-support\/preventative-maintenance\/\">Lesen Sie mehr<\/a><\/p>\n","protected":false},"author":10,"featured_media":0,"parent":286,"menu_order":0,"comment_status":"closed","ping_status":"closed","template":"","meta":{"footnotes":""},"class_list":["post-337","page","type-page","status-publish","hentry"],"acf":[],"yoast_head":"<!-- This site is optimized with the Yoast SEO plugin v21.4 - https:\/\/yoast.com\/wordpress\/plugins\/seo\/ -->\n<title>Pr\u00e4ventive Wartung - Laetus<\/title>\n<meta name=\"robots\" content=\"index, follow, max-snippet:-1, max-image-preview:large, max-video-preview:-1\" \/>\n<link rel=\"canonical\" href=\"https:\/\/www.laetus.com\/de\/service-and-support\/preventative-maintenance\/\" \/>\n<meta property=\"og:locale\" content=\"de-DE\" \/>\n<meta property=\"og:type\" content=\"article\" \/>\n<meta property=\"og:title\" content=\"Pr\u00e4ventive Wartung - Laetus\" \/>\n<meta property=\"og:description\" content=\"Pr\u00e4ventive Wartung Regelm\u00e4\u00dfige Wartung um ein kontinuerliches Laufen Ihrer Produktionslinien zu gew\u00e4hrleisten Der beste Weg, ein Problem zu l\u00f6sen, ist, es zu verhindern Unser vorbeugender Wartungsservice f\u00fcr Hardware umfasst vorbeugendeCheckups, Rekalibrierungen, Reparaturen, Austausch von Verschlei\u00dfteilen, Firmware-Updates und weitere hardwarenahe Eingriffe. Entscheidende Vorteile: Sichert die Verf\u00fcgbarkeit Erh\u00f6ht die Zuverl\u00e4ssigkeit und Vorhersagbarkeit Reduziert die Wartungskosten Regelm\u00e4\u00dfige vorbeugendeLesen Sie mehr\" \/>\n<meta property=\"og:url\" content=\"https:\/\/www.laetus.com\/de\/service-and-support\/preventative-maintenance\/\" \/>\n<meta property=\"og:site_name\" content=\"Laetus\" \/>\n<meta property=\"article:modified_time\" content=\"2022-04-21T15:32:09+00:00\" \/>\n<meta property=\"og:image\" content=\"https:\/\/global.laetus.com\/wp-content\/uploads\/dam\/web-images\/service-support\/head-banner\/preventative-maintenance-banner-1440x471-en.jpg?w=1024\" \/>\n<meta name=\"twitter:card\" content=\"summary_large_image\" \/>\n<meta name=\"twitter:label1\" content=\"Est. reading time\" \/>\n\t<meta name=\"twitter:data1\" content=\"2 minutes\" \/>\n<script type=\"application\/ld+json\" class=\"yoast-schema-graph\">{\"@context\":\"https:\/\/schema.org\",\"@graph\":[{\"@type\":\"WebPage\",\"@id\":\"https:\/\/www.laetus.com\/de\/service-and-support\/preventative-maintenance\/\",\"url\":\"https:\/\/www.laetus.com\/de\/service-and-support\/preventative-maintenance\/\",\"name\":\"Pr\u00e4ventive Wartung - Laetus\",\"isPartOf\":{\"@id\":\"https:\/\/www.laetus.com\/de\/#website\"},\"datePublished\":\"2022-02-28T12:22:19+00:00\",\"dateModified\":\"2022-04-21T15:32:09+00:00\",\"breadcrumb\":{\"@id\":\"https:\/\/www.laetus.com\/de\/service-and-support\/preventative-maintenance\/#breadcrumb\"},\"inLanguage\":\"de-DE\",\"potentialAction\":[{\"@type\":\"ReadAction\",\"target\":[\"https:\/\/www.laetus.com\/de\/service-and-support\/preventative-maintenance\/\"]}]},{\"@type\":\"BreadcrumbList\",\"@id\":\"https:\/\/www.laetus.com\/de\/service-and-support\/preventative-maintenance\/#breadcrumb\",\"itemListElement\":[{\"@type\":\"ListItem\",\"position\":1,\"name\":\"Service and Support\",\"item\":\"https:\/\/www.laetus.com\/de\/service-and-support\/\"},{\"@type\":\"ListItem\",\"position\":2,\"name\":\"Pr\u00e4ventive Wartung\"}]},{\"@type\":\"WebSite\",\"@id\":\"https:\/\/www.laetus.com\/de\/#website\",\"url\":\"https:\/\/www.laetus.com\/de\/\",\"name\":\"Laetus\",\"description\":\"Laetus\",\"alternateName\":\"Laetus\",\"potentialAction\":[{\"@type\":\"SearchAction\",\"target\":{\"@type\":\"EntryPoint\",\"urlTemplate\":\"https:\/\/www.laetus.com\/de\/?s={search_term_string}\"},\"query-input\":\"required name=search_term_string\"}],\"inLanguage\":\"de-DE\"}]}<\/script>\n<!-- \/ Yoast SEO plugin. -->","yoast_head_json":{"title":"Pr\u00e4ventive Wartung - Laetus","robots":{"index":"index","follow":"follow","max-snippet":"max-snippet:-1","max-image-preview":"max-image-preview:large","max-video-preview":"max-video-preview:-1"},"canonical":"https:\/\/www.laetus.com\/de\/service-and-support\/preventative-maintenance\/","og_locale":"de-DE","og_type":"article","og_title":"Pr\u00e4ventive Wartung - Laetus","og_description":"Pr\u00e4ventive Wartung Regelm\u00e4\u00dfige Wartung um ein kontinuerliches Laufen Ihrer Produktionslinien zu gew\u00e4hrleisten Der beste Weg, ein Problem zu l\u00f6sen, ist, es zu verhindern Unser vorbeugender Wartungsservice f\u00fcr Hardware umfasst vorbeugendeCheckups, Rekalibrierungen, Reparaturen, Austausch von Verschlei\u00dfteilen, Firmware-Updates und weitere hardwarenahe Eingriffe. Entscheidende Vorteile: Sichert die Verf\u00fcgbarkeit Erh\u00f6ht die Zuverl\u00e4ssigkeit und Vorhersagbarkeit Reduziert die Wartungskosten Regelm\u00e4\u00dfige vorbeugendeLesen Sie mehr","og_url":"https:\/\/www.laetus.com\/de\/service-and-support\/preventative-maintenance\/","og_site_name":"Laetus","article_modified_time":"2022-04-21T15:32:09+00:00","og_image":[{"url":"https:\/\/global.laetus.com\/wp-content\/uploads\/dam\/web-images\/service-support\/head-banner\/preventative-maintenance-banner-1440x471-en.jpg?w=1024"}],"twitter_card":"summary_large_image","twitter_misc":{"Est. reading time":"2 minutes"},"schema":{"@context":"https:\/\/schema.org","@graph":[{"@type":"WebPage","@id":"https:\/\/www.laetus.com\/de\/service-and-support\/preventative-maintenance\/","url":"https:\/\/www.laetus.com\/de\/service-and-support\/preventative-maintenance\/","name":"Pr\u00e4ventive Wartung - Laetus","isPartOf":{"@id":"https:\/\/www.laetus.com\/de\/#website"},"datePublished":"2022-02-28T12:22:19+00:00","dateModified":"2022-04-21T15:32:09+00:00","breadcrumb":{"@id":"https:\/\/www.laetus.com\/de\/service-and-support\/preventative-maintenance\/#breadcrumb"},"inLanguage":"de-DE","potentialAction":[{"@type":"ReadAction","target":["https:\/\/www.laetus.com\/de\/service-and-support\/preventative-maintenance\/"]}]},{"@type":"BreadcrumbList","@id":"https:\/\/www.laetus.com\/de\/service-and-support\/preventative-maintenance\/#breadcrumb","itemListElement":[{"@type":"ListItem","position":1,"name":"Service and Support","item":"https:\/\/www.laetus.com\/de\/service-and-support\/"},{"@type":"ListItem","position":2,"name":"Pr\u00e4ventive Wartung"}]},{"@type":"WebSite","@id":"https:\/\/www.laetus.com\/de\/#website","url":"https:\/\/www.laetus.com\/de\/","name":"Laetus","description":"Laetus","alternateName":"Laetus","potentialAction":[{"@type":"SearchAction","target":{"@type":"EntryPoint","urlTemplate":"https:\/\/www.laetus.com\/de\/?s={search_term_string}"},"query-input":"required name=search_term_string"}],"inLanguage":"de-DE"}]}},"jetpack_sharing_enabled":true,"_links":{"self":[{"href":"https:\/\/www.laetus.com\/de\/wp-json\/wp\/v2\/pages\/337","targetHints":{"allow":["GET"]}}],"collection":[{"href":"https:\/\/www.laetus.com\/de\/wp-json\/wp\/v2\/pages"}],"about":[{"href":"https:\/\/www.laetus.com\/de\/wp-json\/wp\/v2\/types\/page"}],"author":[{"embeddable":true,"href":"https:\/\/www.laetus.com\/de\/wp-json\/wp\/v2\/users\/10"}],"replies":[{"embeddable":true,"href":"https:\/\/www.laetus.com\/de\/wp-json\/wp\/v2\/comments?post=337"}],"version-history":[{"count":3,"href":"https:\/\/www.laetus.com\/de\/wp-json\/wp\/v2\/pages\/337\/revisions"}],"predecessor-version":[{"id":1679,"href":"https:\/\/www.laetus.com\/de\/wp-json\/wp\/v2\/pages\/337\/revisions\/1679"}],"up":[{"embeddable":true,"href":"https:\/\/www.laetus.com\/de\/wp-json\/wp\/v2\/pages\/286"}],"wp:attachment":[{"href":"https:\/\/www.laetus.com\/de\/wp-json\/wp\/v2\/media?parent=337"}],"curies":[{"name":"wp","href":"https:\/\/api.w.org\/{rel}","templated":true}]}}