{"id":345,"date":"2022-02-28T13:04:27","date_gmt":"2022-02-28T13:04:27","guid":{"rendered":"https:\/\/www.laetus.com\/en\/?page_id=345"},"modified":"2022-04-21T15:28:51","modified_gmt":"2022-04-21T15:28:51","slug":"hardware","status":"publish","type":"page","link":"https:\/\/www.laetus.com\/de\/service-and-support\/preventative-maintenance\/hardware\/","title":{"rendered":"Pr\u00e4ventive Wartung &#8211; Hardware"},"content":{"rendered":"\n<figure class=\"wp-block-image alignfull size-large\"><img loading=\"lazy\" decoding=\"async\" width=\"1440\" height=\"471\" src=\"https:\/\/global.laetus.com\/wp-content\/uploads\/dam\/web-images\/service-support\/head-banner\/preventative-maintenance-hardware-banner-1440x471-en.jpg?w=1024\" alt=\"\" class=\"wp-image-550\" srcset=\"https:\/\/global.laetus.com\/wp-content\/uploads\/dam\/web-images\/service-support\/head-banner\/preventative-maintenance-hardware-banner-1440x471-en.jpg?w=1440&amp;resize=1440&amp;quality=80&amp;strip=all 1440w, https:\/\/global.laetus.com\/wp-content\/uploads\/dam\/web-images\/service-support\/head-banner\/preventative-maintenance-hardware-banner-1440x471-en.jpg?resize=300&amp;w=300&amp;quality=80&amp;strip=all 300w, https:\/\/global.laetus.com\/wp-content\/uploads\/dam\/web-images\/service-support\/head-banner\/preventative-maintenance-hardware-banner-1440x471-en.jpg?resize=768&amp;w=768&amp;quality=80&amp;strip=all 768w, https:\/\/global.laetus.com\/wp-content\/uploads\/dam\/web-images\/service-support\/head-banner\/preventative-maintenance-hardware-banner-1440x471-en.jpg?resize=1024&amp;w=1024&amp;quality=80&amp;strip=all 1024w, https:\/\/global.laetus.com\/wp-content\/uploads\/dam\/web-images\/service-support\/head-banner\/preventative-maintenance-hardware-banner-1440x471-en.jpg?resize=450&amp;w=450&amp;quality=80&amp;strip=all 450w, https:\/\/global.laetus.com\/wp-content\/uploads\/dam\/web-images\/service-support\/head-banner\/preventative-maintenance-hardware-banner-1440x471-en.jpg?resize=582&amp;w=582&amp;quality=80&amp;strip=all 582w, https:\/\/global.laetus.com\/wp-content\/uploads\/dam\/web-images\/service-support\/head-banner\/preventative-maintenance-hardware-banner-1440x471-en.jpg?resize=900&amp;w=900&amp;quality=80&amp;strip=all 900w, https:\/\/global.laetus.com\/wp-content\/uploads\/dam\/web-images\/service-support\/head-banner\/preventative-maintenance-hardware-banner-1440x471-en.jpg?resize=1164&amp;w=1164&amp;quality=80&amp;strip=all 1164w\" sizes=\"auto, (max-width: 1440px) 100vw, 1440px\" \/><\/figure>\n\n\n<div class=\"lt-group-wrap\" id=\"lt-blocks-group-69d4de1c705ce\"> \n<div class=\"wp-block-group alignfull has-cerulean-red-background-color has-background is-layout-flow wp-block-group-is-layout-flow\">\n<h1 class=\"has-text-align-center has-theme-white-color has-text-color has-h-2-font-size wp-block-heading\" id=\"preventative-maintenance-hardware\">Pr\u00e4ventive Wartung &#8211; Hardware<\/h1>\n<\/div>\n\n\t\t<style>\n\t\t\t#lt-blocks-group-69d4de1c705ce {\n\t\t\t\t\t\t\twidth: auto;\n\t\t\t}\n\t\t\t#lt-blocks-group-69d4de1c705ce > .wp-block-group {\n\t\t\tpadding-top: 15px;padding-right: 0px;padding-bottom: 15px;padding-left: 0px;\t\t\t}\n\n\t\t\t@media print, screen and ( max-width: 767px ) {\n\t\t\t\t#lt-blocks-group-69d4de1c705ce {\n\t\t\t\t\t\t\t\t}\n\t\t\t\t#lt-blocks-group-69d4de1c705ce > .wp-block-group {\n\t\t\t\t\t\t\t\t}\n\t\t\t}\n\t\t\t#lt-blocks-group-69d4de1c705ce > .wp-block-group > * {\n\t\t\t\t\t\t\t\t\t\t\t}\n\n\t\t<\/style>\n\n\t\t <\/div>\n\n\n<div style=\"height:40px\" aria-hidden=\"true\" class=\"wp-block-spacer\"><\/div>\n\n\n\n<h3 class=\"wp-block-heading\" id=\"regular-preventative-maintenance-ensures-performance-availability-of-your-data\" style=\"font-style:normal;font-weight:500\">Regelm\u00e4\u00dfige Wartung stellt die Leistung und Verf\u00fcgbarkeit Ihrer Daten sicher<\/h3>\n\n\n\n<p>Unser pr\u00e4ventativer Wartungsdienst umfasst vorbeu- gende \u00dcberpr\u00fcfungen, Neukalibrierungen, Reparaturen, den Austausch von Verschlei\u00dfteilen, Firmware-Updates und weitere hardwarebezogene Eingriffe.<\/p>\n\n\n\n<p>The customer site is visited, in person, 1-2 times per year proactively to maintain the lines (hardware\/software).<\/p>\n\n\n\n<ul class=\"wp-block-list\"><li><strong><mark style=\"background-color:rgba(0, 0, 0, 0)\" class=\"has-inline-color has-cerulean-red-color\">Der beste Weg, mit einem Problem umzugehen, ist, es zu verhindern<\/mark><\/strong><br>Pr\u00e4ventative Wartung ist Wartung, die regelm\u00e4\u00dfig an einem Ger\u00e4t durchgef\u00fchrt wird, um die Wahrscheinlichkeit eines Ausfalls zu verringern. Sie wird durchgef\u00fchrt, w\u00e4hrend das Ger\u00e4t noch in Betrieb ist, damit es nicht unerwartet ausf\u00e4llt.<\/li><li><strong><mark style=\"background-color:rgba(0, 0, 0, 0)\" class=\"has-inline-color has-cerulean-red-color\">Verf\u00fcgbarkeit sicherstellen<\/mark><\/strong><br>Erstellung von System-Backups, regelm\u00e4\u00dfiger Austausch von Verschlei\u00dfteilen, Reparaturen.<\/li><li><strong><mark style=\"background-color:rgba(0, 0, 0, 0)\" class=\"has-inline-color has-cerulean-red-color\">Leistung garantieren<\/mark><\/strong><br>Vorbeugende \u00dcberpr\u00fcfungen, Rekalibrierungen, Firmware-Updates.<\/li><li><strong><mark style=\"background-color:rgba(0, 0, 0, 0)\" class=\"has-inline-color has-cerulean-red-color\">Wartungskosten reduzieren<\/mark><\/strong><br>Kombinieren Sie diesen Service mit bereits geplanten Ausfallzeiten und verringern Sie das Risiko unerwarteter Ausfallzeiten. Service zum Stundensatz \u2013 bezahlen Sie f\u00fcr das, was Sie erhalten. Wir empfehlen, unseren pr\u00e4ventiven Wartungsservice vor Ort durchzuf\u00fchren. Unsere Au\u00dfendiensttechniker k\u00fcmmern sich um Ihre Produktionssysteme, w\u00e4hrend Sie sich auf Ihr Gesch\u00e4ft konzentrieren.<\/li><\/ul>\n\n\n\n<figure class=\"wp-block-image size-large\"><img loading=\"lazy\" decoding=\"async\" width=\"1200\" height=\"1200\" src=\"https:\/\/global.laetus.com\/wp-content\/uploads\/dam\/web-images\/service-support\/preventative-maintenance-graphic.jpg?w=1024\" alt=\"\" class=\"wp-image-571\" srcset=\"https:\/\/global.laetus.com\/wp-content\/uploads\/dam\/web-images\/service-support\/preventative-maintenance-graphic.jpg?w=1200&amp;resize=1200&amp;quality=80&amp;strip=all 1200w, https:\/\/global.laetus.com\/wp-content\/uploads\/dam\/web-images\/service-support\/preventative-maintenance-graphic.jpg?resize=150&amp;w=150&amp;quality=80&amp;strip=all 150w, https:\/\/global.laetus.com\/wp-content\/uploads\/dam\/web-images\/service-support\/preventative-maintenance-graphic.jpg?resize=300&amp;w=300&amp;quality=80&amp;strip=all 300w, https:\/\/global.laetus.com\/wp-content\/uploads\/dam\/web-images\/service-support\/preventative-maintenance-graphic.jpg?resize=768&amp;w=768&amp;quality=80&amp;strip=all 768w, https:\/\/global.laetus.com\/wp-content\/uploads\/dam\/web-images\/service-support\/preventative-maintenance-graphic.jpg?resize=1024&amp;w=1024&amp;quality=80&amp;strip=all 1024w, https:\/\/global.laetus.com\/wp-content\/uploads\/dam\/web-images\/service-support\/preventative-maintenance-graphic.jpg?resize=450&amp;w=450&amp;quality=80&amp;strip=all 450w, https:\/\/global.laetus.com\/wp-content\/uploads\/dam\/web-images\/service-support\/preventative-maintenance-graphic.jpg?resize=582&amp;w=582&amp;quality=80&amp;strip=all 582w, https:\/\/global.laetus.com\/wp-content\/uploads\/dam\/web-images\/service-support\/preventative-maintenance-graphic.jpg?resize=900&amp;w=900&amp;quality=80&amp;strip=all 900w, https:\/\/global.laetus.com\/wp-content\/uploads\/dam\/web-images\/service-support\/preventative-maintenance-graphic.jpg?resize=1164&amp;w=1164&amp;quality=80&amp;strip=all 1164w\" sizes=\"auto, (max-width: 1200px) 100vw, 1200px\" \/><\/figure>\n\n\n\n<p>Wenn Sie mehr \u00fcber den pr\u00e4ventiven Wartungsservice von Laetus erfahren m\u00f6chten, kontaktieren Sie uns bitte unter <a href=\"mailto:service@laetus.com\">service@laetus.com<\/a>.<\/p>\n","protected":false},"excerpt":{"rendered":"<p>Pr\u00e4ventive Wartung &#8211; Hardware Regelm\u00e4\u00dfige Wartung stellt die Leistung und Verf\u00fcgbarkeit Ihrer Daten sicher Unser pr\u00e4ventativer Wartungsdienst umfasst vorbeu- gende \u00dcberpr\u00fcfungen, Neukalibrierungen, Reparaturen, den Austausch von Verschlei\u00dfteilen, Firmware-Updates und weitere hardwarebezogene Eingriffe. The customer site is visited, in person, 1-2 times per year proactively to maintain the lines (hardware\/software). Der beste Weg, mit einem Problem<a class=\"moretag\" href=\"https:\/\/www.laetus.com\/de\/service-and-support\/preventative-maintenance\/hardware\/\">Lesen Sie mehr<\/a><\/p>\n","protected":false},"author":10,"featured_media":0,"parent":337,"menu_order":0,"comment_status":"closed","ping_status":"closed","template":"","meta":{"footnotes":""},"class_list":["post-345","page","type-page","status-publish","hentry"],"acf":[],"yoast_head":"<!-- This site is optimized with the Yoast SEO plugin v21.4 - https:\/\/yoast.com\/wordpress\/plugins\/seo\/ -->\n<title>Pr\u00e4ventive Wartung - Hardware - Laetus<\/title>\n<meta name=\"robots\" content=\"index, follow, max-snippet:-1, max-image-preview:large, max-video-preview:-1\" \/>\n<link rel=\"canonical\" href=\"https:\/\/www.laetus.com\/de\/service-and-support\/preventative-maintenance\/hardware\/\" \/>\n<meta property=\"og:locale\" content=\"de-DE\" \/>\n<meta property=\"og:type\" content=\"article\" \/>\n<meta property=\"og:title\" content=\"Pr\u00e4ventive Wartung - Hardware - Laetus\" \/>\n<meta property=\"og:description\" content=\"Pr\u00e4ventive Wartung &#8211; Hardware Regelm\u00e4\u00dfige Wartung stellt die Leistung und Verf\u00fcgbarkeit Ihrer Daten sicher Unser pr\u00e4ventativer Wartungsdienst umfasst vorbeu- gende \u00dcberpr\u00fcfungen, Neukalibrierungen, Reparaturen, den Austausch von Verschlei\u00dfteilen, Firmware-Updates und weitere hardwarebezogene Eingriffe. The customer site is visited, in person, 1-2 times per year proactively to maintain the lines (hardware\/software). Der beste Weg, mit einem ProblemLesen Sie mehr\" \/>\n<meta property=\"og:url\" content=\"https:\/\/www.laetus.com\/de\/service-and-support\/preventative-maintenance\/hardware\/\" \/>\n<meta property=\"og:site_name\" content=\"Laetus\" \/>\n<meta property=\"article:modified_time\" content=\"2022-04-21T15:28:51+00:00\" \/>\n<meta property=\"og:image\" content=\"https:\/\/global.laetus.com\/wp-content\/uploads\/dam\/web-images\/service-support\/head-banner\/preventative-maintenance-hardware-banner-1440x471-en.jpg?w=1024\" \/>\n<meta name=\"twitter:card\" content=\"summary_large_image\" \/>\n<meta name=\"twitter:label1\" content=\"Est. reading time\" \/>\n\t<meta name=\"twitter:data1\" content=\"2 minutes\" \/>\n<script type=\"application\/ld+json\" class=\"yoast-schema-graph\">{\"@context\":\"https:\/\/schema.org\",\"@graph\":[{\"@type\":\"WebPage\",\"@id\":\"https:\/\/www.laetus.com\/de\/service-and-support\/preventative-maintenance\/hardware\/\",\"url\":\"https:\/\/www.laetus.com\/de\/service-and-support\/preventative-maintenance\/hardware\/\",\"name\":\"Pr\u00e4ventive Wartung - Hardware - Laetus\",\"isPartOf\":{\"@id\":\"https:\/\/www.laetus.com\/de\/#website\"},\"datePublished\":\"2022-02-28T13:04:27+00:00\",\"dateModified\":\"2022-04-21T15:28:51+00:00\",\"breadcrumb\":{\"@id\":\"https:\/\/www.laetus.com\/de\/service-and-support\/preventative-maintenance\/hardware\/#breadcrumb\"},\"inLanguage\":\"de-DE\",\"potentialAction\":[{\"@type\":\"ReadAction\",\"target\":[\"https:\/\/www.laetus.com\/de\/service-and-support\/preventative-maintenance\/hardware\/\"]}]},{\"@type\":\"BreadcrumbList\",\"@id\":\"https:\/\/www.laetus.com\/de\/service-and-support\/preventative-maintenance\/hardware\/#breadcrumb\",\"itemListElement\":[{\"@type\":\"ListItem\",\"position\":1,\"name\":\"Service and Support\",\"item\":\"https:\/\/www.laetus.com\/de\/service-and-support\/\"},{\"@type\":\"ListItem\",\"position\":2,\"name\":\"Pr\u00e4ventive Wartung\",\"item\":\"https:\/\/www.laetus.com\/de\/service-and-support\/preventative-maintenance\/\"},{\"@type\":\"ListItem\",\"position\":3,\"name\":\"Pr\u00e4ventive Wartung &#8211; Hardware\"}]},{\"@type\":\"WebSite\",\"@id\":\"https:\/\/www.laetus.com\/de\/#website\",\"url\":\"https:\/\/www.laetus.com\/de\/\",\"name\":\"Laetus\",\"description\":\"Laetus\",\"alternateName\":\"Laetus\",\"potentialAction\":[{\"@type\":\"SearchAction\",\"target\":{\"@type\":\"EntryPoint\",\"urlTemplate\":\"https:\/\/www.laetus.com\/de\/?s={search_term_string}\"},\"query-input\":\"required name=search_term_string\"}],\"inLanguage\":\"de-DE\"}]}<\/script>\n<!-- \/ Yoast SEO plugin. -->","yoast_head_json":{"title":"Pr\u00e4ventive Wartung - Hardware - Laetus","robots":{"index":"index","follow":"follow","max-snippet":"max-snippet:-1","max-image-preview":"max-image-preview:large","max-video-preview":"max-video-preview:-1"},"canonical":"https:\/\/www.laetus.com\/de\/service-and-support\/preventative-maintenance\/hardware\/","og_locale":"de-DE","og_type":"article","og_title":"Pr\u00e4ventive Wartung - Hardware - Laetus","og_description":"Pr\u00e4ventive Wartung &#8211; Hardware Regelm\u00e4\u00dfige Wartung stellt die Leistung und Verf\u00fcgbarkeit Ihrer Daten sicher Unser pr\u00e4ventativer Wartungsdienst umfasst vorbeu- gende \u00dcberpr\u00fcfungen, Neukalibrierungen, Reparaturen, den Austausch von Verschlei\u00dfteilen, Firmware-Updates und weitere hardwarebezogene Eingriffe. The customer site is visited, in person, 1-2 times per year proactively to maintain the lines (hardware\/software). Der beste Weg, mit einem ProblemLesen Sie mehr","og_url":"https:\/\/www.laetus.com\/de\/service-and-support\/preventative-maintenance\/hardware\/","og_site_name":"Laetus","article_modified_time":"2022-04-21T15:28:51+00:00","og_image":[{"url":"https:\/\/global.laetus.com\/wp-content\/uploads\/dam\/web-images\/service-support\/head-banner\/preventative-maintenance-hardware-banner-1440x471-en.jpg?w=1024"}],"twitter_card":"summary_large_image","twitter_misc":{"Est. reading time":"2 minutes"},"schema":{"@context":"https:\/\/schema.org","@graph":[{"@type":"WebPage","@id":"https:\/\/www.laetus.com\/de\/service-and-support\/preventative-maintenance\/hardware\/","url":"https:\/\/www.laetus.com\/de\/service-and-support\/preventative-maintenance\/hardware\/","name":"Pr\u00e4ventive Wartung - Hardware - Laetus","isPartOf":{"@id":"https:\/\/www.laetus.com\/de\/#website"},"datePublished":"2022-02-28T13:04:27+00:00","dateModified":"2022-04-21T15:28:51+00:00","breadcrumb":{"@id":"https:\/\/www.laetus.com\/de\/service-and-support\/preventative-maintenance\/hardware\/#breadcrumb"},"inLanguage":"de-DE","potentialAction":[{"@type":"ReadAction","target":["https:\/\/www.laetus.com\/de\/service-and-support\/preventative-maintenance\/hardware\/"]}]},{"@type":"BreadcrumbList","@id":"https:\/\/www.laetus.com\/de\/service-and-support\/preventative-maintenance\/hardware\/#breadcrumb","itemListElement":[{"@type":"ListItem","position":1,"name":"Service and Support","item":"https:\/\/www.laetus.com\/de\/service-and-support\/"},{"@type":"ListItem","position":2,"name":"Pr\u00e4ventive Wartung","item":"https:\/\/www.laetus.com\/de\/service-and-support\/preventative-maintenance\/"},{"@type":"ListItem","position":3,"name":"Pr\u00e4ventive Wartung &#8211; Hardware"}]},{"@type":"WebSite","@id":"https:\/\/www.laetus.com\/de\/#website","url":"https:\/\/www.laetus.com\/de\/","name":"Laetus","description":"Laetus","alternateName":"Laetus","potentialAction":[{"@type":"SearchAction","target":{"@type":"EntryPoint","urlTemplate":"https:\/\/www.laetus.com\/de\/?s={search_term_string}"},"query-input":"required name=search_term_string"}],"inLanguage":"de-DE"}]}},"jetpack_sharing_enabled":true,"_links":{"self":[{"href":"https:\/\/www.laetus.com\/de\/wp-json\/wp\/v2\/pages\/345","targetHints":{"allow":["GET"]}}],"collection":[{"href":"https:\/\/www.laetus.com\/de\/wp-json\/wp\/v2\/pages"}],"about":[{"href":"https:\/\/www.laetus.com\/de\/wp-json\/wp\/v2\/types\/page"}],"author":[{"embeddable":true,"href":"https:\/\/www.laetus.com\/de\/wp-json\/wp\/v2\/users\/10"}],"replies":[{"embeddable":true,"href":"https:\/\/www.laetus.com\/de\/wp-json\/wp\/v2\/comments?post=345"}],"version-history":[{"count":2,"href":"https:\/\/www.laetus.com\/de\/wp-json\/wp\/v2\/pages\/345\/revisions"}],"predecessor-version":[{"id":1675,"href":"https:\/\/www.laetus.com\/de\/wp-json\/wp\/v2\/pages\/345\/revisions\/1675"}],"up":[{"embeddable":true,"href":"https:\/\/www.laetus.com\/de\/wp-json\/wp\/v2\/pages\/337"}],"wp:attachment":[{"href":"https:\/\/www.laetus.com\/de\/wp-json\/wp\/v2\/media?parent=345"}],"curies":[{"name":"wp","href":"https:\/\/api.w.org\/{rel}","templated":true}]}}