{"id":350,"date":"2022-02-28T13:15:35","date_gmt":"2022-02-28T13:15:35","guid":{"rendered":"https:\/\/www.laetus.com\/en\/?page_id=350"},"modified":"2022-04-21T15:30:15","modified_gmt":"2022-04-21T15:30:15","slug":"database","status":"publish","type":"page","link":"https:\/\/www.laetus.com\/de\/service-and-support\/preventative-maintenance\/database\/","title":{"rendered":"Pr\u00e4ventive Wartung &#8211; Database"},"content":{"rendered":"\n<figure class=\"wp-block-image alignfull size-large\"><img loading=\"lazy\" decoding=\"async\" width=\"1440\" height=\"471\" src=\"https:\/\/global.laetus.com\/wp-content\/uploads\/dam\/web-images\/service-support\/head-banner\/preventative-maintenence-database-banner-1440x471-en.jpg?w=1024\" alt=\"\" class=\"wp-image-552\" srcset=\"https:\/\/global.laetus.com\/wp-content\/uploads\/dam\/web-images\/service-support\/head-banner\/preventative-maintenence-database-banner-1440x471-en.jpg?w=1440&amp;resize=1440&amp;quality=80&amp;strip=all 1440w, https:\/\/global.laetus.com\/wp-content\/uploads\/dam\/web-images\/service-support\/head-banner\/preventative-maintenence-database-banner-1440x471-en.jpg?resize=300&amp;w=300&amp;quality=80&amp;strip=all 300w, https:\/\/global.laetus.com\/wp-content\/uploads\/dam\/web-images\/service-support\/head-banner\/preventative-maintenence-database-banner-1440x471-en.jpg?resize=768&amp;w=768&amp;quality=80&amp;strip=all 768w, https:\/\/global.laetus.com\/wp-content\/uploads\/dam\/web-images\/service-support\/head-banner\/preventative-maintenence-database-banner-1440x471-en.jpg?resize=1024&amp;w=1024&amp;quality=80&amp;strip=all 1024w, https:\/\/global.laetus.com\/wp-content\/uploads\/dam\/web-images\/service-support\/head-banner\/preventative-maintenence-database-banner-1440x471-en.jpg?resize=450&amp;w=450&amp;quality=80&amp;strip=all 450w, https:\/\/global.laetus.com\/wp-content\/uploads\/dam\/web-images\/service-support\/head-banner\/preventative-maintenence-database-banner-1440x471-en.jpg?resize=582&amp;w=582&amp;quality=80&amp;strip=all 582w, https:\/\/global.laetus.com\/wp-content\/uploads\/dam\/web-images\/service-support\/head-banner\/preventative-maintenence-database-banner-1440x471-en.jpg?resize=900&amp;w=900&amp;quality=80&amp;strip=all 900w, https:\/\/global.laetus.com\/wp-content\/uploads\/dam\/web-images\/service-support\/head-banner\/preventative-maintenence-database-banner-1440x471-en.jpg?resize=1164&amp;w=1164&amp;quality=80&amp;strip=all 1164w\" sizes=\"auto, (max-width: 1440px) 100vw, 1440px\" \/><\/figure>\n\n\n<div class=\"lt-group-wrap\" id=\"lt-blocks-group-69dea8fc21ad9\"> \n<div class=\"wp-block-group alignfull has-cerulean-red-background-color has-background is-layout-flow wp-block-group-is-layout-flow\">\n<h1 class=\"has-text-align-center has-theme-white-color has-text-color has-h-2-font-size wp-block-heading\" id=\"preventative-maintenance-database\">Pr\u00e4ventive Wartung &#8211; Database<\/h1>\n<\/div>\n\n\t\t<style>\n\t\t\t#lt-blocks-group-69dea8fc21ad9 {\n\t\t\t\t\t\t\twidth: auto;\n\t\t\t}\n\t\t\t#lt-blocks-group-69dea8fc21ad9 > .wp-block-group {\n\t\t\tpadding-top: 15px;padding-right: 0px;padding-bottom: 15px;padding-left: 0px;\t\t\t}\n\n\t\t\t@media print, screen and ( max-width: 767px ) {\n\t\t\t\t#lt-blocks-group-69dea8fc21ad9 {\n\t\t\t\t\t\t\t\t}\n\t\t\t\t#lt-blocks-group-69dea8fc21ad9 > .wp-block-group {\n\t\t\t\t\t\t\t\t}\n\t\t\t}\n\t\t\t#lt-blocks-group-69dea8fc21ad9 > .wp-block-group > * {\n\t\t\t\t\t\t\t\t\t\t\t}\n\n\t\t<\/style>\n\n\t\t <\/div>\n\n\n<div style=\"height:40px\" aria-hidden=\"true\" class=\"wp-block-spacer\"><\/div>\n\n\n\n<h3 class=\"wp-block-heading\" id=\"regular-database-maintenance-ensures-performance-availability-of-your-data\" style=\"font-style:normal;font-weight:500\">Regelm\u00e4\u00dfige Datenbankpflege gew\u00e4hrleistet die Leistung und Verf\u00fcgbarkeit Ihrer Daten<\/h3>\n\n\n\n<p>Ihre Daten sind essenziell, sie sind die Grundlage f\u00fcr alle Arten von Planung und Forschung. Laetus sorgt daf\u00fcr, dass Ihre Daten sicher, fehlerfrei und schnell verf\u00fcgbar sind. Mit unserem Datenbank-Wartungsplan bieten wir eine Reihe spezifischer, proaktiver Aufgaben an, um eine angemessene Leistung und Verf\u00fcgbarkeit Ihrer Datenbank sicherzustellen.<\/p>\n\n\n\n<p>Unser Datenbank-Wartungsservice f\u00fcr Datenbank- und Anwendungsparameter umfasst standardm\u00e4\u00dfig folgende Leistungen:<\/p>\n\n\n\n<ul class=\"wp-block-list\"><li><strong><mark style=\"background-color:rgba(0, 0, 0, 0)\" class=\"has-inline-color has-cerulean-red-color\">Verf\u00fcgbarkeit sicherstellen<\/mark><\/strong><br>Wir bauen die Indizierung \u2013 falls erforderlich \u2013 w\u00e4hrend eines Produktionsstopps wieder auf, um eine hohe Systemverf\u00fcgbarkeit zu gew\u00e4hrleisten.<\/li><li><strong><mark style=\"background-color:rgba(0, 0, 0, 0)\" class=\"has-inline-color has-cerulean-red-color\">Leistung garantieren<\/mark><\/strong><br>Die regelm\u00e4\u00dfige Archivierung von LOG-Dateien und die \u00dcberpr\u00fcfung der Fragmentierung der SQL- Umgebung w\u00e4hrend der Produktion sichert eine konstante Leistung.<\/li><li><strong><mark style=\"background-color:rgba(0, 0, 0, 0)\" class=\"has-inline-color has-cerulean-red-color\">Zuverl\u00e4ssigkeit bieten<\/mark><\/strong><br>H\u00e4ufige \u00dcberpr\u00fcfung aller notwendigen Datenbank- und Anwendungsparameter, der Festplattenkapazit\u00e4t und des Speicherverbrauchs, um unn\u00f6tige Ausfallzeiten zu vermeiden.<\/li><\/ul>\n\n\n\n<p>Unser engagiertes Team aus DBA-Experten k\u00fcmmert sich um Ihre Datenbank, w\u00e4hrend Sie sich auf Ihr Gesch\u00e4ft konzentrieren. Wir empfehlen eine Fernwartung von Datenbanken zweimal pro Jahr durchzuf\u00fchren. Lassen Sie uns Ihre Datenbanken versorgen damit Sie sich gegen Ihre Konkurrenten behaupten und Kosten, Zeit, Personal, Aufwand und Geld sparen k\u00f6nnen.<\/p>\n\n\n\n<p>Wenn Sie mehr \u00fcber den pr\u00e4ventiven Wartungsservice von Laetus erfahren m\u00f6chten, kontaktieren Sie uns bitte unter\u00a0<a href=\"mailto:service@laetus.com\">service@laetus.com<\/a>.<\/p>\n","protected":false},"excerpt":{"rendered":"<p>Pr\u00e4ventive Wartung &#8211; Database Regelm\u00e4\u00dfige Datenbankpflege gew\u00e4hrleistet die Leistung und Verf\u00fcgbarkeit Ihrer Daten Ihre Daten sind essenziell, sie sind die Grundlage f\u00fcr alle Arten von Planung und Forschung. Laetus sorgt daf\u00fcr, dass Ihre Daten sicher, fehlerfrei und schnell verf\u00fcgbar sind. Mit unserem Datenbank-Wartungsplan bieten wir eine Reihe spezifischer, proaktiver Aufgaben an, um eine angemessene Leistung<a class=\"moretag\" href=\"https:\/\/www.laetus.com\/de\/service-and-support\/preventative-maintenance\/database\/\">Lesen Sie mehr<\/a><\/p>\n","protected":false},"author":10,"featured_media":0,"parent":337,"menu_order":0,"comment_status":"closed","ping_status":"closed","template":"","meta":{"footnotes":""},"class_list":["post-350","page","type-page","status-publish","hentry"],"acf":[],"yoast_head":"<!-- This site is optimized with the Yoast SEO plugin v21.4 - https:\/\/yoast.com\/wordpress\/plugins\/seo\/ -->\n<title>Pr\u00e4ventive Wartung - Database - Laetus<\/title>\n<meta name=\"robots\" content=\"index, follow, max-snippet:-1, max-image-preview:large, max-video-preview:-1\" \/>\n<link rel=\"canonical\" href=\"https:\/\/www.laetus.com\/de\/service-and-support\/preventative-maintenance\/database\/\" \/>\n<meta property=\"og:locale\" content=\"de-DE\" \/>\n<meta property=\"og:type\" content=\"article\" \/>\n<meta property=\"og:title\" content=\"Pr\u00e4ventive Wartung - Database - Laetus\" \/>\n<meta property=\"og:description\" content=\"Pr\u00e4ventive Wartung &#8211; Database Regelm\u00e4\u00dfige Datenbankpflege gew\u00e4hrleistet die Leistung und Verf\u00fcgbarkeit Ihrer Daten Ihre Daten sind essenziell, sie sind die Grundlage f\u00fcr alle Arten von Planung und Forschung. Laetus sorgt daf\u00fcr, dass Ihre Daten sicher, fehlerfrei und schnell verf\u00fcgbar sind. Mit unserem Datenbank-Wartungsplan bieten wir eine Reihe spezifischer, proaktiver Aufgaben an, um eine angemessene LeistungLesen Sie mehr\" \/>\n<meta property=\"og:url\" content=\"https:\/\/www.laetus.com\/de\/service-and-support\/preventative-maintenance\/database\/\" \/>\n<meta property=\"og:site_name\" content=\"Laetus\" \/>\n<meta property=\"article:modified_time\" content=\"2022-04-21T15:30:15+00:00\" \/>\n<meta property=\"og:image\" content=\"https:\/\/global.laetus.com\/wp-content\/uploads\/dam\/web-images\/service-support\/head-banner\/preventative-maintenence-database-banner-1440x471-en.jpg?w=1024\" \/>\n<meta name=\"twitter:card\" content=\"summary_large_image\" \/>\n<meta name=\"twitter:label1\" content=\"Est. reading time\" \/>\n\t<meta name=\"twitter:data1\" content=\"2 minutes\" \/>\n<script type=\"application\/ld+json\" class=\"yoast-schema-graph\">{\"@context\":\"https:\/\/schema.org\",\"@graph\":[{\"@type\":\"WebPage\",\"@id\":\"https:\/\/www.laetus.com\/de\/service-and-support\/preventative-maintenance\/database\/\",\"url\":\"https:\/\/www.laetus.com\/de\/service-and-support\/preventative-maintenance\/database\/\",\"name\":\"Pr\u00e4ventive Wartung - Database - Laetus\",\"isPartOf\":{\"@id\":\"https:\/\/www.laetus.com\/de\/#website\"},\"datePublished\":\"2022-02-28T13:15:35+00:00\",\"dateModified\":\"2022-04-21T15:30:15+00:00\",\"breadcrumb\":{\"@id\":\"https:\/\/www.laetus.com\/de\/service-and-support\/preventative-maintenance\/database\/#breadcrumb\"},\"inLanguage\":\"de-DE\",\"potentialAction\":[{\"@type\":\"ReadAction\",\"target\":[\"https:\/\/www.laetus.com\/de\/service-and-support\/preventative-maintenance\/database\/\"]}]},{\"@type\":\"BreadcrumbList\",\"@id\":\"https:\/\/www.laetus.com\/de\/service-and-support\/preventative-maintenance\/database\/#breadcrumb\",\"itemListElement\":[{\"@type\":\"ListItem\",\"position\":1,\"name\":\"Service and Support\",\"item\":\"https:\/\/www.laetus.com\/de\/service-and-support\/\"},{\"@type\":\"ListItem\",\"position\":2,\"name\":\"Pr\u00e4ventive Wartung\",\"item\":\"https:\/\/www.laetus.com\/de\/service-and-support\/preventative-maintenance\/\"},{\"@type\":\"ListItem\",\"position\":3,\"name\":\"Pr\u00e4ventive Wartung &#8211; Database\"}]},{\"@type\":\"WebSite\",\"@id\":\"https:\/\/www.laetus.com\/de\/#website\",\"url\":\"https:\/\/www.laetus.com\/de\/\",\"name\":\"Laetus\",\"description\":\"Laetus\",\"alternateName\":\"Laetus\",\"potentialAction\":[{\"@type\":\"SearchAction\",\"target\":{\"@type\":\"EntryPoint\",\"urlTemplate\":\"https:\/\/www.laetus.com\/de\/?s={search_term_string}\"},\"query-input\":\"required name=search_term_string\"}],\"inLanguage\":\"de-DE\"}]}<\/script>\n<!-- \/ Yoast SEO plugin. -->","yoast_head_json":{"title":"Pr\u00e4ventive Wartung - Database - Laetus","robots":{"index":"index","follow":"follow","max-snippet":"max-snippet:-1","max-image-preview":"max-image-preview:large","max-video-preview":"max-video-preview:-1"},"canonical":"https:\/\/www.laetus.com\/de\/service-and-support\/preventative-maintenance\/database\/","og_locale":"de-DE","og_type":"article","og_title":"Pr\u00e4ventive Wartung - Database - Laetus","og_description":"Pr\u00e4ventive Wartung &#8211; Database Regelm\u00e4\u00dfige Datenbankpflege gew\u00e4hrleistet die Leistung und Verf\u00fcgbarkeit Ihrer Daten Ihre Daten sind essenziell, sie sind die Grundlage f\u00fcr alle Arten von Planung und Forschung. Laetus sorgt daf\u00fcr, dass Ihre Daten sicher, fehlerfrei und schnell verf\u00fcgbar sind. Mit unserem Datenbank-Wartungsplan bieten wir eine Reihe spezifischer, proaktiver Aufgaben an, um eine angemessene LeistungLesen Sie mehr","og_url":"https:\/\/www.laetus.com\/de\/service-and-support\/preventative-maintenance\/database\/","og_site_name":"Laetus","article_modified_time":"2022-04-21T15:30:15+00:00","og_image":[{"url":"https:\/\/global.laetus.com\/wp-content\/uploads\/dam\/web-images\/service-support\/head-banner\/preventative-maintenence-database-banner-1440x471-en.jpg?w=1024"}],"twitter_card":"summary_large_image","twitter_misc":{"Est. reading time":"2 minutes"},"schema":{"@context":"https:\/\/schema.org","@graph":[{"@type":"WebPage","@id":"https:\/\/www.laetus.com\/de\/service-and-support\/preventative-maintenance\/database\/","url":"https:\/\/www.laetus.com\/de\/service-and-support\/preventative-maintenance\/database\/","name":"Pr\u00e4ventive Wartung - Database - Laetus","isPartOf":{"@id":"https:\/\/www.laetus.com\/de\/#website"},"datePublished":"2022-02-28T13:15:35+00:00","dateModified":"2022-04-21T15:30:15+00:00","breadcrumb":{"@id":"https:\/\/www.laetus.com\/de\/service-and-support\/preventative-maintenance\/database\/#breadcrumb"},"inLanguage":"de-DE","potentialAction":[{"@type":"ReadAction","target":["https:\/\/www.laetus.com\/de\/service-and-support\/preventative-maintenance\/database\/"]}]},{"@type":"BreadcrumbList","@id":"https:\/\/www.laetus.com\/de\/service-and-support\/preventative-maintenance\/database\/#breadcrumb","itemListElement":[{"@type":"ListItem","position":1,"name":"Service and Support","item":"https:\/\/www.laetus.com\/de\/service-and-support\/"},{"@type":"ListItem","position":2,"name":"Pr\u00e4ventive Wartung","item":"https:\/\/www.laetus.com\/de\/service-and-support\/preventative-maintenance\/"},{"@type":"ListItem","position":3,"name":"Pr\u00e4ventive Wartung &#8211; Database"}]},{"@type":"WebSite","@id":"https:\/\/www.laetus.com\/de\/#website","url":"https:\/\/www.laetus.com\/de\/","name":"Laetus","description":"Laetus","alternateName":"Laetus","potentialAction":[{"@type":"SearchAction","target":{"@type":"EntryPoint","urlTemplate":"https:\/\/www.laetus.com\/de\/?s={search_term_string}"},"query-input":"required name=search_term_string"}],"inLanguage":"de-DE"}]}},"jetpack_sharing_enabled":true,"_links":{"self":[{"href":"https:\/\/www.laetus.com\/de\/wp-json\/wp\/v2\/pages\/350","targetHints":{"allow":["GET"]}}],"collection":[{"href":"https:\/\/www.laetus.com\/de\/wp-json\/wp\/v2\/pages"}],"about":[{"href":"https:\/\/www.laetus.com\/de\/wp-json\/wp\/v2\/types\/page"}],"author":[{"embeddable":true,"href":"https:\/\/www.laetus.com\/de\/wp-json\/wp\/v2\/users\/10"}],"replies":[{"embeddable":true,"href":"https:\/\/www.laetus.com\/de\/wp-json\/wp\/v2\/comments?post=350"}],"version-history":[{"count":2,"href":"https:\/\/www.laetus.com\/de\/wp-json\/wp\/v2\/pages\/350\/revisions"}],"predecessor-version":[{"id":1677,"href":"https:\/\/www.laetus.com\/de\/wp-json\/wp\/v2\/pages\/350\/revisions\/1677"}],"up":[{"embeddable":true,"href":"https:\/\/www.laetus.com\/de\/wp-json\/wp\/v2\/pages\/337"}],"wp:attachment":[{"href":"https:\/\/www.laetus.com\/de\/wp-json\/wp\/v2\/media?parent=350"}],"curies":[{"name":"wp","href":"https:\/\/api.w.org\/{rel}","templated":true}]}}