{"id":354,"date":"2022-02-28T13:31:53","date_gmt":"2022-02-28T13:31:53","guid":{"rendered":"https:\/\/www.laetus.com\/en\/?page_id=354"},"modified":"2025-11-11T10:04:46","modified_gmt":"2025-11-11T10:04:46","slug":"hotline","status":"publish","type":"page","link":"https:\/\/www.laetus.com\/de\/service-and-support\/hotline\/","title":{"rendered":"Hotline"},"content":{"rendered":"\n<figure class=\"wp-block-image alignfull size-large\"><img loading=\"lazy\" decoding=\"async\" width=\"1440\" height=\"471\" src=\"https:\/\/global.laetus.com\/wp-content\/uploads\/dam\/web-images\/service-support\/head-banner\/hotline-banner-1440x471-en.jpg?w=1024\" alt=\"\" class=\"wp-image-546\" srcset=\"https:\/\/global.laetus.com\/wp-content\/uploads\/dam\/web-images\/service-support\/head-banner\/hotline-banner-1440x471-en.jpg?w=1440&amp;resize=1440&amp;quality=80&amp;strip=all 1440w, https:\/\/global.laetus.com\/wp-content\/uploads\/dam\/web-images\/service-support\/head-banner\/hotline-banner-1440x471-en.jpg?resize=300&amp;w=300&amp;quality=80&amp;strip=all 300w, https:\/\/global.laetus.com\/wp-content\/uploads\/dam\/web-images\/service-support\/head-banner\/hotline-banner-1440x471-en.jpg?resize=768&amp;w=768&amp;quality=80&amp;strip=all 768w, https:\/\/global.laetus.com\/wp-content\/uploads\/dam\/web-images\/service-support\/head-banner\/hotline-banner-1440x471-en.jpg?resize=1024&amp;w=1024&amp;quality=80&amp;strip=all 1024w, https:\/\/global.laetus.com\/wp-content\/uploads\/dam\/web-images\/service-support\/head-banner\/hotline-banner-1440x471-en.jpg?resize=450&amp;w=450&amp;quality=80&amp;strip=all 450w, https:\/\/global.laetus.com\/wp-content\/uploads\/dam\/web-images\/service-support\/head-banner\/hotline-banner-1440x471-en.jpg?resize=582&amp;w=582&amp;quality=80&amp;strip=all 582w, https:\/\/global.laetus.com\/wp-content\/uploads\/dam\/web-images\/service-support\/head-banner\/hotline-banner-1440x471-en.jpg?resize=900&amp;w=900&amp;quality=80&amp;strip=all 900w, https:\/\/global.laetus.com\/wp-content\/uploads\/dam\/web-images\/service-support\/head-banner\/hotline-banner-1440x471-en.jpg?resize=1164&amp;w=1164&amp;quality=80&amp;strip=all 1164w\" sizes=\"auto, (max-width: 1440px) 100vw, 1440px\" \/><\/figure>\n\n\n<div class=\"lt-group-wrap\" id=\"lt-blocks-group-69d287c0c4bc5\"> \n<div class=\"wp-block-group alignfull has-cerulean-red-background-color has-background is-layout-flow wp-block-group-is-layout-flow\">\n<h1 class=\"wp-block-heading has-text-align-center has-theme-white-color has-text-color has-h-2-font-size\" id=\"hotline\">Hotline<\/h1>\n<\/div>\n\n\t\t<style>\n\t\t\t#lt-blocks-group-69d287c0c4bc5 {\n\t\t\t\t\t\t\twidth: auto;\n\t\t\t}\n\t\t\t#lt-blocks-group-69d287c0c4bc5 > .wp-block-group {\n\t\t\tpadding-top: 15px;padding-right: 0px;padding-bottom: 15px;padding-left: 0px;\t\t\t}\n\n\t\t\t@media print, screen and ( max-width: 767px ) {\n\t\t\t\t#lt-blocks-group-69d287c0c4bc5 {\n\t\t\t\t\t\t\t\t}\n\t\t\t\t#lt-blocks-group-69d287c0c4bc5 > .wp-block-group {\n\t\t\t\t\t\t\t\t}\n\t\t\t}\n\t\t\t#lt-blocks-group-69d287c0c4bc5 > .wp-block-group > * {\n\t\t\t\t\t\t\t\t\t\t\t}\n\n\t\t<\/style>\n\n\t\t <\/div>\n\n\n<div style=\"height:40px\" aria-hidden=\"true\" class=\"wp-block-spacer\"><\/div>\n\n\n\n<div class=\"wp-block-columns is-layout-flex wp-container-core-columns-is-layout-28f84493 wp-block-columns-is-layout-flex\">\n<div class=\"wp-block-column is-layout-flow wp-block-column-is-layout-flow\" style=\"flex-basis:65%\">\n<p class=\"has-vivid-red-color has-text-color\"><strong>Bei Problemen hilft Ihnen unser Service-Team gerne weiter!<\/strong><\/p>\n\n\n\n<p>Bitte kontaktieren Sie uns unter unserer Hotline nachdem Sie <a href=\"https:\/\/global.laetus.com\/wp-content\/uploads\/dam\/web-pdf\/de\/incident-form-v1-10-22-DE.pdf\">dieses Formular<\/a> ausgef\u00fcllt haben:<br>Telefon: 06251 97517 113 oder E-Mail: <a href=\"mailto:hotline@laetus.com\">hotline@laetus.com<\/a><\/p>\n\n\n\n<p>Zus\u00e4tzlich haben unsere Kunden mit SLA (Service Level Agreement) auch die M\u00f6glickeit uns ganz bequem \u00fcber das Support Portal zu erreichen:<\/p>\n\n\n\n<p><a href=\"https:\/\/support.laetus.com\/\" target=\"_blank\" rel=\"noreferrer noopener\"><strong>https:\/\/support.laetus.com\/<\/strong><\/a><\/p>\n<\/div>\n\n\n\n<div class=\"wp-block-column is-layout-flow wp-block-column-is-layout-flow\" style=\"flex-basis:35%\">\n<figure class=\"wp-block-image size-large\"><img decoding=\"async\" src=\"https:\/\/global.laetus.com\/wp-content\/uploads\/dam\/web-images\/service-support\/hotline-blog-image-550x359-en.jpg\" alt=\"\"\/><\/figure>\n<\/div>\n<\/div>\n\n\n\n<hr class=\"wp-block-separator has-text-color has-light-gray-color has-css-opacity has-light-gray-background-color has-background is-style-wide\"\/>\n\n\n\n<h4 class=\"wp-block-heading\" id=\"remote-assistance\" style=\"font-style:normal;font-weight:500\">Remote Assistenz<\/h4>\n\n\n\n<p>Wir helfen schnell und unkompliziert, indem wir remote auf Ihr System zugreifen. Nehmen Sie mit uns Kontakt auf und folgen Sie dann den Anweisungen durch unser Fachpersonal.<\/p>\n\n\n\n<div class=\"wp-block-columns is-layout-flex wp-container-core-columns-is-layout-28f84493 wp-block-columns-is-layout-flex\">\n<div class=\"wp-block-column is-layout-flow wp-block-column-is-layout-flow\">\n<figure class=\"wp-block-image size-large\"><a href=\"https:\/\/get.teamviewer.com\/v15\/laetus_password\"><img loading=\"lazy\" decoding=\"async\" width=\"239\" height=\"63\" src=\"https:\/\/global.laetus.com\/wp-content\/uploads\/dam\/web-images\/service-support\/hotline-link1.png?w=239\" alt=\"\" class=\"wp-image-567\"\/><\/a><\/figure>\n<\/div>\n\n\n\n<div class=\"wp-block-column is-layout-flow wp-block-column-is-layout-flow\">\n<figure class=\"wp-block-image size-large\"><a href=\"https:\/\/get.teamviewer.com\/v15\/laetus\"><img loading=\"lazy\" decoding=\"async\" width=\"239\" height=\"63\" src=\"https:\/\/global.laetus.com\/wp-content\/uploads\/dam\/web-images\/service-support\/hotline-link2.png?w=239\" alt=\"\" class=\"wp-image-569\"\/><\/a><\/figure>\n<\/div>\n<\/div>\n\n\n\n<div class=\"wp-block-columns is-layout-flex wp-container-core-columns-is-layout-28f84493 wp-block-columns-is-layout-flex\">\n<div class=\"wp-block-column is-layout-flow wp-block-column-is-layout-flow\"><\/div>\n\n\n\n<div class=\"wp-block-column is-layout-flow wp-block-column-is-layout-flow\"><\/div>\n<\/div>\n\n\n\n<p><\/p>\n","protected":false},"excerpt":{"rendered":"<p>Hotline Bei Problemen hilft Ihnen unser Service-Team gerne weiter! Bitte kontaktieren Sie uns unter unserer Hotline nachdem Sie dieses Formular ausgef\u00fcllt haben:Telefon: 06251 97517 113 oder E-Mail: hotline@laetus.com Zus\u00e4tzlich haben unsere Kunden mit SLA (Service Level Agreement) auch die M\u00f6glickeit uns ganz bequem \u00fcber das Support Portal zu erreichen: https:\/\/support.laetus.com\/ Remote Assistenz Wir helfen schnell<a class=\"moretag\" href=\"https:\/\/www.laetus.com\/de\/service-and-support\/hotline\/\">Lesen Sie mehr<\/a><\/p>\n","protected":false},"author":10,"featured_media":0,"parent":286,"menu_order":0,"comment_status":"closed","ping_status":"closed","template":"","meta":{"footnotes":""},"class_list":["post-354","page","type-page","status-publish","hentry"],"acf":[],"yoast_head":"<!-- This site is optimized with the Yoast SEO plugin v21.4 - https:\/\/yoast.com\/wordpress\/plugins\/seo\/ -->\n<title>Hotline - Laetus<\/title>\n<meta name=\"robots\" content=\"index, follow, max-snippet:-1, max-image-preview:large, max-video-preview:-1\" \/>\n<link rel=\"canonical\" href=\"https:\/\/www.laetus.com\/de\/service-and-support\/hotline\/\" \/>\n<meta property=\"og:locale\" content=\"de-DE\" \/>\n<meta property=\"og:type\" content=\"article\" \/>\n<meta property=\"og:title\" content=\"Hotline - Laetus\" \/>\n<meta property=\"og:description\" content=\"Hotline Bei Problemen hilft Ihnen unser Service-Team gerne weiter! Bitte kontaktieren Sie uns unter unserer Hotline nachdem Sie dieses Formular ausgef\u00fcllt haben:Telefon: 06251 97517 113 oder E-Mail: hotline@laetus.com Zus\u00e4tzlich haben unsere Kunden mit SLA (Service Level Agreement) auch die M\u00f6glickeit uns ganz bequem \u00fcber das Support Portal zu erreichen: https:\/\/support.laetus.com\/ Remote Assistenz Wir helfen schnellLesen Sie mehr\" \/>\n<meta property=\"og:url\" content=\"https:\/\/www.laetus.com\/de\/service-and-support\/hotline\/\" \/>\n<meta property=\"og:site_name\" content=\"Laetus\" \/>\n<meta property=\"article:modified_time\" content=\"2025-11-11T10:04:46+00:00\" \/>\n<meta property=\"og:image\" content=\"https:\/\/global.laetus.com\/wp-content\/uploads\/dam\/web-images\/service-support\/head-banner\/hotline-banner-1440x471-en.jpg?w=1024\" \/>\n<meta name=\"twitter:card\" content=\"summary_large_image\" \/>\n<meta name=\"twitter:label1\" content=\"Est. reading time\" \/>\n\t<meta name=\"twitter:data1\" content=\"2 minutes\" \/>\n<script type=\"application\/ld+json\" class=\"yoast-schema-graph\">{\"@context\":\"https:\/\/schema.org\",\"@graph\":[{\"@type\":\"WebPage\",\"@id\":\"https:\/\/www.laetus.com\/de\/service-and-support\/hotline\/\",\"url\":\"https:\/\/www.laetus.com\/de\/service-and-support\/hotline\/\",\"name\":\"Hotline - Laetus\",\"isPartOf\":{\"@id\":\"https:\/\/www.laetus.com\/de\/#website\"},\"datePublished\":\"2022-02-28T13:31:53+00:00\",\"dateModified\":\"2025-11-11T10:04:46+00:00\",\"breadcrumb\":{\"@id\":\"https:\/\/www.laetus.com\/de\/service-and-support\/hotline\/#breadcrumb\"},\"inLanguage\":\"de-DE\",\"potentialAction\":[{\"@type\":\"ReadAction\",\"target\":[\"https:\/\/www.laetus.com\/de\/service-and-support\/hotline\/\"]}]},{\"@type\":\"BreadcrumbList\",\"@id\":\"https:\/\/www.laetus.com\/de\/service-and-support\/hotline\/#breadcrumb\",\"itemListElement\":[{\"@type\":\"ListItem\",\"position\":1,\"name\":\"Service and Support\",\"item\":\"https:\/\/www.laetus.com\/de\/service-and-support\/\"},{\"@type\":\"ListItem\",\"position\":2,\"name\":\"Hotline\"}]},{\"@type\":\"WebSite\",\"@id\":\"https:\/\/www.laetus.com\/de\/#website\",\"url\":\"https:\/\/www.laetus.com\/de\/\",\"name\":\"Laetus\",\"description\":\"Laetus\",\"alternateName\":\"Laetus\",\"potentialAction\":[{\"@type\":\"SearchAction\",\"target\":{\"@type\":\"EntryPoint\",\"urlTemplate\":\"https:\/\/www.laetus.com\/de\/?s={search_term_string}\"},\"query-input\":\"required name=search_term_string\"}],\"inLanguage\":\"de-DE\"}]}<\/script>\n<!-- \/ Yoast SEO plugin. -->","yoast_head_json":{"title":"Hotline - Laetus","robots":{"index":"index","follow":"follow","max-snippet":"max-snippet:-1","max-image-preview":"max-image-preview:large","max-video-preview":"max-video-preview:-1"},"canonical":"https:\/\/www.laetus.com\/de\/service-and-support\/hotline\/","og_locale":"de-DE","og_type":"article","og_title":"Hotline - Laetus","og_description":"Hotline Bei Problemen hilft Ihnen unser Service-Team gerne weiter! Bitte kontaktieren Sie uns unter unserer Hotline nachdem Sie dieses Formular ausgef\u00fcllt haben:Telefon: 06251 97517 113 oder E-Mail: hotline@laetus.com Zus\u00e4tzlich haben unsere Kunden mit SLA (Service Level Agreement) auch die M\u00f6glickeit uns ganz bequem \u00fcber das Support Portal zu erreichen: https:\/\/support.laetus.com\/ Remote Assistenz Wir helfen schnellLesen Sie mehr","og_url":"https:\/\/www.laetus.com\/de\/service-and-support\/hotline\/","og_site_name":"Laetus","article_modified_time":"2025-11-11T10:04:46+00:00","og_image":[{"url":"https:\/\/global.laetus.com\/wp-content\/uploads\/dam\/web-images\/service-support\/head-banner\/hotline-banner-1440x471-en.jpg?w=1024"}],"twitter_card":"summary_large_image","twitter_misc":{"Est. reading time":"2 minutes"},"schema":{"@context":"https:\/\/schema.org","@graph":[{"@type":"WebPage","@id":"https:\/\/www.laetus.com\/de\/service-and-support\/hotline\/","url":"https:\/\/www.laetus.com\/de\/service-and-support\/hotline\/","name":"Hotline - Laetus","isPartOf":{"@id":"https:\/\/www.laetus.com\/de\/#website"},"datePublished":"2022-02-28T13:31:53+00:00","dateModified":"2025-11-11T10:04:46+00:00","breadcrumb":{"@id":"https:\/\/www.laetus.com\/de\/service-and-support\/hotline\/#breadcrumb"},"inLanguage":"de-DE","potentialAction":[{"@type":"ReadAction","target":["https:\/\/www.laetus.com\/de\/service-and-support\/hotline\/"]}]},{"@type":"BreadcrumbList","@id":"https:\/\/www.laetus.com\/de\/service-and-support\/hotline\/#breadcrumb","itemListElement":[{"@type":"ListItem","position":1,"name":"Service and Support","item":"https:\/\/www.laetus.com\/de\/service-and-support\/"},{"@type":"ListItem","position":2,"name":"Hotline"}]},{"@type":"WebSite","@id":"https:\/\/www.laetus.com\/de\/#website","url":"https:\/\/www.laetus.com\/de\/","name":"Laetus","description":"Laetus","alternateName":"Laetus","potentialAction":[{"@type":"SearchAction","target":{"@type":"EntryPoint","urlTemplate":"https:\/\/www.laetus.com\/de\/?s={search_term_string}"},"query-input":"required name=search_term_string"}],"inLanguage":"de-DE"}]}},"jetpack_sharing_enabled":true,"_links":{"self":[{"href":"https:\/\/www.laetus.com\/de\/wp-json\/wp\/v2\/pages\/354","targetHints":{"allow":["GET"]}}],"collection":[{"href":"https:\/\/www.laetus.com\/de\/wp-json\/wp\/v2\/pages"}],"about":[{"href":"https:\/\/www.laetus.com\/de\/wp-json\/wp\/v2\/types\/page"}],"author":[{"embeddable":true,"href":"https:\/\/www.laetus.com\/de\/wp-json\/wp\/v2\/users\/10"}],"replies":[{"embeddable":true,"href":"https:\/\/www.laetus.com\/de\/wp-json\/wp\/v2\/comments?post=354"}],"version-history":[{"count":6,"href":"https:\/\/www.laetus.com\/de\/wp-json\/wp\/v2\/pages\/354\/revisions"}],"predecessor-version":[{"id":2802,"href":"https:\/\/www.laetus.com\/de\/wp-json\/wp\/v2\/pages\/354\/revisions\/2802"}],"up":[{"embeddable":true,"href":"https:\/\/www.laetus.com\/de\/wp-json\/wp\/v2\/pages\/286"}],"wp:attachment":[{"href":"https:\/\/www.laetus.com\/de\/wp-json\/wp\/v2\/media?parent=354"}],"curies":[{"name":"wp","href":"https:\/\/api.w.org\/{rel}","templated":true}]}}