{"id":362,"date":"2022-02-28T13:36:21","date_gmt":"2022-02-28T13:36:21","guid":{"rendered":"https:\/\/www.laetus.com\/en\/?page_id=362"},"modified":"2025-10-30T09:00:31","modified_gmt":"2025-10-30T09:00:31","slug":"repair-service","status":"publish","type":"page","link":"https:\/\/www.laetus.com\/de\/service-and-support\/repair-service\/","title":{"rendered":"Repair Service"},"content":{"rendered":"\n<figure class=\"wp-block-image alignfull size-large\"><img loading=\"lazy\" decoding=\"async\" width=\"1440\" height=\"471\" src=\"https:\/\/global.laetus.com\/wp-content\/uploads\/dam\/web-images\/service-support\/head-banner\/repair-header2.jpg?w=1024\" alt=\"\" class=\"wp-image-1988\" srcset=\"https:\/\/global.laetus.com\/wp-content\/uploads\/dam\/web-images\/service-support\/head-banner\/repair-header2.jpg?w=1440&amp;resize=1440&amp;quality=80&amp;strip=all 1440w, https:\/\/global.laetus.com\/wp-content\/uploads\/dam\/web-images\/service-support\/head-banner\/repair-header2.jpg?resize=300&amp;w=300&amp;quality=80&amp;strip=all 300w, https:\/\/global.laetus.com\/wp-content\/uploads\/dam\/web-images\/service-support\/head-banner\/repair-header2.jpg?resize=768&amp;w=768&amp;quality=80&amp;strip=all 768w, https:\/\/global.laetus.com\/wp-content\/uploads\/dam\/web-images\/service-support\/head-banner\/repair-header2.jpg?resize=1024&amp;w=1024&amp;quality=80&amp;strip=all 1024w, https:\/\/global.laetus.com\/wp-content\/uploads\/dam\/web-images\/service-support\/head-banner\/repair-header2.jpg?resize=450&amp;w=450&amp;quality=80&amp;strip=all 450w, https:\/\/global.laetus.com\/wp-content\/uploads\/dam\/web-images\/service-support\/head-banner\/repair-header2.jpg?resize=582&amp;w=582&amp;quality=80&amp;strip=all 582w, https:\/\/global.laetus.com\/wp-content\/uploads\/dam\/web-images\/service-support\/head-banner\/repair-header2.jpg?resize=900&amp;w=900&amp;quality=80&amp;strip=all 900w, https:\/\/global.laetus.com\/wp-content\/uploads\/dam\/web-images\/service-support\/head-banner\/repair-header2.jpg?resize=1164&amp;w=1164&amp;quality=80&amp;strip=all 1164w\" sizes=\"auto, (max-width: 1440px) 100vw, 1440px\" \/><\/figure>\n\n\n<div class=\"lt-group-wrap\" id=\"lt-blocks-group-69e4997925885\"> \n<div class=\"wp-block-group alignfull has-cerulean-red-background-color has-background is-layout-flow wp-block-group-is-layout-flow\">\n<h1 class=\"wp-block-heading has-text-align-center has-theme-white-color has-text-color has-h-2-font-size\" id=\"repair-service\">Reparaturservice<\/h1>\n<\/div>\n\n\t\t<style>\n\t\t\t#lt-blocks-group-69e4997925885 {\n\t\t\t\t\t\t\twidth: auto;\n\t\t\t}\n\t\t\t#lt-blocks-group-69e4997925885 > .wp-block-group {\n\t\t\tpadding-top: 10px;padding-right: 0px;padding-bottom: 10px;padding-left: 0px;\t\t\t}\n\n\t\t\t@media print, screen and ( max-width: 767px ) {\n\t\t\t\t#lt-blocks-group-69e4997925885 {\n\t\t\t\t\t\t\t\t}\n\t\t\t\t#lt-blocks-group-69e4997925885 > .wp-block-group {\n\t\t\t\t\t\t\t\t}\n\t\t\t}\n\t\t\t#lt-blocks-group-69e4997925885 > .wp-block-group > * {\n\t\t\t\t\t\t\t\t\t\t\t}\n\n\t\t<\/style>\n\n\t\t <\/div>\n\n\n<div style=\"height:40px\" aria-hidden=\"true\" class=\"wp-block-spacer\"><\/div>\n\n\n\n<div class=\"wp-block-columns is-layout-flex wp-container-core-columns-is-layout-28f84493 wp-block-columns-is-layout-flex\">\n<div class=\"wp-block-column is-layout-flow wp-block-column-is-layout-flow\" style=\"flex-basis:66.66%\">\n<p class=\"has-vivid-red-color has-text-color\"><strong>Senden Sie uns bitte mit jeder Reparaturanfrage das untenstehende RMA-Formular.<\/strong><\/p>\n\n\n\n<p>Sie erhalten dann von uns eine RMA-Nummer f\u00fcr Ihre Reparatur.<\/p>\n\n\n\n<p>Mit dieser Nummer k\u00f6nnen Sie jederzeit den Status Ihrer Reparatur abfragen.<\/p>\n\n\n\n<p>Wenden Sie sich f\u00fcr Reparaturanfragen bitte an&nbsp;<a href=\"mailto:repairs@laetus.com\">repairs@laetus.com<\/a>.<\/p>\n\n\n\n<p><a href=\"https:\/\/global.laetus.com\/wp-content\/uploads\/dam\/web-pdf\/terms-and-conditions\/Laetus_Division_Reparaturbedingungen_DE.pdf\" target=\"_blank\" rel=\"noreferrer noopener\">Bitte beachten Sie die Regeln des Reparaturprozesses.<\/a><\/p>\n<\/div>\n\n\n\n<div class=\"wp-block-column is-layout-flow wp-block-column-is-layout-flow\" style=\"flex-basis:33.33%\">\n<figure class=\"wp-block-image size-large\"><img decoding=\"async\" src=\"https:\/\/global.laetus.com\/wp-content\/uploads\/dam\/web-images\/service-support\/repair-blog-image.jpg\" alt=\"\"\/><\/figure>\n<\/div>\n<\/div>\n\n\n<div class=\"lt-group-wrap\" id=\"lt-blocks-group-69e4997925f1c\"> \n<div class=\"wp-block-group is-layout-flow wp-block-group-is-layout-flow\">\n<div class=\"wp-block-columns is-layout-flex wp-container-core-columns-is-layout-28f84493 wp-block-columns-is-layout-flex\">\n<div class=\"wp-block-column is-layout-flow wp-block-column-is-layout-flow\" style=\"flex-basis:66.66%\">\t<div class=\"js-marketo-form-shortcode\">\n\t\t\n<form data-formID=\"1094\"><\/form>\n\t<\/div>\n\t\n<\/div>\n\n\n\n<div class=\"wp-block-column is-layout-flow wp-block-column-is-layout-flow\" style=\"flex-basis:33.33%\"><\/div>\n<\/div>\n<\/div>\n\n\t\t<style>\n\t\t\t#lt-blocks-group-69e4997925f1c {\n\t\t\t\t\t\t\twidth: auto;\n\t\t\t}\n\t\t\t#lt-blocks-group-69e4997925f1c > .wp-block-group {\n\t\t\tpadding-top: 0px;padding-right: 0px;padding-bottom: 0px;padding-left: 0px;\t\t\t}\n\n\t\t\t@media print, screen and ( max-width: 767px ) {\n\t\t\t\t#lt-blocks-group-69e4997925f1c {\n\t\t\t\t\t\t\t\t}\n\t\t\t\t#lt-blocks-group-69e4997925f1c > .wp-block-group {\n\t\t\t\t\t\t\t\t}\n\t\t\t}\n\t\t\t#lt-blocks-group-69e4997925f1c > .wp-block-group > * {\n\t\t\t\t\t\t\t\t\t\t\t}\n\n\t\t<\/style>\n\n\t\t <\/div>","protected":false},"excerpt":{"rendered":"<p>Reparaturservice Senden Sie uns bitte mit jeder Reparaturanfrage das untenstehende RMA-Formular. Sie erhalten dann von uns eine RMA-Nummer f\u00fcr Ihre Reparatur. Mit dieser Nummer k\u00f6nnen Sie jederzeit den Status Ihrer Reparatur abfragen. Wenden Sie sich f\u00fcr Reparaturanfragen bitte an&nbsp;repairs@laetus.com. Bitte beachten Sie die Regeln des Reparaturprozesses.<\/p>\n","protected":false},"author":10,"featured_media":0,"parent":286,"menu_order":0,"comment_status":"closed","ping_status":"closed","template":"","meta":{"footnotes":""},"class_list":["post-362","page","type-page","status-publish","hentry"],"acf":[],"yoast_head":"<!-- This site is optimized with the Yoast SEO plugin v21.4 - https:\/\/yoast.com\/wordpress\/plugins\/seo\/ -->\n<title>Repair Service - Laetus<\/title>\n<meta name=\"robots\" content=\"index, follow, max-snippet:-1, max-image-preview:large, max-video-preview:-1\" \/>\n<link rel=\"canonical\" href=\"https:\/\/www.laetus.com\/de\/service-and-support\/repair-service\/\" \/>\n<meta property=\"og:locale\" content=\"de-DE\" \/>\n<meta property=\"og:type\" content=\"article\" \/>\n<meta property=\"og:title\" content=\"Repair Service - Laetus\" \/>\n<meta property=\"og:description\" content=\"Reparaturservice Senden Sie uns bitte mit jeder Reparaturanfrage das untenstehende RMA-Formular. Sie erhalten dann von uns eine RMA-Nummer f\u00fcr Ihre Reparatur. Mit dieser Nummer k\u00f6nnen Sie jederzeit den Status Ihrer Reparatur abfragen. Wenden Sie sich f\u00fcr Reparaturanfragen bitte an&nbsp;repairs@laetus.com. Bitte beachten Sie die Regeln des Reparaturprozesses.\" \/>\n<meta property=\"og:url\" content=\"https:\/\/www.laetus.com\/de\/service-and-support\/repair-service\/\" \/>\n<meta property=\"og:site_name\" content=\"Laetus\" \/>\n<meta property=\"article:modified_time\" content=\"2025-10-30T09:00:31+00:00\" \/>\n<meta property=\"og:image\" content=\"https:\/\/global.laetus.com\/wp-content\/uploads\/dam\/web-images\/service-support\/head-banner\/repair-header2.jpg?w=1024\" \/>\n<meta name=\"twitter:card\" content=\"summary_large_image\" \/>\n<meta name=\"twitter:label1\" content=\"Est. reading time\" \/>\n\t<meta name=\"twitter:data1\" content=\"1 minute\" \/>\n<script type=\"application\/ld+json\" class=\"yoast-schema-graph\">{\"@context\":\"https:\/\/schema.org\",\"@graph\":[{\"@type\":\"WebPage\",\"@id\":\"https:\/\/www.laetus.com\/de\/service-and-support\/repair-service\/\",\"url\":\"https:\/\/www.laetus.com\/de\/service-and-support\/repair-service\/\",\"name\":\"Repair Service - Laetus\",\"isPartOf\":{\"@id\":\"https:\/\/www.laetus.com\/de\/#website\"},\"datePublished\":\"2022-02-28T13:36:21+00:00\",\"dateModified\":\"2025-10-30T09:00:31+00:00\",\"breadcrumb\":{\"@id\":\"https:\/\/www.laetus.com\/de\/service-and-support\/repair-service\/#breadcrumb\"},\"inLanguage\":\"de-DE\",\"potentialAction\":[{\"@type\":\"ReadAction\",\"target\":[\"https:\/\/www.laetus.com\/de\/service-and-support\/repair-service\/\"]}]},{\"@type\":\"BreadcrumbList\",\"@id\":\"https:\/\/www.laetus.com\/de\/service-and-support\/repair-service\/#breadcrumb\",\"itemListElement\":[{\"@type\":\"ListItem\",\"position\":1,\"name\":\"Service and Support\",\"item\":\"https:\/\/www.laetus.com\/de\/service-and-support\/\"},{\"@type\":\"ListItem\",\"position\":2,\"name\":\"Repair Service\"}]},{\"@type\":\"WebSite\",\"@id\":\"https:\/\/www.laetus.com\/de\/#website\",\"url\":\"https:\/\/www.laetus.com\/de\/\",\"name\":\"Laetus\",\"description\":\"Laetus\",\"alternateName\":\"Laetus\",\"potentialAction\":[{\"@type\":\"SearchAction\",\"target\":{\"@type\":\"EntryPoint\",\"urlTemplate\":\"https:\/\/www.laetus.com\/de\/?s={search_term_string}\"},\"query-input\":\"required name=search_term_string\"}],\"inLanguage\":\"de-DE\"}]}<\/script>\n<!-- \/ Yoast SEO plugin. -->","yoast_head_json":{"title":"Repair Service - Laetus","robots":{"index":"index","follow":"follow","max-snippet":"max-snippet:-1","max-image-preview":"max-image-preview:large","max-video-preview":"max-video-preview:-1"},"canonical":"https:\/\/www.laetus.com\/de\/service-and-support\/repair-service\/","og_locale":"de-DE","og_type":"article","og_title":"Repair Service - Laetus","og_description":"Reparaturservice Senden Sie uns bitte mit jeder Reparaturanfrage das untenstehende RMA-Formular. Sie erhalten dann von uns eine RMA-Nummer f\u00fcr Ihre Reparatur. Mit dieser Nummer k\u00f6nnen Sie jederzeit den Status Ihrer Reparatur abfragen. Wenden Sie sich f\u00fcr Reparaturanfragen bitte an&nbsp;repairs@laetus.com. Bitte beachten Sie die Regeln des Reparaturprozesses.","og_url":"https:\/\/www.laetus.com\/de\/service-and-support\/repair-service\/","og_site_name":"Laetus","article_modified_time":"2025-10-30T09:00:31+00:00","og_image":[{"url":"https:\/\/global.laetus.com\/wp-content\/uploads\/dam\/web-images\/service-support\/head-banner\/repair-header2.jpg?w=1024"}],"twitter_card":"summary_large_image","twitter_misc":{"Est. reading time":"1 minute"},"schema":{"@context":"https:\/\/schema.org","@graph":[{"@type":"WebPage","@id":"https:\/\/www.laetus.com\/de\/service-and-support\/repair-service\/","url":"https:\/\/www.laetus.com\/de\/service-and-support\/repair-service\/","name":"Repair Service - Laetus","isPartOf":{"@id":"https:\/\/www.laetus.com\/de\/#website"},"datePublished":"2022-02-28T13:36:21+00:00","dateModified":"2025-10-30T09:00:31+00:00","breadcrumb":{"@id":"https:\/\/www.laetus.com\/de\/service-and-support\/repair-service\/#breadcrumb"},"inLanguage":"de-DE","potentialAction":[{"@type":"ReadAction","target":["https:\/\/www.laetus.com\/de\/service-and-support\/repair-service\/"]}]},{"@type":"BreadcrumbList","@id":"https:\/\/www.laetus.com\/de\/service-and-support\/repair-service\/#breadcrumb","itemListElement":[{"@type":"ListItem","position":1,"name":"Service and Support","item":"https:\/\/www.laetus.com\/de\/service-and-support\/"},{"@type":"ListItem","position":2,"name":"Repair Service"}]},{"@type":"WebSite","@id":"https:\/\/www.laetus.com\/de\/#website","url":"https:\/\/www.laetus.com\/de\/","name":"Laetus","description":"Laetus","alternateName":"Laetus","potentialAction":[{"@type":"SearchAction","target":{"@type":"EntryPoint","urlTemplate":"https:\/\/www.laetus.com\/de\/?s={search_term_string}"},"query-input":"required name=search_term_string"}],"inLanguage":"de-DE"}]}},"jetpack_sharing_enabled":true,"_links":{"self":[{"href":"https:\/\/www.laetus.com\/de\/wp-json\/wp\/v2\/pages\/362","targetHints":{"allow":["GET"]}}],"collection":[{"href":"https:\/\/www.laetus.com\/de\/wp-json\/wp\/v2\/pages"}],"about":[{"href":"https:\/\/www.laetus.com\/de\/wp-json\/wp\/v2\/types\/page"}],"author":[{"embeddable":true,"href":"https:\/\/www.laetus.com\/de\/wp-json\/wp\/v2\/users\/10"}],"replies":[{"embeddable":true,"href":"https:\/\/www.laetus.com\/de\/wp-json\/wp\/v2\/comments?post=362"}],"version-history":[{"count":14,"href":"https:\/\/www.laetus.com\/de\/wp-json\/wp\/v2\/pages\/362\/revisions"}],"predecessor-version":[{"id":2754,"href":"https:\/\/www.laetus.com\/de\/wp-json\/wp\/v2\/pages\/362\/revisions\/2754"}],"up":[{"embeddable":true,"href":"https:\/\/www.laetus.com\/de\/wp-json\/wp\/v2\/pages\/286"}],"wp:attachment":[{"href":"https:\/\/www.laetus.com\/de\/wp-json\/wp\/v2\/media?parent=362"}],"curies":[{"name":"wp","href":"https:\/\/api.w.org\/{rel}","templated":true}]}}