{"id":516,"date":"2022-03-04T09:03:11","date_gmt":"2022-03-04T09:03:11","guid":{"rendered":"https:\/\/www.laetus.com\/en\/?page_id=516"},"modified":"2023-03-06T14:20:26","modified_gmt":"2023-03-06T14:20:26","slug":"industries-2","status":"publish","type":"page","link":"https:\/\/www.laetus.com\/de\/industries-2\/","title":{"rendered":"Industrien"},"content":{"rendered":"\n<figure class=\"wp-block-image alignfull size-large\"><img loading=\"lazy\" decoding=\"async\" width=\"2880\" height=\"942\" src=\"https:\/\/global.laetus.com\/wp-content\/uploads\/dam\/web-images\/industries\/industries-2023-header.jpg?w=1024\" alt=\"\" class=\"wp-image-2140\" srcset=\"https:\/\/global.laetus.com\/wp-content\/uploads\/dam\/web-images\/industries\/industries-2023-header.jpg?w=2880&amp;resize=2880&amp;quality=80&amp;strip=all 2880w, https:\/\/global.laetus.com\/wp-content\/uploads\/dam\/web-images\/industries\/industries-2023-header.jpg?resize=300&amp;w=300&amp;quality=80&amp;strip=all 300w, https:\/\/global.laetus.com\/wp-content\/uploads\/dam\/web-images\/industries\/industries-2023-header.jpg?resize=768&amp;w=768&amp;quality=80&amp;strip=all 768w, https:\/\/global.laetus.com\/wp-content\/uploads\/dam\/web-images\/industries\/industries-2023-header.jpg?resize=1024&amp;w=1024&amp;quality=80&amp;strip=all 1024w, https:\/\/global.laetus.com\/wp-content\/uploads\/dam\/web-images\/industries\/industries-2023-header.jpg?resize=1536&amp;w=1536&amp;quality=80&amp;strip=all 1536w, https:\/\/global.laetus.com\/wp-content\/uploads\/dam\/web-images\/industries\/industries-2023-header.jpg?resize=2048&amp;w=2048&amp;quality=80&amp;strip=all 2048w, https:\/\/global.laetus.com\/wp-content\/uploads\/dam\/web-images\/industries\/industries-2023-header.jpg?resize=450&amp;w=450&amp;quality=80&amp;strip=all 450w, https:\/\/global.laetus.com\/wp-content\/uploads\/dam\/web-images\/industries\/industries-2023-header.jpg?resize=582&amp;w=582&amp;quality=80&amp;strip=all 582w, https:\/\/global.laetus.com\/wp-content\/uploads\/dam\/web-images\/industries\/industries-2023-header.jpg?resize=900&amp;w=900&amp;quality=80&amp;strip=all 900w, https:\/\/global.laetus.com\/wp-content\/uploads\/dam\/web-images\/industries\/industries-2023-header.jpg?resize=1164&amp;w=1164&amp;quality=80&amp;strip=all 1164w\" sizes=\"auto, (max-width: 2880px) 100vw, 2880px\" \/><\/figure>\n\n\n<div class=\"lt-group-wrap\" id=\"lt-blocks-group-69d4c68b7133e\"> \n<div class=\"wp-block-group alignfull has-cerulean-red-background-color has-background is-layout-flow wp-block-group-is-layout-flow\">\n<h1 class=\"has-text-align-center has-theme-white-color has-text-color has-h-2-font-size wp-block-heading\">Industrien<\/h1>\n<\/div>\n\n\t\t<style>\n\t\t\t#lt-blocks-group-69d4c68b7133e {\n\t\t\t\t\t\t\twidth: auto;\n\t\t\t}\n\t\t\t#lt-blocks-group-69d4c68b7133e > .wp-block-group {\n\t\t\tpadding-top: 10px;padding-right: 0px;padding-bottom: 10px;padding-left: 0px;\t\t\t}\n\n\t\t\t@media print, screen and ( max-width: 767px ) {\n\t\t\t\t#lt-blocks-group-69d4c68b7133e {\n\t\t\t\t\t\t\t\t}\n\t\t\t\t#lt-blocks-group-69d4c68b7133e > .wp-block-group {\n\t\t\t\t\t\t\t\t}\n\t\t\t}\n\t\t\t#lt-blocks-group-69d4c68b7133e > .wp-block-group > * {\n\t\t\t\t\t\t\t\t\t\t\t}\n\n\t\t<\/style>\n\n\t\t <\/div>\n\n\n<div style=\"height:30px\" aria-hidden=\"true\" class=\"wp-block-spacer\"><\/div>\n\n\n\n<p>Jede Branche hat ihre eigenen spezifischen Produktionsherausforderungen. Wir unterst\u00fctzen Sie dabei, die f\u00fcr Sie am besten geeignete und effektivste L\u00f6sung zu finden.<\/p>\n\n\n\n<div style=\"height:35px\" aria-hidden=\"true\" class=\"wp-block-spacer\"><\/div>\n\n\n<div class=\"lt-group-wrap\" id=\"lt-blocks-group-69d4c68b72790\"> \n<div class=\"wp-block-group is-layout-constrained wp-block-group-is-layout-constrained\">\n<div class=\"wp-block-columns is-layout-flex wp-container-core-columns-is-layout-28f84493 wp-block-columns-is-layout-flex\">\n<div class=\"wp-block-column is-layout-flow wp-block-column-is-layout-flow\" style=\"flex-basis:30%\">\n<figure class=\"wp-block-image size-large\"><img loading=\"lazy\" decoding=\"async\" width=\"550\" height=\"359\" src=\"https:\/\/global.laetus.com\/wp-content\/uploads\/dam\/web-images\/industries\/pharma\/pharma-industry-main-page.jpg?w=550\" alt=\"\" class=\"wp-image-594\" srcset=\"https:\/\/global.laetus.com\/wp-content\/uploads\/dam\/web-images\/industries\/pharma\/pharma-industry-main-page.jpg?w=550&amp;resize=550&amp;quality=80&amp;strip=all 550w, https:\/\/global.laetus.com\/wp-content\/uploads\/dam\/web-images\/industries\/pharma\/pharma-industry-main-page.jpg?resize=300&amp;w=300&amp;quality=80&amp;strip=all 300w, https:\/\/global.laetus.com\/wp-content\/uploads\/dam\/web-images\/industries\/pharma\/pharma-industry-main-page.jpg?resize=342&amp;w=342&amp;quality=80&amp;strip=all 342w, https:\/\/global.laetus.com\/wp-content\/uploads\/dam\/web-images\/industries\/pharma\/pharma-industry-main-page.jpg?resize=450&amp;w=450&amp;quality=80&amp;strip=all 450w, https:\/\/global.laetus.com\/wp-content\/uploads\/dam\/web-images\/industries\/pharma\/pharma-industry-main-page.jpg?resize=548&amp;w=548&amp;quality=80&amp;strip=all 548w\" sizes=\"auto, (max-width: 550px) 100vw, 550px\" \/><\/figure>\n<\/div>\n\n\n\n<div class=\"wp-block-column is-layout-flow wp-block-column-is-layout-flow\" style=\"flex-basis:70%\">\n<p class=\"has-h-5-font-size\">Pharmazeutische Industrie<\/p>\n\n\n\n<p>Die pharmazeutische Industrie ist eine der am st\u00e4rksten regulierten Branchen weltweit. Da die Standards f\u00fcr Sicherheit und globale R\u00fcckverfolgbarkeit immer strenger werden, sind die Unternehmen gezwungen, nach innovativen L\u00f6sungen zu suchen. Die Qualit\u00e4tskontrolle&#8230;<\/p>\n\n\n\n<div class=\"wp-block-buttons is-layout-flex wp-block-buttons-is-layout-flex\">\n<div class=\"wp-block-button is-style-lt-link lt-button-icon-icon-right lt-button-has-icon lt-button-uc-e903\"><a class=\"wp-block-button__link wp-element-button\" href=\"https:\/\/www.laetus.com\/de\/industries\/pharma\/\">F\u00fcr weitere Informationen<\/a><\/div>\n<\/div>\n<\/div>\n<\/div>\n\n\n\n<hr class=\"wp-block-separator has-text-color has-cerulean-red-color has-css-opacity has-cerulean-red-background-color has-background is-style-wide\"\/>\n<\/div>\n\n\t\t<style>\n\t\t\t#lt-blocks-group-69d4c68b72790 {\n\t\t\t\t\t\t\twidth: auto;\n\t\t\t}\n\t\t\t#lt-blocks-group-69d4c68b72790 > .wp-block-group {\n\t\t\tpadding-top: 0px;padding-right: 0px;padding-bottom: 0px;padding-left: 0px;\t\t\t}\n\n\t\t\t@media print, screen and ( max-width: 767px ) {\n\t\t\t\t#lt-blocks-group-69d4c68b72790 {\n\t\t\t\t\t\t\t\t}\n\t\t\t\t#lt-blocks-group-69d4c68b72790 > .wp-block-group {\n\t\t\t\t\t\t\t\t}\n\t\t\t}\n\t\t\t#lt-blocks-group-69d4c68b72790 > .wp-block-group > * {\n\t\t\t\t\t\t\t\t\t\t\t}\n\n\t\t<\/style>\n\n\t\t <\/div>\n\n\n<div style=\"height:40px\" aria-hidden=\"true\" class=\"wp-block-spacer\"><\/div>\n\n\n<div class=\"lt-group-wrap\" id=\"lt-blocks-group-69d4c68b7448c\"> \n<div class=\"wp-block-group is-layout-constrained wp-block-group-is-layout-constrained\">\n<div class=\"wp-block-columns is-layout-flex wp-container-core-columns-is-layout-28f84493 wp-block-columns-is-layout-flex\">\n<div class=\"wp-block-column is-layout-flow wp-block-column-is-layout-flow\" style=\"flex-basis:70%\">\n<p class=\"has-h-5-font-size\">Lebensmittelindustrie<\/p>\n\n\n\n<p>Der schnelle Wandel in der Lebensmittelindustrie ist an sich schon eine Herausforderung. Zus\u00e4tzlich zu den allt\u00e4glichen Sorgen um Lebensmittelsicherheit und globale R\u00fcckverfolgbarkeit hat die COVID-19-Pandemie das Verbraucherverhalten in vielerlei Hinsicht drastisch ver\u00e4ndert. 75 % haben\u2026<\/p>\n\n\n\n<div class=\"wp-block-buttons is-layout-flex wp-block-buttons-is-layout-flex\">\n<div class=\"wp-block-button is-style-lt-link lt-button-icon-icon-right lt-button-has-icon\"><a class=\"wp-block-button__link wp-element-button\" href=\"https:\/\/www.laetus.com\/de\/industries\/food\/\">F\u00fcr weitere Informationen<\/a><\/div>\n<\/div>\n<\/div>\n\n\n\n<div class=\"wp-block-column is-layout-flow wp-block-column-is-layout-flow\" style=\"flex-basis:30%\">\n<figure class=\"wp-block-image size-large\"><img loading=\"lazy\" decoding=\"async\" width=\"550\" height=\"359\" src=\"https:\/\/global.laetus.com\/wp-content\/uploads\/dam\/web-images\/industries\/food\/food-industry-main-page.jpg?w=550\" alt=\"\" class=\"wp-image-600\" srcset=\"https:\/\/global.laetus.com\/wp-content\/uploads\/dam\/web-images\/industries\/food\/food-industry-main-page.jpg?w=550&amp;resize=550&amp;quality=80&amp;strip=all 550w, https:\/\/global.laetus.com\/wp-content\/uploads\/dam\/web-images\/industries\/food\/food-industry-main-page.jpg?resize=300&amp;w=300&amp;quality=80&amp;strip=all 300w, https:\/\/global.laetus.com\/wp-content\/uploads\/dam\/web-images\/industries\/food\/food-industry-main-page.jpg?resize=342&amp;w=342&amp;quality=80&amp;strip=all 342w, https:\/\/global.laetus.com\/wp-content\/uploads\/dam\/web-images\/industries\/food\/food-industry-main-page.jpg?resize=450&amp;w=450&amp;quality=80&amp;strip=all 450w, https:\/\/global.laetus.com\/wp-content\/uploads\/dam\/web-images\/industries\/food\/food-industry-main-page.jpg?resize=548&amp;w=548&amp;quality=80&amp;strip=all 548w\" sizes=\"auto, (max-width: 550px) 100vw, 550px\" \/><\/figure>\n<\/div>\n<\/div>\n\n\n\n<hr class=\"wp-block-separator has-text-color has-cerulean-red-color has-css-opacity has-cerulean-red-background-color has-background is-style-wide\"\/>\n<\/div>\n\n\t\t<style>\n\t\t\t#lt-blocks-group-69d4c68b7448c {\n\t\t\t\t\t\t\twidth: auto;\n\t\t\t}\n\t\t\t#lt-blocks-group-69d4c68b7448c > .wp-block-group {\n\t\t\tpadding-top: 0px;padding-right: 0px;padding-bottom: 0px;padding-left: 0px;\t\t\t}\n\n\t\t\t@media print, screen and ( max-width: 767px ) {\n\t\t\t\t#lt-blocks-group-69d4c68b7448c {\n\t\t\t\t\t\t\t\t}\n\t\t\t\t#lt-blocks-group-69d4c68b7448c > .wp-block-group {\n\t\t\t\t\t\t\t\t}\n\t\t\t}\n\t\t\t#lt-blocks-group-69d4c68b7448c > .wp-block-group > * {\n\t\t\t\t\t\t\t\t\t\t\t}\n\n\t\t<\/style>\n\n\t\t <\/div>\n\n\n<div style=\"height:40px\" aria-hidden=\"true\" class=\"wp-block-spacer\"><\/div>\n\n\n<div class=\"lt-group-wrap\" id=\"lt-blocks-group-69d4c68b7693f\"> \n<div class=\"wp-block-group is-layout-constrained wp-block-group-is-layout-constrained\">\n<div class=\"wp-block-columns is-layout-flex wp-container-core-columns-is-layout-28f84493 wp-block-columns-is-layout-flex\">\n<div class=\"wp-block-column is-layout-flow wp-block-column-is-layout-flow\" style=\"flex-basis:30%\">\n<figure class=\"wp-block-image size-large\"><img loading=\"lazy\" decoding=\"async\" width=\"582\" height=\"395\" src=\"https:\/\/global.laetus.com\/wp-content\/uploads\/dam\/web-images\/industries\/cosmetics\/cosmetics_main-1.jpg?w=582\" alt=\"\" class=\"wp-image-2144\" srcset=\"https:\/\/global.laetus.com\/wp-content\/uploads\/dam\/web-images\/industries\/cosmetics\/cosmetics_main-1.jpg?w=582&amp;resize=582&amp;quality=80&amp;strip=all 582w, https:\/\/global.laetus.com\/wp-content\/uploads\/dam\/web-images\/industries\/cosmetics\/cosmetics_main-1.jpg?resize=300&amp;w=300&amp;quality=80&amp;strip=all 300w, https:\/\/global.laetus.com\/wp-content\/uploads\/dam\/web-images\/industries\/cosmetics\/cosmetics_main-1.jpg?resize=450&amp;w=450&amp;quality=80&amp;strip=all 450w\" sizes=\"auto, (max-width: 582px) 100vw, 582px\" \/><\/figure>\n<\/div>\n\n\n\n<div class=\"wp-block-column is-layout-flow wp-block-column-is-layout-flow\" style=\"flex-basis:70%\">\n<p class=\"has-h-5-font-size\">Kosmetikindustrie<\/p>\n\n\n\n<p>Die Kosmetikindustrie w\u00e4chst jedes Jahr um 5,3 %, und diese steigende Nachfrage hat zu einem zunehmenden globalen Wettbewerb gef\u00fchrt. Gleichzeitig befindet sich die Branche im Umbruch &#8211; der Verkauf verlagert sich ins Internet, gef\u00e4lschte Produkte vermehren sich im Markt, und Verbraucher&#8230;<\/p>\n\n\n\n<div class=\"wp-block-buttons is-layout-flex wp-block-buttons-is-layout-flex\">\n<div class=\"wp-block-button is-style-lt-link lt-button-icon-icon-right lt-button-has-icon lt-button-uc-e903\"><a class=\"wp-block-button__link wp-element-button\" href=\"https:\/\/www.laetus.com\/de\/industries\/cosmetics\/\">F\u00fcr weitere Informationen<\/a><\/div>\n<\/div>\n<\/div>\n<\/div>\n\n\n\n<hr class=\"wp-block-separator has-text-color has-cerulean-red-color has-css-opacity has-cerulean-red-background-color has-background is-style-wide\"\/>\n<\/div>\n\n\t\t<style>\n\t\t\t#lt-blocks-group-69d4c68b7693f {\n\t\t\t\t\t\t\twidth: auto;\n\t\t\t}\n\t\t\t#lt-blocks-group-69d4c68b7693f > .wp-block-group {\n\t\t\tpadding-top: 0px;padding-right: 0px;padding-bottom: 0px;padding-left: 0px;\t\t\t}\n\n\t\t\t@media print, screen and ( max-width: 767px ) {\n\t\t\t\t#lt-blocks-group-69d4c68b7693f {\n\t\t\t\t\t\t\t\t}\n\t\t\t\t#lt-blocks-group-69d4c68b7693f > .wp-block-group {\n\t\t\t\t\t\t\t\t}\n\t\t\t}\n\t\t\t#lt-blocks-group-69d4c68b7693f > .wp-block-group > * {\n\t\t\t\t\t\t\t\t\t\t\t}\n\n\t\t<\/style>\n\n\t\t <\/div>\n\n\n<div style=\"height:40px\" aria-hidden=\"true\" class=\"wp-block-spacer\"><\/div>\n\n\n<div class=\"lt-group-wrap\" id=\"lt-blocks-group-69d4c68b784c1\"> \n<div class=\"wp-block-group is-layout-constrained wp-block-group-is-layout-constrained\">\n<div class=\"wp-block-columns is-layout-flex wp-container-core-columns-is-layout-28f84493 wp-block-columns-is-layout-flex\">\n<div class=\"wp-block-column is-layout-flow wp-block-column-is-layout-flow\" style=\"flex-basis:70%\">\n<p class=\"has-h-5-font-size\">Getr\u00e4nkeindustrie<\/p>\n\n\n\n<p>Sch\u00e4tzungen zufolge wird der schnell wachsende globale Getr\u00e4nkemarkt bis 2028 einen Wert von fast 1,7 Milliarden Dollar erreichen. Der zunehmende Trend zu gef\u00e4lschten Getr\u00e4nken \u2013 die inzwischen etwa 25 % des weltweiten Alkoholkonsums ausmachen \u2013 hat jedoch erhebliche wirtschaftliche&#8230;<\/p>\n\n\n\n<div class=\"wp-block-buttons is-layout-flex wp-block-buttons-is-layout-flex\">\n<div class=\"wp-block-button is-style-lt-link lt-button-icon-icon-right lt-button-has-icon\"><a class=\"wp-block-button__link wp-element-button\" href=\"https:\/\/www.laetus.com\/de\/industries\/beverages\/\">F\u00fcr weitere Informationen<\/a><\/div>\n<\/div>\n<\/div>\n\n\n\n<div class=\"wp-block-column is-layout-flow wp-block-column-is-layout-flow\" style=\"flex-basis:30%\">\n<figure class=\"wp-block-image size-large\"><img loading=\"lazy\" decoding=\"async\" width=\"550\" height=\"359\" src=\"https:\/\/global.laetus.com\/wp-content\/uploads\/dam\/web-images\/industries\/beverage\/beverages-industry-main-page.jpg?w=550\" alt=\"\" class=\"wp-image-612\" srcset=\"https:\/\/global.laetus.com\/wp-content\/uploads\/dam\/web-images\/industries\/beverage\/beverages-industry-main-page.jpg?w=550&amp;resize=550&amp;quality=80&amp;strip=all 550w, https:\/\/global.laetus.com\/wp-content\/uploads\/dam\/web-images\/industries\/beverage\/beverages-industry-main-page.jpg?resize=300&amp;w=300&amp;quality=80&amp;strip=all 300w, https:\/\/global.laetus.com\/wp-content\/uploads\/dam\/web-images\/industries\/beverage\/beverages-industry-main-page.jpg?resize=342&amp;w=342&amp;quality=80&amp;strip=all 342w, https:\/\/global.laetus.com\/wp-content\/uploads\/dam\/web-images\/industries\/beverage\/beverages-industry-main-page.jpg?resize=450&amp;w=450&amp;quality=80&amp;strip=all 450w, https:\/\/global.laetus.com\/wp-content\/uploads\/dam\/web-images\/industries\/beverage\/beverages-industry-main-page.jpg?resize=548&amp;w=548&amp;quality=80&amp;strip=all 548w\" sizes=\"auto, (max-width: 550px) 100vw, 550px\" \/><\/figure>\n<\/div>\n<\/div>\n\n\n\n<hr class=\"wp-block-separator has-text-color has-cerulean-red-color has-css-opacity has-cerulean-red-background-color has-background is-style-wide\"\/>\n<\/div>\n\n\t\t<style>\n\t\t\t#lt-blocks-group-69d4c68b784c1 {\n\t\t\t\t\t\t\twidth: auto;\n\t\t\t}\n\t\t\t#lt-blocks-group-69d4c68b784c1 > .wp-block-group {\n\t\t\tpadding-top: 0px;padding-right: 0px;padding-bottom: 0px;padding-left: 0px;\t\t\t}\n\n\t\t\t@media print, screen and ( max-width: 767px ) {\n\t\t\t\t#lt-blocks-group-69d4c68b784c1 {\n\t\t\t\t\t\t\t\t}\n\t\t\t\t#lt-blocks-group-69d4c68b784c1 > .wp-block-group {\n\t\t\t\t\t\t\t\t}\n\t\t\t}\n\t\t\t#lt-blocks-group-69d4c68b784c1 > .wp-block-group > * {\n\t\t\t\t\t\t\t\t\t\t\t}\n\n\t\t<\/style>\n\n\t\t <\/div>\n\n\n<div style=\"height:40px\" aria-hidden=\"true\" class=\"wp-block-spacer\"><\/div>\n\n\n<div class=\"lt-group-wrap\" id=\"lt-blocks-group-69d4c68b7967b\"> \n<div class=\"wp-block-group is-layout-constrained wp-block-group-is-layout-constrained\">\n<div class=\"wp-block-columns is-layout-flex wp-container-core-columns-is-layout-28f84493 wp-block-columns-is-layout-flex\">\n<div class=\"wp-block-column is-layout-flow wp-block-column-is-layout-flow\" style=\"flex-basis:30%\">\n<figure class=\"wp-block-image size-large\"><img loading=\"lazy\" decoding=\"async\" width=\"550\" height=\"359\" src=\"https:\/\/global.laetus.com\/wp-content\/uploads\/dam\/web-images\/industries\/lubricants\/lubricant-industry-main-page.jpg?w=550\" alt=\"\" class=\"wp-image-606\" srcset=\"https:\/\/global.laetus.com\/wp-content\/uploads\/dam\/web-images\/industries\/lubricants\/lubricant-industry-main-page.jpg?w=550&amp;resize=550&amp;quality=80&amp;strip=all 550w, https:\/\/global.laetus.com\/wp-content\/uploads\/dam\/web-images\/industries\/lubricants\/lubricant-industry-main-page.jpg?resize=300&amp;w=300&amp;quality=80&amp;strip=all 300w, https:\/\/global.laetus.com\/wp-content\/uploads\/dam\/web-images\/industries\/lubricants\/lubricant-industry-main-page.jpg?resize=342&amp;w=342&amp;quality=80&amp;strip=all 342w, https:\/\/global.laetus.com\/wp-content\/uploads\/dam\/web-images\/industries\/lubricants\/lubricant-industry-main-page.jpg?resize=450&amp;w=450&amp;quality=80&amp;strip=all 450w, https:\/\/global.laetus.com\/wp-content\/uploads\/dam\/web-images\/industries\/lubricants\/lubricant-industry-main-page.jpg?resize=548&amp;w=548&amp;quality=80&amp;strip=all 548w\" sizes=\"auto, (max-width: 550px) 100vw, 550px\" \/><\/figure>\n<\/div>\n\n\n\n<div class=\"wp-block-column is-layout-flow wp-block-column-is-layout-flow\" style=\"flex-basis:70%\">\n<p class=\"has-h-5-font-size\">Motor\u00f6lindustrie<\/p>\n\n\n\n<p>Der Wert des weltweiten Schmierstoffmarktes hat in letzter Zeit einen neuen H\u00f6chststand erreicht, aber mit diesem Wachstum geht auch eine Zunahme gef\u00e4lschter Produkte einher, die eine Bedrohung f\u00fcr Marken, Urheberrechte und den Ruf darstellen. Sowohl Chemie- als auch Automobilhersteller\u2026<\/p>\n\n\n\n<div class=\"wp-block-buttons is-layout-flex wp-block-buttons-is-layout-flex\">\n<div class=\"wp-block-button is-style-lt-link lt-button-icon-icon-right lt-button-has-icon lt-button-uc-e903\"><a class=\"wp-block-button__link wp-element-button\" href=\"https:\/\/www.laetus.com\/de\/industries\/lubricants\/\">F\u00fcr weitere Informationen<\/a><\/div>\n<\/div>\n<\/div>\n<\/div>\n<\/div>\n\n\t\t<style>\n\t\t\t#lt-blocks-group-69d4c68b7967b {\n\t\t\t\t\t\t\twidth: auto;\n\t\t\t}\n\t\t\t#lt-blocks-group-69d4c68b7967b > .wp-block-group {\n\t\t\tpadding-top: 0px;padding-right: 0px;padding-bottom: 0px;padding-left: 0px;\t\t\t}\n\n\t\t\t@media print, screen and ( max-width: 767px ) {\n\t\t\t\t#lt-blocks-group-69d4c68b7967b {\n\t\t\t\t\t\t\t\t}\n\t\t\t\t#lt-blocks-group-69d4c68b7967b > .wp-block-group {\n\t\t\t\t\t\t\t\t}\n\t\t\t}\n\t\t\t#lt-blocks-group-69d4c68b7967b > .wp-block-group > * {\n\t\t\t\t\t\t\t\t\t\t\t}\n\n\t\t<\/style>\n\n\t\t <\/div>\n\n\n<p><\/p>\n","protected":false},"excerpt":{"rendered":"<p>Industrien Jede Branche hat ihre eigenen spezifischen Produktionsherausforderungen. Wir unterst\u00fctzen Sie dabei, die f\u00fcr Sie am besten geeignete und effektivste L\u00f6sung zu finden. Pharmazeutische Industrie Die pharmazeutische Industrie ist eine der am st\u00e4rksten regulierten Branchen weltweit. Da die Standards f\u00fcr Sicherheit und globale R\u00fcckverfolgbarkeit immer strenger werden, sind die Unternehmen gezwungen, nach innovativen L\u00f6sungen zu<a class=\"moretag\" href=\"https:\/\/www.laetus.com\/de\/industries-2\/\">Lesen Sie mehr<\/a><\/p>\n","protected":false},"author":10,"featured_media":0,"parent":0,"menu_order":0,"comment_status":"closed","ping_status":"closed","template":"","meta":{"footnotes":""},"class_list":["post-516","page","type-page","status-publish","hentry"],"acf":[],"yoast_head":"<!-- This site is optimized with the Yoast SEO plugin v21.4 - https:\/\/yoast.com\/wordpress\/plugins\/seo\/ -->\n<title>Industrien - Laetus<\/title>\n<meta name=\"robots\" content=\"index, follow, max-snippet:-1, max-image-preview:large, max-video-preview:-1\" \/>\n<link rel=\"canonical\" href=\"https:\/\/www.laetus.com\/de\/industries-2\/\" \/>\n<meta property=\"og:locale\" content=\"de-DE\" \/>\n<meta property=\"og:type\" content=\"article\" \/>\n<meta property=\"og:title\" content=\"Industrien - Laetus\" \/>\n<meta property=\"og:description\" content=\"Industrien Jede Branche hat ihre eigenen spezifischen Produktionsherausforderungen. Wir unterst\u00fctzen Sie dabei, die f\u00fcr Sie am besten geeignete und effektivste L\u00f6sung zu finden. Pharmazeutische Industrie Die pharmazeutische Industrie ist eine der am st\u00e4rksten regulierten Branchen weltweit. Da die Standards f\u00fcr Sicherheit und globale R\u00fcckverfolgbarkeit immer strenger werden, sind die Unternehmen gezwungen, nach innovativen L\u00f6sungen zuLesen Sie mehr\" \/>\n<meta property=\"og:url\" content=\"https:\/\/www.laetus.com\/de\/industries-2\/\" \/>\n<meta property=\"og:site_name\" content=\"Laetus\" \/>\n<meta property=\"article:modified_time\" content=\"2023-03-06T14:20:26+00:00\" \/>\n<meta property=\"og:image\" content=\"https:\/\/global.laetus.com\/wp-content\/uploads\/dam\/web-images\/industries\/industries-2023-header.jpg?w=1024\" \/>\n<meta name=\"twitter:card\" content=\"summary_large_image\" \/>\n<meta name=\"twitter:label1\" content=\"Est. reading time\" \/>\n\t<meta name=\"twitter:data1\" content=\"3 minutes\" \/>\n<script type=\"application\/ld+json\" class=\"yoast-schema-graph\">{\"@context\":\"https:\/\/schema.org\",\"@graph\":[{\"@type\":\"WebPage\",\"@id\":\"https:\/\/www.laetus.com\/de\/industries-2\/\",\"url\":\"https:\/\/www.laetus.com\/de\/industries-2\/\",\"name\":\"Industrien - Laetus\",\"isPartOf\":{\"@id\":\"https:\/\/www.laetus.com\/de\/#website\"},\"datePublished\":\"2022-03-04T09:03:11+00:00\",\"dateModified\":\"2023-03-06T14:20:26+00:00\",\"inLanguage\":\"de-DE\",\"potentialAction\":[{\"@type\":\"ReadAction\",\"target\":[\"https:\/\/www.laetus.com\/de\/industries-2\/\"]}]},{\"@type\":\"WebSite\",\"@id\":\"https:\/\/www.laetus.com\/de\/#website\",\"url\":\"https:\/\/www.laetus.com\/de\/\",\"name\":\"Laetus\",\"description\":\"Laetus\",\"alternateName\":\"Laetus\",\"potentialAction\":[{\"@type\":\"SearchAction\",\"target\":{\"@type\":\"EntryPoint\",\"urlTemplate\":\"https:\/\/www.laetus.com\/de\/?s={search_term_string}\"},\"query-input\":\"required name=search_term_string\"}],\"inLanguage\":\"de-DE\"}]}<\/script>\n<!-- \/ Yoast SEO plugin. -->","yoast_head_json":{"title":"Industrien - Laetus","robots":{"index":"index","follow":"follow","max-snippet":"max-snippet:-1","max-image-preview":"max-image-preview:large","max-video-preview":"max-video-preview:-1"},"canonical":"https:\/\/www.laetus.com\/de\/industries-2\/","og_locale":"de-DE","og_type":"article","og_title":"Industrien - Laetus","og_description":"Industrien Jede Branche hat ihre eigenen spezifischen Produktionsherausforderungen. Wir unterst\u00fctzen Sie dabei, die f\u00fcr Sie am besten geeignete und effektivste L\u00f6sung zu finden. Pharmazeutische Industrie Die pharmazeutische Industrie ist eine der am st\u00e4rksten regulierten Branchen weltweit. Da die Standards f\u00fcr Sicherheit und globale R\u00fcckverfolgbarkeit immer strenger werden, sind die Unternehmen gezwungen, nach innovativen L\u00f6sungen zuLesen Sie mehr","og_url":"https:\/\/www.laetus.com\/de\/industries-2\/","og_site_name":"Laetus","article_modified_time":"2023-03-06T14:20:26+00:00","og_image":[{"url":"https:\/\/global.laetus.com\/wp-content\/uploads\/dam\/web-images\/industries\/industries-2023-header.jpg?w=1024"}],"twitter_card":"summary_large_image","twitter_misc":{"Est. reading time":"3 minutes"},"schema":{"@context":"https:\/\/schema.org","@graph":[{"@type":"WebPage","@id":"https:\/\/www.laetus.com\/de\/industries-2\/","url":"https:\/\/www.laetus.com\/de\/industries-2\/","name":"Industrien - Laetus","isPartOf":{"@id":"https:\/\/www.laetus.com\/de\/#website"},"datePublished":"2022-03-04T09:03:11+00:00","dateModified":"2023-03-06T14:20:26+00:00","inLanguage":"de-DE","potentialAction":[{"@type":"ReadAction","target":["https:\/\/www.laetus.com\/de\/industries-2\/"]}]},{"@type":"WebSite","@id":"https:\/\/www.laetus.com\/de\/#website","url":"https:\/\/www.laetus.com\/de\/","name":"Laetus","description":"Laetus","alternateName":"Laetus","potentialAction":[{"@type":"SearchAction","target":{"@type":"EntryPoint","urlTemplate":"https:\/\/www.laetus.com\/de\/?s={search_term_string}"},"query-input":"required name=search_term_string"}],"inLanguage":"de-DE"}]}},"jetpack_sharing_enabled":true,"_links":{"self":[{"href":"https:\/\/www.laetus.com\/de\/wp-json\/wp\/v2\/pages\/516","targetHints":{"allow":["GET"]}}],"collection":[{"href":"https:\/\/www.laetus.com\/de\/wp-json\/wp\/v2\/pages"}],"about":[{"href":"https:\/\/www.laetus.com\/de\/wp-json\/wp\/v2\/types\/page"}],"author":[{"embeddable":true,"href":"https:\/\/www.laetus.com\/de\/wp-json\/wp\/v2\/users\/10"}],"replies":[{"embeddable":true,"href":"https:\/\/www.laetus.com\/de\/wp-json\/wp\/v2\/comments?post=516"}],"version-history":[{"count":10,"href":"https:\/\/www.laetus.com\/de\/wp-json\/wp\/v2\/pages\/516\/revisions"}],"predecessor-version":[{"id":2110,"href":"https:\/\/www.laetus.com\/de\/wp-json\/wp\/v2\/pages\/516\/revisions\/2110"}],"wp:attachment":[{"href":"https:\/\/www.laetus.com\/de\/wp-json\/wp\/v2\/media?parent=516"}],"curies":[{"name":"wp","href":"https:\/\/api.w.org\/{rel}","templated":true}]}}