{"id":1584,"date":"2022-05-17T15:14:51","date_gmt":"2022-05-17T15:14:51","guid":{"rendered":"https:\/\/www.laetus.com\/fr\/?page_id=1584"},"modified":"2022-05-24T11:31:50","modified_gmt":"2022-05-24T11:31:50","slug":"fr-ty","status":"publish","type":"page","link":"https:\/\/www.laetus.com\/fr\/fr-ty\/","title":{"rendered":"Merci"},"content":{"rendered":"<div class=\"lt-group-wrap\" id=\"lt-blocks-group-69df43dbcd337\"> \n<div class=\"wp-block-group alignfull has-cerulean-red-background-color has-background is-layout-flow wp-block-group-is-layout-flow\">\n<h1 class=\"has-text-align-center has-theme-white-color has-text-color has-h-3-font-size wp-block-heading\">Merci &#8211; Nous contacter<\/h1>\n<\/div>\n\n\t\t<style>\n\t\t\t#lt-blocks-group-69df43dbcd337 {\n\t\t\t\t\t\t\twidth: auto;\n\t\t\t}\n\t\t\t#lt-blocks-group-69df43dbcd337 > .wp-block-group {\n\t\t\tpadding-top: 10px;padding-right: 0px;padding-bottom: 10px;padding-left: 0px;\t\t\t}\n\n\t\t\t@media print, screen and ( max-width: 767px ) {\n\t\t\t\t#lt-blocks-group-69df43dbcd337 {\n\t\t\t\t\t\t\t\t}\n\t\t\t\t#lt-blocks-group-69df43dbcd337 > .wp-block-group {\n\t\t\t\t\t\t\t\t}\n\t\t\t}\n\t\t\t#lt-blocks-group-69df43dbcd337 > .wp-block-group > * {\n\t\t\t\t\t\t\t\t\t\t\t}\n\n\t\t<\/style>\n\n\t\t <\/div>\n\n\n<div style=\"height:40px\" aria-hidden=\"true\" class=\"wp-block-spacer\"><\/div>\n\n\n\n<p>Merci de l&#8217;int\u00e9r\u00eat que vous portez \u00e0 nos produits.<\/p>\n\n\n\n<p>Vos informations ont \u00e9t\u00e9 transmises \u00e0 un associ\u00e9 de Laetus et vous serez contact\u00e9 sous peu.<\/p>\n\n\n\n<p><\/p>\n","protected":false},"excerpt":{"rendered":"<p>Merci &#8211; Nous contacter Merci de l&#8217;int\u00e9r\u00eat que vous portez \u00e0 nos produits. Vos informations ont \u00e9t\u00e9 transmises \u00e0 un associ\u00e9 de Laetus et vous serez contact\u00e9 sous peu.<\/p>\n","protected":false},"author":8,"featured_media":0,"parent":0,"menu_order":0,"comment_status":"closed","ping_status":"closed","template":"","meta":{"footnotes":""},"class_list":["post-1584","page","type-page","status-publish","hentry"],"acf":[],"yoast_head":"<!-- This site is optimized with the Yoast SEO plugin v21.4 - https:\/\/yoast.com\/wordpress\/plugins\/seo\/ -->\n<title>Merci - Laetus - France<\/title>\n<meta name=\"robots\" content=\"index, follow, max-snippet:-1, max-image-preview:large, max-video-preview:-1\" \/>\n<link rel=\"canonical\" href=\"https:\/\/www.laetus.com\/fr\/fr-ty\/\" \/>\n<meta property=\"og:locale\" content=\"fr-FR\" \/>\n<meta property=\"og:type\" content=\"article\" \/>\n<meta property=\"og:title\" content=\"Merci - Laetus - France\" \/>\n<meta property=\"og:description\" content=\"Merci &#8211; Nous contacter Merci de l&#8217;int\u00e9r\u00eat que vous portez \u00e0 nos produits. Vos informations ont \u00e9t\u00e9 transmises \u00e0 un associ\u00e9 de Laetus et vous serez contact\u00e9 sous peu.\" \/>\n<meta property=\"og:url\" content=\"https:\/\/www.laetus.com\/fr\/fr-ty\/\" \/>\n<meta property=\"og:site_name\" content=\"Laetus - France\" \/>\n<meta property=\"article:modified_time\" content=\"2022-05-24T11:31:50+00:00\" \/>\n<meta name=\"twitter:card\" content=\"summary_large_image\" \/>\n<meta name=\"twitter:label1\" content=\"Est. reading time\" \/>\n\t<meta name=\"twitter:data1\" content=\"1 minute\" \/>\n<script type=\"application\/ld+json\" class=\"yoast-schema-graph\">{\"@context\":\"https:\/\/schema.org\",\"@graph\":[{\"@type\":\"WebPage\",\"@id\":\"https:\/\/www.laetus.com\/fr\/fr-ty\/\",\"url\":\"https:\/\/www.laetus.com\/fr\/fr-ty\/\",\"name\":\"Merci - Laetus - France\",\"isPartOf\":{\"@id\":\"https:\/\/www.laetus.com\/fr\/#website\"},\"datePublished\":\"2022-05-17T15:14:51+00:00\",\"dateModified\":\"2022-05-24T11:31:50+00:00\",\"inLanguage\":\"fr-FR\",\"potentialAction\":[{\"@type\":\"ReadAction\",\"target\":[\"https:\/\/www.laetus.com\/fr\/fr-ty\/\"]}]},{\"@type\":\"WebSite\",\"@id\":\"https:\/\/www.laetus.com\/fr\/#website\",\"url\":\"https:\/\/www.laetus.com\/fr\/\",\"name\":\"Laetus\",\"description\":\"\",\"alternateName\":\"Laetus\",\"potentialAction\":[{\"@type\":\"SearchAction\",\"target\":{\"@type\":\"EntryPoint\",\"urlTemplate\":\"https:\/\/www.laetus.com\/fr\/?s={search_term_string}\"},\"query-input\":\"required name=search_term_string\"}],\"inLanguage\":\"fr-FR\"}]}<\/script>\n<!-- \/ Yoast SEO plugin. -->","yoast_head_json":{"title":"Merci - Laetus - France","robots":{"index":"index","follow":"follow","max-snippet":"max-snippet:-1","max-image-preview":"max-image-preview:large","max-video-preview":"max-video-preview:-1"},"canonical":"https:\/\/www.laetus.com\/fr\/fr-ty\/","og_locale":"fr-FR","og_type":"article","og_title":"Merci - Laetus - France","og_description":"Merci &#8211; Nous contacter Merci de l&#8217;int\u00e9r\u00eat que vous portez \u00e0 nos produits. Vos informations ont \u00e9t\u00e9 transmises \u00e0 un associ\u00e9 de Laetus et vous serez contact\u00e9 sous peu.","og_url":"https:\/\/www.laetus.com\/fr\/fr-ty\/","og_site_name":"Laetus - France","article_modified_time":"2022-05-24T11:31:50+00:00","twitter_card":"summary_large_image","twitter_misc":{"Est. reading time":"1 minute"},"schema":{"@context":"https:\/\/schema.org","@graph":[{"@type":"WebPage","@id":"https:\/\/www.laetus.com\/fr\/fr-ty\/","url":"https:\/\/www.laetus.com\/fr\/fr-ty\/","name":"Merci - Laetus - France","isPartOf":{"@id":"https:\/\/www.laetus.com\/fr\/#website"},"datePublished":"2022-05-17T15:14:51+00:00","dateModified":"2022-05-24T11:31:50+00:00","inLanguage":"fr-FR","potentialAction":[{"@type":"ReadAction","target":["https:\/\/www.laetus.com\/fr\/fr-ty\/"]}]},{"@type":"WebSite","@id":"https:\/\/www.laetus.com\/fr\/#website","url":"https:\/\/www.laetus.com\/fr\/","name":"Laetus","description":"","alternateName":"Laetus","potentialAction":[{"@type":"SearchAction","target":{"@type":"EntryPoint","urlTemplate":"https:\/\/www.laetus.com\/fr\/?s={search_term_string}"},"query-input":"required name=search_term_string"}],"inLanguage":"fr-FR"}]}},"jetpack_sharing_enabled":true,"_links":{"self":[{"href":"https:\/\/www.laetus.com\/fr\/wp-json\/wp\/v2\/pages\/1584","targetHints":{"allow":["GET"]}}],"collection":[{"href":"https:\/\/www.laetus.com\/fr\/wp-json\/wp\/v2\/pages"}],"about":[{"href":"https:\/\/www.laetus.com\/fr\/wp-json\/wp\/v2\/types\/page"}],"author":[{"embeddable":true,"href":"https:\/\/www.laetus.com\/fr\/wp-json\/wp\/v2\/users\/8"}],"replies":[{"embeddable":true,"href":"https:\/\/www.laetus.com\/fr\/wp-json\/wp\/v2\/comments?post=1584"}],"version-history":[{"count":3,"href":"https:\/\/www.laetus.com\/fr\/wp-json\/wp\/v2\/pages\/1584\/revisions"}],"predecessor-version":[{"id":1641,"href":"https:\/\/www.laetus.com\/fr\/wp-json\/wp\/v2\/pages\/1584\/revisions\/1641"}],"wp:attachment":[{"href":"https:\/\/www.laetus.com\/fr\/wp-json\/wp\/v2\/media?parent=1584"}],"curies":[{"name":"wp","href":"https:\/\/api.w.org\/{rel}","templated":true}]}}