{"id":1875,"date":"2022-10-10T07:07:31","date_gmt":"2022-10-10T07:07:31","guid":{"rendered":"https:\/\/www.laetus.com\/fr\/?page_id=1875"},"modified":"2025-03-20T04:58:01","modified_gmt":"2025-03-20T04:58:01","slug":"spare-parts-order-form","status":"publish","type":"page","link":"https:\/\/www.laetus.com\/fr\/service-and-support\/spare-parts-management\/spare-parts-order-form\/","title":{"rendered":"Spare Parts Order Form"},"content":{"rendered":"<div class=\"lt-group-wrap\" id=\"lt-blocks-group-69eb2e1a14c08\"> \n<div class=\"wp-block-group alignfull has-cerulean-red-background-color has-background is-layout-flow wp-block-group-is-layout-flow\">\n<h1 class=\"wp-block-heading has-text-align-center has-theme-white-color has-text-color has-h-2-font-size\" id=\"spare-parts-management\">Formulaire de commande de pi\u00e8ces d\u00e9tach\u00e9es<\/h1>\n<\/div>\n\n\t\t<style>\n\t\t\t#lt-blocks-group-69eb2e1a14c08 {\n\t\t\t\t\t\t\twidth: auto;\n\t\t\t}\n\t\t\t#lt-blocks-group-69eb2e1a14c08 > .wp-block-group {\n\t\t\tpadding-top: 15px;padding-right: 0px;padding-bottom: 15px;padding-left: 0px;\t\t\t}\n\n\t\t\t@media print, screen and ( max-width: 767px ) {\n\t\t\t\t#lt-blocks-group-69eb2e1a14c08 {\n\t\t\t\t\t\t\t\t}\n\t\t\t\t#lt-blocks-group-69eb2e1a14c08 > .wp-block-group {\n\t\t\t\t\t\t\t\t}\n\t\t\t}\n\t\t\t#lt-blocks-group-69eb2e1a14c08 > .wp-block-group > * {\n\t\t\t\t\t\t\t\t\t\t\t}\n\n\t\t<\/style>\n\n\t\t <\/div>\n\n\n<div style=\"height:30px\" aria-hidden=\"true\" class=\"wp-block-spacer\"><\/div>\n\n\n<div class=\"lt-group-wrap\" id=\"lt-blocks-group-69eb2e1a150c8\"> \n<div class=\"wp-block-group is-layout-flow wp-block-group-is-layout-flow\">\n<div class=\"wp-block-columns is-layout-flex wp-container-core-columns-is-layout-28f84493 wp-block-columns-is-layout-flex\">\n<div class=\"wp-block-column is-layout-flow wp-block-column-is-layout-flow\" style=\"flex-basis:70%\">\t<div class=\"js-marketo-form-shortcode\">\n\t\t\n<form data-formID=\"1080\"><\/form>\n\t<\/div>\n\t\n<\/div>\n\n\n\n<div class=\"wp-block-column is-layout-flow wp-block-column-is-layout-flow\" style=\"flex-basis:30%\">\n<p><\/p>\n<\/div>\n<\/div>\n<\/div>\n\n\t\t<style>\n\t\t\t#lt-blocks-group-69eb2e1a150c8 {\n\t\t\t\t\t\t\twidth: auto;\n\t\t\t}\n\t\t\t#lt-blocks-group-69eb2e1a150c8 > .wp-block-group {\n\t\t\tpadding-top: 0px;padding-right: 0px;padding-bottom: 0px;padding-left: 0px;\t\t\t}\n\n\t\t\t@media print, screen and ( max-width: 767px ) {\n\t\t\t\t#lt-blocks-group-69eb2e1a150c8 {\n\t\t\t\t\t\t\t\t}\n\t\t\t\t#lt-blocks-group-69eb2e1a150c8 > .wp-block-group {\n\t\t\t\t\t\t\t\t}\n\t\t\t}\n\t\t\t#lt-blocks-group-69eb2e1a150c8 > .wp-block-group > * {\n\t\t\t\t\t\t\t\t\t\t\t}\n\n\t\t<\/style>\n\n\t\t <\/div>","protected":false},"excerpt":{"rendered":"<p>Formulaire de commande de pi\u00e8ces d\u00e9tach\u00e9es<\/p>\n","protected":false},"author":8,"featured_media":0,"parent":325,"menu_order":0,"comment_status":"closed","ping_status":"closed","template":"","meta":{"footnotes":""},"class_list":["post-1875","page","type-page","status-publish","hentry"],"acf":[],"yoast_head":"<!-- This site is optimized with the Yoast SEO plugin v21.4 - https:\/\/yoast.com\/wordpress\/plugins\/seo\/ -->\n<title>Spare Parts Order Form - Laetus - France<\/title>\n<meta name=\"robots\" content=\"index, follow, max-snippet:-1, max-image-preview:large, max-video-preview:-1\" \/>\n<link rel=\"canonical\" href=\"https:\/\/www.laetus.com\/fr\/service-and-support\/spare-parts-management\/spare-parts-order-form\/\" \/>\n<meta property=\"og:locale\" content=\"fr-FR\" \/>\n<meta property=\"og:type\" content=\"article\" \/>\n<meta property=\"og:title\" content=\"Spare Parts Order Form - Laetus - France\" \/>\n<meta property=\"og:description\" content=\"Formulaire de commande de pi\u00e8ces d\u00e9tach\u00e9es\" \/>\n<meta property=\"og:url\" content=\"https:\/\/www.laetus.com\/fr\/service-and-support\/spare-parts-management\/spare-parts-order-form\/\" \/>\n<meta property=\"og:site_name\" content=\"Laetus - France\" \/>\n<meta property=\"article:modified_time\" content=\"2025-03-20T04:58:01+00:00\" \/>\n<meta name=\"twitter:card\" content=\"summary_large_image\" \/>\n<meta name=\"twitter:label1\" content=\"Est. reading time\" \/>\n\t<meta name=\"twitter:data1\" content=\"1 minute\" \/>\n<script type=\"application\/ld+json\" class=\"yoast-schema-graph\">{\"@context\":\"https:\/\/schema.org\",\"@graph\":[{\"@type\":\"WebPage\",\"@id\":\"https:\/\/www.laetus.com\/fr\/service-and-support\/spare-parts-management\/spare-parts-order-form\/\",\"url\":\"https:\/\/www.laetus.com\/fr\/service-and-support\/spare-parts-management\/spare-parts-order-form\/\",\"name\":\"Spare Parts Order Form - Laetus - France\",\"isPartOf\":{\"@id\":\"https:\/\/www.laetus.com\/fr\/#website\"},\"datePublished\":\"2022-10-10T07:07:31+00:00\",\"dateModified\":\"2025-03-20T04:58:01+00:00\",\"breadcrumb\":{\"@id\":\"https:\/\/www.laetus.com\/fr\/service-and-support\/spare-parts-management\/spare-parts-order-form\/#breadcrumb\"},\"inLanguage\":\"fr-FR\",\"potentialAction\":[{\"@type\":\"ReadAction\",\"target\":[\"https:\/\/www.laetus.com\/fr\/service-and-support\/spare-parts-management\/spare-parts-order-form\/\"]}]},{\"@type\":\"BreadcrumbList\",\"@id\":\"https:\/\/www.laetus.com\/fr\/service-and-support\/spare-parts-management\/spare-parts-order-form\/#breadcrumb\",\"itemListElement\":[{\"@type\":\"ListItem\",\"position\":1,\"name\":\"Service and Support\",\"item\":\"https:\/\/www.laetus.com\/fr\/service-and-support\/\"},{\"@type\":\"ListItem\",\"position\":2,\"name\":\"Gestion des Pi\u00e8ces d\u00e9tach\u00e9es\",\"item\":\"https:\/\/www.laetus.com\/fr\/service-and-support\/spare-parts-management\/\"},{\"@type\":\"ListItem\",\"position\":3,\"name\":\"Spare Parts Order Form\"}]},{\"@type\":\"WebSite\",\"@id\":\"https:\/\/www.laetus.com\/fr\/#website\",\"url\":\"https:\/\/www.laetus.com\/fr\/\",\"name\":\"Laetus\",\"description\":\"\",\"alternateName\":\"Laetus\",\"potentialAction\":[{\"@type\":\"SearchAction\",\"target\":{\"@type\":\"EntryPoint\",\"urlTemplate\":\"https:\/\/www.laetus.com\/fr\/?s={search_term_string}\"},\"query-input\":\"required name=search_term_string\"}],\"inLanguage\":\"fr-FR\"}]}<\/script>\n<!-- \/ Yoast SEO plugin. -->","yoast_head_json":{"title":"Spare Parts Order Form - Laetus - France","robots":{"index":"index","follow":"follow","max-snippet":"max-snippet:-1","max-image-preview":"max-image-preview:large","max-video-preview":"max-video-preview:-1"},"canonical":"https:\/\/www.laetus.com\/fr\/service-and-support\/spare-parts-management\/spare-parts-order-form\/","og_locale":"fr-FR","og_type":"article","og_title":"Spare Parts Order Form - Laetus - France","og_description":"Formulaire de commande de pi\u00e8ces d\u00e9tach\u00e9es","og_url":"https:\/\/www.laetus.com\/fr\/service-and-support\/spare-parts-management\/spare-parts-order-form\/","og_site_name":"Laetus - France","article_modified_time":"2025-03-20T04:58:01+00:00","twitter_card":"summary_large_image","twitter_misc":{"Est. reading time":"1 minute"},"schema":{"@context":"https:\/\/schema.org","@graph":[{"@type":"WebPage","@id":"https:\/\/www.laetus.com\/fr\/service-and-support\/spare-parts-management\/spare-parts-order-form\/","url":"https:\/\/www.laetus.com\/fr\/service-and-support\/spare-parts-management\/spare-parts-order-form\/","name":"Spare Parts Order Form - Laetus - France","isPartOf":{"@id":"https:\/\/www.laetus.com\/fr\/#website"},"datePublished":"2022-10-10T07:07:31+00:00","dateModified":"2025-03-20T04:58:01+00:00","breadcrumb":{"@id":"https:\/\/www.laetus.com\/fr\/service-and-support\/spare-parts-management\/spare-parts-order-form\/#breadcrumb"},"inLanguage":"fr-FR","potentialAction":[{"@type":"ReadAction","target":["https:\/\/www.laetus.com\/fr\/service-and-support\/spare-parts-management\/spare-parts-order-form\/"]}]},{"@type":"BreadcrumbList","@id":"https:\/\/www.laetus.com\/fr\/service-and-support\/spare-parts-management\/spare-parts-order-form\/#breadcrumb","itemListElement":[{"@type":"ListItem","position":1,"name":"Service and Support","item":"https:\/\/www.laetus.com\/fr\/service-and-support\/"},{"@type":"ListItem","position":2,"name":"Gestion des Pi\u00e8ces d\u00e9tach\u00e9es","item":"https:\/\/www.laetus.com\/fr\/service-and-support\/spare-parts-management\/"},{"@type":"ListItem","position":3,"name":"Spare Parts Order Form"}]},{"@type":"WebSite","@id":"https:\/\/www.laetus.com\/fr\/#website","url":"https:\/\/www.laetus.com\/fr\/","name":"Laetus","description":"","alternateName":"Laetus","potentialAction":[{"@type":"SearchAction","target":{"@type":"EntryPoint","urlTemplate":"https:\/\/www.laetus.com\/fr\/?s={search_term_string}"},"query-input":"required name=search_term_string"}],"inLanguage":"fr-FR"}]}},"jetpack_sharing_enabled":true,"_links":{"self":[{"href":"https:\/\/www.laetus.com\/fr\/wp-json\/wp\/v2\/pages\/1875","targetHints":{"allow":["GET"]}}],"collection":[{"href":"https:\/\/www.laetus.com\/fr\/wp-json\/wp\/v2\/pages"}],"about":[{"href":"https:\/\/www.laetus.com\/fr\/wp-json\/wp\/v2\/types\/page"}],"author":[{"embeddable":true,"href":"https:\/\/www.laetus.com\/fr\/wp-json\/wp\/v2\/users\/8"}],"replies":[{"embeddable":true,"href":"https:\/\/www.laetus.com\/fr\/wp-json\/wp\/v2\/comments?post=1875"}],"version-history":[{"count":4,"href":"https:\/\/www.laetus.com\/fr\/wp-json\/wp\/v2\/pages\/1875\/revisions"}],"predecessor-version":[{"id":2412,"href":"https:\/\/www.laetus.com\/fr\/wp-json\/wp\/v2\/pages\/1875\/revisions\/2412"}],"up":[{"embeddable":true,"href":"https:\/\/www.laetus.com\/fr\/wp-json\/wp\/v2\/pages\/325"}],"wp:attachment":[{"href":"https:\/\/www.laetus.com\/fr\/wp-json\/wp\/v2\/media?parent=1875"}],"curies":[{"name":"wp","href":"https:\/\/api.w.org\/{rel}","templated":true}]}}