{"id":298,"date":"2022-02-28T07:53:34","date_gmt":"2022-02-28T07:53:34","guid":{"rendered":"https:\/\/www.laetus.com\/en\/?page_id=298"},"modified":"2022-05-17T11:53:46","modified_gmt":"2022-05-17T11:53:46","slug":"project-management","status":"publish","type":"page","link":"https:\/\/www.laetus.com\/fr\/service-and-support\/project-management\/","title":{"rendered":"Gestion de d\u00e9tach\u00e9es"},"content":{"rendered":"\n<figure class=\"wp-block-image alignfull size-large\"><img loading=\"lazy\" decoding=\"async\" width=\"1440\" height=\"471\" src=\"https:\/\/global.laetus.com\/wp-content\/uploads\/dam\/web-images\/service-support\/head-banner\/project-management-banner-1440x471-en.jpg?w=1024\" alt=\"\" class=\"wp-image-554\" srcset=\"https:\/\/global.laetus.com\/wp-content\/uploads\/dam\/web-images\/service-support\/head-banner\/project-management-banner-1440x471-en.jpg?w=1440&amp;resize=1440&amp;quality=80&amp;strip=all 1440w, https:\/\/global.laetus.com\/wp-content\/uploads\/dam\/web-images\/service-support\/head-banner\/project-management-banner-1440x471-en.jpg?resize=300&amp;w=300&amp;quality=80&amp;strip=all 300w, https:\/\/global.laetus.com\/wp-content\/uploads\/dam\/web-images\/service-support\/head-banner\/project-management-banner-1440x471-en.jpg?resize=768&amp;w=768&amp;quality=80&amp;strip=all 768w, https:\/\/global.laetus.com\/wp-content\/uploads\/dam\/web-images\/service-support\/head-banner\/project-management-banner-1440x471-en.jpg?resize=1024&amp;w=1024&amp;quality=80&amp;strip=all 1024w, https:\/\/global.laetus.com\/wp-content\/uploads\/dam\/web-images\/service-support\/head-banner\/project-management-banner-1440x471-en.jpg?resize=450&amp;w=450&amp;quality=80&amp;strip=all 450w, https:\/\/global.laetus.com\/wp-content\/uploads\/dam\/web-images\/service-support\/head-banner\/project-management-banner-1440x471-en.jpg?resize=582&amp;w=582&amp;quality=80&amp;strip=all 582w, https:\/\/global.laetus.com\/wp-content\/uploads\/dam\/web-images\/service-support\/head-banner\/project-management-banner-1440x471-en.jpg?resize=900&amp;w=900&amp;quality=80&amp;strip=all 900w, https:\/\/global.laetus.com\/wp-content\/uploads\/dam\/web-images\/service-support\/head-banner\/project-management-banner-1440x471-en.jpg?resize=1164&amp;w=1164&amp;quality=80&amp;strip=all 1164w\" sizes=\"auto, (max-width: 1440px) 100vw, 1440px\" \/><\/figure>\n\n\n<div class=\"lt-group-wrap\" id=\"lt-blocks-group-69f29e948a0d3\"> \n<div class=\"wp-block-group alignfull has-cerulean-red-background-color has-background is-layout-flow wp-block-group-is-layout-flow\">\n<h1 class=\"has-text-align-center has-theme-white-color has-text-color has-h-2-font-size wp-block-heading\" id=\"project-management\">Gestion de d\u00e9tach\u00e9es<\/h1>\n<\/div>\n\n\t\t<style>\n\t\t\t#lt-blocks-group-69f29e948a0d3 {\n\t\t\t\t\t\t\twidth: auto;\n\t\t\t}\n\t\t\t#lt-blocks-group-69f29e948a0d3 > .wp-block-group {\n\t\t\tpadding-top: 15px;padding-right: 0px;padding-bottom: 15px;padding-left: 0px;\t\t\t}\n\n\t\t\t@media print, screen and ( max-width: 767px ) {\n\t\t\t\t#lt-blocks-group-69f29e948a0d3 {\n\t\t\t\t\t\t\t\t}\n\t\t\t\t#lt-blocks-group-69f29e948a0d3 > .wp-block-group {\n\t\t\t\t\t\t\t\t}\n\t\t\t}\n\t\t\t#lt-blocks-group-69f29e948a0d3 > .wp-block-group > * {\n\t\t\t\t\t\t\t\t\t\t\t}\n\n\t\t<\/style>\n\n\t\t <\/div>\n\n\n<figure class=\"wp-block-image size-large\"><img loading=\"lazy\" decoding=\"async\" width=\"1280\" height=\"300\" src=\"https:\/\/global.laetus.com\/wp-content\/uploads\/dam\/web-images\/service-support\/project-management-graphic.jpg?w=1024\" alt=\"\" class=\"wp-image-577\" srcset=\"https:\/\/global.laetus.com\/wp-content\/uploads\/dam\/web-images\/service-support\/project-management-graphic.jpg?w=1280&amp;resize=1280&amp;quality=80&amp;strip=all 1280w, https:\/\/global.laetus.com\/wp-content\/uploads\/dam\/web-images\/service-support\/project-management-graphic.jpg?resize=300&amp;w=300&amp;quality=80&amp;strip=all 300w, https:\/\/global.laetus.com\/wp-content\/uploads\/dam\/web-images\/service-support\/project-management-graphic.jpg?resize=768&amp;w=768&amp;quality=80&amp;strip=all 768w, https:\/\/global.laetus.com\/wp-content\/uploads\/dam\/web-images\/service-support\/project-management-graphic.jpg?resize=1024&amp;w=1024&amp;quality=80&amp;strip=all 1024w, https:\/\/global.laetus.com\/wp-content\/uploads\/dam\/web-images\/service-support\/project-management-graphic.jpg?resize=450&amp;w=450&amp;quality=80&amp;strip=all 450w, https:\/\/global.laetus.com\/wp-content\/uploads\/dam\/web-images\/service-support\/project-management-graphic.jpg?resize=582&amp;w=582&amp;quality=80&amp;strip=all 582w, https:\/\/global.laetus.com\/wp-content\/uploads\/dam\/web-images\/service-support\/project-management-graphic.jpg?resize=900&amp;w=900&amp;quality=80&amp;strip=all 900w, https:\/\/global.laetus.com\/wp-content\/uploads\/dam\/web-images\/service-support\/project-management-graphic.jpg?resize=1164&amp;w=1164&amp;quality=80&amp;strip=all 1164w\" sizes=\"auto, (max-width: 1280px) 100vw, 1280px\" \/><\/figure>\n\n\n\n<p class=\"has-vivid-red-color has-text-color has-p-big-font-size\"><strong>Pour bien d\u00e9marrer votre projet.<\/strong><\/p>\n\n\n\n<p>Nous nous ferons un plaisir d\u2019agir en tant que sous-traitant g\u00e9n\u00e9ral, en assumant m\u00eame toute la gestion de projet si n\u00e9cessaire. \u00c0 ce titre, nous travaillons en \u00e9troite collaboration avec les entreprises de notre r\u00e9seau international et avec les partenaires de nos clients, dans des domaines tels que la construction de machines, les logiciels et l\u2019informatique.<br>D\u00e8s le d\u00e9but de la phase de planification, nous nous familiarisons avec les conditions sur place. Cela nous permet de conseiller nos clients de mani\u00e8re exhaustive, de d\u00e9finir avec eux les param\u00e8tres les plus importants et d\u2019\u00e9tudier la faisabilit\u00e9. Pendant la phase de conception du projet, nous utilisons la sp\u00e9cification GAMP&nbsp;5 comme base.<\/p>\n\n\n\n<p>La phase de d\u00e9veloppement suivante couvre la mise en \u0153uvre des diff\u00e9rents composants logiciels et machines standard dans une solution globale sur mesure. Des tests fonctionnels et syst\u00e9miques approfondis des diff\u00e9rents composants et de l\u2019application globale garantissent un minimum d\u2019efforts d\u2019int\u00e9gration. L\u2019installation sur site ne commence qu\u2019apr\u00e8s l\u2019ach\u00e8vement r\u00e9ussi de la phase de test.<\/p>\n\n\n\n<p>Pendant cette derni\u00e8re phase du projet, nous prenons en charge les tests de r\u00e9ception en usine&nbsp;(FAT), les tests de r\u00e9ception sur site&nbsp;(SAT), et pouvons m\u00eame effectuer la validation et inclure la documentation&nbsp;(IOQ) sur demande. La formation pr\u00e9alable du personnel de production garantit un d\u00e9marrage sans heurts. Tout au long du processus, nous mettons l\u2019accent sur la transparence de nos travaux. C\u2019est pourquoi notre gestion de projet s\u2019articule autour d\u2019une documentation compl\u00e8te. Nous pouvons fournir une documentation en plusieurs langues sur demande.<\/p>\n","protected":false},"excerpt":{"rendered":"<p>Gestion de d\u00e9tach\u00e9es Pour bien d\u00e9marrer votre projet. Nous nous ferons un plaisir d\u2019agir en tant que sous-traitant g\u00e9n\u00e9ral, en assumant m\u00eame toute la gestion de projet si n\u00e9cessaire. \u00c0 ce titre, nous travaillons en \u00e9troite collaboration avec les entreprises de notre r\u00e9seau international et avec les partenaires de nos clients, dans des domaines tels<a class=\"moretag\" href=\"https:\/\/www.laetus.com\/fr\/service-and-support\/project-management\/\">Lire la suite<\/a><\/p>\n","protected":false},"author":8,"featured_media":0,"parent":286,"menu_order":0,"comment_status":"closed","ping_status":"closed","template":"","meta":{"footnotes":""},"class_list":["post-298","page","type-page","status-publish","hentry"],"acf":[],"yoast_head":"<!-- This site is optimized with the Yoast SEO plugin v21.4 - https:\/\/yoast.com\/wordpress\/plugins\/seo\/ -->\n<title>Gestion de d\u00e9tach\u00e9es - Laetus - France<\/title>\n<meta name=\"robots\" content=\"index, follow, max-snippet:-1, max-image-preview:large, max-video-preview:-1\" \/>\n<link rel=\"canonical\" href=\"https:\/\/www.laetus.com\/fr\/service-and-support\/project-management\/\" \/>\n<meta property=\"og:locale\" content=\"fr-FR\" \/>\n<meta property=\"og:type\" content=\"article\" \/>\n<meta property=\"og:title\" content=\"Gestion de d\u00e9tach\u00e9es - Laetus - France\" \/>\n<meta property=\"og:description\" content=\"Gestion de d\u00e9tach\u00e9es Pour bien d\u00e9marrer votre projet. Nous nous ferons un plaisir d\u2019agir en tant que sous-traitant g\u00e9n\u00e9ral, en assumant m\u00eame toute la gestion de projet si n\u00e9cessaire. \u00c0 ce titre, nous travaillons en \u00e9troite collaboration avec les entreprises de notre r\u00e9seau international et avec les partenaires de nos clients, dans des domaines telsLire la suite\" \/>\n<meta property=\"og:url\" content=\"https:\/\/www.laetus.com\/fr\/service-and-support\/project-management\/\" \/>\n<meta property=\"og:site_name\" content=\"Laetus - France\" \/>\n<meta property=\"article:modified_time\" content=\"2022-05-17T11:53:46+00:00\" \/>\n<meta property=\"og:image\" content=\"https:\/\/global.laetus.com\/wp-content\/uploads\/dam\/web-images\/service-support\/head-banner\/project-management-banner-1440x471-en.jpg?w=1024\" \/>\n<meta name=\"twitter:card\" content=\"summary_large_image\" \/>\n<meta name=\"twitter:label1\" content=\"Est. reading time\" \/>\n\t<meta name=\"twitter:data1\" content=\"2 minutes\" \/>\n<script type=\"application\/ld+json\" class=\"yoast-schema-graph\">{\"@context\":\"https:\/\/schema.org\",\"@graph\":[{\"@type\":\"WebPage\",\"@id\":\"https:\/\/www.laetus.com\/fr\/service-and-support\/project-management\/\",\"url\":\"https:\/\/www.laetus.com\/fr\/service-and-support\/project-management\/\",\"name\":\"Gestion de d\u00e9tach\u00e9es - Laetus - France\",\"isPartOf\":{\"@id\":\"https:\/\/www.laetus.com\/fr\/#website\"},\"datePublished\":\"2022-02-28T07:53:34+00:00\",\"dateModified\":\"2022-05-17T11:53:46+00:00\",\"breadcrumb\":{\"@id\":\"https:\/\/www.laetus.com\/fr\/service-and-support\/project-management\/#breadcrumb\"},\"inLanguage\":\"fr-FR\",\"potentialAction\":[{\"@type\":\"ReadAction\",\"target\":[\"https:\/\/www.laetus.com\/fr\/service-and-support\/project-management\/\"]}]},{\"@type\":\"BreadcrumbList\",\"@id\":\"https:\/\/www.laetus.com\/fr\/service-and-support\/project-management\/#breadcrumb\",\"itemListElement\":[{\"@type\":\"ListItem\",\"position\":1,\"name\":\"Service and Support\",\"item\":\"https:\/\/www.laetus.com\/fr\/service-and-support\/\"},{\"@type\":\"ListItem\",\"position\":2,\"name\":\"Gestion de d\u00e9tach\u00e9es\"}]},{\"@type\":\"WebSite\",\"@id\":\"https:\/\/www.laetus.com\/fr\/#website\",\"url\":\"https:\/\/www.laetus.com\/fr\/\",\"name\":\"Laetus\",\"description\":\"\",\"alternateName\":\"Laetus\",\"potentialAction\":[{\"@type\":\"SearchAction\",\"target\":{\"@type\":\"EntryPoint\",\"urlTemplate\":\"https:\/\/www.laetus.com\/fr\/?s={search_term_string}\"},\"query-input\":\"required name=search_term_string\"}],\"inLanguage\":\"fr-FR\"}]}<\/script>\n<!-- \/ Yoast SEO plugin. -->","yoast_head_json":{"title":"Gestion de d\u00e9tach\u00e9es - Laetus - France","robots":{"index":"index","follow":"follow","max-snippet":"max-snippet:-1","max-image-preview":"max-image-preview:large","max-video-preview":"max-video-preview:-1"},"canonical":"https:\/\/www.laetus.com\/fr\/service-and-support\/project-management\/","og_locale":"fr-FR","og_type":"article","og_title":"Gestion de d\u00e9tach\u00e9es - Laetus - France","og_description":"Gestion de d\u00e9tach\u00e9es Pour bien d\u00e9marrer votre projet. Nous nous ferons un plaisir d\u2019agir en tant que sous-traitant g\u00e9n\u00e9ral, en assumant m\u00eame toute la gestion de projet si n\u00e9cessaire. \u00c0 ce titre, nous travaillons en \u00e9troite collaboration avec les entreprises de notre r\u00e9seau international et avec les partenaires de nos clients, dans des domaines telsLire la suite","og_url":"https:\/\/www.laetus.com\/fr\/service-and-support\/project-management\/","og_site_name":"Laetus - France","article_modified_time":"2022-05-17T11:53:46+00:00","og_image":[{"url":"https:\/\/global.laetus.com\/wp-content\/uploads\/dam\/web-images\/service-support\/head-banner\/project-management-banner-1440x471-en.jpg?w=1024"}],"twitter_card":"summary_large_image","twitter_misc":{"Est. reading time":"2 minutes"},"schema":{"@context":"https:\/\/schema.org","@graph":[{"@type":"WebPage","@id":"https:\/\/www.laetus.com\/fr\/service-and-support\/project-management\/","url":"https:\/\/www.laetus.com\/fr\/service-and-support\/project-management\/","name":"Gestion de d\u00e9tach\u00e9es - Laetus - France","isPartOf":{"@id":"https:\/\/www.laetus.com\/fr\/#website"},"datePublished":"2022-02-28T07:53:34+00:00","dateModified":"2022-05-17T11:53:46+00:00","breadcrumb":{"@id":"https:\/\/www.laetus.com\/fr\/service-and-support\/project-management\/#breadcrumb"},"inLanguage":"fr-FR","potentialAction":[{"@type":"ReadAction","target":["https:\/\/www.laetus.com\/fr\/service-and-support\/project-management\/"]}]},{"@type":"BreadcrumbList","@id":"https:\/\/www.laetus.com\/fr\/service-and-support\/project-management\/#breadcrumb","itemListElement":[{"@type":"ListItem","position":1,"name":"Service and Support","item":"https:\/\/www.laetus.com\/fr\/service-and-support\/"},{"@type":"ListItem","position":2,"name":"Gestion de d\u00e9tach\u00e9es"}]},{"@type":"WebSite","@id":"https:\/\/www.laetus.com\/fr\/#website","url":"https:\/\/www.laetus.com\/fr\/","name":"Laetus","description":"","alternateName":"Laetus","potentialAction":[{"@type":"SearchAction","target":{"@type":"EntryPoint","urlTemplate":"https:\/\/www.laetus.com\/fr\/?s={search_term_string}"},"query-input":"required name=search_term_string"}],"inLanguage":"fr-FR"}]}},"jetpack_sharing_enabled":true,"_links":{"self":[{"href":"https:\/\/www.laetus.com\/fr\/wp-json\/wp\/v2\/pages\/298","targetHints":{"allow":["GET"]}}],"collection":[{"href":"https:\/\/www.laetus.com\/fr\/wp-json\/wp\/v2\/pages"}],"about":[{"href":"https:\/\/www.laetus.com\/fr\/wp-json\/wp\/v2\/types\/page"}],"author":[{"embeddable":true,"href":"https:\/\/www.laetus.com\/fr\/wp-json\/wp\/v2\/users\/8"}],"replies":[{"embeddable":true,"href":"https:\/\/www.laetus.com\/fr\/wp-json\/wp\/v2\/comments?post=298"}],"version-history":[{"count":2,"href":"https:\/\/www.laetus.com\/fr\/wp-json\/wp\/v2\/pages\/298\/revisions"}],"predecessor-version":[{"id":1556,"href":"https:\/\/www.laetus.com\/fr\/wp-json\/wp\/v2\/pages\/298\/revisions\/1556"}],"up":[{"embeddable":true,"href":"https:\/\/www.laetus.com\/fr\/wp-json\/wp\/v2\/pages\/286"}],"wp:attachment":[{"href":"https:\/\/www.laetus.com\/fr\/wp-json\/wp\/v2\/media?parent=298"}],"curies":[{"name":"wp","href":"https:\/\/api.w.org\/{rel}","templated":true}]}}