{"id":308,"date":"2022-02-28T11:00:04","date_gmt":"2022-02-28T11:00:04","guid":{"rendered":"https:\/\/www.laetus.com\/en\/?page_id=308"},"modified":"2022-05-17T13:58:15","modified_gmt":"2022-05-17T13:58:15","slug":"training","status":"publish","type":"page","link":"https:\/\/www.laetus.com\/fr\/service-and-support\/training\/","title":{"rendered":"Formation"},"content":{"rendered":"\n<figure class=\"wp-block-image alignfull size-large\"><img loading=\"lazy\" decoding=\"async\" width=\"1440\" height=\"471\" src=\"https:\/\/global.laetus.com\/wp-content\/uploads\/dam\/web-images\/service-support\/head-banner\/training-banner-1440x471-en.jpg?w=1024\" alt=\"\" class=\"wp-image-564\" srcset=\"https:\/\/global.laetus.com\/wp-content\/uploads\/dam\/web-images\/service-support\/head-banner\/training-banner-1440x471-en.jpg?w=1440&amp;resize=1440&amp;quality=80&amp;strip=all 1440w, https:\/\/global.laetus.com\/wp-content\/uploads\/dam\/web-images\/service-support\/head-banner\/training-banner-1440x471-en.jpg?resize=300&amp;w=300&amp;quality=80&amp;strip=all 300w, https:\/\/global.laetus.com\/wp-content\/uploads\/dam\/web-images\/service-support\/head-banner\/training-banner-1440x471-en.jpg?resize=768&amp;w=768&amp;quality=80&amp;strip=all 768w, https:\/\/global.laetus.com\/wp-content\/uploads\/dam\/web-images\/service-support\/head-banner\/training-banner-1440x471-en.jpg?resize=1024&amp;w=1024&amp;quality=80&amp;strip=all 1024w, https:\/\/global.laetus.com\/wp-content\/uploads\/dam\/web-images\/service-support\/head-banner\/training-banner-1440x471-en.jpg?resize=450&amp;w=450&amp;quality=80&amp;strip=all 450w, https:\/\/global.laetus.com\/wp-content\/uploads\/dam\/web-images\/service-support\/head-banner\/training-banner-1440x471-en.jpg?resize=582&amp;w=582&amp;quality=80&amp;strip=all 582w, https:\/\/global.laetus.com\/wp-content\/uploads\/dam\/web-images\/service-support\/head-banner\/training-banner-1440x471-en.jpg?resize=900&amp;w=900&amp;quality=80&amp;strip=all 900w, https:\/\/global.laetus.com\/wp-content\/uploads\/dam\/web-images\/service-support\/head-banner\/training-banner-1440x471-en.jpg?resize=1164&amp;w=1164&amp;quality=80&amp;strip=all 1164w\" sizes=\"auto, (max-width: 1440px) 100vw, 1440px\" \/><\/figure>\n\n\n<div class=\"lt-group-wrap\" id=\"lt-blocks-group-69d6188891ff2\"> \n<div class=\"wp-block-group alignfull has-cerulean-red-background-color has-background is-layout-flow wp-block-group-is-layout-flow\">\n<h1 class=\"has-text-align-center has-white-color has-text-color has-h-2-font-size wp-block-heading\" id=\"training\">Formation<\/h1>\n<\/div>\n\n\t\t<style>\n\t\t\t#lt-blocks-group-69d6188891ff2 {\n\t\t\t\t\t\t\twidth: auto;\n\t\t\t}\n\t\t\t#lt-blocks-group-69d6188891ff2 > .wp-block-group {\n\t\t\tpadding-top: 15px;padding-right: 0px;padding-bottom: 15px;padding-left: 0px;\t\t\t}\n\n\t\t\t@media print, screen and ( max-width: 767px ) {\n\t\t\t\t#lt-blocks-group-69d6188891ff2 {\n\t\t\t\t\t\t\t\t}\n\t\t\t\t#lt-blocks-group-69d6188891ff2 > .wp-block-group {\n\t\t\t\t\t\t\t\t}\n\t\t\t}\n\t\t\t#lt-blocks-group-69d6188891ff2 > .wp-block-group > * {\n\t\t\t\t\t\t\t\t\t\t\t}\n\n\t\t<\/style>\n\n\t\t <\/div>\n\n\n<div style=\"height:40px\" aria-hidden=\"true\" class=\"wp-block-spacer\"><\/div>\n\n\n<div class=\"lt-group-wrap\" id=\"lt-blocks-group-69d618889230b\"> \n<div class=\"wp-block-group is-layout-flow wp-block-group-is-layout-flow\">\n<figure class=\"wp-block-image size-large\"><img decoding=\"async\" src=\"https:\/\/global.laetus.com\/wp-content\/uploads\/dam\/web-images\/service-support\/track-and-trace-academy-logo-en.jpg\" alt=\"\"\/><\/figure>\n\n\n\n<div style=\"height:20px\" aria-hidden=\"true\" class=\"wp-block-spacer\"><\/div>\n\n\n\n<p class=\"has-vivid-red-color has-text-color has-h-5-font-size\"><strong>Centre d\u2019excellence pour la formation&nbsp;: industries pharmaceutique, m\u00e9dicale, cosm\u00e9tique, alimentaire et FMCG<\/strong><\/p>\n\n\n\n<p>La Track&nbsp;&amp;&nbsp;Trace&nbsp;Academy est un centre d\u2019excellence unique pour les formations. Elle offre un espace d\u2019\u00e9change et de transfert de connaissances sur le th\u00e8me de la protection contre la contrefa\u00e7on. Son environnement moderne et stimulant ainsi que son atmosph\u00e8re communicative favorisent des dialogues anim\u00e9s sur les exigences en mati\u00e8re de Track&nbsp;&amp;&nbsp;Trace et d\u2019inspection visuelle.<br>Des formateurs professionnels et des experts sur divers sujets transmettent leurs connaissances dans le cadre de formations individuelles, de s\u00e9minaires et d\u2019ateliers. Le concept de formation modulaire s\u2019\u00e9tend sur diff\u00e9rents niveaux d\u2019utilisation et r\u00e9pond aux besoins exacts de ses participants.<\/p>\n\n\n\n<p>Les modules de formation peuvent \u00eatre combin\u00e9s&nbsp;: de la pr\u00e9sentation g\u00e9n\u00e9rale de la solution Track&nbsp;&amp;&nbsp;Trace, du mat\u00e9riel des diff\u00e9rents fabricants, des logiciels sp\u00e9cifiques, des aspects informatiques et des processus \u00e0 des formations d\u00e9di\u00e9es aux autres solutions pour le contr\u00f4le optique des emballages.<\/p>\n<\/div>\n\n\t\t<style>\n\t\t\t#lt-blocks-group-69d618889230b {\n\t\t\t\t\t\t\twidth: auto;\n\t\t\t}\n\t\t\t#lt-blocks-group-69d618889230b > .wp-block-group {\n\t\t\tpadding-top: 10px;padding-right: 10px;padding-bottom: 10px;padding-left: 10px;\t\t\t}\n\n\t\t\t@media print, screen and ( max-width: 767px ) {\n\t\t\t\t#lt-blocks-group-69d618889230b {\n\t\t\t\t\t\t\t\t}\n\t\t\t\t#lt-blocks-group-69d618889230b > .wp-block-group {\n\t\t\t\t\t\t\t\t}\n\t\t\t}\n\t\t\t#lt-blocks-group-69d618889230b > .wp-block-group > * {\n\t\t\t\t\t\t\t\t\t\t\t}\n\n\t\t<\/style>\n\n\t\t <\/div>\n\n\n<div style=\"height:20px\" aria-hidden=\"true\" class=\"wp-block-spacer\"><\/div>\n\n\n<div class=\"lt-group-wrap\" id=\"lt-blocks-group-69d6188896782\"> \n<div class=\"wp-block-group has-light-gray-background-color has-background is-layout-flow wp-block-group-is-layout-flow\">\n<p class=\"has-vivid-red-color has-text-color has-h-5-font-size\">Formations<\/p>\n\n\n\n<p>Laetus compte parmi les experts reconnus dans le domaine des solutions int\u00e9gr\u00e9es pour l\u2019assurance qualit\u00e9. L\u2019exp\u00e9rience et les connaissances acquises pendant plus de 45&nbsp;ans dans le d\u00e9veloppement et la production de solutions d\u2019inspection optique nous ont permis de r\u00e9pondre aux exigences actuelles en mati\u00e8re de Track&nbsp;&amp;&nbsp;Trace.<\/p>\n\n\n\n<p>Avec S-TTS et Laetus&nbsp;UP, nous avons cr\u00e9\u00e9 une solution compl\u00e8te qui r\u00e9pond \u00e0 vos besoins en mati\u00e8re de suivi s\u00e9curis\u00e9 et efficace des produits tout au long du processus.<\/p>\n\n\n\n<div style=\"height:20px\" aria-hidden=\"true\" class=\"wp-block-spacer\"><\/div>\n\n\n\n<div class=\"wp-block-columns is-layout-flex wp-container-core-columns-is-layout-28f84493 wp-block-columns-is-layout-flex\">\n<div class=\"wp-block-column is-layout-flow wp-block-column-is-layout-flow\">\n<p class=\"has-text-align-center\"><strong>Cours d&#8217;autoformation<\/strong><\/p>\n\n\n\n<figure class=\"wp-block-image size-large\"><img loading=\"lazy\" decoding=\"async\" width=\"550\" height=\"359\" src=\"https:\/\/global.laetus.com\/wp-content\/uploads\/dam\/web-images\/service-support\/training-self-study-graphic.jpg?w=550\" alt=\"\" class=\"wp-image-585\" srcset=\"https:\/\/global.laetus.com\/wp-content\/uploads\/dam\/web-images\/service-support\/training-self-study-graphic.jpg?w=550&amp;resize=550&amp;quality=80&amp;strip=all 550w, https:\/\/global.laetus.com\/wp-content\/uploads\/dam\/web-images\/service-support\/training-self-study-graphic.jpg?resize=300&amp;w=300&amp;quality=80&amp;strip=all 300w, https:\/\/global.laetus.com\/wp-content\/uploads\/dam\/web-images\/service-support\/training-self-study-graphic.jpg?resize=342&amp;w=342&amp;quality=80&amp;strip=all 342w, https:\/\/global.laetus.com\/wp-content\/uploads\/dam\/web-images\/service-support\/training-self-study-graphic.jpg?resize=450&amp;w=450&amp;quality=80&amp;strip=all 450w, https:\/\/global.laetus.com\/wp-content\/uploads\/dam\/web-images\/service-support\/training-self-study-graphic.jpg?resize=548&amp;w=548&amp;quality=80&amp;strip=all 548w\" sizes=\"auto, (max-width: 550px) 100vw, 550px\" \/><\/figure>\n\n\n\n<ul class=\"is-style-checked wp-block-list\"><li>Des formations quand et o\u00f9 vous voulez<\/li><li>Utilisez nos documents de formation et nos vid\u00e9os pour vous entra\u00eener sur vos propres machines<\/li><\/ul>\n<\/div>\n\n\n\n<div class=\"wp-block-column is-layout-flow wp-block-column-is-layout-flow\">\n<p class=\"has-text-align-center\"><strong>Formation en pr\u00e9sence<\/strong><\/p>\n\n\n\n<figure class=\"wp-block-image size-large\"><img loading=\"lazy\" decoding=\"async\" width=\"550\" height=\"359\" src=\"https:\/\/global.laetus.com\/wp-content\/uploads\/dam\/web-images\/service-support\/traing-presence-training-graphic.jpg?w=550\" alt=\"\" class=\"wp-image-581\" srcset=\"https:\/\/global.laetus.com\/wp-content\/uploads\/dam\/web-images\/service-support\/traing-presence-training-graphic.jpg?w=550&amp;resize=550&amp;quality=80&amp;strip=all 550w, https:\/\/global.laetus.com\/wp-content\/uploads\/dam\/web-images\/service-support\/traing-presence-training-graphic.jpg?resize=300&amp;w=300&amp;quality=80&amp;strip=all 300w, https:\/\/global.laetus.com\/wp-content\/uploads\/dam\/web-images\/service-support\/traing-presence-training-graphic.jpg?resize=342&amp;w=342&amp;quality=80&amp;strip=all 342w, https:\/\/global.laetus.com\/wp-content\/uploads\/dam\/web-images\/service-support\/traing-presence-training-graphic.jpg?resize=450&amp;w=450&amp;quality=80&amp;strip=all 450w, https:\/\/global.laetus.com\/wp-content\/uploads\/dam\/web-images\/service-support\/traing-presence-training-graphic.jpg?resize=548&amp;w=548&amp;quality=80&amp;strip=all 548w\" sizes=\"auto, (max-width: 550px) 100vw, 550px\" \/><\/figure>\n\n\n\n<ul class=\"is-style-checked wp-block-list\"><li>Des formations sur place \u00e0 la Track&nbsp;&amp;&nbsp;Trace&nbsp;Academy<\/li><li>D\u00e9monstrations en classe et activit\u00e9s pratiques avec des instructeurs experts<\/li><\/ul>\n<\/div>\n\n\n\n<div class=\"wp-block-column is-layout-flow wp-block-column-is-layout-flow\">\n<p class=\"has-text-align-center\"><strong>Formation en ligne<\/strong><\/p>\n\n\n\n<figure class=\"wp-block-image size-large\"><img loading=\"lazy\" decoding=\"async\" width=\"550\" height=\"359\" src=\"https:\/\/global.laetus.com\/wp-content\/uploads\/dam\/web-images\/service-support\/training-online-training-graphic.jpg?w=550\" alt=\"\" class=\"wp-image-583\" srcset=\"https:\/\/global.laetus.com\/wp-content\/uploads\/dam\/web-images\/service-support\/training-online-training-graphic.jpg?w=550&amp;resize=550&amp;quality=80&amp;strip=all 550w, https:\/\/global.laetus.com\/wp-content\/uploads\/dam\/web-images\/service-support\/training-online-training-graphic.jpg?resize=300&amp;w=300&amp;quality=80&amp;strip=all 300w, https:\/\/global.laetus.com\/wp-content\/uploads\/dam\/web-images\/service-support\/training-online-training-graphic.jpg?resize=342&amp;w=342&amp;quality=80&amp;strip=all 342w, https:\/\/global.laetus.com\/wp-content\/uploads\/dam\/web-images\/service-support\/training-online-training-graphic.jpg?resize=450&amp;w=450&amp;quality=80&amp;strip=all 450w, https:\/\/global.laetus.com\/wp-content\/uploads\/dam\/web-images\/service-support\/training-online-training-graphic.jpg?resize=548&amp;w=548&amp;quality=80&amp;strip=all 548w\" sizes=\"auto, (max-width: 550px) 100vw, 550px\" \/><\/figure>\n\n\n\n<ul class=\"is-style-checked wp-block-list\"><li>Des formations en ligne o\u00f9 que vous soyez<\/li><li>Salle de classe \u00ab&nbsp;virtuelle&nbsp;\u00bb en direct avec pratique \u00e0 distance sur nos machines d\u2019entra\u00eenement<\/li><\/ul>\n<\/div>\n<\/div>\n<\/div>\n\n\t\t<style>\n\t\t\t#lt-blocks-group-69d6188896782 {\n\t\t\t\t\t\t\twidth: auto;\n\t\t\t}\n\t\t\t#lt-blocks-group-69d6188896782 > .wp-block-group {\n\t\t\tpadding-top: 10px;padding-right: 10px;padding-bottom: 10px;padding-left: 10px;\t\t\t}\n\n\t\t\t@media print, screen and ( max-width: 767px ) {\n\t\t\t\t#lt-blocks-group-69d6188896782 {\n\t\t\t\t\t\t\t\t}\n\t\t\t\t#lt-blocks-group-69d6188896782 > .wp-block-group {\n\t\t\t\t\t\t\t\t}\n\t\t\t}\n\t\t\t#lt-blocks-group-69d6188896782 > .wp-block-group > * {\n\t\t\t\t\t\t\t\t\t\t\t}\n\n\t\t<\/style>\n\n\t\t <\/div>\n\n\n<div style=\"height:40px\" aria-hidden=\"true\" class=\"wp-block-spacer\"><\/div>\n\n\n<div class=\"lt-group-wrap\" id=\"lt-blocks-group-69d6188896915\"> \n<div class=\"wp-block-group is-layout-flow wp-block-group-is-layout-flow\">\n<p class=\"has-text-align-center has-p-big-font-size\">Veuillez contacter <a href=\"mailto:training@laetus.com\">training@laetus.com<\/a> pour plus d&#8217;informations.<\/p>\n<\/div>\n\n\t\t<style>\n\t\t\t#lt-blocks-group-69d6188896915 {\n\t\t\t\t\t\t\twidth: auto;\n\t\t\t}\n\t\t\t#lt-blocks-group-69d6188896915 > .wp-block-group {\n\t\t\tpadding-top: 10px;padding-right: 10px;padding-bottom: 10px;padding-left: 10px;\t\t\t}\n\n\t\t\t@media print, screen and ( max-width: 767px ) {\n\t\t\t\t#lt-blocks-group-69d6188896915 {\n\t\t\t\t\t\t\t\t}\n\t\t\t\t#lt-blocks-group-69d6188896915 > .wp-block-group {\n\t\t\t\t\t\t\t\t}\n\t\t\t}\n\t\t\t#lt-blocks-group-69d6188896915 > .wp-block-group > * {\n\t\t\t\t\t\t\t\t\t\t\t}\n\n\t\t<\/style>\n\n\t\t <\/div>\n\n\n<p><\/p>\n","protected":false},"excerpt":{"rendered":"<p>Formation Centre d\u2019excellence pour la formation&nbsp;: industries pharmaceutique, m\u00e9dicale, cosm\u00e9tique, alimentaire et FMCG La Track&nbsp;&amp;&nbsp;Trace&nbsp;Academy est un centre d\u2019excellence unique pour les formations. Elle offre un espace d\u2019\u00e9change et de transfert de connaissances sur le th\u00e8me de la protection contre la contrefa\u00e7on. Son environnement moderne et stimulant ainsi que son atmosph\u00e8re communicative favorisent des dialogues<a class=\"moretag\" href=\"https:\/\/www.laetus.com\/fr\/service-and-support\/training\/\">Lire la suite<\/a><\/p>\n","protected":false},"author":8,"featured_media":0,"parent":286,"menu_order":0,"comment_status":"closed","ping_status":"closed","template":"","meta":{"footnotes":""},"class_list":["post-308","page","type-page","status-publish","hentry"],"acf":[],"yoast_head":"<!-- This site is optimized with the Yoast SEO plugin v21.4 - https:\/\/yoast.com\/wordpress\/plugins\/seo\/ -->\n<title>Formation - Laetus - France<\/title>\n<meta name=\"robots\" content=\"index, follow, max-snippet:-1, max-image-preview:large, max-video-preview:-1\" \/>\n<link rel=\"canonical\" href=\"https:\/\/www.laetus.com\/fr\/service-and-support\/training\/\" \/>\n<meta property=\"og:locale\" content=\"fr-FR\" \/>\n<meta property=\"og:type\" content=\"article\" \/>\n<meta property=\"og:title\" content=\"Formation - Laetus - France\" \/>\n<meta property=\"og:description\" content=\"Formation Centre d\u2019excellence pour la formation&nbsp;: industries pharmaceutique, m\u00e9dicale, cosm\u00e9tique, alimentaire et FMCG La Track&nbsp;&amp;&nbsp;Trace&nbsp;Academy est un centre d\u2019excellence unique pour les formations. Elle offre un espace d\u2019\u00e9change et de transfert de connaissances sur le th\u00e8me de la protection contre la contrefa\u00e7on. Son environnement moderne et stimulant ainsi que son atmosph\u00e8re communicative favorisent des dialoguesLire la suite\" \/>\n<meta property=\"og:url\" content=\"https:\/\/www.laetus.com\/fr\/service-and-support\/training\/\" \/>\n<meta property=\"og:site_name\" content=\"Laetus - France\" \/>\n<meta property=\"article:modified_time\" content=\"2022-05-17T13:58:15+00:00\" \/>\n<meta property=\"og:image\" content=\"https:\/\/global.laetus.com\/wp-content\/uploads\/dam\/web-images\/service-support\/head-banner\/training-banner-1440x471-en.jpg?w=1024\" \/>\n<meta name=\"twitter:card\" content=\"summary_large_image\" \/>\n<meta name=\"twitter:label1\" content=\"Est. reading time\" \/>\n\t<meta name=\"twitter:data1\" content=\"3 minutes\" \/>\n<script type=\"application\/ld+json\" class=\"yoast-schema-graph\">{\"@context\":\"https:\/\/schema.org\",\"@graph\":[{\"@type\":\"WebPage\",\"@id\":\"https:\/\/www.laetus.com\/fr\/service-and-support\/training\/\",\"url\":\"https:\/\/www.laetus.com\/fr\/service-and-support\/training\/\",\"name\":\"Formation - Laetus - France\",\"isPartOf\":{\"@id\":\"https:\/\/www.laetus.com\/fr\/#website\"},\"datePublished\":\"2022-02-28T11:00:04+00:00\",\"dateModified\":\"2022-05-17T13:58:15+00:00\",\"breadcrumb\":{\"@id\":\"https:\/\/www.laetus.com\/fr\/service-and-support\/training\/#breadcrumb\"},\"inLanguage\":\"fr-FR\",\"potentialAction\":[{\"@type\":\"ReadAction\",\"target\":[\"https:\/\/www.laetus.com\/fr\/service-and-support\/training\/\"]}]},{\"@type\":\"BreadcrumbList\",\"@id\":\"https:\/\/www.laetus.com\/fr\/service-and-support\/training\/#breadcrumb\",\"itemListElement\":[{\"@type\":\"ListItem\",\"position\":1,\"name\":\"Service and Support\",\"item\":\"https:\/\/www.laetus.com\/fr\/service-and-support\/\"},{\"@type\":\"ListItem\",\"position\":2,\"name\":\"Formation\"}]},{\"@type\":\"WebSite\",\"@id\":\"https:\/\/www.laetus.com\/fr\/#website\",\"url\":\"https:\/\/www.laetus.com\/fr\/\",\"name\":\"Laetus\",\"description\":\"\",\"alternateName\":\"Laetus\",\"potentialAction\":[{\"@type\":\"SearchAction\",\"target\":{\"@type\":\"EntryPoint\",\"urlTemplate\":\"https:\/\/www.laetus.com\/fr\/?s={search_term_string}\"},\"query-input\":\"required name=search_term_string\"}],\"inLanguage\":\"fr-FR\"}]}<\/script>\n<!-- \/ Yoast SEO plugin. -->","yoast_head_json":{"title":"Formation - Laetus - France","robots":{"index":"index","follow":"follow","max-snippet":"max-snippet:-1","max-image-preview":"max-image-preview:large","max-video-preview":"max-video-preview:-1"},"canonical":"https:\/\/www.laetus.com\/fr\/service-and-support\/training\/","og_locale":"fr-FR","og_type":"article","og_title":"Formation - Laetus - France","og_description":"Formation Centre d\u2019excellence pour la formation&nbsp;: industries pharmaceutique, m\u00e9dicale, cosm\u00e9tique, alimentaire et FMCG La Track&nbsp;&amp;&nbsp;Trace&nbsp;Academy est un centre d\u2019excellence unique pour les formations. Elle offre un espace d\u2019\u00e9change et de transfert de connaissances sur le th\u00e8me de la protection contre la contrefa\u00e7on. Son environnement moderne et stimulant ainsi que son atmosph\u00e8re communicative favorisent des dialoguesLire la suite","og_url":"https:\/\/www.laetus.com\/fr\/service-and-support\/training\/","og_site_name":"Laetus - France","article_modified_time":"2022-05-17T13:58:15+00:00","og_image":[{"url":"https:\/\/global.laetus.com\/wp-content\/uploads\/dam\/web-images\/service-support\/head-banner\/training-banner-1440x471-en.jpg?w=1024"}],"twitter_card":"summary_large_image","twitter_misc":{"Est. reading time":"3 minutes"},"schema":{"@context":"https:\/\/schema.org","@graph":[{"@type":"WebPage","@id":"https:\/\/www.laetus.com\/fr\/service-and-support\/training\/","url":"https:\/\/www.laetus.com\/fr\/service-and-support\/training\/","name":"Formation - Laetus - France","isPartOf":{"@id":"https:\/\/www.laetus.com\/fr\/#website"},"datePublished":"2022-02-28T11:00:04+00:00","dateModified":"2022-05-17T13:58:15+00:00","breadcrumb":{"@id":"https:\/\/www.laetus.com\/fr\/service-and-support\/training\/#breadcrumb"},"inLanguage":"fr-FR","potentialAction":[{"@type":"ReadAction","target":["https:\/\/www.laetus.com\/fr\/service-and-support\/training\/"]}]},{"@type":"BreadcrumbList","@id":"https:\/\/www.laetus.com\/fr\/service-and-support\/training\/#breadcrumb","itemListElement":[{"@type":"ListItem","position":1,"name":"Service and Support","item":"https:\/\/www.laetus.com\/fr\/service-and-support\/"},{"@type":"ListItem","position":2,"name":"Formation"}]},{"@type":"WebSite","@id":"https:\/\/www.laetus.com\/fr\/#website","url":"https:\/\/www.laetus.com\/fr\/","name":"Laetus","description":"","alternateName":"Laetus","potentialAction":[{"@type":"SearchAction","target":{"@type":"EntryPoint","urlTemplate":"https:\/\/www.laetus.com\/fr\/?s={search_term_string}"},"query-input":"required name=search_term_string"}],"inLanguage":"fr-FR"}]}},"jetpack_sharing_enabled":true,"_links":{"self":[{"href":"https:\/\/www.laetus.com\/fr\/wp-json\/wp\/v2\/pages\/308","targetHints":{"allow":["GET"]}}],"collection":[{"href":"https:\/\/www.laetus.com\/fr\/wp-json\/wp\/v2\/pages"}],"about":[{"href":"https:\/\/www.laetus.com\/fr\/wp-json\/wp\/v2\/types\/page"}],"author":[{"embeddable":true,"href":"https:\/\/www.laetus.com\/fr\/wp-json\/wp\/v2\/users\/8"}],"replies":[{"embeddable":true,"href":"https:\/\/www.laetus.com\/fr\/wp-json\/wp\/v2\/comments?post=308"}],"version-history":[{"count":2,"href":"https:\/\/www.laetus.com\/fr\/wp-json\/wp\/v2\/pages\/308\/revisions"}],"predecessor-version":[{"id":1571,"href":"https:\/\/www.laetus.com\/fr\/wp-json\/wp\/v2\/pages\/308\/revisions\/1571"}],"up":[{"embeddable":true,"href":"https:\/\/www.laetus.com\/fr\/wp-json\/wp\/v2\/pages\/286"}],"wp:attachment":[{"href":"https:\/\/www.laetus.com\/fr\/wp-json\/wp\/v2\/media?parent=308"}],"curies":[{"name":"wp","href":"https:\/\/api.w.org\/{rel}","templated":true}]}}