{"id":325,"date":"2022-02-28T11:49:41","date_gmt":"2022-02-28T11:49:41","guid":{"rendered":"https:\/\/www.laetus.com\/en\/?page_id=325"},"modified":"2025-09-10T09:57:59","modified_gmt":"2025-09-10T09:57:59","slug":"spare-parts-management","status":"publish","type":"page","link":"https:\/\/www.laetus.com\/fr\/service-and-support\/spare-parts-management\/","title":{"rendered":"Gestion des Pi\u00e8ces d\u00e9tach\u00e9es"},"content":{"rendered":"\n<figure class=\"wp-block-image alignfull size-large\"><img decoding=\"async\" src=\"https:\/\/global.laetus.com\/wp-content\/uploads\/dam\/web-images\/service-support\/head-banner\/laetus-spare-parts-1440x471-en.jpg\" alt=\"\"\/><\/figure>\n\n\n<div class=\"lt-group-wrap\" id=\"lt-blocks-group-6a04b33bbeaac\"> \n<div class=\"wp-block-group alignfull has-cerulean-red-background-color has-background is-layout-flow wp-block-group-is-layout-flow\">\n<h1 class=\"wp-block-heading has-text-align-center has-theme-white-color has-text-color has-h-2-font-size\" id=\"spare-parts-management\">Gestion des Pi\u00e8ces d\u00e9tach\u00e9es<\/h1>\n<\/div>\n\n\t\t<style>\n\t\t\t#lt-blocks-group-6a04b33bbeaac {\n\t\t\t\t\t\t\twidth: auto;\n\t\t\t}\n\t\t\t#lt-blocks-group-6a04b33bbeaac > .wp-block-group {\n\t\t\tpadding-top: 15px;padding-right: 0px;padding-bottom: 15px;padding-left: 0px;\t\t\t}\n\n\t\t\t@media print, screen and ( max-width: 767px ) {\n\t\t\t\t#lt-blocks-group-6a04b33bbeaac {\n\t\t\t\t\t\t\t\t}\n\t\t\t\t#lt-blocks-group-6a04b33bbeaac > .wp-block-group {\n\t\t\t\t\t\t\t\t}\n\t\t\t}\n\t\t\t#lt-blocks-group-6a04b33bbeaac > .wp-block-group > * {\n\t\t\t\t\t\t\t\t\t\t\t}\n\n\t\t<\/style>\n\n\t\t <\/div>\n\n\n<div style=\"height:30px\" aria-hidden=\"true\" class=\"wp-block-spacer\"><\/div>\n\n\n\n<div class=\"wp-block-columns is-layout-flex wp-container-core-columns-is-layout-28f84493 wp-block-columns-is-layout-flex\">\n<div class=\"wp-block-column is-layout-flow wp-block-column-is-layout-flow\" style=\"flex-basis:66.66%\">\n<p class=\"has-vivid-red-color has-text-color has-p-big-font-size\"><strong>La mise en place d\u2019un approvisionnement en pi\u00e8ces de rechange garantit la disponibilit\u00e9 de l\u2019usine<\/strong><\/p>\n\n\n\n<p>Un temps d\u2019arr\u00eat inattendu peut avoir un impact important sur la productivit\u00e9 de l\u2019usine. D\u2019autant plus si vous ne commandez des pi\u00e8ces de rechange que lorsqu\u2019elles sont n\u00e9cessaires. En mettant en place une gestion proactive des pi\u00e8ces de rechange pour tous les syst\u00e8mes&nbsp;Laetus, vous assurez la disponibilit\u00e9 de votre usine et \u00e9vitez les goulots d\u2019\u00e9tranglement en mati\u00e8re d\u2019approvisionnement.<br>Vous b\u00e9n\u00e9ficiez non seulement de la compatibilit\u00e9 totale de nos pi\u00e8ces de rechange d\u2019origine, mais vous pouvez \u00e9galement faire appel aux techniciens de maintenance&nbsp;Laetus, ce qui garantit une installation professionnelle rapide.<\/p>\n<\/div>\n\n\n\n<div class=\"wp-block-column is-layout-flow wp-block-column-is-layout-flow\" style=\"flex-basis:5%\"><\/div>\n\n\n\n<div class=\"wp-block-column is-layout-flow wp-block-column-is-layout-flow\" style=\"flex-basis:33.33%\">\n<div style=\"height:50px\" aria-hidden=\"true\" class=\"wp-block-spacer\"><\/div>\n\n\n<div class=\"lt-group-wrap\" id=\"lt-blocks-group-6a04b33bbf03e\"> \n<div class=\"wp-block-group custom-border is-layout-flow wp-block-group-is-layout-flow\">\n<p class=\"has-text-align-center has-light-gray-background-color has-background\">Veuillez remplir ce formulaire pour commander des pi\u00e8ces de rechange aupr\u00e8s de Laetus:<\/p>\n\n\n\n<div class=\"wp-block-buttons is-layout-flex wp-block-buttons-is-layout-flex\">\n<div class=\"wp-block-button is-style-lt-fill aligncenter\"><a class=\"wp-block-button__link wp-element-button\" href=\"https:\/\/www.laetus.com\/fr\/service-and-support\/spare-parts-management\/spare-parts-order-form\/\">formulaire de commande<\/a><\/div>\n<\/div>\n<\/div>\n\n\t\t<style>\n\t\t\t#lt-blocks-group-6a04b33bbf03e {\n\t\t\t\t\t\t\twidth: auto;\n\t\t\t}\n\t\t\t#lt-blocks-group-6a04b33bbf03e > .wp-block-group {\n\t\t\tpadding-top: 0px;padding-right: 0px;padding-bottom: 0px;padding-left: 0px;\t\t\t}\n\n\t\t\t@media print, screen and ( max-width: 767px ) {\n\t\t\t\t#lt-blocks-group-6a04b33bbf03e {\n\t\t\t\t\t\t\t\t}\n\t\t\t\t#lt-blocks-group-6a04b33bbf03e > .wp-block-group {\n\t\t\t\t\t\t\t\t}\n\t\t\t}\n\t\t\t#lt-blocks-group-6a04b33bbf03e > .wp-block-group > * {\n\t\t\t\t\t\t\t\t\t\t\t}\n\n\t\t<\/style>\n\n\t\t <\/div><\/div>\n<\/div>\n\n\n\n<p class=\"has-p-big-font-size\"><strong>Optimisez votre gestion des pi\u00e8ces de rechange pour&nbsp;:<\/strong><\/p>\n\n\n\n<p class=\"has-vivid-red-color has-text-color\"><strong>Une efficacit\u00e9 renforc\u00e9e<\/strong><\/p>\n\n\n\n<ul class=\"wp-block-list\">\n<li>La gestion des stocks permet de r\u00e9duire les temps d\u2019arr\u00eat dus aux d\u00e9lais de livraison<\/li>\n\n\n\n<li>Remplacement des composants m\u00e9caniques par des pi\u00e8ces de rechange d\u2019origine identiques sans reconfiguration du syst\u00e8me<\/li>\n\n\n\n<li>Permet d\u2019\u00e9viter les p\u00e9nuries d\u2019approvisionnement<\/li>\n<\/ul>\n\n\n\n<p class=\"has-vivid-red-color has-text-color\"><strong>R\u00e9duction des co\u00fbts<\/strong><\/p>\n\n\n\n<ul class=\"wp-block-list\">\n<li>Le remplacement p\u00e9riodique des pi\u00e8ces d\u2019usure peut \u00eatre planifi\u00e9 (par exemple, les tapis roulants, les ampoules \u00e9lectriques)<\/li>\n\n\n\n<li>Le stockage des pi\u00e8ces de rechange r\u00e9duit consid\u00e9rablement les temps d\u2019arr\u00eat<\/li>\n<\/ul>\n\n\n\n<p class=\"has-vivid-red-color has-text-color\"><strong>R\u00e9paration fiable et professionnelle<\/strong><\/p>\n\n\n\n<ul class=\"wp-block-list\">\n<li>Le service d\u2019installation garantit une r\u00e9paration professionnelle<\/li>\n\n\n\n<li>La maintenance pr\u00e9ventive et le remplacement proactif des pi\u00e8ces d\u2019usure par les techniciens de maintenance\u00a0Laetus assurent la disponibilit\u00e9 du syst\u00e8me et r\u00e9duisent le risque de dommages<\/li>\n<\/ul>\n\n\n\n<p>Si vous souhaitez en savoir plus sur la mani\u00e8re dont d\u2019autres entreprises gagnent en efficacit\u00e9 \u00e0 l\u2019aide de pi\u00e8ces d\u00e9tach\u00e9es, veuillez nous contacter \u00e0 l\u2019adresse <a href=\"mailto:sales@laetus.com\" target=\"_blank\" rel=\"noreferrer noopener\">sales@laetus.com<\/a>\u00a0<\/p>\n\n\n\n<p><\/p>\n","protected":false},"excerpt":{"rendered":"<p>Gestion des Pi\u00e8ces d\u00e9tach\u00e9es La mise en place d\u2019un approvisionnement en pi\u00e8ces de rechange garantit la disponibilit\u00e9 de l\u2019usine Un temps d\u2019arr\u00eat inattendu peut avoir un impact important sur la productivit\u00e9 de l\u2019usine. D\u2019autant plus si vous ne commandez des pi\u00e8ces de rechange que lorsqu\u2019elles sont n\u00e9cessaires. En mettant en place une gestion proactive des<a class=\"moretag\" href=\"https:\/\/www.laetus.com\/fr\/service-and-support\/spare-parts-management\/\">Lire la suite<\/a><\/p>\n","protected":false},"author":8,"featured_media":0,"parent":286,"menu_order":0,"comment_status":"closed","ping_status":"closed","template":"","meta":{"footnotes":""},"class_list":["post-325","page","type-page","status-publish","hentry"],"acf":[],"yoast_head":"<!-- This site is optimized with the Yoast SEO plugin v21.4 - https:\/\/yoast.com\/wordpress\/plugins\/seo\/ -->\n<title>Gestion des Pi\u00e8ces d\u00e9tach\u00e9es - Laetus - France<\/title>\n<meta name=\"robots\" content=\"index, follow, max-snippet:-1, max-image-preview:large, max-video-preview:-1\" \/>\n<link rel=\"canonical\" href=\"https:\/\/www.laetus.com\/fr\/service-and-support\/spare-parts-management\/\" \/>\n<meta property=\"og:locale\" content=\"fr-FR\" \/>\n<meta property=\"og:type\" content=\"article\" \/>\n<meta property=\"og:title\" content=\"Gestion des Pi\u00e8ces d\u00e9tach\u00e9es - Laetus - France\" \/>\n<meta property=\"og:description\" content=\"Gestion des Pi\u00e8ces d\u00e9tach\u00e9es La mise en place d\u2019un approvisionnement en pi\u00e8ces de rechange garantit la disponibilit\u00e9 de l\u2019usine Un temps d\u2019arr\u00eat inattendu peut avoir un impact important sur la productivit\u00e9 de l\u2019usine. D\u2019autant plus si vous ne commandez des pi\u00e8ces de rechange que lorsqu\u2019elles sont n\u00e9cessaires. En mettant en place une gestion proactive desLire la suite\" \/>\n<meta property=\"og:url\" content=\"https:\/\/www.laetus.com\/fr\/service-and-support\/spare-parts-management\/\" \/>\n<meta property=\"og:site_name\" content=\"Laetus - France\" \/>\n<meta property=\"article:modified_time\" content=\"2025-09-10T09:57:59+00:00\" \/>\n<meta property=\"og:image\" content=\"https:\/\/global.laetus.com\/wp-content\/uploads\/dam\/web-images\/service-support\/head-banner\/laetus-spare-parts-1440x471-en.jpg\" \/>\n<meta name=\"twitter:card\" content=\"summary_large_image\" \/>\n<meta name=\"twitter:label1\" content=\"Est. reading time\" \/>\n\t<meta name=\"twitter:data1\" content=\"2 minutes\" \/>\n<script type=\"application\/ld+json\" class=\"yoast-schema-graph\">{\"@context\":\"https:\/\/schema.org\",\"@graph\":[{\"@type\":\"WebPage\",\"@id\":\"https:\/\/www.laetus.com\/fr\/service-and-support\/spare-parts-management\/\",\"url\":\"https:\/\/www.laetus.com\/fr\/service-and-support\/spare-parts-management\/\",\"name\":\"Gestion des Pi\u00e8ces d\u00e9tach\u00e9es - Laetus - France\",\"isPartOf\":{\"@id\":\"https:\/\/www.laetus.com\/fr\/#website\"},\"datePublished\":\"2022-02-28T11:49:41+00:00\",\"dateModified\":\"2025-09-10T09:57:59+00:00\",\"breadcrumb\":{\"@id\":\"https:\/\/www.laetus.com\/fr\/service-and-support\/spare-parts-management\/#breadcrumb\"},\"inLanguage\":\"fr-FR\",\"potentialAction\":[{\"@type\":\"ReadAction\",\"target\":[\"https:\/\/www.laetus.com\/fr\/service-and-support\/spare-parts-management\/\"]}]},{\"@type\":\"BreadcrumbList\",\"@id\":\"https:\/\/www.laetus.com\/fr\/service-and-support\/spare-parts-management\/#breadcrumb\",\"itemListElement\":[{\"@type\":\"ListItem\",\"position\":1,\"name\":\"Service and Support\",\"item\":\"https:\/\/www.laetus.com\/fr\/service-and-support\/\"},{\"@type\":\"ListItem\",\"position\":2,\"name\":\"Gestion des Pi\u00e8ces d\u00e9tach\u00e9es\"}]},{\"@type\":\"WebSite\",\"@id\":\"https:\/\/www.laetus.com\/fr\/#website\",\"url\":\"https:\/\/www.laetus.com\/fr\/\",\"name\":\"Laetus\",\"description\":\"\",\"alternateName\":\"Laetus\",\"potentialAction\":[{\"@type\":\"SearchAction\",\"target\":{\"@type\":\"EntryPoint\",\"urlTemplate\":\"https:\/\/www.laetus.com\/fr\/?s={search_term_string}\"},\"query-input\":\"required name=search_term_string\"}],\"inLanguage\":\"fr-FR\"}]}<\/script>\n<!-- \/ Yoast SEO plugin. -->","yoast_head_json":{"title":"Gestion des Pi\u00e8ces d\u00e9tach\u00e9es - Laetus - France","robots":{"index":"index","follow":"follow","max-snippet":"max-snippet:-1","max-image-preview":"max-image-preview:large","max-video-preview":"max-video-preview:-1"},"canonical":"https:\/\/www.laetus.com\/fr\/service-and-support\/spare-parts-management\/","og_locale":"fr-FR","og_type":"article","og_title":"Gestion des Pi\u00e8ces d\u00e9tach\u00e9es - Laetus - France","og_description":"Gestion des Pi\u00e8ces d\u00e9tach\u00e9es La mise en place d\u2019un approvisionnement en pi\u00e8ces de rechange garantit la disponibilit\u00e9 de l\u2019usine Un temps d\u2019arr\u00eat inattendu peut avoir un impact important sur la productivit\u00e9 de l\u2019usine. D\u2019autant plus si vous ne commandez des pi\u00e8ces de rechange que lorsqu\u2019elles sont n\u00e9cessaires. En mettant en place une gestion proactive desLire la suite","og_url":"https:\/\/www.laetus.com\/fr\/service-and-support\/spare-parts-management\/","og_site_name":"Laetus - France","article_modified_time":"2025-09-10T09:57:59+00:00","og_image":[{"url":"https:\/\/global.laetus.com\/wp-content\/uploads\/dam\/web-images\/service-support\/head-banner\/laetus-spare-parts-1440x471-en.jpg"}],"twitter_card":"summary_large_image","twitter_misc":{"Est. reading time":"2 minutes"},"schema":{"@context":"https:\/\/schema.org","@graph":[{"@type":"WebPage","@id":"https:\/\/www.laetus.com\/fr\/service-and-support\/spare-parts-management\/","url":"https:\/\/www.laetus.com\/fr\/service-and-support\/spare-parts-management\/","name":"Gestion des Pi\u00e8ces d\u00e9tach\u00e9es - Laetus - France","isPartOf":{"@id":"https:\/\/www.laetus.com\/fr\/#website"},"datePublished":"2022-02-28T11:49:41+00:00","dateModified":"2025-09-10T09:57:59+00:00","breadcrumb":{"@id":"https:\/\/www.laetus.com\/fr\/service-and-support\/spare-parts-management\/#breadcrumb"},"inLanguage":"fr-FR","potentialAction":[{"@type":"ReadAction","target":["https:\/\/www.laetus.com\/fr\/service-and-support\/spare-parts-management\/"]}]},{"@type":"BreadcrumbList","@id":"https:\/\/www.laetus.com\/fr\/service-and-support\/spare-parts-management\/#breadcrumb","itemListElement":[{"@type":"ListItem","position":1,"name":"Service and Support","item":"https:\/\/www.laetus.com\/fr\/service-and-support\/"},{"@type":"ListItem","position":2,"name":"Gestion des Pi\u00e8ces d\u00e9tach\u00e9es"}]},{"@type":"WebSite","@id":"https:\/\/www.laetus.com\/fr\/#website","url":"https:\/\/www.laetus.com\/fr\/","name":"Laetus","description":"","alternateName":"Laetus","potentialAction":[{"@type":"SearchAction","target":{"@type":"EntryPoint","urlTemplate":"https:\/\/www.laetus.com\/fr\/?s={search_term_string}"},"query-input":"required name=search_term_string"}],"inLanguage":"fr-FR"}]}},"jetpack_sharing_enabled":true,"_links":{"self":[{"href":"https:\/\/www.laetus.com\/fr\/wp-json\/wp\/v2\/pages\/325","targetHints":{"allow":["GET"]}}],"collection":[{"href":"https:\/\/www.laetus.com\/fr\/wp-json\/wp\/v2\/pages"}],"about":[{"href":"https:\/\/www.laetus.com\/fr\/wp-json\/wp\/v2\/types\/page"}],"author":[{"embeddable":true,"href":"https:\/\/www.laetus.com\/fr\/wp-json\/wp\/v2\/users\/8"}],"replies":[{"embeddable":true,"href":"https:\/\/www.laetus.com\/fr\/wp-json\/wp\/v2\/comments?post=325"}],"version-history":[{"count":9,"href":"https:\/\/www.laetus.com\/fr\/wp-json\/wp\/v2\/pages\/325\/revisions"}],"predecessor-version":[{"id":2558,"href":"https:\/\/www.laetus.com\/fr\/wp-json\/wp\/v2\/pages\/325\/revisions\/2558"}],"up":[{"embeddable":true,"href":"https:\/\/www.laetus.com\/fr\/wp-json\/wp\/v2\/pages\/286"}],"wp:attachment":[{"href":"https:\/\/www.laetus.com\/fr\/wp-json\/wp\/v2\/media?parent=325"}],"curies":[{"name":"wp","href":"https:\/\/api.w.org\/{rel}","templated":true}]}}