{"id":337,"date":"2022-02-28T12:22:19","date_gmt":"2022-02-28T12:22:19","guid":{"rendered":"https:\/\/www.laetus.com\/en\/?page_id=337"},"modified":"2022-05-31T08:54:49","modified_gmt":"2022-05-31T08:54:49","slug":"preventive-maintenance","status":"publish","type":"page","link":"https:\/\/www.laetus.com\/fr\/service-and-support\/preventive-maintenance\/","title":{"rendered":"Maintenance Pr\u00e9ventive"},"content":{"rendered":"\n<figure class=\"wp-block-image alignfull size-large\"><img loading=\"lazy\" decoding=\"async\" width=\"1440\" height=\"471\" src=\"https:\/\/global.laetus.com\/wp-content\/uploads\/dam\/web-images\/service-support\/head-banner\/preventative-maintenance-banner-1440x471-en.jpg?w=1024\" alt=\"\" class=\"wp-image-548\" srcset=\"https:\/\/global.laetus.com\/wp-content\/uploads\/dam\/web-images\/service-support\/head-banner\/preventative-maintenance-banner-1440x471-en.jpg?w=1440&amp;resize=1440&amp;quality=80&amp;strip=all 1440w, https:\/\/global.laetus.com\/wp-content\/uploads\/dam\/web-images\/service-support\/head-banner\/preventative-maintenance-banner-1440x471-en.jpg?resize=300&amp;w=300&amp;quality=80&amp;strip=all 300w, https:\/\/global.laetus.com\/wp-content\/uploads\/dam\/web-images\/service-support\/head-banner\/preventative-maintenance-banner-1440x471-en.jpg?resize=768&amp;w=768&amp;quality=80&amp;strip=all 768w, https:\/\/global.laetus.com\/wp-content\/uploads\/dam\/web-images\/service-support\/head-banner\/preventative-maintenance-banner-1440x471-en.jpg?resize=1024&amp;w=1024&amp;quality=80&amp;strip=all 1024w, https:\/\/global.laetus.com\/wp-content\/uploads\/dam\/web-images\/service-support\/head-banner\/preventative-maintenance-banner-1440x471-en.jpg?resize=450&amp;w=450&amp;quality=80&amp;strip=all 450w, https:\/\/global.laetus.com\/wp-content\/uploads\/dam\/web-images\/service-support\/head-banner\/preventative-maintenance-banner-1440x471-en.jpg?resize=582&amp;w=582&amp;quality=80&amp;strip=all 582w, https:\/\/global.laetus.com\/wp-content\/uploads\/dam\/web-images\/service-support\/head-banner\/preventative-maintenance-banner-1440x471-en.jpg?resize=900&amp;w=900&amp;quality=80&amp;strip=all 900w, https:\/\/global.laetus.com\/wp-content\/uploads\/dam\/web-images\/service-support\/head-banner\/preventative-maintenance-banner-1440x471-en.jpg?resize=1164&amp;w=1164&amp;quality=80&amp;strip=all 1164w\" sizes=\"auto, (max-width: 1440px) 100vw, 1440px\" \/><\/figure>\n\n\n<div class=\"lt-group-wrap\" id=\"lt-blocks-group-69ec7b40327b1\"> \n<div class=\"wp-block-group alignfull has-cerulean-red-background-color has-background is-layout-flow wp-block-group-is-layout-flow\">\n<h1 class=\"has-text-align-center has-theme-white-color has-text-color has-h-2-font-size wp-block-heading\" id=\"preventative-maintenance\">Maintenance Pr\u00e9ventive<\/h1>\n<\/div>\n\n\t\t<style>\n\t\t\t#lt-blocks-group-69ec7b40327b1 {\n\t\t\t\t\t\t\twidth: auto;\n\t\t\t}\n\t\t\t#lt-blocks-group-69ec7b40327b1 > .wp-block-group {\n\t\t\tpadding-top: 15px;padding-right: 0px;padding-bottom: 15px;padding-left: 0px;\t\t\t}\n\n\t\t\t@media print, screen and ( max-width: 767px ) {\n\t\t\t\t#lt-blocks-group-69ec7b40327b1 {\n\t\t\t\t\t\t\t\t}\n\t\t\t\t#lt-blocks-group-69ec7b40327b1 > .wp-block-group {\n\t\t\t\t\t\t\t\t}\n\t\t\t}\n\t\t\t#lt-blocks-group-69ec7b40327b1 > .wp-block-group > * {\n\t\t\t\t\t\t\t\t\t\t\t}\n\n\t\t<\/style>\n\n\t\t <\/div>\n\n\n<div style=\"height:30px\" aria-hidden=\"true\" class=\"wp-block-spacer\"><\/div>\n\n\n\n<p class=\"has-text-align-center has-vivid-red-color has-text-color has-p-big-font-size\"><strong>Maintenance r\u00e9guli\u00e8re pour assurer le fonctionnement continu des lignes de production<\/strong><\/p>\n\n\n\n<div class=\"wp-block-columns is-layout-flex wp-container-core-columns-is-layout-28f84493 wp-block-columns-is-layout-flex\">\n<div class=\"wp-block-column is-layout-flow wp-block-column-is-layout-flow\">\n<div style=\"height:20px\" aria-hidden=\"true\" class=\"wp-block-spacer\"><\/div>\n\n\n\n<div class=\"wp-block-laetus-blocks-image-overlay lt-block-image-overlay\" style=\"--overlay-bg:#C8102E;--overlay-bg-hover:#5D5D5D;--overlay-padding:24px 40px 24px 40px;--overlay-image-position:50% 50%\"><figure><a href=\"https:\/\/www.laetus.com\/fr\/service-and-support\/preventive-maintenance\/hardware\/\" target=\"_self\" rel=\"noopener\" title=\"\"><img decoding=\"async\" alt=\"\" class=\"wp-image-undefined lt-image-overly-image\" src=\"https:\/\/global.laetus.com\/wp-content\/uploads\/dam\/web-images\/service-support\/preventative-maintenence-hardware-thumbnail.jpg?w=550\"\/><div class=\"lt-image-overly-content-wrap\">\n<h4 class=\"has-text-align-center has-white-color has-text-color wp-block-heading\">Mat\u00e9riel<\/h4>\n<\/div><\/a><\/figure><\/div>\n\n\n\n<div style=\"height:20px\" aria-hidden=\"true\" class=\"wp-block-spacer\"><\/div>\n\n\n\n<p class=\"has-vivid-red-color has-text-color\"><strong>Mieux vaut pr\u00e9venir que gu\u00e9rir<\/strong><\/p>\n\n\n\n<p>Notre service de maintenance pr\u00e9ventive inclut des contr\u00f4les pr\u00e9ventifs, des r\u00e9\u00e9talonnages, des r\u00e9parations, le remplacement des pi\u00e8ces d\u2019usure, des mises \u00e0 jour du micrologiciel et d\u2019autres interventions li\u00e9es au mat\u00e9riel.<\/p>\n\n\n\n<p><strong>Principaux avantages&nbsp;:<\/strong><\/p>\n\n\n\n<ul class=\"wp-block-list\"><li>Garantir la disponibilit\u00e9<\/li><li>Am\u00e9liorer la fiabilit\u00e9 et la pr\u00e9visibilit\u00e9<\/li><li>R\u00e9duire les co\u00fbts de maintenance<\/li><\/ul>\n<\/div>\n\n\n\n<div class=\"wp-block-column is-layout-flow wp-block-column-is-layout-flow\">\n<div style=\"height:20px\" aria-hidden=\"true\" class=\"wp-block-spacer\"><\/div>\n\n\n\n<div class=\"wp-block-laetus-blocks-image-overlay lt-block-image-overlay\" style=\"--overlay-bg:#C8102E;--overlay-bg-hover:#5D5D5D;--overlay-padding:24px 40px 24px 40px;--overlay-image-position:50% 50%\"><figure><a href=\"https:\/\/www.laetus.com\/fr\/service-and-support\/preventive-maintenance\/database\/\" target=\"_self\" rel=\"noopener\" title=\"\"><img decoding=\"async\" alt=\"\" class=\"wp-image-undefined lt-image-overly-image\" src=\"https:\/\/global.laetus.com\/wp-content\/uploads\/dam\/web-images\/service-support\/preventative-maintenence-database-thumbnail.jpg?w=550\"\/><div class=\"lt-image-overly-content-wrap\">\n<h4 class=\"has-text-align-center has-white-color has-text-color wp-block-heading\">Base De Donn\u00e9es<\/h4>\n<\/div><\/a><\/figure><\/div>\n\n\n\n<div style=\"height:20px\" aria-hidden=\"true\" class=\"wp-block-spacer\"><\/div>\n\n\n\n<p class=\"has-vivid-red-color has-text-color\"><strong><strong>Une maintenance pr\u00e9ventive r\u00e9guli\u00e8re garantit les performances et la disponibilit\u00e9 de vos donn\u00e9es.<\/strong><\/strong><\/p>\n\n\n\n<p>Gr\u00e2ce \u00e0 notre plan de maintenance de base de donn\u00e9es, nous fournissons un ensemble de t\u00e2ches sp\u00e9cifiques et proactives pour garantir des performances et une disponibilit\u00e9 ad\u00e9quates de votre base de donn\u00e9es.<\/p>\n\n\n\n<p><strong>Principaux avantages&nbsp;:<\/strong><\/p>\n\n\n\n<ul class=\"wp-block-list\"><li>Assure une disponibilit\u00e9 rapide<\/li><li>Garantit les performances<\/li><li>Renforce la fiabilit\u00e9 des donn\u00e9es<\/li><\/ul>\n<\/div>\n<\/div>\n","protected":false},"excerpt":{"rendered":"<p>Maintenance Pr\u00e9ventive Maintenance r\u00e9guli\u00e8re pour assurer le fonctionnement continu des lignes de production Mieux vaut pr\u00e9venir que gu\u00e9rir Notre service de maintenance pr\u00e9ventive inclut des contr\u00f4les pr\u00e9ventifs, des r\u00e9\u00e9talonnages, des r\u00e9parations, le remplacement des pi\u00e8ces d\u2019usure, des mises \u00e0 jour du micrologiciel et d\u2019autres interventions li\u00e9es au mat\u00e9riel. Principaux avantages&nbsp;: Garantir la disponibilit\u00e9 Am\u00e9liorer la<a class=\"moretag\" href=\"https:\/\/www.laetus.com\/fr\/service-and-support\/preventive-maintenance\/\">Lire la suite<\/a><\/p>\n","protected":false},"author":8,"featured_media":0,"parent":286,"menu_order":0,"comment_status":"closed","ping_status":"closed","template":"","meta":{"footnotes":""},"class_list":["post-337","page","type-page","status-publish","hentry"],"acf":[],"yoast_head":"<!-- This site is optimized with the Yoast SEO plugin v21.4 - https:\/\/yoast.com\/wordpress\/plugins\/seo\/ -->\n<title>Maintenance Pr\u00e9ventive - Laetus - France<\/title>\n<meta name=\"robots\" content=\"index, follow, max-snippet:-1, max-image-preview:large, max-video-preview:-1\" \/>\n<link rel=\"canonical\" href=\"https:\/\/www.laetus.com\/fr\/service-and-support\/preventive-maintenance\/\" \/>\n<meta property=\"og:locale\" content=\"fr-FR\" \/>\n<meta property=\"og:type\" content=\"article\" \/>\n<meta property=\"og:title\" content=\"Maintenance Pr\u00e9ventive - Laetus - France\" \/>\n<meta property=\"og:description\" content=\"Maintenance Pr\u00e9ventive Maintenance r\u00e9guli\u00e8re pour assurer le fonctionnement continu des lignes de production Mieux vaut pr\u00e9venir que gu\u00e9rir Notre service de maintenance pr\u00e9ventive inclut des contr\u00f4les pr\u00e9ventifs, des r\u00e9\u00e9talonnages, des r\u00e9parations, le remplacement des pi\u00e8ces d\u2019usure, des mises \u00e0 jour du micrologiciel et d\u2019autres interventions li\u00e9es au mat\u00e9riel. Principaux avantages&nbsp;: Garantir la disponibilit\u00e9 Am\u00e9liorer laLire la suite\" \/>\n<meta property=\"og:url\" content=\"https:\/\/www.laetus.com\/fr\/service-and-support\/preventive-maintenance\/\" \/>\n<meta property=\"og:site_name\" content=\"Laetus - France\" \/>\n<meta property=\"article:modified_time\" content=\"2022-05-31T08:54:49+00:00\" \/>\n<meta property=\"og:image\" content=\"https:\/\/global.laetus.com\/wp-content\/uploads\/dam\/web-images\/service-support\/head-banner\/preventative-maintenance-banner-1440x471-en.jpg?w=1024\" \/>\n<meta name=\"twitter:card\" content=\"summary_large_image\" \/>\n<meta name=\"twitter:label1\" content=\"Est. reading time\" \/>\n\t<meta name=\"twitter:data1\" content=\"2 minutes\" \/>\n<script type=\"application\/ld+json\" class=\"yoast-schema-graph\">{\"@context\":\"https:\/\/schema.org\",\"@graph\":[{\"@type\":\"WebPage\",\"@id\":\"https:\/\/www.laetus.com\/fr\/service-and-support\/preventive-maintenance\/\",\"url\":\"https:\/\/www.laetus.com\/fr\/service-and-support\/preventive-maintenance\/\",\"name\":\"Maintenance Pr\u00e9ventive - Laetus - France\",\"isPartOf\":{\"@id\":\"https:\/\/www.laetus.com\/fr\/#website\"},\"datePublished\":\"2022-02-28T12:22:19+00:00\",\"dateModified\":\"2022-05-31T08:54:49+00:00\",\"breadcrumb\":{\"@id\":\"https:\/\/www.laetus.com\/fr\/service-and-support\/preventive-maintenance\/#breadcrumb\"},\"inLanguage\":\"fr-FR\",\"potentialAction\":[{\"@type\":\"ReadAction\",\"target\":[\"https:\/\/www.laetus.com\/fr\/service-and-support\/preventive-maintenance\/\"]}]},{\"@type\":\"BreadcrumbList\",\"@id\":\"https:\/\/www.laetus.com\/fr\/service-and-support\/preventive-maintenance\/#breadcrumb\",\"itemListElement\":[{\"@type\":\"ListItem\",\"position\":1,\"name\":\"Service and Support\",\"item\":\"https:\/\/www.laetus.com\/fr\/service-and-support\/\"},{\"@type\":\"ListItem\",\"position\":2,\"name\":\"Maintenance Pr\u00e9ventive\"}]},{\"@type\":\"WebSite\",\"@id\":\"https:\/\/www.laetus.com\/fr\/#website\",\"url\":\"https:\/\/www.laetus.com\/fr\/\",\"name\":\"Laetus\",\"description\":\"\",\"alternateName\":\"Laetus\",\"potentialAction\":[{\"@type\":\"SearchAction\",\"target\":{\"@type\":\"EntryPoint\",\"urlTemplate\":\"https:\/\/www.laetus.com\/fr\/?s={search_term_string}\"},\"query-input\":\"required name=search_term_string\"}],\"inLanguage\":\"fr-FR\"}]}<\/script>\n<!-- \/ Yoast SEO plugin. -->","yoast_head_json":{"title":"Maintenance Pr\u00e9ventive - Laetus - France","robots":{"index":"index","follow":"follow","max-snippet":"max-snippet:-1","max-image-preview":"max-image-preview:large","max-video-preview":"max-video-preview:-1"},"canonical":"https:\/\/www.laetus.com\/fr\/service-and-support\/preventive-maintenance\/","og_locale":"fr-FR","og_type":"article","og_title":"Maintenance Pr\u00e9ventive - Laetus - France","og_description":"Maintenance Pr\u00e9ventive Maintenance r\u00e9guli\u00e8re pour assurer le fonctionnement continu des lignes de production Mieux vaut pr\u00e9venir que gu\u00e9rir Notre service de maintenance pr\u00e9ventive inclut des contr\u00f4les pr\u00e9ventifs, des r\u00e9\u00e9talonnages, des r\u00e9parations, le remplacement des pi\u00e8ces d\u2019usure, des mises \u00e0 jour du micrologiciel et d\u2019autres interventions li\u00e9es au mat\u00e9riel. Principaux avantages&nbsp;: Garantir la disponibilit\u00e9 Am\u00e9liorer laLire la suite","og_url":"https:\/\/www.laetus.com\/fr\/service-and-support\/preventive-maintenance\/","og_site_name":"Laetus - France","article_modified_time":"2022-05-31T08:54:49+00:00","og_image":[{"url":"https:\/\/global.laetus.com\/wp-content\/uploads\/dam\/web-images\/service-support\/head-banner\/preventative-maintenance-banner-1440x471-en.jpg?w=1024"}],"twitter_card":"summary_large_image","twitter_misc":{"Est. reading time":"2 minutes"},"schema":{"@context":"https:\/\/schema.org","@graph":[{"@type":"WebPage","@id":"https:\/\/www.laetus.com\/fr\/service-and-support\/preventive-maintenance\/","url":"https:\/\/www.laetus.com\/fr\/service-and-support\/preventive-maintenance\/","name":"Maintenance Pr\u00e9ventive - Laetus - France","isPartOf":{"@id":"https:\/\/www.laetus.com\/fr\/#website"},"datePublished":"2022-02-28T12:22:19+00:00","dateModified":"2022-05-31T08:54:49+00:00","breadcrumb":{"@id":"https:\/\/www.laetus.com\/fr\/service-and-support\/preventive-maintenance\/#breadcrumb"},"inLanguage":"fr-FR","potentialAction":[{"@type":"ReadAction","target":["https:\/\/www.laetus.com\/fr\/service-and-support\/preventive-maintenance\/"]}]},{"@type":"BreadcrumbList","@id":"https:\/\/www.laetus.com\/fr\/service-and-support\/preventive-maintenance\/#breadcrumb","itemListElement":[{"@type":"ListItem","position":1,"name":"Service and Support","item":"https:\/\/www.laetus.com\/fr\/service-and-support\/"},{"@type":"ListItem","position":2,"name":"Maintenance Pr\u00e9ventive"}]},{"@type":"WebSite","@id":"https:\/\/www.laetus.com\/fr\/#website","url":"https:\/\/www.laetus.com\/fr\/","name":"Laetus","description":"","alternateName":"Laetus","potentialAction":[{"@type":"SearchAction","target":{"@type":"EntryPoint","urlTemplate":"https:\/\/www.laetus.com\/fr\/?s={search_term_string}"},"query-input":"required name=search_term_string"}],"inLanguage":"fr-FR"}]}},"jetpack_sharing_enabled":true,"_links":{"self":[{"href":"https:\/\/www.laetus.com\/fr\/wp-json\/wp\/v2\/pages\/337","targetHints":{"allow":["GET"]}}],"collection":[{"href":"https:\/\/www.laetus.com\/fr\/wp-json\/wp\/v2\/pages"}],"about":[{"href":"https:\/\/www.laetus.com\/fr\/wp-json\/wp\/v2\/types\/page"}],"author":[{"embeddable":true,"href":"https:\/\/www.laetus.com\/fr\/wp-json\/wp\/v2\/users\/8"}],"replies":[{"embeddable":true,"href":"https:\/\/www.laetus.com\/fr\/wp-json\/wp\/v2\/comments?post=337"}],"version-history":[{"count":6,"href":"https:\/\/www.laetus.com\/fr\/wp-json\/wp\/v2\/pages\/337\/revisions"}],"predecessor-version":[{"id":1742,"href":"https:\/\/www.laetus.com\/fr\/wp-json\/wp\/v2\/pages\/337\/revisions\/1742"}],"up":[{"embeddable":true,"href":"https:\/\/www.laetus.com\/fr\/wp-json\/wp\/v2\/pages\/286"}],"wp:attachment":[{"href":"https:\/\/www.laetus.com\/fr\/wp-json\/wp\/v2\/media?parent=337"}],"curies":[{"name":"wp","href":"https:\/\/api.w.org\/{rel}","templated":true}]}}