{"id":345,"date":"2022-02-28T13:04:27","date_gmt":"2022-02-28T13:04:27","guid":{"rendered":"https:\/\/www.laetus.com\/en\/?page_id=345"},"modified":"2022-05-17T12:30:35","modified_gmt":"2022-05-17T12:30:35","slug":"hardware","status":"publish","type":"page","link":"https:\/\/www.laetus.com\/fr\/service-and-support\/preventive-maintenance\/hardware\/","title":{"rendered":"Maintenance Pr\u00e9ventive\u00a0\u2013 Mat\u00e9riel"},"content":{"rendered":"\n<figure class=\"wp-block-image alignfull size-large\"><img loading=\"lazy\" decoding=\"async\" width=\"1440\" height=\"471\" src=\"https:\/\/global.laetus.com\/wp-content\/uploads\/dam\/web-images\/service-support\/head-banner\/preventative-maintenance-hardware-banner-1440x471-en.jpg?w=1024\" alt=\"\" class=\"wp-image-550\" srcset=\"https:\/\/global.laetus.com\/wp-content\/uploads\/dam\/web-images\/service-support\/head-banner\/preventative-maintenance-hardware-banner-1440x471-en.jpg?w=1440&amp;resize=1440&amp;quality=80&amp;strip=all 1440w, https:\/\/global.laetus.com\/wp-content\/uploads\/dam\/web-images\/service-support\/head-banner\/preventative-maintenance-hardware-banner-1440x471-en.jpg?resize=300&amp;w=300&amp;quality=80&amp;strip=all 300w, https:\/\/global.laetus.com\/wp-content\/uploads\/dam\/web-images\/service-support\/head-banner\/preventative-maintenance-hardware-banner-1440x471-en.jpg?resize=768&amp;w=768&amp;quality=80&amp;strip=all 768w, https:\/\/global.laetus.com\/wp-content\/uploads\/dam\/web-images\/service-support\/head-banner\/preventative-maintenance-hardware-banner-1440x471-en.jpg?resize=1024&amp;w=1024&amp;quality=80&amp;strip=all 1024w, https:\/\/global.laetus.com\/wp-content\/uploads\/dam\/web-images\/service-support\/head-banner\/preventative-maintenance-hardware-banner-1440x471-en.jpg?resize=450&amp;w=450&amp;quality=80&amp;strip=all 450w, https:\/\/global.laetus.com\/wp-content\/uploads\/dam\/web-images\/service-support\/head-banner\/preventative-maintenance-hardware-banner-1440x471-en.jpg?resize=582&amp;w=582&amp;quality=80&amp;strip=all 582w, https:\/\/global.laetus.com\/wp-content\/uploads\/dam\/web-images\/service-support\/head-banner\/preventative-maintenance-hardware-banner-1440x471-en.jpg?resize=900&amp;w=900&amp;quality=80&amp;strip=all 900w, https:\/\/global.laetus.com\/wp-content\/uploads\/dam\/web-images\/service-support\/head-banner\/preventative-maintenance-hardware-banner-1440x471-en.jpg?resize=1164&amp;w=1164&amp;quality=80&amp;strip=all 1164w\" sizes=\"auto, (max-width: 1440px) 100vw, 1440px\" \/><\/figure>\n\n\n<div class=\"lt-group-wrap\" id=\"lt-blocks-group-69e4b083e0267\"> \n<div class=\"wp-block-group alignfull has-cerulean-red-background-color has-background is-layout-flow wp-block-group-is-layout-flow\">\n<h1 class=\"has-text-align-center has-theme-white-color has-text-color has-h-2-font-size wp-block-heading\" id=\"preventative-maintenance-hardware\">Maintenance Pr\u00e9ventive\u00a0\u2013 Mat\u00e9riel<\/h1>\n<\/div>\n\n\t\t<style>\n\t\t\t#lt-blocks-group-69e4b083e0267 {\n\t\t\t\t\t\t\twidth: auto;\n\t\t\t}\n\t\t\t#lt-blocks-group-69e4b083e0267 > .wp-block-group {\n\t\t\tpadding-top: 15px;padding-right: 0px;padding-bottom: 15px;padding-left: 0px;\t\t\t}\n\n\t\t\t@media print, screen and ( max-width: 767px ) {\n\t\t\t\t#lt-blocks-group-69e4b083e0267 {\n\t\t\t\t\t\t\t\t}\n\t\t\t\t#lt-blocks-group-69e4b083e0267 > .wp-block-group {\n\t\t\t\t\t\t\t\t}\n\t\t\t}\n\t\t\t#lt-blocks-group-69e4b083e0267 > .wp-block-group > * {\n\t\t\t\t\t\t\t\t\t\t\t}\n\n\t\t<\/style>\n\n\t\t <\/div>\n\n\n<div style=\"height:40px\" aria-hidden=\"true\" class=\"wp-block-spacer\"><\/div>\n\n\n\n<h3 class=\"wp-block-heading\" id=\"regular-preventative-maintenance-ensures-performance-availability-of-your-data\" style=\"font-style:normal;font-weight:500\">Une maintenance pr\u00e9ventive r\u00e9guli\u00e8re garantit les performances et la disponibilit\u00e9 de vos donn\u00e9es.<\/h3>\n\n\n\n<p>Le service de maintenance pr\u00e9ventive inclut des contr\u00f4les pr\u00e9ventifs, des r\u00e9\u00e9talonnages, des r\u00e9parations, le remplacement des pi\u00e8ces d\u2019usure, des mises \u00e0 jour du micrologiciel et d\u2019autres interventions li\u00e9es au mat\u00e9riel.<\/p>\n\n\n\n<p>Le site du client est inspect\u00e9, en personne, 1 \u00e0 2&nbsp;fois par an de mani\u00e8re proactive pour assurer la maintenance (mat\u00e9rielle et logicielle) des cha\u00eenes.<\/p>\n\n\n\n<ul class=\"wp-block-list\"><li><strong><mark class=\"has-inline-color has-cerulean-red-color\">Mieux vaut pr\u00e9venir que gu\u00e9rir<\/mark><\/strong><br>La maintenance pr\u00e9ventive consiste \u00e0 effectuer r\u00e9guli\u00e8rement des op\u00e9rations de maintenance sur un \u00e9quipement afin de r\u00e9duire la probabilit\u00e9 qu\u2019il tombe en panne. Cette op\u00e9ration est effectu\u00e9e lorsque l\u2019\u00e9quipement fonctionne correctement pour \u00e9viter qu\u2019il ne tombe en panne de mani\u00e8re inattendue.<\/li><li><strong><mark class=\"has-inline-color has-cerulean-red-color\">Assurer la disponibilit\u00e9<\/mark><\/strong><br>Cr\u00e9ation d\u2019un syst\u00e8me de secours, remplacement r\u00e9gulier des pi\u00e8ces d\u2019usure, r\u00e9parations.<\/li><li><strong><mark class=\"has-inline-color has-cerulean-red-color\">Performance garantie<\/mark><\/strong><br>Contr\u00f4les pr\u00e9ventifs, r\u00e9\u00e9talonnages, mises \u00e0 jour du micrologiciel.<\/li><li><strong><mark class=\"has-inline-color has-cerulean-red-color\">R\u00e9duire les co\u00fbts de maintenance<\/mark><\/strong><br>Combinez la maintenance avec les temps d\u2019arr\u00eat d\u00e9j\u00e0 planifi\u00e9s et r\u00e9duisez les risques de temps d\u2019arr\u00eat impr\u00e9vus. Le service est fourni sur la base d\u2019un taux horaire&nbsp;: vous payez uniquement pour les services fournis.&nbsp;Nous recommandons que notre service de maintenance pr\u00e9ventive soit effectu\u00e9 directement sur place. Nos techniciens de maintenance sur site s\u2019occupent de vos syst\u00e8mes de production pendant que vous restez concentr\u00e9 sur votre activit\u00e9.<\/li><\/ul>\n\n\n\n<figure class=\"wp-block-image size-large\"><img loading=\"lazy\" decoding=\"async\" width=\"1200\" height=\"1200\" src=\"https:\/\/global.laetus.com\/wp-content\/uploads\/dam\/web-images\/service-support\/preventative-maintenance-graphic.jpg?w=1024\" alt=\"\" class=\"wp-image-571\" srcset=\"https:\/\/global.laetus.com\/wp-content\/uploads\/dam\/web-images\/service-support\/preventative-maintenance-graphic.jpg?w=1200&amp;resize=1200&amp;quality=80&amp;strip=all 1200w, https:\/\/global.laetus.com\/wp-content\/uploads\/dam\/web-images\/service-support\/preventative-maintenance-graphic.jpg?resize=150&amp;w=150&amp;quality=80&amp;strip=all 150w, https:\/\/global.laetus.com\/wp-content\/uploads\/dam\/web-images\/service-support\/preventative-maintenance-graphic.jpg?resize=300&amp;w=300&amp;quality=80&amp;strip=all 300w, https:\/\/global.laetus.com\/wp-content\/uploads\/dam\/web-images\/service-support\/preventative-maintenance-graphic.jpg?resize=768&amp;w=768&amp;quality=80&amp;strip=all 768w, https:\/\/global.laetus.com\/wp-content\/uploads\/dam\/web-images\/service-support\/preventative-maintenance-graphic.jpg?resize=1024&amp;w=1024&amp;quality=80&amp;strip=all 1024w, https:\/\/global.laetus.com\/wp-content\/uploads\/dam\/web-images\/service-support\/preventative-maintenance-graphic.jpg?resize=450&amp;w=450&amp;quality=80&amp;strip=all 450w, https:\/\/global.laetus.com\/wp-content\/uploads\/dam\/web-images\/service-support\/preventative-maintenance-graphic.jpg?resize=582&amp;w=582&amp;quality=80&amp;strip=all 582w, https:\/\/global.laetus.com\/wp-content\/uploads\/dam\/web-images\/service-support\/preventative-maintenance-graphic.jpg?resize=900&amp;w=900&amp;quality=80&amp;strip=all 900w, https:\/\/global.laetus.com\/wp-content\/uploads\/dam\/web-images\/service-support\/preventative-maintenance-graphic.jpg?resize=1164&amp;w=1164&amp;quality=80&amp;strip=all 1164w\" sizes=\"auto, (max-width: 1200px) 100vw, 1200px\" \/><\/figure>\n\n\n\n<p>Si vous souhaitez en savoir plus sur nos services d&#8217;entretien pr\u00e9ventif, veuillez nous contacter \u00e0 <a href=\"mailto:service@laetus.com\">service@laetus.com<\/a>.<\/p>\n","protected":false},"excerpt":{"rendered":"<p>Maintenance Pr\u00e9ventive\u00a0\u2013 Mat\u00e9riel Une maintenance pr\u00e9ventive r\u00e9guli\u00e8re garantit les performances et la disponibilit\u00e9 de vos donn\u00e9es. Le service de maintenance pr\u00e9ventive inclut des contr\u00f4les pr\u00e9ventifs, des r\u00e9\u00e9talonnages, des r\u00e9parations, le remplacement des pi\u00e8ces d\u2019usure, des mises \u00e0 jour du micrologiciel et d\u2019autres interventions li\u00e9es au mat\u00e9riel. Le site du client est inspect\u00e9, en personne, 1<a class=\"moretag\" href=\"https:\/\/www.laetus.com\/fr\/service-and-support\/preventive-maintenance\/hardware\/\">Lire la suite<\/a><\/p>\n","protected":false},"author":8,"featured_media":0,"parent":337,"menu_order":0,"comment_status":"closed","ping_status":"closed","template":"","meta":{"footnotes":""},"class_list":["post-345","page","type-page","status-publish","hentry"],"acf":[],"yoast_head":"<!-- This site is optimized with the Yoast SEO plugin v21.4 - https:\/\/yoast.com\/wordpress\/plugins\/seo\/ -->\n<title>Maintenance Pr\u00e9ventive\u00a0\u2013 Mat\u00e9riel - Laetus - France<\/title>\n<meta name=\"robots\" content=\"index, follow, max-snippet:-1, max-image-preview:large, max-video-preview:-1\" \/>\n<link rel=\"canonical\" href=\"https:\/\/www.laetus.com\/fr\/service-and-support\/preventive-maintenance\/hardware\/\" \/>\n<meta property=\"og:locale\" content=\"fr-FR\" \/>\n<meta property=\"og:type\" content=\"article\" \/>\n<meta property=\"og:title\" content=\"Maintenance Pr\u00e9ventive\u00a0\u2013 Mat\u00e9riel - Laetus - France\" \/>\n<meta property=\"og:description\" content=\"Maintenance Pr\u00e9ventive\u00a0\u2013 Mat\u00e9riel Une maintenance pr\u00e9ventive r\u00e9guli\u00e8re garantit les performances et la disponibilit\u00e9 de vos donn\u00e9es. Le service de maintenance pr\u00e9ventive inclut des contr\u00f4les pr\u00e9ventifs, des r\u00e9\u00e9talonnages, des r\u00e9parations, le remplacement des pi\u00e8ces d\u2019usure, des mises \u00e0 jour du micrologiciel et d\u2019autres interventions li\u00e9es au mat\u00e9riel. Le site du client est inspect\u00e9, en personne, 1Lire la suite\" \/>\n<meta property=\"og:url\" content=\"https:\/\/www.laetus.com\/fr\/service-and-support\/preventive-maintenance\/hardware\/\" \/>\n<meta property=\"og:site_name\" content=\"Laetus - France\" \/>\n<meta property=\"article:modified_time\" content=\"2022-05-17T12:30:35+00:00\" \/>\n<meta property=\"og:image\" content=\"https:\/\/global.laetus.com\/wp-content\/uploads\/dam\/web-images\/service-support\/head-banner\/preventative-maintenance-hardware-banner-1440x471-en.jpg?w=1024\" \/>\n<meta name=\"twitter:card\" content=\"summary_large_image\" \/>\n<meta name=\"twitter:label1\" content=\"Est. reading time\" \/>\n\t<meta name=\"twitter:data1\" content=\"2 minutes\" \/>\n<script type=\"application\/ld+json\" class=\"yoast-schema-graph\">{\"@context\":\"https:\/\/schema.org\",\"@graph\":[{\"@type\":\"WebPage\",\"@id\":\"https:\/\/www.laetus.com\/fr\/service-and-support\/preventive-maintenance\/hardware\/\",\"url\":\"https:\/\/www.laetus.com\/fr\/service-and-support\/preventive-maintenance\/hardware\/\",\"name\":\"Maintenance Pr\u00e9ventive\u00a0\u2013 Mat\u00e9riel - Laetus - France\",\"isPartOf\":{\"@id\":\"https:\/\/www.laetus.com\/fr\/#website\"},\"datePublished\":\"2022-02-28T13:04:27+00:00\",\"dateModified\":\"2022-05-17T12:30:35+00:00\",\"breadcrumb\":{\"@id\":\"https:\/\/www.laetus.com\/fr\/service-and-support\/preventive-maintenance\/hardware\/#breadcrumb\"},\"inLanguage\":\"fr-FR\",\"potentialAction\":[{\"@type\":\"ReadAction\",\"target\":[\"https:\/\/www.laetus.com\/fr\/service-and-support\/preventive-maintenance\/hardware\/\"]}]},{\"@type\":\"BreadcrumbList\",\"@id\":\"https:\/\/www.laetus.com\/fr\/service-and-support\/preventive-maintenance\/hardware\/#breadcrumb\",\"itemListElement\":[{\"@type\":\"ListItem\",\"position\":1,\"name\":\"Service and Support\",\"item\":\"https:\/\/www.laetus.com\/fr\/service-and-support\/\"},{\"@type\":\"ListItem\",\"position\":2,\"name\":\"Maintenance Pr\u00e9ventive\",\"item\":\"https:\/\/www.laetus.com\/fr\/service-and-support\/preventive-maintenance\/\"},{\"@type\":\"ListItem\",\"position\":3,\"name\":\"Maintenance Pr\u00e9ventive\u00a0\u2013 Mat\u00e9riel\"}]},{\"@type\":\"WebSite\",\"@id\":\"https:\/\/www.laetus.com\/fr\/#website\",\"url\":\"https:\/\/www.laetus.com\/fr\/\",\"name\":\"Laetus\",\"description\":\"\",\"alternateName\":\"Laetus\",\"potentialAction\":[{\"@type\":\"SearchAction\",\"target\":{\"@type\":\"EntryPoint\",\"urlTemplate\":\"https:\/\/www.laetus.com\/fr\/?s={search_term_string}\"},\"query-input\":\"required name=search_term_string\"}],\"inLanguage\":\"fr-FR\"}]}<\/script>\n<!-- \/ Yoast SEO plugin. -->","yoast_head_json":{"title":"Maintenance Pr\u00e9ventive\u00a0\u2013 Mat\u00e9riel - Laetus - France","robots":{"index":"index","follow":"follow","max-snippet":"max-snippet:-1","max-image-preview":"max-image-preview:large","max-video-preview":"max-video-preview:-1"},"canonical":"https:\/\/www.laetus.com\/fr\/service-and-support\/preventive-maintenance\/hardware\/","og_locale":"fr-FR","og_type":"article","og_title":"Maintenance Pr\u00e9ventive\u00a0\u2013 Mat\u00e9riel - Laetus - France","og_description":"Maintenance Pr\u00e9ventive\u00a0\u2013 Mat\u00e9riel Une maintenance pr\u00e9ventive r\u00e9guli\u00e8re garantit les performances et la disponibilit\u00e9 de vos donn\u00e9es. Le service de maintenance pr\u00e9ventive inclut des contr\u00f4les pr\u00e9ventifs, des r\u00e9\u00e9talonnages, des r\u00e9parations, le remplacement des pi\u00e8ces d\u2019usure, des mises \u00e0 jour du micrologiciel et d\u2019autres interventions li\u00e9es au mat\u00e9riel. Le site du client est inspect\u00e9, en personne, 1Lire la suite","og_url":"https:\/\/www.laetus.com\/fr\/service-and-support\/preventive-maintenance\/hardware\/","og_site_name":"Laetus - France","article_modified_time":"2022-05-17T12:30:35+00:00","og_image":[{"url":"https:\/\/global.laetus.com\/wp-content\/uploads\/dam\/web-images\/service-support\/head-banner\/preventative-maintenance-hardware-banner-1440x471-en.jpg?w=1024"}],"twitter_card":"summary_large_image","twitter_misc":{"Est. reading time":"2 minutes"},"schema":{"@context":"https:\/\/schema.org","@graph":[{"@type":"WebPage","@id":"https:\/\/www.laetus.com\/fr\/service-and-support\/preventive-maintenance\/hardware\/","url":"https:\/\/www.laetus.com\/fr\/service-and-support\/preventive-maintenance\/hardware\/","name":"Maintenance Pr\u00e9ventive\u00a0\u2013 Mat\u00e9riel - Laetus - France","isPartOf":{"@id":"https:\/\/www.laetus.com\/fr\/#website"},"datePublished":"2022-02-28T13:04:27+00:00","dateModified":"2022-05-17T12:30:35+00:00","breadcrumb":{"@id":"https:\/\/www.laetus.com\/fr\/service-and-support\/preventive-maintenance\/hardware\/#breadcrumb"},"inLanguage":"fr-FR","potentialAction":[{"@type":"ReadAction","target":["https:\/\/www.laetus.com\/fr\/service-and-support\/preventive-maintenance\/hardware\/"]}]},{"@type":"BreadcrumbList","@id":"https:\/\/www.laetus.com\/fr\/service-and-support\/preventive-maintenance\/hardware\/#breadcrumb","itemListElement":[{"@type":"ListItem","position":1,"name":"Service and Support","item":"https:\/\/www.laetus.com\/fr\/service-and-support\/"},{"@type":"ListItem","position":2,"name":"Maintenance Pr\u00e9ventive","item":"https:\/\/www.laetus.com\/fr\/service-and-support\/preventive-maintenance\/"},{"@type":"ListItem","position":3,"name":"Maintenance Pr\u00e9ventive\u00a0\u2013 Mat\u00e9riel"}]},{"@type":"WebSite","@id":"https:\/\/www.laetus.com\/fr\/#website","url":"https:\/\/www.laetus.com\/fr\/","name":"Laetus","description":"","alternateName":"Laetus","potentialAction":[{"@type":"SearchAction","target":{"@type":"EntryPoint","urlTemplate":"https:\/\/www.laetus.com\/fr\/?s={search_term_string}"},"query-input":"required name=search_term_string"}],"inLanguage":"fr-FR"}]}},"jetpack_sharing_enabled":true,"_links":{"self":[{"href":"https:\/\/www.laetus.com\/fr\/wp-json\/wp\/v2\/pages\/345","targetHints":{"allow":["GET"]}}],"collection":[{"href":"https:\/\/www.laetus.com\/fr\/wp-json\/wp\/v2\/pages"}],"about":[{"href":"https:\/\/www.laetus.com\/fr\/wp-json\/wp\/v2\/types\/page"}],"author":[{"embeddable":true,"href":"https:\/\/www.laetus.com\/fr\/wp-json\/wp\/v2\/users\/8"}],"replies":[{"embeddable":true,"href":"https:\/\/www.laetus.com\/fr\/wp-json\/wp\/v2\/comments?post=345"}],"version-history":[{"count":4,"href":"https:\/\/www.laetus.com\/fr\/wp-json\/wp\/v2\/pages\/345\/revisions"}],"predecessor-version":[{"id":1562,"href":"https:\/\/www.laetus.com\/fr\/wp-json\/wp\/v2\/pages\/345\/revisions\/1562"}],"up":[{"embeddable":true,"href":"https:\/\/www.laetus.com\/fr\/wp-json\/wp\/v2\/pages\/337"}],"wp:attachment":[{"href":"https:\/\/www.laetus.com\/fr\/wp-json\/wp\/v2\/media?parent=345"}],"curies":[{"name":"wp","href":"https:\/\/api.w.org\/{rel}","templated":true}]}}