{"id":350,"date":"2022-02-28T13:15:35","date_gmt":"2022-02-28T13:15:35","guid":{"rendered":"https:\/\/www.laetus.com\/en\/?page_id=350"},"modified":"2022-05-17T12:30:10","modified_gmt":"2022-05-17T12:30:10","slug":"database","status":"publish","type":"page","link":"https:\/\/www.laetus.com\/fr\/service-and-support\/preventive-maintenance\/database\/","title":{"rendered":"Maintenance Pr\u00e9ventive\u00a0\u2013 Base de Donn\u00e9es"},"content":{"rendered":"\n<figure class=\"wp-block-image alignfull size-large\"><img loading=\"lazy\" decoding=\"async\" width=\"1440\" height=\"471\" src=\"https:\/\/global.laetus.com\/wp-content\/uploads\/dam\/web-images\/service-support\/head-banner\/preventative-maintenence-database-banner-1440x471-en.jpg?w=1024\" alt=\"\" class=\"wp-image-552\" srcset=\"https:\/\/global.laetus.com\/wp-content\/uploads\/dam\/web-images\/service-support\/head-banner\/preventative-maintenence-database-banner-1440x471-en.jpg?w=1440&amp;resize=1440&amp;quality=80&amp;strip=all 1440w, https:\/\/global.laetus.com\/wp-content\/uploads\/dam\/web-images\/service-support\/head-banner\/preventative-maintenence-database-banner-1440x471-en.jpg?resize=300&amp;w=300&amp;quality=80&amp;strip=all 300w, https:\/\/global.laetus.com\/wp-content\/uploads\/dam\/web-images\/service-support\/head-banner\/preventative-maintenence-database-banner-1440x471-en.jpg?resize=768&amp;w=768&amp;quality=80&amp;strip=all 768w, https:\/\/global.laetus.com\/wp-content\/uploads\/dam\/web-images\/service-support\/head-banner\/preventative-maintenence-database-banner-1440x471-en.jpg?resize=1024&amp;w=1024&amp;quality=80&amp;strip=all 1024w, https:\/\/global.laetus.com\/wp-content\/uploads\/dam\/web-images\/service-support\/head-banner\/preventative-maintenence-database-banner-1440x471-en.jpg?resize=450&amp;w=450&amp;quality=80&amp;strip=all 450w, https:\/\/global.laetus.com\/wp-content\/uploads\/dam\/web-images\/service-support\/head-banner\/preventative-maintenence-database-banner-1440x471-en.jpg?resize=582&amp;w=582&amp;quality=80&amp;strip=all 582w, https:\/\/global.laetus.com\/wp-content\/uploads\/dam\/web-images\/service-support\/head-banner\/preventative-maintenence-database-banner-1440x471-en.jpg?resize=900&amp;w=900&amp;quality=80&amp;strip=all 900w, https:\/\/global.laetus.com\/wp-content\/uploads\/dam\/web-images\/service-support\/head-banner\/preventative-maintenence-database-banner-1440x471-en.jpg?resize=1164&amp;w=1164&amp;quality=80&amp;strip=all 1164w\" sizes=\"auto, (max-width: 1440px) 100vw, 1440px\" \/><\/figure>\n\n\n<div class=\"lt-group-wrap\" id=\"lt-blocks-group-69f1c7fe01745\"> \n<div class=\"wp-block-group alignfull has-cerulean-red-background-color has-background is-layout-flow wp-block-group-is-layout-flow\">\n<h1 class=\"has-text-align-center has-theme-white-color has-text-color has-h-2-font-size wp-block-heading\" id=\"preventative-maintenance-database\">Maintenance Pr\u00e9ventive\u00a0\u2013 Base de Donn\u00e9es<\/h1>\n<\/div>\n\n\t\t<style>\n\t\t\t#lt-blocks-group-69f1c7fe01745 {\n\t\t\t\t\t\t\twidth: auto;\n\t\t\t}\n\t\t\t#lt-blocks-group-69f1c7fe01745 > .wp-block-group {\n\t\t\tpadding-top: 15px;padding-right: 0px;padding-bottom: 15px;padding-left: 0px;\t\t\t}\n\n\t\t\t@media print, screen and ( max-width: 767px ) {\n\t\t\t\t#lt-blocks-group-69f1c7fe01745 {\n\t\t\t\t\t\t\t\t}\n\t\t\t\t#lt-blocks-group-69f1c7fe01745 > .wp-block-group {\n\t\t\t\t\t\t\t\t}\n\t\t\t}\n\t\t\t#lt-blocks-group-69f1c7fe01745 > .wp-block-group > * {\n\t\t\t\t\t\t\t\t\t\t\t}\n\n\t\t<\/style>\n\n\t\t <\/div>\n\n\n<div style=\"height:40px\" aria-hidden=\"true\" class=\"wp-block-spacer\"><\/div>\n\n\n\n<h3 class=\"wp-block-heading\" id=\"regular-database-maintenance-ensures-performance-availability-of-your-data\" style=\"font-style:normal;font-weight:500\">La maintenance r\u00e9guli\u00e8re de la base de donn\u00e9es assure les performances et la disponibilit\u00e9 de vos donn\u00e9es<\/h3>\n\n\n\n<p>Vos donn\u00e9es sont l\u2019un de vos actifs les plus importants. Elles constituent la base de tous les types de planification et de recherche. Laetus veille \u00e0 ce que vos donn\u00e9es soient s\u00fbres, exemptes d\u2019erreurs et rapidement disponibles. Avec notre plan de maintenance de base de donn\u00e9es, nous fournissons un ensemble de t\u00e2ches sp\u00e9cifiques et proactives pour assurer des performances et une disponibilit\u00e9 ad\u00e9quates de votre base de donn\u00e9es. <\/p>\n\n\n\n<p>Notre offre standard de service de maintenance pour les param\u00e8tres des bases de donn\u00e9es et des applications comprend les avantages suivants&nbsp;:<\/p>\n\n\n\n<ul class=\"wp-block-list\"><li><strong><mark class=\"has-inline-color has-cerulean-red-color\">Une disponibilit\u00e9 garantie<\/mark><\/strong><br>Nous r\u00e9indexons la base de donn\u00e9es, si n\u00e9cessaire, lorsque la production est arr\u00eat\u00e9e, afin de garantir une haute disponibilit\u00e9 du syst\u00e8me.<\/li><li><strong><mark class=\"has-inline-color has-cerulean-red-color\">Des performances garanties<\/mark><\/strong><br>L\u2019archivage r\u00e9gulier des fichiers journaux et la v\u00e9rification de la fragmentation de l\u2019environnement&nbsp;SQL pendant la production garantissent des performances constantes.<\/li><li><strong><mark class=\"has-inline-color has-cerulean-red-color\">Une fiabilit\u00e9 garantie<\/mark><\/strong><br>V\u00e9rification fr\u00e9quente de tous les param\u00e8tres n\u00e9cessaires de la base de donn\u00e9es et des applications, de la capacit\u00e9 des disques durs et de la consommation de m\u00e9moire, afin d\u2019\u00e9viter les temps d\u2019arr\u00eat inutiles.<\/li><\/ul>\n\n\n\n<p>Nous recommandons que la maintenance de nos bases de donn\u00e9es \u00e0 distance soit effectu\u00e9e deux fois par an. Notre \u00e9quipe d\u00e9vou\u00e9e compos\u00e9e d\u2019experts en administration de bases de donn\u00e9es s\u2019occupe de votre base de donn\u00e9es pendant que vous restez concentr\u00e9 sur votre activit\u00e9. En nous confiant la gestion de vos bases de donn\u00e9es, vous pouvez affronter vos concurrents et r\u00e9aliser des \u00e9conomies en termes de co\u00fbts, de temps, de ressources humaines, tout en m\u00e9nageant vos efforts et votre portefeuille.<\/p>\n\n\n\n<p>If you would like to learn more about our database maintenance services, please contact us at&nbsp;<a href=\"mailto:service@laetus.com\">service@laetus.com<\/a>.<\/p>\n","protected":false},"excerpt":{"rendered":"<p>Maintenance Pr\u00e9ventive\u00a0\u2013 Base de Donn\u00e9es La maintenance r\u00e9guli\u00e8re de la base de donn\u00e9es assure les performances et la disponibilit\u00e9 de vos donn\u00e9es Vos donn\u00e9es sont l\u2019un de vos actifs les plus importants. Elles constituent la base de tous les types de planification et de recherche. Laetus veille \u00e0 ce que vos donn\u00e9es soient s\u00fbres, exemptes<a class=\"moretag\" href=\"https:\/\/www.laetus.com\/fr\/service-and-support\/preventive-maintenance\/database\/\">Lire la suite<\/a><\/p>\n","protected":false},"author":8,"featured_media":0,"parent":337,"menu_order":0,"comment_status":"closed","ping_status":"closed","template":"","meta":{"footnotes":""},"class_list":["post-350","page","type-page","status-publish","hentry"],"acf":[],"yoast_head":"<!-- This site is optimized with the Yoast SEO plugin v21.4 - https:\/\/yoast.com\/wordpress\/plugins\/seo\/ -->\n<title>Maintenance Pr\u00e9ventive\u00a0\u2013 Base de Donn\u00e9es - Laetus - France<\/title>\n<meta name=\"robots\" content=\"index, follow, max-snippet:-1, max-image-preview:large, max-video-preview:-1\" \/>\n<link rel=\"canonical\" href=\"https:\/\/www.laetus.com\/fr\/service-and-support\/preventive-maintenance\/database\/\" \/>\n<meta property=\"og:locale\" content=\"fr-FR\" \/>\n<meta property=\"og:type\" content=\"article\" \/>\n<meta property=\"og:title\" content=\"Maintenance Pr\u00e9ventive\u00a0\u2013 Base de Donn\u00e9es - Laetus - France\" \/>\n<meta property=\"og:description\" content=\"Maintenance Pr\u00e9ventive\u00a0\u2013 Base de Donn\u00e9es La maintenance r\u00e9guli\u00e8re de la base de donn\u00e9es assure les performances et la disponibilit\u00e9 de vos donn\u00e9es Vos donn\u00e9es sont l\u2019un de vos actifs les plus importants. Elles constituent la base de tous les types de planification et de recherche. Laetus veille \u00e0 ce que vos donn\u00e9es soient s\u00fbres, exemptesLire la suite\" \/>\n<meta property=\"og:url\" content=\"https:\/\/www.laetus.com\/fr\/service-and-support\/preventive-maintenance\/database\/\" \/>\n<meta property=\"og:site_name\" content=\"Laetus - France\" \/>\n<meta property=\"article:modified_time\" content=\"2022-05-17T12:30:10+00:00\" \/>\n<meta property=\"og:image\" content=\"https:\/\/global.laetus.com\/wp-content\/uploads\/dam\/web-images\/service-support\/head-banner\/preventative-maintenence-database-banner-1440x471-en.jpg?w=1024\" \/>\n<meta name=\"twitter:card\" content=\"summary_large_image\" \/>\n<meta name=\"twitter:label1\" content=\"Est. reading time\" \/>\n\t<meta name=\"twitter:data1\" content=\"2 minutes\" \/>\n<script type=\"application\/ld+json\" class=\"yoast-schema-graph\">{\"@context\":\"https:\/\/schema.org\",\"@graph\":[{\"@type\":\"WebPage\",\"@id\":\"https:\/\/www.laetus.com\/fr\/service-and-support\/preventive-maintenance\/database\/\",\"url\":\"https:\/\/www.laetus.com\/fr\/service-and-support\/preventive-maintenance\/database\/\",\"name\":\"Maintenance Pr\u00e9ventive\u00a0\u2013 Base de Donn\u00e9es - Laetus - France\",\"isPartOf\":{\"@id\":\"https:\/\/www.laetus.com\/fr\/#website\"},\"datePublished\":\"2022-02-28T13:15:35+00:00\",\"dateModified\":\"2022-05-17T12:30:10+00:00\",\"breadcrumb\":{\"@id\":\"https:\/\/www.laetus.com\/fr\/service-and-support\/preventive-maintenance\/database\/#breadcrumb\"},\"inLanguage\":\"fr-FR\",\"potentialAction\":[{\"@type\":\"ReadAction\",\"target\":[\"https:\/\/www.laetus.com\/fr\/service-and-support\/preventive-maintenance\/database\/\"]}]},{\"@type\":\"BreadcrumbList\",\"@id\":\"https:\/\/www.laetus.com\/fr\/service-and-support\/preventive-maintenance\/database\/#breadcrumb\",\"itemListElement\":[{\"@type\":\"ListItem\",\"position\":1,\"name\":\"Service and Support\",\"item\":\"https:\/\/www.laetus.com\/fr\/service-and-support\/\"},{\"@type\":\"ListItem\",\"position\":2,\"name\":\"Maintenance Pr\u00e9ventive\",\"item\":\"https:\/\/www.laetus.com\/fr\/service-and-support\/preventive-maintenance\/\"},{\"@type\":\"ListItem\",\"position\":3,\"name\":\"Maintenance Pr\u00e9ventive\u00a0\u2013 Base de Donn\u00e9es\"}]},{\"@type\":\"WebSite\",\"@id\":\"https:\/\/www.laetus.com\/fr\/#website\",\"url\":\"https:\/\/www.laetus.com\/fr\/\",\"name\":\"Laetus\",\"description\":\"\",\"alternateName\":\"Laetus\",\"potentialAction\":[{\"@type\":\"SearchAction\",\"target\":{\"@type\":\"EntryPoint\",\"urlTemplate\":\"https:\/\/www.laetus.com\/fr\/?s={search_term_string}\"},\"query-input\":\"required name=search_term_string\"}],\"inLanguage\":\"fr-FR\"}]}<\/script>\n<!-- \/ Yoast SEO plugin. -->","yoast_head_json":{"title":"Maintenance Pr\u00e9ventive\u00a0\u2013 Base de Donn\u00e9es - Laetus - France","robots":{"index":"index","follow":"follow","max-snippet":"max-snippet:-1","max-image-preview":"max-image-preview:large","max-video-preview":"max-video-preview:-1"},"canonical":"https:\/\/www.laetus.com\/fr\/service-and-support\/preventive-maintenance\/database\/","og_locale":"fr-FR","og_type":"article","og_title":"Maintenance Pr\u00e9ventive\u00a0\u2013 Base de Donn\u00e9es - Laetus - France","og_description":"Maintenance Pr\u00e9ventive\u00a0\u2013 Base de Donn\u00e9es La maintenance r\u00e9guli\u00e8re de la base de donn\u00e9es assure les performances et la disponibilit\u00e9 de vos donn\u00e9es Vos donn\u00e9es sont l\u2019un de vos actifs les plus importants. Elles constituent la base de tous les types de planification et de recherche. Laetus veille \u00e0 ce que vos donn\u00e9es soient s\u00fbres, exemptesLire la suite","og_url":"https:\/\/www.laetus.com\/fr\/service-and-support\/preventive-maintenance\/database\/","og_site_name":"Laetus - France","article_modified_time":"2022-05-17T12:30:10+00:00","og_image":[{"url":"https:\/\/global.laetus.com\/wp-content\/uploads\/dam\/web-images\/service-support\/head-banner\/preventative-maintenence-database-banner-1440x471-en.jpg?w=1024"}],"twitter_card":"summary_large_image","twitter_misc":{"Est. reading time":"2 minutes"},"schema":{"@context":"https:\/\/schema.org","@graph":[{"@type":"WebPage","@id":"https:\/\/www.laetus.com\/fr\/service-and-support\/preventive-maintenance\/database\/","url":"https:\/\/www.laetus.com\/fr\/service-and-support\/preventive-maintenance\/database\/","name":"Maintenance Pr\u00e9ventive\u00a0\u2013 Base de Donn\u00e9es - Laetus - France","isPartOf":{"@id":"https:\/\/www.laetus.com\/fr\/#website"},"datePublished":"2022-02-28T13:15:35+00:00","dateModified":"2022-05-17T12:30:10+00:00","breadcrumb":{"@id":"https:\/\/www.laetus.com\/fr\/service-and-support\/preventive-maintenance\/database\/#breadcrumb"},"inLanguage":"fr-FR","potentialAction":[{"@type":"ReadAction","target":["https:\/\/www.laetus.com\/fr\/service-and-support\/preventive-maintenance\/database\/"]}]},{"@type":"BreadcrumbList","@id":"https:\/\/www.laetus.com\/fr\/service-and-support\/preventive-maintenance\/database\/#breadcrumb","itemListElement":[{"@type":"ListItem","position":1,"name":"Service and Support","item":"https:\/\/www.laetus.com\/fr\/service-and-support\/"},{"@type":"ListItem","position":2,"name":"Maintenance Pr\u00e9ventive","item":"https:\/\/www.laetus.com\/fr\/service-and-support\/preventive-maintenance\/"},{"@type":"ListItem","position":3,"name":"Maintenance Pr\u00e9ventive\u00a0\u2013 Base de Donn\u00e9es"}]},{"@type":"WebSite","@id":"https:\/\/www.laetus.com\/fr\/#website","url":"https:\/\/www.laetus.com\/fr\/","name":"Laetus","description":"","alternateName":"Laetus","potentialAction":[{"@type":"SearchAction","target":{"@type":"EntryPoint","urlTemplate":"https:\/\/www.laetus.com\/fr\/?s={search_term_string}"},"query-input":"required name=search_term_string"}],"inLanguage":"fr-FR"}]}},"jetpack_sharing_enabled":true,"_links":{"self":[{"href":"https:\/\/www.laetus.com\/fr\/wp-json\/wp\/v2\/pages\/350","targetHints":{"allow":["GET"]}}],"collection":[{"href":"https:\/\/www.laetus.com\/fr\/wp-json\/wp\/v2\/pages"}],"about":[{"href":"https:\/\/www.laetus.com\/fr\/wp-json\/wp\/v2\/types\/page"}],"author":[{"embeddable":true,"href":"https:\/\/www.laetus.com\/fr\/wp-json\/wp\/v2\/users\/8"}],"replies":[{"embeddable":true,"href":"https:\/\/www.laetus.com\/fr\/wp-json\/wp\/v2\/comments?post=350"}],"version-history":[{"count":2,"href":"https:\/\/www.laetus.com\/fr\/wp-json\/wp\/v2\/pages\/350\/revisions"}],"predecessor-version":[{"id":1561,"href":"https:\/\/www.laetus.com\/fr\/wp-json\/wp\/v2\/pages\/350\/revisions\/1561"}],"up":[{"embeddable":true,"href":"https:\/\/www.laetus.com\/fr\/wp-json\/wp\/v2\/pages\/337"}],"wp:attachment":[{"href":"https:\/\/www.laetus.com\/fr\/wp-json\/wp\/v2\/media?parent=350"}],"curies":[{"name":"wp","href":"https:\/\/api.w.org\/{rel}","templated":true}]}}