{"id":362,"date":"2022-02-28T13:36:21","date_gmt":"2022-02-28T13:36:21","guid":{"rendered":"https:\/\/www.laetus.com\/en\/?page_id=362"},"modified":"2025-10-30T09:01:03","modified_gmt":"2025-10-30T09:01:03","slug":"repair-service","status":"publish","type":"page","link":"https:\/\/www.laetus.com\/fr\/service-and-support\/repair-service\/","title":{"rendered":"Service R\u00e9paration"},"content":{"rendered":"\n<figure class=\"wp-block-image alignfull size-large\"><img loading=\"lazy\" decoding=\"async\" width=\"1440\" height=\"471\" src=\"https:\/\/global.laetus.com\/wp-content\/uploads\/dam\/web-images\/service-support\/head-banner\/repair-header2.jpg?w=1024\" alt=\"\" class=\"wp-image-1988\" srcset=\"https:\/\/global.laetus.com\/wp-content\/uploads\/dam\/web-images\/service-support\/head-banner\/repair-header2.jpg?w=1440&amp;resize=1440&amp;quality=80&amp;strip=all 1440w, https:\/\/global.laetus.com\/wp-content\/uploads\/dam\/web-images\/service-support\/head-banner\/repair-header2.jpg?resize=300&amp;w=300&amp;quality=80&amp;strip=all 300w, https:\/\/global.laetus.com\/wp-content\/uploads\/dam\/web-images\/service-support\/head-banner\/repair-header2.jpg?resize=768&amp;w=768&amp;quality=80&amp;strip=all 768w, https:\/\/global.laetus.com\/wp-content\/uploads\/dam\/web-images\/service-support\/head-banner\/repair-header2.jpg?resize=1024&amp;w=1024&amp;quality=80&amp;strip=all 1024w, https:\/\/global.laetus.com\/wp-content\/uploads\/dam\/web-images\/service-support\/head-banner\/repair-header2.jpg?resize=450&amp;w=450&amp;quality=80&amp;strip=all 450w, https:\/\/global.laetus.com\/wp-content\/uploads\/dam\/web-images\/service-support\/head-banner\/repair-header2.jpg?resize=582&amp;w=582&amp;quality=80&amp;strip=all 582w, https:\/\/global.laetus.com\/wp-content\/uploads\/dam\/web-images\/service-support\/head-banner\/repair-header2.jpg?resize=900&amp;w=900&amp;quality=80&amp;strip=all 900w, https:\/\/global.laetus.com\/wp-content\/uploads\/dam\/web-images\/service-support\/head-banner\/repair-header2.jpg?resize=1164&amp;w=1164&amp;quality=80&amp;strip=all 1164w\" sizes=\"auto, (max-width: 1440px) 100vw, 1440px\" \/><\/figure>\n\n\n<div class=\"lt-group-wrap\" id=\"lt-blocks-group-69e4abf7e1090\"> \n<div class=\"wp-block-group alignfull has-cerulean-red-background-color has-background is-layout-flow wp-block-group-is-layout-flow\">\n<h1 class=\"wp-block-heading has-text-align-center has-theme-white-color has-text-color has-h-2-font-size\" id=\"repair-service\">Service R\u00e9paration<\/h1>\n<\/div>\n\n\t\t<style>\n\t\t\t#lt-blocks-group-69e4abf7e1090 {\n\t\t\t\t\t\t\twidth: auto;\n\t\t\t}\n\t\t\t#lt-blocks-group-69e4abf7e1090 > .wp-block-group {\n\t\t\tpadding-top: 10px;padding-right: 0px;padding-bottom: 10px;padding-left: 0px;\t\t\t}\n\n\t\t\t@media print, screen and ( max-width: 767px ) {\n\t\t\t\t#lt-blocks-group-69e4abf7e1090 {\n\t\t\t\t\t\t\t\t}\n\t\t\t\t#lt-blocks-group-69e4abf7e1090 > .wp-block-group {\n\t\t\t\t\t\t\t\t}\n\t\t\t}\n\t\t\t#lt-blocks-group-69e4abf7e1090 > .wp-block-group > * {\n\t\t\t\t\t\t\t\t\t\t\t}\n\n\t\t<\/style>\n\n\t\t <\/div>\n\n\n<div style=\"height:40px\" aria-hidden=\"true\" class=\"wp-block-spacer\"><\/div>\n\n\n\n<div class=\"wp-block-columns is-layout-flex wp-container-core-columns-is-layout-28f84493 wp-block-columns-is-layout-flex\">\n<div class=\"wp-block-column is-layout-flow wp-block-column-is-layout-flow\" style=\"flex-basis:66.66%\">\n<p class=\"has-vivid-red-color has-text-color\"><strong>Toute demande de r\u00e9paration n\u00e9cessite un autorisation de retour de mat\u00e9riel (RMA)<\/strong><\/p>\n\n\n\n<p>Pour toute demande de r\u00e9paration, veuillez nous envoyer le formulaire&nbsp;RMA ci-dessous.&nbsp;Vous recevrez de notre part un num\u00e9ro&nbsp;RMA pour votre r\u00e9paration.<\/p>\n\n\n\n<p>Ce num\u00e9ro vous permettra de conna\u00eetre \u00e0 tout moment le statut de votre r\u00e9paration.<\/p>\n\n\n\n<p>Pour toute demande de r\u00e9paration, veuillez nous contacter \u00e0 l\u2019adresse&nbsp;<a href=\"mailto:repairs@laetus.com\">repairs@laetus.com<\/a>.<\/p>\n\n\n\n<p><a href=\"https:\/\/global.laetus.com\/wp-content\/uploads\/dam\/web-pdf\/terms-and-conditions\/Laetus_Division_Conditions_g\u00e9n\u00e9rales_de_r\u00e9paration_FR.pdf\" target=\"_blank\" rel=\"noreferrer noopener\">Veuillez prendre connaissance des r\u00e8gles relatives au processus de r\u00e9paration&nbsp;!<\/a><\/p>\n<\/div>\n\n\n\n<div class=\"wp-block-column is-layout-flow wp-block-column-is-layout-flow\" style=\"flex-basis:33.33%\">\n<figure class=\"wp-block-image size-large\"><img decoding=\"async\" src=\"https:\/\/global.laetus.com\/wp-content\/uploads\/dam\/web-images\/service-support\/repair-blog-image.jpg\" alt=\"\"\/><\/figure>\n<\/div>\n<\/div>\n\n\n<div class=\"lt-group-wrap\" id=\"lt-blocks-group-69e4abf7e1680\"> \n<div class=\"wp-block-group is-layout-flow wp-block-group-is-layout-flow\">\n<div class=\"wp-block-columns is-layout-flex wp-container-core-columns-is-layout-28f84493 wp-block-columns-is-layout-flex\">\n<div class=\"wp-block-column is-layout-flow wp-block-column-is-layout-flow\" style=\"flex-basis:66.66%\">\t<div class=\"js-marketo-form-shortcode\">\n\t\t\n<form data-formID=\"1079\"><\/form>\n\t<\/div>\n\t\n<\/div>\n\n\n\n<div class=\"wp-block-column is-layout-flow wp-block-column-is-layout-flow\" style=\"flex-basis:33.33%\"><\/div>\n<\/div>\n<\/div>\n\n\t\t<style>\n\t\t\t#lt-blocks-group-69e4abf7e1680 {\n\t\t\t\t\t\t\twidth: auto;\n\t\t\t}\n\t\t\t#lt-blocks-group-69e4abf7e1680 > .wp-block-group {\n\t\t\tpadding-top: 0px;padding-right: 0px;padding-bottom: 0px;padding-left: 0px;\t\t\t}\n\n\t\t\t@media print, screen and ( max-width: 767px ) {\n\t\t\t\t#lt-blocks-group-69e4abf7e1680 {\n\t\t\t\t\t\t\t\t}\n\t\t\t\t#lt-blocks-group-69e4abf7e1680 > .wp-block-group {\n\t\t\t\t\t\t\t\t}\n\t\t\t}\n\t\t\t#lt-blocks-group-69e4abf7e1680 > .wp-block-group > * {\n\t\t\t\t\t\t\t\t\t\t\t}\n\n\t\t<\/style>\n\n\t\t <\/div>","protected":false},"excerpt":{"rendered":"<p>Service R\u00e9paration Toute demande de r\u00e9paration n\u00e9cessite un autorisation de retour de mat\u00e9riel (RMA) Pour toute demande de r\u00e9paration, veuillez nous envoyer le formulaire&nbsp;RMA ci-dessous.&nbsp;Vous recevrez de notre part un num\u00e9ro&nbsp;RMA pour votre r\u00e9paration. Ce num\u00e9ro vous permettra de conna\u00eetre \u00e0 tout moment le statut de votre r\u00e9paration. Pour toute demande de r\u00e9paration, veuillez nous<a class=\"moretag\" href=\"https:\/\/www.laetus.com\/fr\/service-and-support\/repair-service\/\">Lire la suite<\/a><\/p>\n","protected":false},"author":8,"featured_media":0,"parent":286,"menu_order":0,"comment_status":"closed","ping_status":"closed","template":"","meta":{"footnotes":""},"class_list":["post-362","page","type-page","status-publish","hentry"],"acf":[],"yoast_head":"<!-- This site is optimized with the Yoast SEO plugin v21.4 - https:\/\/yoast.com\/wordpress\/plugins\/seo\/ -->\n<title>Service R\u00e9paration - Laetus - France<\/title>\n<meta name=\"robots\" content=\"index, follow, max-snippet:-1, max-image-preview:large, max-video-preview:-1\" \/>\n<link rel=\"canonical\" href=\"https:\/\/www.laetus.com\/fr\/service-and-support\/repair-service\/\" \/>\n<meta property=\"og:locale\" content=\"fr-FR\" \/>\n<meta property=\"og:type\" content=\"article\" \/>\n<meta property=\"og:title\" content=\"Service R\u00e9paration - Laetus - France\" \/>\n<meta property=\"og:description\" content=\"Service R\u00e9paration Toute demande de r\u00e9paration n\u00e9cessite un autorisation de retour de mat\u00e9riel (RMA) Pour toute demande de r\u00e9paration, veuillez nous envoyer le formulaire&nbsp;RMA ci-dessous.&nbsp;Vous recevrez de notre part un num\u00e9ro&nbsp;RMA pour votre r\u00e9paration. Ce num\u00e9ro vous permettra de conna\u00eetre \u00e0 tout moment le statut de votre r\u00e9paration. Pour toute demande de r\u00e9paration, veuillez nousLire la suite\" \/>\n<meta property=\"og:url\" content=\"https:\/\/www.laetus.com\/fr\/service-and-support\/repair-service\/\" \/>\n<meta property=\"og:site_name\" content=\"Laetus - France\" \/>\n<meta property=\"article:modified_time\" content=\"2025-10-30T09:01:03+00:00\" \/>\n<meta property=\"og:image\" content=\"https:\/\/global.laetus.com\/wp-content\/uploads\/dam\/web-images\/service-support\/head-banner\/repair-header2.jpg?w=1024\" \/>\n<meta name=\"twitter:card\" content=\"summary_large_image\" \/>\n<meta name=\"twitter:label1\" content=\"Est. reading time\" \/>\n\t<meta name=\"twitter:data1\" content=\"1 minute\" \/>\n<script type=\"application\/ld+json\" class=\"yoast-schema-graph\">{\"@context\":\"https:\/\/schema.org\",\"@graph\":[{\"@type\":\"WebPage\",\"@id\":\"https:\/\/www.laetus.com\/fr\/service-and-support\/repair-service\/\",\"url\":\"https:\/\/www.laetus.com\/fr\/service-and-support\/repair-service\/\",\"name\":\"Service R\u00e9paration - Laetus - France\",\"isPartOf\":{\"@id\":\"https:\/\/www.laetus.com\/fr\/#website\"},\"datePublished\":\"2022-02-28T13:36:21+00:00\",\"dateModified\":\"2025-10-30T09:01:03+00:00\",\"breadcrumb\":{\"@id\":\"https:\/\/www.laetus.com\/fr\/service-and-support\/repair-service\/#breadcrumb\"},\"inLanguage\":\"fr-FR\",\"potentialAction\":[{\"@type\":\"ReadAction\",\"target\":[\"https:\/\/www.laetus.com\/fr\/service-and-support\/repair-service\/\"]}]},{\"@type\":\"BreadcrumbList\",\"@id\":\"https:\/\/www.laetus.com\/fr\/service-and-support\/repair-service\/#breadcrumb\",\"itemListElement\":[{\"@type\":\"ListItem\",\"position\":1,\"name\":\"Service and Support\",\"item\":\"https:\/\/www.laetus.com\/fr\/service-and-support\/\"},{\"@type\":\"ListItem\",\"position\":2,\"name\":\"Service R\u00e9paration\"}]},{\"@type\":\"WebSite\",\"@id\":\"https:\/\/www.laetus.com\/fr\/#website\",\"url\":\"https:\/\/www.laetus.com\/fr\/\",\"name\":\"Laetus\",\"description\":\"\",\"alternateName\":\"Laetus\",\"potentialAction\":[{\"@type\":\"SearchAction\",\"target\":{\"@type\":\"EntryPoint\",\"urlTemplate\":\"https:\/\/www.laetus.com\/fr\/?s={search_term_string}\"},\"query-input\":\"required name=search_term_string\"}],\"inLanguage\":\"fr-FR\"}]}<\/script>\n<!-- \/ Yoast SEO plugin. -->","yoast_head_json":{"title":"Service R\u00e9paration - Laetus - France","robots":{"index":"index","follow":"follow","max-snippet":"max-snippet:-1","max-image-preview":"max-image-preview:large","max-video-preview":"max-video-preview:-1"},"canonical":"https:\/\/www.laetus.com\/fr\/service-and-support\/repair-service\/","og_locale":"fr-FR","og_type":"article","og_title":"Service R\u00e9paration - Laetus - France","og_description":"Service R\u00e9paration Toute demande de r\u00e9paration n\u00e9cessite un autorisation de retour de mat\u00e9riel (RMA) Pour toute demande de r\u00e9paration, veuillez nous envoyer le formulaire&nbsp;RMA ci-dessous.&nbsp;Vous recevrez de notre part un num\u00e9ro&nbsp;RMA pour votre r\u00e9paration. Ce num\u00e9ro vous permettra de conna\u00eetre \u00e0 tout moment le statut de votre r\u00e9paration. Pour toute demande de r\u00e9paration, veuillez nousLire la suite","og_url":"https:\/\/www.laetus.com\/fr\/service-and-support\/repair-service\/","og_site_name":"Laetus - France","article_modified_time":"2025-10-30T09:01:03+00:00","og_image":[{"url":"https:\/\/global.laetus.com\/wp-content\/uploads\/dam\/web-images\/service-support\/head-banner\/repair-header2.jpg?w=1024"}],"twitter_card":"summary_large_image","twitter_misc":{"Est. reading time":"1 minute"},"schema":{"@context":"https:\/\/schema.org","@graph":[{"@type":"WebPage","@id":"https:\/\/www.laetus.com\/fr\/service-and-support\/repair-service\/","url":"https:\/\/www.laetus.com\/fr\/service-and-support\/repair-service\/","name":"Service R\u00e9paration - Laetus - France","isPartOf":{"@id":"https:\/\/www.laetus.com\/fr\/#website"},"datePublished":"2022-02-28T13:36:21+00:00","dateModified":"2025-10-30T09:01:03+00:00","breadcrumb":{"@id":"https:\/\/www.laetus.com\/fr\/service-and-support\/repair-service\/#breadcrumb"},"inLanguage":"fr-FR","potentialAction":[{"@type":"ReadAction","target":["https:\/\/www.laetus.com\/fr\/service-and-support\/repair-service\/"]}]},{"@type":"BreadcrumbList","@id":"https:\/\/www.laetus.com\/fr\/service-and-support\/repair-service\/#breadcrumb","itemListElement":[{"@type":"ListItem","position":1,"name":"Service and Support","item":"https:\/\/www.laetus.com\/fr\/service-and-support\/"},{"@type":"ListItem","position":2,"name":"Service R\u00e9paration"}]},{"@type":"WebSite","@id":"https:\/\/www.laetus.com\/fr\/#website","url":"https:\/\/www.laetus.com\/fr\/","name":"Laetus","description":"","alternateName":"Laetus","potentialAction":[{"@type":"SearchAction","target":{"@type":"EntryPoint","urlTemplate":"https:\/\/www.laetus.com\/fr\/?s={search_term_string}"},"query-input":"required name=search_term_string"}],"inLanguage":"fr-FR"}]}},"jetpack_sharing_enabled":true,"_links":{"self":[{"href":"https:\/\/www.laetus.com\/fr\/wp-json\/wp\/v2\/pages\/362","targetHints":{"allow":["GET"]}}],"collection":[{"href":"https:\/\/www.laetus.com\/fr\/wp-json\/wp\/v2\/pages"}],"about":[{"href":"https:\/\/www.laetus.com\/fr\/wp-json\/wp\/v2\/types\/page"}],"author":[{"embeddable":true,"href":"https:\/\/www.laetus.com\/fr\/wp-json\/wp\/v2\/users\/8"}],"replies":[{"embeddable":true,"href":"https:\/\/www.laetus.com\/fr\/wp-json\/wp\/v2\/comments?post=362"}],"version-history":[{"count":11,"href":"https:\/\/www.laetus.com\/fr\/wp-json\/wp\/v2\/pages\/362\/revisions"}],"predecessor-version":[{"id":2560,"href":"https:\/\/www.laetus.com\/fr\/wp-json\/wp\/v2\/pages\/362\/revisions\/2560"}],"up":[{"embeddable":true,"href":"https:\/\/www.laetus.com\/fr\/wp-json\/wp\/v2\/pages\/286"}],"wp:attachment":[{"href":"https:\/\/www.laetus.com\/fr\/wp-json\/wp\/v2\/media?parent=362"}],"curies":[{"name":"wp","href":"https:\/\/api.w.org\/{rel}","templated":true}]}}