{"id":516,"date":"2022-03-04T09:03:11","date_gmt":"2022-03-04T09:03:11","guid":{"rendered":"https:\/\/www.laetus.com\/en\/?page_id=516"},"modified":"2023-03-06T15:36:10","modified_gmt":"2023-03-06T15:36:10","slug":"industries-2","status":"publish","type":"page","link":"https:\/\/www.laetus.com\/fr\/industries-2\/","title":{"rendered":"Industries"},"content":{"rendered":"\n<div class=\"wp-block-laetus-blocks-banner alignfull lt-block-banner lt-block-banner-content-left\"><div style=\"--lt-banner-position:50% 50%;--lt-banner-min-height:470px;--lt-banner-max-width:610px;--lt-banner-content-opacity:0.8;--lt-banner-content-transform:translate(0px, 0px)\" class=\"lt-block-banner-section\"><img fetchpriority=\"high\" decoding=\"async\" width=\"2880\" height=\"942\" loading=\"eager\" class=\"lt-block-banner-image wp-image-2140\" alt=\"\" src=\"https:\/\/global.laetus.com\/wp-content\/uploads\/dam\/web-images\/industries\/industries-2023-header.jpg\" srcset=\"https:\/\/global.laetus.com\/wp-content\/uploads\/dam\/web-images\/industries\/industries-2023-header.jpg?w=2880&amp;resize=2880&amp;quality=80&amp;strip=all 2880w, https:\/\/global.laetus.com\/wp-content\/uploads\/dam\/web-images\/industries\/industries-2023-header.jpg?resize=300&amp;w=300&amp;quality=80&amp;strip=all 300w, https:\/\/global.laetus.com\/wp-content\/uploads\/dam\/web-images\/industries\/industries-2023-header.jpg?resize=768&amp;w=768&amp;quality=80&amp;strip=all 768w, https:\/\/global.laetus.com\/wp-content\/uploads\/dam\/web-images\/industries\/industries-2023-header.jpg?resize=1024&amp;w=1024&amp;quality=80&amp;strip=all 1024w, https:\/\/global.laetus.com\/wp-content\/uploads\/dam\/web-images\/industries\/industries-2023-header.jpg?resize=1536&amp;w=1536&amp;quality=80&amp;strip=all 1536w, https:\/\/global.laetus.com\/wp-content\/uploads\/dam\/web-images\/industries\/industries-2023-header.jpg?resize=2048&amp;w=2048&amp;quality=80&amp;strip=all 2048w, https:\/\/global.laetus.com\/wp-content\/uploads\/dam\/web-images\/industries\/industries-2023-header.jpg?resize=450&amp;w=450&amp;quality=80&amp;strip=all 450w, https:\/\/global.laetus.com\/wp-content\/uploads\/dam\/web-images\/industries\/industries-2023-header.jpg?resize=582&amp;w=582&amp;quality=80&amp;strip=all 582w, https:\/\/global.laetus.com\/wp-content\/uploads\/dam\/web-images\/industries\/industries-2023-header.jpg?resize=900&amp;w=900&amp;quality=80&amp;strip=all 900w, https:\/\/global.laetus.com\/wp-content\/uploads\/dam\/web-images\/industries\/industries-2023-header.jpg?resize=1164&amp;w=1164&amp;quality=80&amp;strip=all 1164w\" sizes=\"(max-width: 2880px) 100vw, 2880px\" \/><div class=\"lt-block-banner-section-inner\"><\/div><\/div><\/div>\n\n\n<div class=\"lt-group-wrap\" id=\"lt-blocks-group-69ef58ea70689\"> \n<div class=\"wp-block-group alignfull has-cerulean-red-background-color has-background is-layout-flow wp-block-group-is-layout-flow\">\n<h1 class=\"has-text-align-center has-theme-white-color has-text-color has-h-2-font-size wp-block-heading\">Industries<\/h1>\n<\/div>\n\n\t\t<style>\n\t\t\t#lt-blocks-group-69ef58ea70689 {\n\t\t\t\t\t\t\twidth: auto;\n\t\t\t}\n\t\t\t#lt-blocks-group-69ef58ea70689 > .wp-block-group {\n\t\t\tpadding-top: 10px;padding-right: 0px;padding-bottom: 10px;padding-left: 0px;\t\t\t}\n\n\t\t\t@media print, screen and ( max-width: 767px ) {\n\t\t\t\t#lt-blocks-group-69ef58ea70689 {\n\t\t\t\t\t\t\t\t}\n\t\t\t\t#lt-blocks-group-69ef58ea70689 > .wp-block-group {\n\t\t\t\t\t\t\t\t}\n\t\t\t}\n\t\t\t#lt-blocks-group-69ef58ea70689 > .wp-block-group > * {\n\t\t\t\t\t\t\t\t\t\t\t}\n\n\t\t<\/style>\n\n\t\t <\/div>\n\n\n<div style=\"height:30px\" aria-hidden=\"true\" class=\"wp-block-spacer\"><\/div>\n\n\n\n<p>Chaque industrie a ses propres d\u00e9fis de production sp\u00e9cifiques. Laissez-nous vous aider \u00e0 trouver la solution la plus appropri\u00e9e et la plus efficace pour relever les v\u00f4tres.<\/p>\n\n\n\n<div style=\"height:35px\" aria-hidden=\"true\" class=\"wp-block-spacer\"><\/div>\n\n\n<div class=\"lt-group-wrap\" id=\"lt-blocks-group-69ef58ea75ef5\"> \n<div class=\"wp-block-group is-layout-constrained wp-block-group-is-layout-constrained\">\n<div class=\"wp-block-columns is-layout-flex wp-container-core-columns-is-layout-28f84493 wp-block-columns-is-layout-flex\">\n<div class=\"wp-block-column is-layout-flow wp-block-column-is-layout-flow\" style=\"flex-basis:30%\">\n<figure class=\"wp-block-image size-large\"><img loading=\"lazy\" decoding=\"async\" width=\"550\" height=\"359\" src=\"https:\/\/global.laetus.com\/wp-content\/uploads\/dam\/web-images\/industries\/pharma\/pharma-industry-main-page.jpg?w=550\" alt=\"\" class=\"wp-image-594\" srcset=\"https:\/\/global.laetus.com\/wp-content\/uploads\/dam\/web-images\/industries\/pharma\/pharma-industry-main-page.jpg?w=550&amp;resize=550&amp;quality=80&amp;strip=all 550w, https:\/\/global.laetus.com\/wp-content\/uploads\/dam\/web-images\/industries\/pharma\/pharma-industry-main-page.jpg?resize=300&amp;w=300&amp;quality=80&amp;strip=all 300w, https:\/\/global.laetus.com\/wp-content\/uploads\/dam\/web-images\/industries\/pharma\/pharma-industry-main-page.jpg?resize=342&amp;w=342&amp;quality=80&amp;strip=all 342w, https:\/\/global.laetus.com\/wp-content\/uploads\/dam\/web-images\/industries\/pharma\/pharma-industry-main-page.jpg?resize=450&amp;w=450&amp;quality=80&amp;strip=all 450w, https:\/\/global.laetus.com\/wp-content\/uploads\/dam\/web-images\/industries\/pharma\/pharma-industry-main-page.jpg?resize=548&amp;w=548&amp;quality=80&amp;strip=all 548w\" sizes=\"auto, (max-width: 550px) 100vw, 550px\" \/><\/figure>\n<\/div>\n\n\n\n<div class=\"wp-block-column is-layout-flow wp-block-column-is-layout-flow\" style=\"flex-basis:70%\">\n<p class=\"has-h-5-font-size\">L\u2019industrie pharmaceutique<\/p>\n\n\n\n<p>L\u2019industrie pharmaceutique est l\u2019un des secteurs les plus r\u00e9glement\u00e9s au monde et, \u00e0 mesure que les normes de s\u00e9curit\u00e9 et de tra\u00e7abilit\u00e9 mondiale deviennent plus strictes, les entreprises sont contraintes de r\u00e9agir en cherchant des solutions innovantes. Le contr\u00f4le qualit\u00e9 a toujours \u00e9t\u00e9 d\u2019une importance capitale\u2026<\/p>\n\n\n\n<div class=\"wp-block-buttons is-layout-flex wp-block-buttons-is-layout-flex\">\n<div class=\"wp-block-button is-style-lt-link lt-button-icon-icon-right lt-button-has-icon lt-button-uc-e903\"><a class=\"wp-block-button__link wp-element-button\" href=\"https:\/\/www.laetus.com\/fr\/industries\/pharma\/\">Pour plus d&#8217;informations<\/a><\/div>\n<\/div>\n<\/div>\n<\/div>\n\n\n\n<hr class=\"wp-block-separator has-text-color has-cerulean-red-color has-css-opacity has-cerulean-red-background-color has-background is-style-wide\"\/>\n<\/div>\n\n\t\t<style>\n\t\t\t#lt-blocks-group-69ef58ea75ef5 {\n\t\t\t\t\t\t\twidth: auto;\n\t\t\t}\n\t\t\t#lt-blocks-group-69ef58ea75ef5 > .wp-block-group {\n\t\t\tpadding-top: 0px;padding-right: 0px;padding-bottom: 0px;padding-left: 0px;\t\t\t}\n\n\t\t\t@media print, screen and ( max-width: 767px ) {\n\t\t\t\t#lt-blocks-group-69ef58ea75ef5 {\n\t\t\t\t\t\t\t\t}\n\t\t\t\t#lt-blocks-group-69ef58ea75ef5 > .wp-block-group {\n\t\t\t\t\t\t\t\t}\n\t\t\t}\n\t\t\t#lt-blocks-group-69ef58ea75ef5 > .wp-block-group > * {\n\t\t\t\t\t\t\t\t\t\t\t}\n\n\t\t<\/style>\n\n\t\t <\/div>\n\n\n<div style=\"height:40px\" aria-hidden=\"true\" class=\"wp-block-spacer\"><\/div>\n\n\n<div class=\"lt-group-wrap\" id=\"lt-blocks-group-69ef58ea77e3a\"> \n<div class=\"wp-block-group is-layout-constrained wp-block-group-is-layout-constrained\">\n<div class=\"wp-block-columns is-layout-flex wp-container-core-columns-is-layout-28f84493 wp-block-columns-is-layout-flex\">\n<div class=\"wp-block-column is-layout-flow wp-block-column-is-layout-flow\" style=\"flex-basis:70%\">\n<p class=\"has-h-5-font-size\">L&#8217;industrie agroalimentaire<\/p>\n\n\n\n<p>L\u2019\u00e9volution rapide de l\u2019industrie alimentaire est un d\u00e9fi en soi. Mais en plus des pr\u00e9occupations quotidiennes li\u00e9es \u00e0 la s\u00e9curit\u00e9 alimentaire et \u00e0 la tra\u00e7abilit\u00e9 mondiale, la pand\u00e9mie de COVID-19 a radicalement chang\u00e9 le comportement des consommateurs \u00e0 bien des \u00e9gards. 75&nbsp;% d\u2019entre eux ont adopt\u00e9 de nouvelles habitudes d\u2019achat\u2026<\/p>\n\n\n\n<div class=\"wp-block-buttons is-layout-flex wp-block-buttons-is-layout-flex\">\n<div class=\"wp-block-button is-style-lt-link lt-button-icon-icon-right lt-button-has-icon\"><a class=\"wp-block-button__link wp-element-button\" href=\"https:\/\/www.laetus.com\/fr\/industries\/food\/\">Pour plus d&#8217;informations<\/a><\/div>\n<\/div>\n<\/div>\n\n\n\n<div class=\"wp-block-column is-layout-flow wp-block-column-is-layout-flow\" style=\"flex-basis:30%\">\n<figure class=\"wp-block-image size-large\"><img loading=\"lazy\" decoding=\"async\" width=\"550\" height=\"359\" src=\"https:\/\/global.laetus.com\/wp-content\/uploads\/dam\/web-images\/industries\/food\/food-industry-main-page.jpg?w=550\" alt=\"\" class=\"wp-image-600\" srcset=\"https:\/\/global.laetus.com\/wp-content\/uploads\/dam\/web-images\/industries\/food\/food-industry-main-page.jpg?w=550&amp;resize=550&amp;quality=80&amp;strip=all 550w, https:\/\/global.laetus.com\/wp-content\/uploads\/dam\/web-images\/industries\/food\/food-industry-main-page.jpg?resize=300&amp;w=300&amp;quality=80&amp;strip=all 300w, https:\/\/global.laetus.com\/wp-content\/uploads\/dam\/web-images\/industries\/food\/food-industry-main-page.jpg?resize=342&amp;w=342&amp;quality=80&amp;strip=all 342w, https:\/\/global.laetus.com\/wp-content\/uploads\/dam\/web-images\/industries\/food\/food-industry-main-page.jpg?resize=450&amp;w=450&amp;quality=80&amp;strip=all 450w, https:\/\/global.laetus.com\/wp-content\/uploads\/dam\/web-images\/industries\/food\/food-industry-main-page.jpg?resize=548&amp;w=548&amp;quality=80&amp;strip=all 548w\" sizes=\"auto, (max-width: 550px) 100vw, 550px\" \/><\/figure>\n<\/div>\n<\/div>\n\n\n\n<hr class=\"wp-block-separator has-text-color has-cerulean-red-color has-css-opacity has-cerulean-red-background-color has-background is-style-wide\"\/>\n<\/div>\n\n\t\t<style>\n\t\t\t#lt-blocks-group-69ef58ea77e3a {\n\t\t\t\t\t\t\twidth: auto;\n\t\t\t}\n\t\t\t#lt-blocks-group-69ef58ea77e3a > .wp-block-group {\n\t\t\tpadding-top: 0px;padding-right: 0px;padding-bottom: 0px;padding-left: 0px;\t\t\t}\n\n\t\t\t@media print, screen and ( max-width: 767px ) {\n\t\t\t\t#lt-blocks-group-69ef58ea77e3a {\n\t\t\t\t\t\t\t\t}\n\t\t\t\t#lt-blocks-group-69ef58ea77e3a > .wp-block-group {\n\t\t\t\t\t\t\t\t}\n\t\t\t}\n\t\t\t#lt-blocks-group-69ef58ea77e3a > .wp-block-group > * {\n\t\t\t\t\t\t\t\t\t\t\t}\n\n\t\t<\/style>\n\n\t\t <\/div>\n\n\n<div style=\"height:40px\" aria-hidden=\"true\" class=\"wp-block-spacer\"><\/div>\n\n\n<div class=\"lt-group-wrap\" id=\"lt-blocks-group-69ef58ea7939e\"> \n<div class=\"wp-block-group is-layout-constrained wp-block-group-is-layout-constrained\">\n<div class=\"wp-block-columns is-layout-flex wp-container-core-columns-is-layout-28f84493 wp-block-columns-is-layout-flex\">\n<div class=\"wp-block-column is-layout-flow wp-block-column-is-layout-flow\" style=\"flex-basis:30%\">\n<figure class=\"wp-block-image size-large\"><img loading=\"lazy\" decoding=\"async\" width=\"582\" height=\"395\" src=\"https:\/\/global.laetus.com\/wp-content\/uploads\/dam\/web-images\/industries\/cosmetics\/cosmetics_main-1.jpg?w=582\" alt=\"\" class=\"wp-image-2144\" srcset=\"https:\/\/global.laetus.com\/wp-content\/uploads\/dam\/web-images\/industries\/cosmetics\/cosmetics_main-1.jpg?w=582&amp;resize=582&amp;quality=80&amp;strip=all 582w, https:\/\/global.laetus.com\/wp-content\/uploads\/dam\/web-images\/industries\/cosmetics\/cosmetics_main-1.jpg?resize=300&amp;w=300&amp;quality=80&amp;strip=all 300w, https:\/\/global.laetus.com\/wp-content\/uploads\/dam\/web-images\/industries\/cosmetics\/cosmetics_main-1.jpg?resize=450&amp;w=450&amp;quality=80&amp;strip=all 450w\" sizes=\"auto, (max-width: 582px) 100vw, 582px\" \/><\/figure>\n<\/div>\n\n\n\n<div class=\"wp-block-column is-layout-flow wp-block-column-is-layout-flow\" style=\"flex-basis:70%\">\n<p class=\"has-h-5-font-size\">L&#8217;industrie des cosm\u00e9tiques<\/p>\n\n\n\n<p>L&#8217;industrie des cosm\u00e9tiques conna\u00eet une croissance de 5,3 % par an, et cette augmentation de la demande a entra\u00een\u00e9 une concurrence mondiale croissante. Parall\u00e8lement, le secteur est en pleine mutation &#8211; les ventes se font en ligne, les produits de contrefa\u00e7on envahissent le march\u00e9 et les consommateurs sont de plus en plus conscients des &#8230;<\/p>\n\n\n\n<div class=\"wp-block-buttons is-layout-flex wp-block-buttons-is-layout-flex\">\n<div class=\"wp-block-button is-style-lt-link lt-button-icon-icon-right lt-button-has-icon lt-button-uc-e903\"><a class=\"wp-block-button__link wp-element-button\" href=\"https:\/\/www.laetus.com\/fr\/industries\/cosmetics\/\">Pour plus d&#8217;informations<\/a><\/div>\n<\/div>\n<\/div>\n<\/div>\n\n\n\n<hr class=\"wp-block-separator has-text-color has-cerulean-red-color has-css-opacity has-cerulean-red-background-color has-background is-style-wide\"\/>\n<\/div>\n\n\t\t<style>\n\t\t\t#lt-blocks-group-69ef58ea7939e {\n\t\t\t\t\t\t\twidth: auto;\n\t\t\t}\n\t\t\t#lt-blocks-group-69ef58ea7939e > .wp-block-group {\n\t\t\tpadding-top: 0px;padding-right: 0px;padding-bottom: 0px;padding-left: 0px;\t\t\t}\n\n\t\t\t@media print, screen and ( max-width: 767px ) {\n\t\t\t\t#lt-blocks-group-69ef58ea7939e {\n\t\t\t\t\t\t\t\t}\n\t\t\t\t#lt-blocks-group-69ef58ea7939e > .wp-block-group {\n\t\t\t\t\t\t\t\t}\n\t\t\t}\n\t\t\t#lt-blocks-group-69ef58ea7939e > .wp-block-group > * {\n\t\t\t\t\t\t\t\t\t\t\t}\n\n\t\t<\/style>\n\n\t\t <\/div>\n\n\n<div style=\"height:40px\" aria-hidden=\"true\" class=\"wp-block-spacer\"><\/div>\n\n\n<div class=\"lt-group-wrap\" id=\"lt-blocks-group-69ef58ea7b0d5\"> \n<div class=\"wp-block-group is-layout-constrained wp-block-group-is-layout-constrained\">\n<div class=\"wp-block-columns is-layout-flex wp-container-core-columns-is-layout-28f84493 wp-block-columns-is-layout-flex\">\n<div class=\"wp-block-column is-layout-flow wp-block-column-is-layout-flow\" style=\"flex-basis:70%\">\n<p class=\"has-h-5-font-size\">L&#8217;industrie des boissons<\/p>\n\n\n\n<p>Le march\u00e9 mondial des boissons, qui conna\u00eet une croissance rapide, repr\u00e9sentera d\u2019apr\u00e8s des estimations pr\u00e8s de 1,7&nbsp;milliard de dollars d\u2019ici&nbsp;2028. Toutefois, la tendance croissante \u00e0 la contrefa\u00e7on des boissons, qui concerne d\u00e9sormais environ 25&nbsp;% de la consommation d\u2019alcool dans le monde, a eu un impact\u2026<\/p>\n\n\n\n<div class=\"wp-block-buttons is-layout-flex wp-block-buttons-is-layout-flex\">\n<div class=\"wp-block-button is-style-lt-link lt-button-icon-icon-right lt-button-has-icon\"><a class=\"wp-block-button__link wp-element-button\" href=\"https:\/\/www.laetus.com\/fr\/industries\/beverages\/\">Pour plus d&#8217;informations<\/a><\/div>\n<\/div>\n<\/div>\n\n\n\n<div class=\"wp-block-column is-layout-flow wp-block-column-is-layout-flow\" style=\"flex-basis:30%\">\n<figure class=\"wp-block-image size-large\"><img loading=\"lazy\" decoding=\"async\" width=\"550\" height=\"359\" src=\"https:\/\/global.laetus.com\/wp-content\/uploads\/dam\/web-images\/industries\/beverage\/beverages-industry-main-page.jpg?w=550\" alt=\"\" class=\"wp-image-612\" srcset=\"https:\/\/global.laetus.com\/wp-content\/uploads\/dam\/web-images\/industries\/beverage\/beverages-industry-main-page.jpg?w=550&amp;resize=550&amp;quality=80&amp;strip=all 550w, https:\/\/global.laetus.com\/wp-content\/uploads\/dam\/web-images\/industries\/beverage\/beverages-industry-main-page.jpg?resize=300&amp;w=300&amp;quality=80&amp;strip=all 300w, https:\/\/global.laetus.com\/wp-content\/uploads\/dam\/web-images\/industries\/beverage\/beverages-industry-main-page.jpg?resize=342&amp;w=342&amp;quality=80&amp;strip=all 342w, https:\/\/global.laetus.com\/wp-content\/uploads\/dam\/web-images\/industries\/beverage\/beverages-industry-main-page.jpg?resize=450&amp;w=450&amp;quality=80&amp;strip=all 450w, https:\/\/global.laetus.com\/wp-content\/uploads\/dam\/web-images\/industries\/beverage\/beverages-industry-main-page.jpg?resize=548&amp;w=548&amp;quality=80&amp;strip=all 548w\" sizes=\"auto, (max-width: 550px) 100vw, 550px\" \/><\/figure>\n<\/div>\n<\/div>\n\n\n\n<hr class=\"wp-block-separator has-text-color has-cerulean-red-color has-css-opacity has-cerulean-red-background-color has-background is-style-wide\"\/>\n<\/div>\n\n\t\t<style>\n\t\t\t#lt-blocks-group-69ef58ea7b0d5 {\n\t\t\t\t\t\t\twidth: auto;\n\t\t\t}\n\t\t\t#lt-blocks-group-69ef58ea7b0d5 > .wp-block-group {\n\t\t\tpadding-top: 0px;padding-right: 0px;padding-bottom: 0px;padding-left: 0px;\t\t\t}\n\n\t\t\t@media print, screen and ( max-width: 767px ) {\n\t\t\t\t#lt-blocks-group-69ef58ea7b0d5 {\n\t\t\t\t\t\t\t\t}\n\t\t\t\t#lt-blocks-group-69ef58ea7b0d5 > .wp-block-group {\n\t\t\t\t\t\t\t\t}\n\t\t\t}\n\t\t\t#lt-blocks-group-69ef58ea7b0d5 > .wp-block-group > * {\n\t\t\t\t\t\t\t\t\t\t\t}\n\n\t\t<\/style>\n\n\t\t <\/div>\n\n\n<div style=\"height:40px\" aria-hidden=\"true\" class=\"wp-block-spacer\"><\/div>\n\n\n<div class=\"lt-group-wrap\" id=\"lt-blocks-group-69ef58ea7c629\"> \n<div class=\"wp-block-group is-layout-constrained wp-block-group-is-layout-constrained\">\n<div class=\"wp-block-columns is-layout-flex wp-container-core-columns-is-layout-28f84493 wp-block-columns-is-layout-flex\">\n<div class=\"wp-block-column is-layout-flow wp-block-column-is-layout-flow\" style=\"flex-basis:30%\">\n<figure class=\"wp-block-image size-large\"><img loading=\"lazy\" decoding=\"async\" width=\"550\" height=\"359\" src=\"https:\/\/global.laetus.com\/wp-content\/uploads\/dam\/web-images\/industries\/lubricants\/lubricant-industry-main-page.jpg?w=550\" alt=\"\" class=\"wp-image-606\" srcset=\"https:\/\/global.laetus.com\/wp-content\/uploads\/dam\/web-images\/industries\/lubricants\/lubricant-industry-main-page.jpg?w=550&amp;resize=550&amp;quality=80&amp;strip=all 550w, https:\/\/global.laetus.com\/wp-content\/uploads\/dam\/web-images\/industries\/lubricants\/lubricant-industry-main-page.jpg?resize=300&amp;w=300&amp;quality=80&amp;strip=all 300w, https:\/\/global.laetus.com\/wp-content\/uploads\/dam\/web-images\/industries\/lubricants\/lubricant-industry-main-page.jpg?resize=342&amp;w=342&amp;quality=80&amp;strip=all 342w, https:\/\/global.laetus.com\/wp-content\/uploads\/dam\/web-images\/industries\/lubricants\/lubricant-industry-main-page.jpg?resize=450&amp;w=450&amp;quality=80&amp;strip=all 450w, https:\/\/global.laetus.com\/wp-content\/uploads\/dam\/web-images\/industries\/lubricants\/lubricant-industry-main-page.jpg?resize=548&amp;w=548&amp;quality=80&amp;strip=all 548w\" sizes=\"auto, (max-width: 550px) 100vw, 550px\" \/><\/figure>\n<\/div>\n\n\n\n<div class=\"wp-block-column is-layout-flow wp-block-column-is-layout-flow\" style=\"flex-basis:70%\">\n<p class=\"has-h-5-font-size\">L&#8217;industrie des lubrifiants<\/p>\n\n\n\n<p>Le march\u00e9 mondial des lubrifiants a r\u00e9cemment atteint un nouveau sommet, mais sa croissance s\u2019accompagne d\u2019une augmentation des produits contrefaits qui menacent les marques, la propri\u00e9t\u00e9 intellectuelle et la r\u00e9putation. Les fabricants de produits chimiques et les constructeurs automobiles sont de plus en plus confront\u00e9s aux probl\u00e8mes\u2026<\/p>\n\n\n\n<div class=\"wp-block-buttons is-layout-flex wp-block-buttons-is-layout-flex\">\n<div class=\"wp-block-button is-style-lt-link lt-button-icon-icon-right lt-button-has-icon lt-button-uc-e903\"><a class=\"wp-block-button__link wp-element-button\" href=\"https:\/\/www.laetus.com\/fr\/industries\/lubricants\/\">Pour plus d&#8217;informations<\/a><\/div>\n<\/div>\n<\/div>\n<\/div>\n<\/div>\n\n\t\t<style>\n\t\t\t#lt-blocks-group-69ef58ea7c629 {\n\t\t\t\t\t\t\twidth: auto;\n\t\t\t}\n\t\t\t#lt-blocks-group-69ef58ea7c629 > .wp-block-group {\n\t\t\tpadding-top: 0px;padding-right: 0px;padding-bottom: 0px;padding-left: 0px;\t\t\t}\n\n\t\t\t@media print, screen and ( max-width: 767px ) {\n\t\t\t\t#lt-blocks-group-69ef58ea7c629 {\n\t\t\t\t\t\t\t\t}\n\t\t\t\t#lt-blocks-group-69ef58ea7c629 > .wp-block-group {\n\t\t\t\t\t\t\t\t}\n\t\t\t}\n\t\t\t#lt-blocks-group-69ef58ea7c629 > .wp-block-group > * {\n\t\t\t\t\t\t\t\t\t\t\t}\n\n\t\t<\/style>\n\n\t\t <\/div>","protected":false},"excerpt":{"rendered":"<p>Industries Chaque industrie a ses propres d\u00e9fis de production sp\u00e9cifiques. Laissez-nous vous aider \u00e0 trouver la solution la plus appropri\u00e9e et la plus efficace pour relever les v\u00f4tres. L\u2019industrie pharmaceutique L\u2019industrie pharmaceutique est l\u2019un des secteurs les plus r\u00e9glement\u00e9s au monde et, \u00e0 mesure que les normes de s\u00e9curit\u00e9 et de tra\u00e7abilit\u00e9 mondiale deviennent plus<a class=\"moretag\" href=\"https:\/\/www.laetus.com\/fr\/industries-2\/\">Lire la suite<\/a><\/p>\n","protected":false},"author":8,"featured_media":0,"parent":0,"menu_order":0,"comment_status":"closed","ping_status":"closed","template":"","meta":{"footnotes":""},"class_list":["post-516","page","type-page","status-publish","hentry"],"acf":[],"yoast_head":"<!-- This site is optimized with the Yoast SEO plugin v21.4 - https:\/\/yoast.com\/wordpress\/plugins\/seo\/ -->\n<title>Industries - Laetus - France<\/title>\n<meta name=\"robots\" content=\"index, follow, max-snippet:-1, max-image-preview:large, max-video-preview:-1\" \/>\n<link rel=\"canonical\" href=\"https:\/\/www.laetus.com\/fr\/industries-2\/\" \/>\n<meta property=\"og:locale\" content=\"fr-FR\" \/>\n<meta property=\"og:type\" content=\"article\" \/>\n<meta property=\"og:title\" content=\"Industries - Laetus - France\" \/>\n<meta property=\"og:description\" content=\"Industries Chaque industrie a ses propres d\u00e9fis de production sp\u00e9cifiques. Laissez-nous vous aider \u00e0 trouver la solution la plus appropri\u00e9e et la plus efficace pour relever les v\u00f4tres. L\u2019industrie pharmaceutique L\u2019industrie pharmaceutique est l\u2019un des secteurs les plus r\u00e9glement\u00e9s au monde et, \u00e0 mesure que les normes de s\u00e9curit\u00e9 et de tra\u00e7abilit\u00e9 mondiale deviennent plusLire la suite\" \/>\n<meta property=\"og:url\" content=\"https:\/\/www.laetus.com\/fr\/industries-2\/\" \/>\n<meta property=\"og:site_name\" content=\"Laetus - France\" \/>\n<meta property=\"article:modified_time\" content=\"2023-03-06T15:36:10+00:00\" \/>\n<meta property=\"og:image\" content=\"https:\/\/global.laetus.com\/wp-content\/uploads\/dam\/web-images\/industries\/industries-2023-header.jpg\" \/>\n<meta name=\"twitter:card\" content=\"summary_large_image\" \/>\n<meta name=\"twitter:label1\" content=\"Est. reading time\" \/>\n\t<meta name=\"twitter:data1\" content=\"3 minutes\" \/>\n<script type=\"application\/ld+json\" class=\"yoast-schema-graph\">{\"@context\":\"https:\/\/schema.org\",\"@graph\":[{\"@type\":\"WebPage\",\"@id\":\"https:\/\/www.laetus.com\/fr\/industries-2\/\",\"url\":\"https:\/\/www.laetus.com\/fr\/industries-2\/\",\"name\":\"Industries - Laetus - France\",\"isPartOf\":{\"@id\":\"https:\/\/www.laetus.com\/fr\/#website\"},\"datePublished\":\"2022-03-04T09:03:11+00:00\",\"dateModified\":\"2023-03-06T15:36:10+00:00\",\"inLanguage\":\"fr-FR\",\"potentialAction\":[{\"@type\":\"ReadAction\",\"target\":[\"https:\/\/www.laetus.com\/fr\/industries-2\/\"]}]},{\"@type\":\"WebSite\",\"@id\":\"https:\/\/www.laetus.com\/fr\/#website\",\"url\":\"https:\/\/www.laetus.com\/fr\/\",\"name\":\"Laetus\",\"description\":\"\",\"alternateName\":\"Laetus\",\"potentialAction\":[{\"@type\":\"SearchAction\",\"target\":{\"@type\":\"EntryPoint\",\"urlTemplate\":\"https:\/\/www.laetus.com\/fr\/?s={search_term_string}\"},\"query-input\":\"required name=search_term_string\"}],\"inLanguage\":\"fr-FR\"}]}<\/script>\n<!-- \/ Yoast SEO plugin. -->","yoast_head_json":{"title":"Industries - Laetus - France","robots":{"index":"index","follow":"follow","max-snippet":"max-snippet:-1","max-image-preview":"max-image-preview:large","max-video-preview":"max-video-preview:-1"},"canonical":"https:\/\/www.laetus.com\/fr\/industries-2\/","og_locale":"fr-FR","og_type":"article","og_title":"Industries - Laetus - France","og_description":"Industries Chaque industrie a ses propres d\u00e9fis de production sp\u00e9cifiques. Laissez-nous vous aider \u00e0 trouver la solution la plus appropri\u00e9e et la plus efficace pour relever les v\u00f4tres. L\u2019industrie pharmaceutique L\u2019industrie pharmaceutique est l\u2019un des secteurs les plus r\u00e9glement\u00e9s au monde et, \u00e0 mesure que les normes de s\u00e9curit\u00e9 et de tra\u00e7abilit\u00e9 mondiale deviennent plusLire la suite","og_url":"https:\/\/www.laetus.com\/fr\/industries-2\/","og_site_name":"Laetus - France","article_modified_time":"2023-03-06T15:36:10+00:00","og_image":[{"url":"https:\/\/global.laetus.com\/wp-content\/uploads\/dam\/web-images\/industries\/industries-2023-header.jpg"}],"twitter_card":"summary_large_image","twitter_misc":{"Est. reading time":"3 minutes"},"schema":{"@context":"https:\/\/schema.org","@graph":[{"@type":"WebPage","@id":"https:\/\/www.laetus.com\/fr\/industries-2\/","url":"https:\/\/www.laetus.com\/fr\/industries-2\/","name":"Industries - Laetus - France","isPartOf":{"@id":"https:\/\/www.laetus.com\/fr\/#website"},"datePublished":"2022-03-04T09:03:11+00:00","dateModified":"2023-03-06T15:36:10+00:00","inLanguage":"fr-FR","potentialAction":[{"@type":"ReadAction","target":["https:\/\/www.laetus.com\/fr\/industries-2\/"]}]},{"@type":"WebSite","@id":"https:\/\/www.laetus.com\/fr\/#website","url":"https:\/\/www.laetus.com\/fr\/","name":"Laetus","description":"","alternateName":"Laetus","potentialAction":[{"@type":"SearchAction","target":{"@type":"EntryPoint","urlTemplate":"https:\/\/www.laetus.com\/fr\/?s={search_term_string}"},"query-input":"required name=search_term_string"}],"inLanguage":"fr-FR"}]}},"jetpack_sharing_enabled":true,"_links":{"self":[{"href":"https:\/\/www.laetus.com\/fr\/wp-json\/wp\/v2\/pages\/516","targetHints":{"allow":["GET"]}}],"collection":[{"href":"https:\/\/www.laetus.com\/fr\/wp-json\/wp\/v2\/pages"}],"about":[{"href":"https:\/\/www.laetus.com\/fr\/wp-json\/wp\/v2\/types\/page"}],"author":[{"embeddable":true,"href":"https:\/\/www.laetus.com\/fr\/wp-json\/wp\/v2\/users\/8"}],"replies":[{"embeddable":true,"href":"https:\/\/www.laetus.com\/fr\/wp-json\/wp\/v2\/comments?post=516"}],"version-history":[{"count":9,"href":"https:\/\/www.laetus.com\/fr\/wp-json\/wp\/v2\/pages\/516\/revisions"}],"predecessor-version":[{"id":1961,"href":"https:\/\/www.laetus.com\/fr\/wp-json\/wp\/v2\/pages\/516\/revisions\/1961"}],"wp:attachment":[{"href":"https:\/\/www.laetus.com\/fr\/wp-json\/wp\/v2\/media?parent=516"}],"curies":[{"name":"wp","href":"https:\/\/api.w.org\/{rel}","templated":true}]}}